{"id":9883,"date":"2020-12-30T19:30:17","date_gmt":"2020-12-30T19:30:17","guid":{"rendered":"https:\/\/xn--shop-fr-vegane-und-vegetarische-kost-j0d.de\/?product=aepfel-fuji-aus-deutschland-bodensee-suesser-apfel-1-10-kg-10"},"modified":"2023-04-08T18:40:48","modified_gmt":"2023-04-08T16:40:48","slug":"aepfel-fuji-aus-deutschland-bodensee-suesser-apfel-1-10-kg-10","status":"publish","type":"product","link":"https:\/\/xn--shop-fr-vegane-und-vegetarische-kost-j0d.de\/?product=aepfel-fuji-aus-deutschland-bodensee-suesser-apfel-1-10-kg-10","title":{"rendered":"\u00c4pfel Fuji aus Deutschland\/Bodensee leckerer s\u00fc\u00dfer saftiger Apfel knackig und fest Speiseapfel Tafelapfel 10 KG"},"content":{"rendered":"<p>&#x1f34e; leckerer s\u00fc\u00dfer Apfel mit wenig S\u00e4ure<br \/>\n&#x1f34e; Unsere \u00c4pfel kommen vom Deutschland &#8211; Bodensee<br \/>\n&#x1f34e; Diese Apfelsorte hat eine gute Lagerf\u00e4higkeit<br \/>\n&#x1f34e; knackig &#8211; fest uns saftiger Apfel<br \/>\n&#x1f34e; beliebter Apfel bei Kindern<br \/>\n<div class=\"main-cross-sell\" data-asin=\"B07Z5473X3\">\n\n\t<div class=\"WooZone-cross-sell-loader\">\n\t\t<div>\n\t\t\t<div id=\"floatingBarsG\">\n\t\t\t\t<div class=\"blockG\" id=\"rotateG_01\"><\/div>\n\t\t\t\t<div class=\"blockG\" id=\"rotateG_02\"><\/div>\n\t\t\t\t<div class=\"blockG\" id=\"rotateG_03\"><\/div>\n\t\t\t\t<div class=\"blockG\" id=\"rotateG_04\"><\/div>\n\t\t\t\t<div class=\"blockG\" id=\"rotateG_05\"><\/div>\n\t\t\t\t<div class=\"blockG\" id=\"rotateG_06\"><\/div>\n\t\t\t\t<div class=\"blockG\" id=\"rotateG_07\"><\/div>\n\t\t\t\t<div class=\"blockG\" id=\"rotateG_08\"><\/div>\n\t\t\t<\/div>\n\t\t\t<div class=\"WooZone-cross-sell-loader-text\"><\/div>\n\t\t<\/div>\n\t<\/div>\n\n\t\t\n<\/div>\n<div style=\"clear:both;\"><\/div>\n","protected":false},"excerpt":{"rendered":"<p>&#x1f34e; leckerer s\u00fc\u00dfer Apfel mit wenig S\u00e4ure<br \/>\n&#x1f34e; Unsere \u00c4pfel kommen vom Deutschland &#8211; Bodensee<br \/>\n&#x1f34e; Diese Apfelsorte hat eine gute Lagerf\u00e4higkeit<\/p>\n","protected":false},"featured_media":9884,"comment_status":"open","ping_status":"closed","template":"","meta":[],"product_cat":[63],"product_tag":[],"yoast_head":"<!-- This site is optimized with the Yoast SEO Premium plugin v15.4 - https:\/\/yoast.com\/wordpress\/plugins\/seo\/ -->\n<title>\u00c4pfel Fuji aus Deutschland\/Bodensee leckerer s\u00fc\u00dfer saftiger Apfel knackig und fest Speiseapfel Tafelapfel 10 KG - Vegan oder Vegetarisch<\/title>\n<meta name=\"robots\" content=\"index, follow, max-snippet:-1, max-image-preview:large, max-video-preview:-1\" \/>\n<link rel=\"canonical\" href=\"https:\/\/xn--shop-fr-vegane-und-vegetarische-kost-j0d.de\/?product=aepfel-fuji-aus-deutschland-bodensee-suesser-apfel-1-10-kg-10\" \/>\n<meta property=\"og:locale\" content=\"de_DE\" \/>\n<meta property=\"og:type\" content=\"article\" \/>\n<meta property=\"og:title\" content=\"\u00c4pfel Fuji aus Deutschland\/Bodensee leckerer s\u00fc\u00dfer saftiger Apfel knackig und fest Speiseapfel Tafelapfel 10 KG - Vegan oder Vegetarisch\" \/>\n<meta property=\"og:description\" content=\"&#x1f34e; leckerer s\u00fc\u00dfer Apfel mit wenig S\u00e4ure &#x1f34e; Unsere \u00c4pfel kommen vom Deutschland - Bodensee &#x1f34e; Diese Apfelsorte hat eine gute Lagerf\u00e4higkeit\" \/>\n<meta property=\"og:url\" content=\"https:\/\/xn--shop-fr-vegane-und-vegetarische-kost-j0d.de\/?product=aepfel-fuji-aus-deutschland-bodensee-suesser-apfel-1-10-kg-10\" \/>\n<meta property=\"og:site_name\" content=\"Vegan oder Vegetarisch\" \/>\n<meta property=\"article:modified_time\" content=\"2023-04-08T16:40:48+00:00\" \/>\n<meta property=\"og:image\" content=\"https:\/\/images-na.ssl-images-amazon.com\/images\/I\/313OPtuxAGL.jpg\" \/>\n\t<meta property=\"og:image:width\" content=\"375\" \/>\n\t<meta property=\"og:image:height\" content=\"500\" \/>\n<meta name=\"twitter:card\" content=\"summary_large_image\" \/>\n<meta name=\"twitter:label1\" content=\"Verfasst von\">\n\t<meta name=\"twitter:data1\" content=\"Swen-Olaf Bender\">\n\t<meta name=\"twitter:label2\" content=\"Gesch\u00e4tzte Lesezeit\">\n\t<meta name=\"twitter:data2\" content=\"0\u00a0Minuten\">\n<script type=\"application\/ld+json\" class=\"yoast-schema-graph\">{\"@context\":\"https:\/\/schema.org\",\"@graph\":[{\"@type\":\"WebSite\",\"@id\":\"https:\/\/xn--shop-fr-vegane-und-vegetarische-kost-j0d.de\/#website\",\"url\":\"https:\/\/xn--shop-fr-vegane-und-vegetarische-kost-j0d.de\/\",\"name\":\"Vegan oder Vegetarisch\",\"description\":\"Gesund leben, Gesund essen\",\"potentialAction\":[{\"@type\":\"SearchAction\",\"target\":\"https:\/\/xn--shop-fr-vegane-und-vegetarische-kost-j0d.de\/?s={search_term_string}\",\"query-input\":\"required name=search_term_string\"}],\"inLanguage\":\"de\"},{\"@type\":\"ImageObject\",\"@id\":\"https:\/\/xn--shop-fr-vegane-und-vegetarische-kost-j0d.de\/?product=aepfel-fuji-aus-deutschland-bodensee-suesser-apfel-1-10-kg-10#primaryimage\",\"inLanguage\":\"de\",\"url\":\"https:\/\/images-na.ssl-images-amazon.com\/images\/I\/313OPtuxAGL.jpg\",\"width\":375,\"height\":500},{\"@type\":\"WebPage\",\"@id\":\"https:\/\/xn--shop-fr-vegane-und-vegetarische-kost-j0d.de\/?product=aepfel-fuji-aus-deutschland-bodensee-suesser-apfel-1-10-kg-10#webpage\",\"url\":\"https:\/\/xn--shop-fr-vegane-und-vegetarische-kost-j0d.de\/?product=aepfel-fuji-aus-deutschland-bodensee-suesser-apfel-1-10-kg-10\",\"name\":\"\\u00c4pfel Fuji aus Deutschland\/Bodensee leckerer s\\u00fc\\u00dfer saftiger Apfel knackig und fest Speiseapfel Tafelapfel 10 KG - Vegan oder Vegetarisch\",\"isPartOf\":{\"@id\":\"https:\/\/xn--shop-fr-vegane-und-vegetarische-kost-j0d.de\/#website\"},\"primaryImageOfPage\":{\"@id\":\"https:\/\/xn--shop-fr-vegane-und-vegetarische-kost-j0d.de\/?product=aepfel-fuji-aus-deutschland-bodensee-suesser-apfel-1-10-kg-10#primaryimage\"},\"datePublished\":\"2020-12-30T19:30:17+00:00\",\"dateModified\":\"2023-04-08T16:40:48+00:00\",\"inLanguage\":\"de\",\"potentialAction\":[{\"@type\":\"ReadAction\",\"target\":[\"https:\/\/xn--shop-fr-vegane-und-vegetarische-kost-j0d.de\/?product=aepfel-fuji-aus-deutschland-bodensee-suesser-apfel-1-10-kg-10\"]}]}]}<\/script>\n<!-- \/ Yoast SEO Premium plugin. -->","_links":{"self":[{"href":"https:\/\/xn--shop-fr-vegane-und-vegetarische-kost-j0d.de\/index.php?rest_route=\/wp\/v2\/product\/9883"}],"collection":[{"href":"https:\/\/xn--shop-fr-vegane-und-vegetarische-kost-j0d.de\/index.php?rest_route=\/wp\/v2\/product"}],"about":[{"href":"https:\/\/xn--shop-fr-vegane-und-vegetarische-kost-j0d.de\/index.php?rest_route=\/wp\/v2\/types\/product"}],"replies":[{"embeddable":true,"href":"https:\/\/xn--shop-fr-vegane-und-vegetarische-kost-j0d.de\/index.php?rest_route=%2Fwp%2Fv2%2Fcomments&post=9883"}],"wp:featuredmedia":[{"embeddable":true,"href":"https:\/\/xn--shop-fr-vegane-und-vegetarische-kost-j0d.de\/index.php?rest_route=\/wp\/v2\/media\/9884"}],"wp:attachment":[{"href":"https:\/\/xn--shop-fr-vegane-und-vegetarische-kost-j0d.de\/index.php?rest_route=%2Fwp%2Fv2%2Fmedia&parent=9883"}],"wp:term":[{"taxonomy":"product_cat","embeddable":true,"href":"https:\/\/xn--shop-fr-vegane-und-vegetarische-kost-j0d.de\/index.php?rest_route=%2Fwp%2Fv2%2Fproduct_cat&post=9883"},{"taxonomy":"product_tag","embeddable":true,"href":"https:\/\/xn--shop-fr-vegane-und-vegetarische-kost-j0d.de\/index.php?rest_route=%2Fwp%2Fv2%2Fproduct_tag&post=9883"}],"curies":[{"name":"wp","href":"https:\/\/api.w.org\/{rel}","templated":true}]}}