{"id":9864,"date":"2020-12-30T19:12:57","date_gmt":"2020-12-30T19:12:57","guid":{"rendered":"https:\/\/xn--shop-fr-vegane-und-vegetarische-kost-j0d.de\/?product=molina-chai-concan-500gr-golden-milk-latte-blend-kurkuma-chai-mit-virgin-kokosnussoel"},"modified":"2023-04-08T18:40:47","modified_gmt":"2023-04-08T16:40:47","slug":"molina-chai-concan-500gr-golden-milk-latte-blend-kurkuma-chai-mit-virgin-kokosnussoel","status":"publish","type":"product","link":"https:\/\/xn--shop-fr-vegane-und-vegetarische-kost-j0d.de\/?product=molina-chai-concan-500gr-golden-milk-latte-blend-kurkuma-chai-mit-virgin-kokosnussoel","title":{"rendered":"Molina Chai Concan &#8211; 500gr Golden Milk Latte Blend &#8211; Kurkuma Chai mit Virgin Kokosnuss\u00f6l"},"content":{"rendered":"<div class=\"disclaim\">Gr\u00f6\u00dfe:<strong>500 gr<\/strong><\/div>\n<p><!-- show up to 2 reviews by default --><\/p>\n<p>Das goldene, cremige, w\u00fcrzige, warme Getr\u00e4nk. Ein t\u00e4gliches Ritual, das den Alltag vergessen l\u00e4sst. Verw\u00f6hnen Sie sich mit Concan Kurkuma Chai mit Virgin Coconut Oil und milder S\u00fc\u00dfe aus Bio-Kokosbl\u00fctenzucker, f\u00fcr einen gesunden und ruhigen Moment w\u00e4hrend Ihres Tages. Golden Milk Latte ist ein reichhaltiges ayurvedisches Kurkuma-Getr\u00e4nk mit Bio-Kokosnuss\u00f6l, schwarzem Pfeffer, Zimt, frischem Ingwer und erfrischenden und authentischen Masala Chai-Kr\u00e4utern. Es ist nicht nur ein Leckerbissen, sondern auch ein bew\u00e4hrtes entz\u00fcndungshemmendes und antioxidatives Mittel. Die angenehme Geschmacksexplosion der Inhaltsstoffe wirkt sich auch positiv auf Ihre Gesundheit aus. Der Ursprung der Goldenen Milch liegt in der tausendj\u00e4hrigen Tradition der ayurvedischen Medizin aus Indien. Das hei\u00dfe Getr\u00e4nk wurde nicht nur als Delikatesse, sondern auch zur Verbesserung der Verdauung getrunken. Goldene Milch hat eine positive Wirkung auf Erk\u00e4ltungen und Grippe und hilft sogar bei Gelenkschmerzen und Leber- und Hautproblemen.Was macht das Rezept von Concan Golden Blend so einzigartig?Die Kombination aus Kurkuma, schwarzem Pfeffer und Kokos\u00f6l! Diese drei Inhaltsstoffe verbessern die positiven Auswirkungen auf die Gesundheit. Die Kombination tr\u00e4gt auch zur heilenden Wirkung des Rezeptes bei und sorgt f\u00fcr ein geschmackvolles und gesundes Ritual. Warum wird Gelbwurz in Concan verwendet? Wir haben fast nichts zu dem urspr\u00fcnglichen ayurvedischen Rezept f\u00fcr unsere goldene Milch ge\u00e4ndert. Die goldene Zutat in unserer einzigartigen Goldenen Mischung ist der Kurkuma-Extrakt. Wir haben den Extrakt bewusst neben gemahlenem Pulver ausgew\u00e4hlt. Der Kurkumaextrakt enth\u00e4lt bis zu zehnmal mehr der n\u00fctzlichen Substanz, die Curcuminoid genannt wird, w\u00e4hrend das gemahlene Pulver erst lange genug gekocht werden muss, um die richtigen Substanzen zu extrahieren. Wir haben diesen Prozess f\u00fcr Sie erledigt, damit Sie ohne Probleme unsere Goldene Milch genie\u00dfen k\u00f6nnen.<\/p>\n<p>MOLINA CHAI: Der hochwertigen Chai Golden Blend \u00fcberzeugen mit seinem geschmackvoller Mix aus schwarzem Tee &amp; einer perfekt ausbalancierte Mischung aus biologischen Gew\u00fcrzen.<br \/>\nCONCAN: Der Golden Milk Latte ergibt ein cremiges, w\u00fcrziges, warmes Getr\u00e4nk. Ein t\u00e4gliches Ritual, das den Alltag vergessen l\u00e4sst.<br \/>\nZUTATEN: Cocon ist ein ayurvedisches Kurkuma-Getr\u00e4nk mit Bio-Kokosnuss\u00f6l, schwarzem Pfeffer, Zimt, frischem Ingwer und erfrischenden und authentischen Masala Chai-Kr\u00e4utern.<br \/>\n100% NAT\u00dcRLICH: F\u00fcr den leckeren Chai verwenden wir ausschlie\u00dflich nat\u00fcrliche Inhaltsstoffe. Der Tee enth\u00e4lt weder raffinierten Zucker noch Farbstoffe oder k\u00fcnstliche Aromen.<br \/>\nGLUTENFREI: Molina Chai Tees enthalten kein Gluten und sind somit f\u00fcr Menschen mit Glutenintoleranz ideal geeignet.<br \/>\n<div class=\"main-cross-sell\" data-asin=\"B07XY8W1Z5\">\n\n\t<div class=\"WooZone-cross-sell-loader\">\n\t\t<div>\n\t\t\t<div id=\"floatingBarsG\">\n\t\t\t\t<div class=\"blockG\" id=\"rotateG_01\"><\/div>\n\t\t\t\t<div class=\"blockG\" id=\"rotateG_02\"><\/div>\n\t\t\t\t<div class=\"blockG\" id=\"rotateG_03\"><\/div>\n\t\t\t\t<div class=\"blockG\" id=\"rotateG_04\"><\/div>\n\t\t\t\t<div class=\"blockG\" id=\"rotateG_05\"><\/div>\n\t\t\t\t<div class=\"blockG\" id=\"rotateG_06\"><\/div>\n\t\t\t\t<div class=\"blockG\" id=\"rotateG_07\"><\/div>\n\t\t\t\t<div class=\"blockG\" id=\"rotateG_08\"><\/div>\n\t\t\t<\/div>\n\t\t\t<div class=\"WooZone-cross-sell-loader-text\"><\/div>\n\t\t<\/div>\n\t<\/div>\n\n\t\t\n<\/div>\n<div style=\"clear:both;\"><\/div>\n","protected":false},"excerpt":{"rendered":"<p>MOLINA CHAI: Der hochwertigen Chai Golden Blend \u00fcberzeugen mit seinem geschmackvoller Mix aus schwarzem Tee &amp; einer perfekt ausbalancierte Mischung aus biologischen Gew\u00fcrzen.<br \/>\nCONCAN: Der Golden Milk Latte ergibt ein cremiges, w\u00fcrziges, warmes Getr\u00e4nk. Ein t\u00e4gliches Ritual, das den Alltag vergessen l\u00e4sst.<br \/>\nZUTATEN: Cocon ist ein ayurvedisches Kurkuma-Getr\u00e4nk mit Bio-Kokosnuss\u00f6l, schwarzem Pfeffer, Zimt, frischem Ingwer und erfrischenden und authentischen Masala Chai-Kr\u00e4utern.<\/p>\n","protected":false},"featured_media":9865,"comment_status":"open","ping_status":"closed","template":"","meta":[],"product_cat":[4146,135],"product_tag":[],"yoast_head":"<!-- This site is optimized with the Yoast SEO Premium plugin v15.4 - https:\/\/yoast.com\/wordpress\/plugins\/seo\/ -->\n<title>Molina Chai Concan - 500gr Golden Milk Latte Blend - Kurkuma Chai mit Virgin Kokosnuss\u00f6l - Vegan oder Vegetarisch<\/title>\n<meta name=\"robots\" content=\"index, follow, max-snippet:-1, max-image-preview:large, max-video-preview:-1\" \/>\n<link rel=\"canonical\" href=\"https:\/\/xn--shop-fr-vegane-und-vegetarische-kost-j0d.de\/?product=molina-chai-concan-500gr-golden-milk-latte-blend-kurkuma-chai-mit-virgin-kokosnussoel\" \/>\n<meta property=\"og:locale\" content=\"de_DE\" \/>\n<meta property=\"og:type\" content=\"article\" \/>\n<meta property=\"og:title\" content=\"Molina Chai Concan - 500gr Golden Milk Latte Blend - Kurkuma Chai mit Virgin Kokosnuss\u00f6l - Vegan oder Vegetarisch\" \/>\n<meta property=\"og:description\" content=\"MOLINA CHAI: Der hochwertigen Chai Golden Blend \u00fcberzeugen mit seinem geschmackvoller Mix aus schwarzem Tee &amp; einer perfekt ausbalancierte Mischung aus biologischen Gew\u00fcrzen. CONCAN: Der Golden Milk Latte ergibt ein cremiges, w\u00fcrziges, warmes Getr\u00e4nk. Ein t\u00e4gliches Ritual, das den Alltag vergessen l\u00e4sst. ZUTATEN: Cocon ist ein ayurvedisches Kurkuma-Getr\u00e4nk mit Bio-Kokosnuss\u00f6l, schwarzem Pfeffer, Zimt, frischem Ingwer und erfrischenden und authentischen Masala Chai-Kr\u00e4utern.\" \/>\n<meta property=\"og:url\" content=\"https:\/\/xn--shop-fr-vegane-und-vegetarische-kost-j0d.de\/?product=molina-chai-concan-500gr-golden-milk-latte-blend-kurkuma-chai-mit-virgin-kokosnussoel\" \/>\n<meta property=\"og:site_name\" content=\"Vegan oder Vegetarisch\" \/>\n<meta property=\"article:modified_time\" content=\"2023-04-08T16:40:47+00:00\" \/>\n<meta property=\"og:image\" content=\"https:\/\/images-na.ssl-images-amazon.com\/images\/I\/518bakUdGaL.jpg\" \/>\n\t<meta property=\"og:image:width\" content=\"500\" \/>\n\t<meta property=\"og:image:height\" content=\"500\" \/>\n<meta name=\"twitter:card\" content=\"summary_large_image\" \/>\n<meta name=\"twitter:label1\" content=\"Verfasst von\">\n\t<meta name=\"twitter:data1\" content=\"Swen-Olaf Bender\">\n\t<meta name=\"twitter:label2\" content=\"Gesch\u00e4tzte Lesezeit\">\n\t<meta name=\"twitter:data2\" content=\"2\u00a0Minuten\">\n<script type=\"application\/ld+json\" class=\"yoast-schema-graph\">{\"@context\":\"https:\/\/schema.org\",\"@graph\":[{\"@type\":\"WebSite\",\"@id\":\"https:\/\/xn--shop-fr-vegane-und-vegetarische-kost-j0d.de\/#website\",\"url\":\"https:\/\/xn--shop-fr-vegane-und-vegetarische-kost-j0d.de\/\",\"name\":\"Vegan oder Vegetarisch\",\"description\":\"Gesund leben, Gesund essen\",\"potentialAction\":[{\"@type\":\"SearchAction\",\"target\":\"https:\/\/xn--shop-fr-vegane-und-vegetarische-kost-j0d.de\/?s={search_term_string}\",\"query-input\":\"required name=search_term_string\"}],\"inLanguage\":\"de\"},{\"@type\":\"ImageObject\",\"@id\":\"https:\/\/xn--shop-fr-vegane-und-vegetarische-kost-j0d.de\/?product=molina-chai-concan-500gr-golden-milk-latte-blend-kurkuma-chai-mit-virgin-kokosnussoel#primaryimage\",\"inLanguage\":\"de\",\"url\":\"https:\/\/images-na.ssl-images-amazon.com\/images\/I\/518bakUdGaL.jpg\",\"width\":500,\"height\":500},{\"@type\":\"WebPage\",\"@id\":\"https:\/\/xn--shop-fr-vegane-und-vegetarische-kost-j0d.de\/?product=molina-chai-concan-500gr-golden-milk-latte-blend-kurkuma-chai-mit-virgin-kokosnussoel#webpage\",\"url\":\"https:\/\/xn--shop-fr-vegane-und-vegetarische-kost-j0d.de\/?product=molina-chai-concan-500gr-golden-milk-latte-blend-kurkuma-chai-mit-virgin-kokosnussoel\",\"name\":\"Molina Chai Concan - 500gr Golden Milk Latte Blend - Kurkuma Chai mit Virgin Kokosnuss\\u00f6l - Vegan oder Vegetarisch\",\"isPartOf\":{\"@id\":\"https:\/\/xn--shop-fr-vegane-und-vegetarische-kost-j0d.de\/#website\"},\"primaryImageOfPage\":{\"@id\":\"https:\/\/xn--shop-fr-vegane-und-vegetarische-kost-j0d.de\/?product=molina-chai-concan-500gr-golden-milk-latte-blend-kurkuma-chai-mit-virgin-kokosnussoel#primaryimage\"},\"datePublished\":\"2020-12-30T19:12:57+00:00\",\"dateModified\":\"2023-04-08T16:40:47+00:00\",\"inLanguage\":\"de\",\"potentialAction\":[{\"@type\":\"ReadAction\",\"target\":[\"https:\/\/xn--shop-fr-vegane-und-vegetarische-kost-j0d.de\/?product=molina-chai-concan-500gr-golden-milk-latte-blend-kurkuma-chai-mit-virgin-kokosnussoel\"]}]}]}<\/script>\n<!-- \/ Yoast SEO Premium plugin. -->","_links":{"self":[{"href":"https:\/\/xn--shop-fr-vegane-und-vegetarische-kost-j0d.de\/index.php?rest_route=\/wp\/v2\/product\/9864"}],"collection":[{"href":"https:\/\/xn--shop-fr-vegane-und-vegetarische-kost-j0d.de\/index.php?rest_route=\/wp\/v2\/product"}],"about":[{"href":"https:\/\/xn--shop-fr-vegane-und-vegetarische-kost-j0d.de\/index.php?rest_route=\/wp\/v2\/types\/product"}],"replies":[{"embeddable":true,"href":"https:\/\/xn--shop-fr-vegane-und-vegetarische-kost-j0d.de\/index.php?rest_route=%2Fwp%2Fv2%2Fcomments&post=9864"}],"wp:featuredmedia":[{"embeddable":true,"href":"https:\/\/xn--shop-fr-vegane-und-vegetarische-kost-j0d.de\/index.php?rest_route=\/wp\/v2\/media\/9865"}],"wp:attachment":[{"href":"https:\/\/xn--shop-fr-vegane-und-vegetarische-kost-j0d.de\/index.php?rest_route=%2Fwp%2Fv2%2Fmedia&parent=9864"}],"wp:term":[{"taxonomy":"product_cat","embeddable":true,"href":"https:\/\/xn--shop-fr-vegane-und-vegetarische-kost-j0d.de\/index.php?rest_route=%2Fwp%2Fv2%2Fproduct_cat&post=9864"},{"taxonomy":"product_tag","embeddable":true,"href":"https:\/\/xn--shop-fr-vegane-und-vegetarische-kost-j0d.de\/index.php?rest_route=%2Fwp%2Fv2%2Fproduct_tag&post=9864"}],"curies":[{"name":"wp","href":"https:\/\/api.w.org\/{rel}","templated":true}]}}