{"id":9849,"date":"2020-12-30T18:59:17","date_gmt":"2020-12-30T18:59:17","guid":{"rendered":"https:\/\/xn--shop-fr-vegane-und-vegetarische-kost-j0d.de\/?product=dream-reis-mandel-haselnuss-drink-vegan-12er-pack-12x1l"},"modified":"2023-04-08T18:40:47","modified_gmt":"2023-04-08T16:40:47","slug":"dream-reis-mandel-haselnuss-drink-vegan-12er-pack-12x1l","status":"publish","type":"product","link":"https:\/\/xn--shop-fr-vegane-und-vegetarische-kost-j0d.de\/?product=dream-reis-mandel-haselnuss-drink-vegan-12er-pack-12x1l","title":{"rendered":"DREAM Reis-Mandel-Haselnuss Drink &#8211; vegan &#8211; 12er Pack (12x1l)"},"content":{"rendered":"<p><!-- show up to 2 reviews by default --> <\/p>\n<h3>Produktbeschreibung<\/h3>\n<p>Mit seiner dezenten S\u00fc\u00dfe und k\u00f6stlich sahnigen Konsistenz ist dieses unwiderstehliche Getr\u00e4nk beliebt bei alt und jung Rice Dream Almond Hazelnut hat ein s\u00fcsses nussiges Aroma und ist eine k\u00f6stliche und milchfreie Alternative f\u00fcr die ganze Familie <\/p>\n<h3>Inhaltsstoffe \/ Zutaten<\/h3>\n<p>Wasser, Reis (13,2%), Haseln\u00fcsse (1,2%), Mandeln (0,6%), Kalziumcarbonat, Stabilisator: Gellan; Emulgator: Lecithin, Salz, nat\u00fcrliches Aroma, Vitamin D2, Vitamin B12 <\/p>\n<div data-a-expander-name=\"toggle_description\" class=\"a-row a-expander-container a-expander-extend-container\">\n<div class=\"a-expander-content a-expander-extend-content\">\n<h3>Gebrauchsanweisung<\/h3>\n<p>Vor Gebrauch gut sch\u00fctteln. <\/p>\n<h3>Warnhinweise<\/h3>\n<p>Nicht dem direkten Sonnenlicht aussetzen. <\/p>\n<h3>Anschrift Hersteller\/Importeur<\/h3>\n<p>Hain Europe NV Groendreef 101 9880 Aalter Belgium <\/p>\n<\/p><\/div>\n<p> <a href=\"void(0)\" data-action=\"a-expander-toggle\" class=\"a-expander-header a-declarative a-expander-extend-header\" data-a-expander-toggle=\"{\"><i class=\"a-icon a-icon-extender-expand\"><\/i><span class=\"a-expander-prompt\">Mehr<\/span><\/a> <\/div>\n<p>laktosefrei<br \/>\nmilchfrei<br \/>\ngeeignet f\u00fcr Vegetarier und Veganer<br \/>\n<div class=\"main-cross-sell\" data-asin=\"B072LCKLBW\">\n\n\t<div class=\"WooZone-cross-sell-loader\">\n\t\t<div>\n\t\t\t<div id=\"floatingBarsG\">\n\t\t\t\t<div class=\"blockG\" id=\"rotateG_01\"><\/div>\n\t\t\t\t<div class=\"blockG\" id=\"rotateG_02\"><\/div>\n\t\t\t\t<div class=\"blockG\" id=\"rotateG_03\"><\/div>\n\t\t\t\t<div class=\"blockG\" id=\"rotateG_04\"><\/div>\n\t\t\t\t<div class=\"blockG\" id=\"rotateG_05\"><\/div>\n\t\t\t\t<div class=\"blockG\" id=\"rotateG_06\"><\/div>\n\t\t\t\t<div class=\"blockG\" id=\"rotateG_07\"><\/div>\n\t\t\t\t<div class=\"blockG\" id=\"rotateG_08\"><\/div>\n\t\t\t<\/div>\n\t\t\t<div class=\"WooZone-cross-sell-loader-text\"><\/div>\n\t\t<\/div>\n\t<\/div>\n\n\t\t\n<\/div>\n<div style=\"clear:both;\"><\/div>\n","protected":false},"excerpt":{"rendered":"<p>laktosefrei<br \/>\nmilchfrei<br \/>\ngeeignet f\u00fcr Vegetarier und Veganer<\/p>\n","protected":false},"featured_media":9850,"comment_status":"open","ping_status":"closed","template":"","meta":[],"product_cat":[4145,131],"product_tag":[],"yoast_head":"<!-- This site is optimized with the Yoast SEO Premium plugin v15.4 - https:\/\/yoast.com\/wordpress\/plugins\/seo\/ -->\n<title>DREAM Reis-Mandel-Haselnuss Drink - vegan - 12er Pack (12x1l) - Vegan oder Vegetarisch<\/title>\n<meta name=\"robots\" content=\"index, follow, max-snippet:-1, max-image-preview:large, max-video-preview:-1\" \/>\n<link rel=\"canonical\" href=\"https:\/\/xn--shop-fr-vegane-und-vegetarische-kost-j0d.de\/?product=dream-reis-mandel-haselnuss-drink-vegan-12er-pack-12x1l\" \/>\n<meta property=\"og:locale\" content=\"de_DE\" \/>\n<meta property=\"og:type\" content=\"article\" \/>\n<meta property=\"og:title\" content=\"DREAM Reis-Mandel-Haselnuss Drink - vegan - 12er Pack (12x1l) - Vegan oder Vegetarisch\" \/>\n<meta property=\"og:description\" content=\"laktosefrei milchfrei geeignet f\u00fcr Vegetarier und Veganer\" \/>\n<meta property=\"og:url\" content=\"https:\/\/xn--shop-fr-vegane-und-vegetarische-kost-j0d.de\/?product=dream-reis-mandel-haselnuss-drink-vegan-12er-pack-12x1l\" \/>\n<meta property=\"og:site_name\" content=\"Vegan oder Vegetarisch\" \/>\n<meta property=\"article:modified_time\" content=\"2023-04-08T16:40:47+00:00\" \/>\n<meta property=\"og:image\" content=\"https:\/\/images-na.ssl-images-amazon.com\/images\/I\/41R6qixDgCL.jpg\" \/>\n\t<meta property=\"og:image:width\" content=\"500\" \/>\n\t<meta property=\"og:image:height\" content=\"500\" \/>\n<meta name=\"twitter:card\" content=\"summary_large_image\" \/>\n<meta name=\"twitter:label1\" content=\"Verfasst von\">\n\t<meta name=\"twitter:data1\" content=\"Swen-Olaf Bender\">\n\t<meta name=\"twitter:label2\" content=\"Gesch\u00e4tzte Lesezeit\">\n\t<meta name=\"twitter:data2\" content=\"0\u00a0Minuten\">\n<script type=\"application\/ld+json\" class=\"yoast-schema-graph\">{\"@context\":\"https:\/\/schema.org\",\"@graph\":[{\"@type\":\"WebSite\",\"@id\":\"https:\/\/xn--shop-fr-vegane-und-vegetarische-kost-j0d.de\/#website\",\"url\":\"https:\/\/xn--shop-fr-vegane-und-vegetarische-kost-j0d.de\/\",\"name\":\"Vegan oder Vegetarisch\",\"description\":\"Gesund leben, Gesund essen\",\"potentialAction\":[{\"@type\":\"SearchAction\",\"target\":\"https:\/\/xn--shop-fr-vegane-und-vegetarische-kost-j0d.de\/?s={search_term_string}\",\"query-input\":\"required name=search_term_string\"}],\"inLanguage\":\"de\"},{\"@type\":\"ImageObject\",\"@id\":\"https:\/\/xn--shop-fr-vegane-und-vegetarische-kost-j0d.de\/?product=dream-reis-mandel-haselnuss-drink-vegan-12er-pack-12x1l#primaryimage\",\"inLanguage\":\"de\",\"url\":\"https:\/\/images-na.ssl-images-amazon.com\/images\/I\/41R6qixDgCL.jpg\",\"width\":500,\"height\":500},{\"@type\":\"WebPage\",\"@id\":\"https:\/\/xn--shop-fr-vegane-und-vegetarische-kost-j0d.de\/?product=dream-reis-mandel-haselnuss-drink-vegan-12er-pack-12x1l#webpage\",\"url\":\"https:\/\/xn--shop-fr-vegane-und-vegetarische-kost-j0d.de\/?product=dream-reis-mandel-haselnuss-drink-vegan-12er-pack-12x1l\",\"name\":\"DREAM Reis-Mandel-Haselnuss Drink - vegan - 12er Pack (12x1l) - Vegan oder Vegetarisch\",\"isPartOf\":{\"@id\":\"https:\/\/xn--shop-fr-vegane-und-vegetarische-kost-j0d.de\/#website\"},\"primaryImageOfPage\":{\"@id\":\"https:\/\/xn--shop-fr-vegane-und-vegetarische-kost-j0d.de\/?product=dream-reis-mandel-haselnuss-drink-vegan-12er-pack-12x1l#primaryimage\"},\"datePublished\":\"2020-12-30T18:59:17+00:00\",\"dateModified\":\"2023-04-08T16:40:47+00:00\",\"inLanguage\":\"de\",\"potentialAction\":[{\"@type\":\"ReadAction\",\"target\":[\"https:\/\/xn--shop-fr-vegane-und-vegetarische-kost-j0d.de\/?product=dream-reis-mandel-haselnuss-drink-vegan-12er-pack-12x1l\"]}]}]}<\/script>\n<!-- \/ Yoast SEO Premium plugin. -->","_links":{"self":[{"href":"https:\/\/xn--shop-fr-vegane-und-vegetarische-kost-j0d.de\/index.php?rest_route=\/wp\/v2\/product\/9849"}],"collection":[{"href":"https:\/\/xn--shop-fr-vegane-und-vegetarische-kost-j0d.de\/index.php?rest_route=\/wp\/v2\/product"}],"about":[{"href":"https:\/\/xn--shop-fr-vegane-und-vegetarische-kost-j0d.de\/index.php?rest_route=\/wp\/v2\/types\/product"}],"replies":[{"embeddable":true,"href":"https:\/\/xn--shop-fr-vegane-und-vegetarische-kost-j0d.de\/index.php?rest_route=%2Fwp%2Fv2%2Fcomments&post=9849"}],"wp:featuredmedia":[{"embeddable":true,"href":"https:\/\/xn--shop-fr-vegane-und-vegetarische-kost-j0d.de\/index.php?rest_route=\/wp\/v2\/media\/9850"}],"wp:attachment":[{"href":"https:\/\/xn--shop-fr-vegane-und-vegetarische-kost-j0d.de\/index.php?rest_route=%2Fwp%2Fv2%2Fmedia&parent=9849"}],"wp:term":[{"taxonomy":"product_cat","embeddable":true,"href":"https:\/\/xn--shop-fr-vegane-und-vegetarische-kost-j0d.de\/index.php?rest_route=%2Fwp%2Fv2%2Fproduct_cat&post=9849"},{"taxonomy":"product_tag","embeddable":true,"href":"https:\/\/xn--shop-fr-vegane-und-vegetarische-kost-j0d.de\/index.php?rest_route=%2Fwp%2Fv2%2Fproduct_tag&post=9849"}],"curies":[{"name":"wp","href":"https:\/\/api.w.org\/{rel}","templated":true}]}}