{"id":9822,"date":"2020-12-30T18:59:04","date_gmt":"2020-12-30T18:59:04","guid":{"rendered":"https:\/\/xn--shop-fr-vegane-und-vegetarische-kost-j0d.de\/?product=alpro-geroestete-mandeldrink-ungesuesst-8er-pack-8-x-1-l"},"modified":"2023-04-08T18:40:47","modified_gmt":"2023-04-08T16:40:47","slug":"alpro-geroestete-mandeldrink-ungesuesst-8er-pack-8-x-1-l","status":"publish","type":"product","link":"https:\/\/xn--shop-fr-vegane-und-vegetarische-kost-j0d.de\/?product=alpro-geroestete-mandeldrink-ungesuesst-8er-pack-8-x-1-l","title":{"rendered":"Alpro Mandeldrink Ohne Zucker Natur Pflanzlicher Drink Vegan 8x1L"},"content":{"rendered":"<p><!-- show up to 2 reviews by default --> <\/p>\n<h3>Produktbeschreibung<\/h3>\n<p>Alpro Mandeldrink unges\u00fc\u00dft. <\/p>\n<p>Enth\u00e4lt Mandeln. Kann Spuren von Schalenfr\u00fcchten (keine Erdn\u00fcsse) enthalten. Von Natur aus gluten-, laktose- und kuhmilcheiwei\u00dffrei.<\/p>\n<\/p>\n<h3>Inhaltsstoffe \/ Zutaten<\/h3>\n<p>Zutaten: Wasser, MANDELN (2,3%), Tricalciumphosphat, Meersalz, Stabilisatoren (Johannisbrotkernmehl, Gellan), Emulgator (Sonnenblumenlecithin), Vitamine (Riboflavin (B2), B12, E, D2). Kann Spuren von Schalenfr\u00fcchten (keine Erdn\u00fcsse) enthalten. <\/p>\n<div data-a-expander-name=\"toggle_description\" class=\"a-row a-expander-container a-expander-extend-container\">\n<div class=\"a-expander-content a-expander-extend-content\">\n<h3>Anschrift Hersteller\/Importeur<\/h3>\n<p>Vlamingstraat 28, 8560 Wevelgem, Belgium <\/p>\n<\/p><\/div>\n<p> <a href=\"void(0)\" data-action=\"a-expander-toggle\" class=\"a-expander-header a-declarative a-expander-extend-header\" data-a-expander-toggle=\"{\"><i class=\"a-icon a-icon-extender-expand\"><\/i><span class=\"a-expander-prompt\">Mehr<\/span><\/a> <\/div>\n<p>Alpro ger\u00f6stete Mandeldrink unges\u00fc\u00dft<br \/>\nAlpro ger\u00f6stete Mandeldrink unges\u00fc\u00dft<br \/>\n<div class=\"main-cross-sell\" data-asin=\"B00O8PIRNA\">\n\n\t<div class=\"WooZone-cross-sell-loader\">\n\t\t<div>\n\t\t\t<div id=\"floatingBarsG\">\n\t\t\t\t<div class=\"blockG\" id=\"rotateG_01\"><\/div>\n\t\t\t\t<div class=\"blockG\" id=\"rotateG_02\"><\/div>\n\t\t\t\t<div class=\"blockG\" id=\"rotateG_03\"><\/div>\n\t\t\t\t<div class=\"blockG\" id=\"rotateG_04\"><\/div>\n\t\t\t\t<div class=\"blockG\" id=\"rotateG_05\"><\/div>\n\t\t\t\t<div class=\"blockG\" id=\"rotateG_06\"><\/div>\n\t\t\t\t<div class=\"blockG\" id=\"rotateG_07\"><\/div>\n\t\t\t\t<div class=\"blockG\" id=\"rotateG_08\"><\/div>\n\t\t\t<\/div>\n\t\t\t<div class=\"WooZone-cross-sell-loader-text\"><\/div>\n\t\t<\/div>\n\t<\/div>\n\n\t\t\n<\/div>\n<div style=\"clear:both;\"><\/div>\n","protected":false},"excerpt":{"rendered":"<p>Alpro ger\u00f6stete Mandeldrink unges\u00fc\u00dft<br \/>\nAlpro ger\u00f6stete Mandeldrink unges\u00fc\u00dft<\/p>\n","protected":false},"featured_media":9823,"comment_status":"open","ping_status":"closed","template":"","meta":[],"product_cat":[4145,131],"product_tag":[],"yoast_head":"<!-- This site is optimized with the Yoast SEO Premium plugin v15.4 - https:\/\/yoast.com\/wordpress\/plugins\/seo\/ -->\n<title>Alpro Mandeldrink Ohne Zucker Natur Pflanzlicher Drink Vegan 8x1L - Vegan oder Vegetarisch<\/title>\n<meta name=\"robots\" content=\"index, follow, max-snippet:-1, max-image-preview:large, max-video-preview:-1\" \/>\n<link rel=\"canonical\" href=\"https:\/\/xn--shop-fr-vegane-und-vegetarische-kost-j0d.de\/?product=alpro-geroestete-mandeldrink-ungesuesst-8er-pack-8-x-1-l\" \/>\n<meta property=\"og:locale\" content=\"de_DE\" \/>\n<meta property=\"og:type\" content=\"article\" \/>\n<meta property=\"og:title\" content=\"Alpro Mandeldrink Ohne Zucker Natur Pflanzlicher Drink Vegan 8x1L - Vegan oder Vegetarisch\" \/>\n<meta property=\"og:description\" content=\"Alpro ger\u00f6stete Mandeldrink unges\u00fc\u00dft Alpro ger\u00f6stete Mandeldrink unges\u00fc\u00dft\" \/>\n<meta property=\"og:url\" content=\"https:\/\/xn--shop-fr-vegane-und-vegetarische-kost-j0d.de\/?product=alpro-geroestete-mandeldrink-ungesuesst-8er-pack-8-x-1-l\" \/>\n<meta property=\"og:site_name\" content=\"Vegan oder Vegetarisch\" \/>\n<meta property=\"article:modified_time\" content=\"2023-04-08T16:40:47+00:00\" \/>\n<meta property=\"og:image\" content=\"https:\/\/images-na.ssl-images-amazon.com\/images\/I\/41ffuu4PUSL.jpg\" \/>\n\t<meta property=\"og:image:width\" content=\"500\" \/>\n\t<meta property=\"og:image:height\" content=\"500\" \/>\n<meta name=\"twitter:card\" content=\"summary_large_image\" \/>\n<meta name=\"twitter:label1\" content=\"Verfasst von\">\n\t<meta name=\"twitter:data1\" content=\"Swen-Olaf Bender\">\n\t<meta name=\"twitter:label2\" content=\"Gesch\u00e4tzte Lesezeit\">\n\t<meta name=\"twitter:data2\" content=\"0\u00a0Minuten\">\n<script type=\"application\/ld+json\" class=\"yoast-schema-graph\">{\"@context\":\"https:\/\/schema.org\",\"@graph\":[{\"@type\":\"WebSite\",\"@id\":\"https:\/\/xn--shop-fr-vegane-und-vegetarische-kost-j0d.de\/#website\",\"url\":\"https:\/\/xn--shop-fr-vegane-und-vegetarische-kost-j0d.de\/\",\"name\":\"Vegan oder Vegetarisch\",\"description\":\"Gesund leben, Gesund essen\",\"potentialAction\":[{\"@type\":\"SearchAction\",\"target\":\"https:\/\/xn--shop-fr-vegane-und-vegetarische-kost-j0d.de\/?s={search_term_string}\",\"query-input\":\"required name=search_term_string\"}],\"inLanguage\":\"de\"},{\"@type\":\"ImageObject\",\"@id\":\"https:\/\/xn--shop-fr-vegane-und-vegetarische-kost-j0d.de\/?product=alpro-geroestete-mandeldrink-ungesuesst-8er-pack-8-x-1-l#primaryimage\",\"inLanguage\":\"de\",\"url\":\"https:\/\/images-na.ssl-images-amazon.com\/images\/I\/41ffuu4PUSL.jpg\",\"width\":500,\"height\":500},{\"@type\":\"WebPage\",\"@id\":\"https:\/\/xn--shop-fr-vegane-und-vegetarische-kost-j0d.de\/?product=alpro-geroestete-mandeldrink-ungesuesst-8er-pack-8-x-1-l#webpage\",\"url\":\"https:\/\/xn--shop-fr-vegane-und-vegetarische-kost-j0d.de\/?product=alpro-geroestete-mandeldrink-ungesuesst-8er-pack-8-x-1-l\",\"name\":\"Alpro Mandeldrink Ohne Zucker Natur Pflanzlicher Drink Vegan 8x1L - Vegan oder Vegetarisch\",\"isPartOf\":{\"@id\":\"https:\/\/xn--shop-fr-vegane-und-vegetarische-kost-j0d.de\/#website\"},\"primaryImageOfPage\":{\"@id\":\"https:\/\/xn--shop-fr-vegane-und-vegetarische-kost-j0d.de\/?product=alpro-geroestete-mandeldrink-ungesuesst-8er-pack-8-x-1-l#primaryimage\"},\"datePublished\":\"2020-12-30T18:59:04+00:00\",\"dateModified\":\"2023-04-08T16:40:47+00:00\",\"inLanguage\":\"de\",\"potentialAction\":[{\"@type\":\"ReadAction\",\"target\":[\"https:\/\/xn--shop-fr-vegane-und-vegetarische-kost-j0d.de\/?product=alpro-geroestete-mandeldrink-ungesuesst-8er-pack-8-x-1-l\"]}]}]}<\/script>\n<!-- \/ Yoast SEO Premium plugin. -->","_links":{"self":[{"href":"https:\/\/xn--shop-fr-vegane-und-vegetarische-kost-j0d.de\/index.php?rest_route=\/wp\/v2\/product\/9822"}],"collection":[{"href":"https:\/\/xn--shop-fr-vegane-und-vegetarische-kost-j0d.de\/index.php?rest_route=\/wp\/v2\/product"}],"about":[{"href":"https:\/\/xn--shop-fr-vegane-und-vegetarische-kost-j0d.de\/index.php?rest_route=\/wp\/v2\/types\/product"}],"replies":[{"embeddable":true,"href":"https:\/\/xn--shop-fr-vegane-und-vegetarische-kost-j0d.de\/index.php?rest_route=%2Fwp%2Fv2%2Fcomments&post=9822"}],"wp:featuredmedia":[{"embeddable":true,"href":"https:\/\/xn--shop-fr-vegane-und-vegetarische-kost-j0d.de\/index.php?rest_route=\/wp\/v2\/media\/9823"}],"wp:attachment":[{"href":"https:\/\/xn--shop-fr-vegane-und-vegetarische-kost-j0d.de\/index.php?rest_route=%2Fwp%2Fv2%2Fmedia&parent=9822"}],"wp:term":[{"taxonomy":"product_cat","embeddable":true,"href":"https:\/\/xn--shop-fr-vegane-und-vegetarische-kost-j0d.de\/index.php?rest_route=%2Fwp%2Fv2%2Fproduct_cat&post=9822"},{"taxonomy":"product_tag","embeddable":true,"href":"https:\/\/xn--shop-fr-vegane-und-vegetarische-kost-j0d.de\/index.php?rest_route=%2Fwp%2Fv2%2Fproduct_tag&post=9822"}],"curies":[{"name":"wp","href":"https:\/\/api.w.org\/{rel}","templated":true}]}}