{"id":9782,"date":"2020-12-30T18:58:48","date_gmt":"2020-12-30T18:58:48","guid":{"rendered":"https:\/\/xn--shop-fr-vegane-und-vegetarische-kost-j0d.de\/?product=fresubin-energy-drink-6x4x200-ml-mischkarton"},"modified":"2023-04-08T18:40:47","modified_gmt":"2023-04-08T16:40:47","slug":"fresubin-energy-drink-6x4x200-ml-mischkarton","status":"publish","type":"product","link":"https:\/\/xn--shop-fr-vegane-und-vegetarische-kost-j0d.de\/?product=fresubin-energy-drink-6x4x200-ml-mischkarton","title":{"rendered":"Fresubin energy DRINK, 6X4X200 ml , Mischkarton | 200 ml (24er Pack)"},"content":{"rendered":"<p><!-- show up to 2 reviews by default --> <\/p>\n<h3>Produktbeschreibungen<\/h3>\n<p>Hochkalorische, ballaststofffreie Trinknahrung, Mischkarton: Vanille, Erdbeere, Waldfrucht, Schokolade, Cappuccino, Multrifrucht.Produkteigenschaften:Bezeichnung:Di\u00e4tetisches Lebensmittel f\u00fcr besondere medizinische Zwecke (bilanzierte Di\u00e4t)N\u00e4hrwertdeklaration:N\u00e4hrwerteangabenpro 100 mlBrennwert630 kJ\/150 kcalFett5,8 g davon ges\u00e4ttigte Fetts\u00e4uren0,4 gKohlenhydrate18,8 g davon Zucker6,3 gEiwei\u00df5,6 gSalzInhaltsstoffdurchschnittlicher Gehalt pro 100 mlBrennwert630 kJ (150 kcal)Eiwei\u00df5,6 gKohlenhydrate18,8 gdavon Zucker6,3 gdavon Laktose <\/p>\n<h3>Inhaltsstoffe \/ Zutaten<\/h3>\n<p>Vanille: Wasser, Maltodextrin, Milcheiwei\u00df, pflanzliche \u00d6le (Raps\u00f6l, Sonnenblumen\u00f6l), Zucker, Aroma, Kaliumcitrat, Natriumcitrat, Emulgatoren (E 471, Sojalecithin), Natriumchlorid, Kaliumchlorid, Vitamin C, Cholinchlorid, Magnesiumoxid, S\u00e4ureregulator (E 330), Eisenpyrophosphat, Zinksulfat, Niacin, Vitamin E, Pantothens\u00e4ure, Manganchlorid, Kupfersulfat, Vitamin B6, Vitamin B2, Natriumfluorid, Beta-Carotin, Vitamin B1, Vitamin A, Fols\u00e4ure, Chromchlorid, Natriummolybdat, Vitamin K1, Kaliumjodid, Natriumselenit, Biotin, Vitamin D3, Vitamin B12. Erdbeere: Wasser, Maltodextrin, Milcheiwei\u00df, pflanzliche \u00d6le (Raps\u00f6l, Sonnenblumen\u00f6l), Zucker, Aromen, Kaliumcitrat, Natriumcitrat, Emulgatoren (E 471, Sojalecithin), f\u00e4rbendes Lebensmittel: Rote Bete-Pulver, Natriumchlorid, Kaliumchlorid, Vitamin C, Cholinchlorid, Magnesiumoxid, S\u00e4ureregulatoren (E 330), Eisenpyrophosphat, Zinksulfat, Niacin, Vitamin E, Pantothens\u00e4ure, Manganchlorid, Kupfersulfat, Vitamin B6, Vitamin B2, Natriumfluorid, Beta-Carotin, Vitamin B1, Vitamin A, Fols\u00e4ure, Chromchlorid, Natriummolybdat, Vitamin K1, Kaliumjodid, Natriumselenit, Biotin, Vitamin D3, Vitamin B12. Waldfrucht: Wasser, Maltodextrin, Milcheiwei\u00df, pflanzliche \u00d6le (Raps\u00f6l, Sonnenblumen\u00f6l), Zucker, Aromen, Kaliumcitrat, Natriumcitrat, f\u00e4rbendes Lebensmittel: Rote Bete-Pulver, Emulgatoren (E 471, Sojalecithin), Natriumchlorid, Kaliumchlorid, Vitamin C, Cholinchlorid, Magnesiumoxid, Eisenpyrophosphat, S\u00e4ureregulatoren (E 330), Zinksulfat, Niacin, Vitamin E, <\/p>\n<p>Fresubin energy DRINK<br \/>\nHochkalorische, ballaststoffarme Trinknahrung<br \/>\n1,5 kcal\/ml, ohne Ballaststoffe ( Ausnahme Schokolade ) und streng lactosearm (<br \/>\nGeschmacksrichtung: Cappuccino, Erdbeere, Multifrucht, Vanille, Waldfrucht, Schokolade<br \/>\nLieferumfang: 1 Karton \/ 24 EasyDrink \u00e0 200 ml<br \/>\n<div class=\"main-cross-sell\" data-asin=\"B004YVZM0E\">\n\n\t<div class=\"WooZone-cross-sell-loader\">\n\t\t<div>\n\t\t\t<div id=\"floatingBarsG\">\n\t\t\t\t<div class=\"blockG\" id=\"rotateG_01\"><\/div>\n\t\t\t\t<div class=\"blockG\" id=\"rotateG_02\"><\/div>\n\t\t\t\t<div class=\"blockG\" id=\"rotateG_03\"><\/div>\n\t\t\t\t<div class=\"blockG\" id=\"rotateG_04\"><\/div>\n\t\t\t\t<div class=\"blockG\" id=\"rotateG_05\"><\/div>\n\t\t\t\t<div class=\"blockG\" id=\"rotateG_06\"><\/div>\n\t\t\t\t<div class=\"blockG\" id=\"rotateG_07\"><\/div>\n\t\t\t\t<div class=\"blockG\" id=\"rotateG_08\"><\/div>\n\t\t\t<\/div>\n\t\t\t<div class=\"WooZone-cross-sell-loader-text\"><\/div>\n\t\t<\/div>\n\t<\/div>\n\n\t\t\n<\/div>\n<div style=\"clear:both;\"><\/div>\n","protected":false},"excerpt":{"rendered":"<p>Fresubin energy DRINK<br \/>\nHochkalorische, ballaststoffarme Trinknahrung<br \/>\n1,5 kcal\/ml, ohne Ballaststoffe ( Ausnahme Schokolade ) und streng lactosearm (<\/p>\n","protected":false},"featured_media":9783,"comment_status":"open","ping_status":"closed","template":"","meta":[],"product_cat":[4145,131],"product_tag":[],"yoast_head":"<!-- This site is optimized with the Yoast SEO Premium plugin v15.4 - https:\/\/yoast.com\/wordpress\/plugins\/seo\/ -->\n<title>Fresubin energy DRINK, 6X4X200 ml , Mischkarton | 200 ml (24er Pack) - Vegan oder Vegetarisch<\/title>\n<meta name=\"robots\" content=\"index, follow, max-snippet:-1, max-image-preview:large, max-video-preview:-1\" \/>\n<link rel=\"canonical\" href=\"https:\/\/xn--shop-fr-vegane-und-vegetarische-kost-j0d.de\/?product=fresubin-energy-drink-6x4x200-ml-mischkarton\" \/>\n<meta property=\"og:locale\" content=\"de_DE\" \/>\n<meta property=\"og:type\" content=\"article\" \/>\n<meta property=\"og:title\" content=\"Fresubin energy DRINK, 6X4X200 ml , Mischkarton | 200 ml (24er Pack) - Vegan oder Vegetarisch\" \/>\n<meta property=\"og:description\" content=\"Fresubin energy DRINK Hochkalorische, ballaststoffarme Trinknahrung 1,5 kcal\/ml, ohne Ballaststoffe ( Ausnahme Schokolade ) und streng lactosearm (\" \/>\n<meta property=\"og:url\" content=\"https:\/\/xn--shop-fr-vegane-und-vegetarische-kost-j0d.de\/?product=fresubin-energy-drink-6x4x200-ml-mischkarton\" \/>\n<meta property=\"og:site_name\" content=\"Vegan oder Vegetarisch\" \/>\n<meta property=\"article:modified_time\" content=\"2023-04-08T16:40:47+00:00\" \/>\n<meta property=\"og:image\" content=\"https:\/\/images-na.ssl-images-amazon.com\/images\/I\/41kcfBbVRRL.jpg\" \/>\n\t<meta property=\"og:image:width\" content=\"500\" \/>\n\t<meta property=\"og:image:height\" content=\"500\" \/>\n<meta name=\"twitter:card\" content=\"summary_large_image\" \/>\n<meta name=\"twitter:label1\" content=\"Verfasst von\">\n\t<meta name=\"twitter:data1\" content=\"Swen-Olaf Bender\">\n\t<meta name=\"twitter:label2\" content=\"Gesch\u00e4tzte Lesezeit\">\n\t<meta name=\"twitter:data2\" content=\"1\u00a0Minute\">\n<script type=\"application\/ld+json\" class=\"yoast-schema-graph\">{\"@context\":\"https:\/\/schema.org\",\"@graph\":[{\"@type\":\"WebSite\",\"@id\":\"https:\/\/xn--shop-fr-vegane-und-vegetarische-kost-j0d.de\/#website\",\"url\":\"https:\/\/xn--shop-fr-vegane-und-vegetarische-kost-j0d.de\/\",\"name\":\"Vegan oder Vegetarisch\",\"description\":\"Gesund leben, Gesund essen\",\"potentialAction\":[{\"@type\":\"SearchAction\",\"target\":\"https:\/\/xn--shop-fr-vegane-und-vegetarische-kost-j0d.de\/?s={search_term_string}\",\"query-input\":\"required name=search_term_string\"}],\"inLanguage\":\"de\"},{\"@type\":\"ImageObject\",\"@id\":\"https:\/\/xn--shop-fr-vegane-und-vegetarische-kost-j0d.de\/?product=fresubin-energy-drink-6x4x200-ml-mischkarton#primaryimage\",\"inLanguage\":\"de\",\"url\":\"https:\/\/images-na.ssl-images-amazon.com\/images\/I\/41kcfBbVRRL.jpg\",\"width\":500,\"height\":500},{\"@type\":\"WebPage\",\"@id\":\"https:\/\/xn--shop-fr-vegane-und-vegetarische-kost-j0d.de\/?product=fresubin-energy-drink-6x4x200-ml-mischkarton#webpage\",\"url\":\"https:\/\/xn--shop-fr-vegane-und-vegetarische-kost-j0d.de\/?product=fresubin-energy-drink-6x4x200-ml-mischkarton\",\"name\":\"Fresubin energy DRINK, 6X4X200 ml , Mischkarton | 200 ml (24er Pack) - Vegan oder Vegetarisch\",\"isPartOf\":{\"@id\":\"https:\/\/xn--shop-fr-vegane-und-vegetarische-kost-j0d.de\/#website\"},\"primaryImageOfPage\":{\"@id\":\"https:\/\/xn--shop-fr-vegane-und-vegetarische-kost-j0d.de\/?product=fresubin-energy-drink-6x4x200-ml-mischkarton#primaryimage\"},\"datePublished\":\"2020-12-30T18:58:48+00:00\",\"dateModified\":\"2023-04-08T16:40:47+00:00\",\"inLanguage\":\"de\",\"potentialAction\":[{\"@type\":\"ReadAction\",\"target\":[\"https:\/\/xn--shop-fr-vegane-und-vegetarische-kost-j0d.de\/?product=fresubin-energy-drink-6x4x200-ml-mischkarton\"]}]}]}<\/script>\n<!-- \/ Yoast SEO Premium plugin. -->","_links":{"self":[{"href":"https:\/\/xn--shop-fr-vegane-und-vegetarische-kost-j0d.de\/index.php?rest_route=\/wp\/v2\/product\/9782"}],"collection":[{"href":"https:\/\/xn--shop-fr-vegane-und-vegetarische-kost-j0d.de\/index.php?rest_route=\/wp\/v2\/product"}],"about":[{"href":"https:\/\/xn--shop-fr-vegane-und-vegetarische-kost-j0d.de\/index.php?rest_route=\/wp\/v2\/types\/product"}],"replies":[{"embeddable":true,"href":"https:\/\/xn--shop-fr-vegane-und-vegetarische-kost-j0d.de\/index.php?rest_route=%2Fwp%2Fv2%2Fcomments&post=9782"}],"wp:featuredmedia":[{"embeddable":true,"href":"https:\/\/xn--shop-fr-vegane-und-vegetarische-kost-j0d.de\/index.php?rest_route=\/wp\/v2\/media\/9783"}],"wp:attachment":[{"href":"https:\/\/xn--shop-fr-vegane-und-vegetarische-kost-j0d.de\/index.php?rest_route=%2Fwp%2Fv2%2Fmedia&parent=9782"}],"wp:term":[{"taxonomy":"product_cat","embeddable":true,"href":"https:\/\/xn--shop-fr-vegane-und-vegetarische-kost-j0d.de\/index.php?rest_route=%2Fwp%2Fv2%2Fproduct_cat&post=9782"},{"taxonomy":"product_tag","embeddable":true,"href":"https:\/\/xn--shop-fr-vegane-und-vegetarische-kost-j0d.de\/index.php?rest_route=%2Fwp%2Fv2%2Fproduct_tag&post=9782"}],"curies":[{"name":"wp","href":"https:\/\/api.w.org\/{rel}","templated":true}]}}