{"id":9540,"date":"2020-12-30T17:52:52","date_gmt":"2020-12-30T17:52:52","guid":{"rendered":"https:\/\/xn--shop-fr-vegane-und-vegetarische-kost-j0d.de\/?product=kuhbonbon-vegan-double-choc-165g-vegane-schokoladen-karamellbonbons"},"modified":"2023-04-08T18:40:44","modified_gmt":"2023-04-08T16:40:44","slug":"kuhbonbon-vegan-double-choc-165g-vegane-schokoladen-karamellbonbons","status":"publish","type":"product","link":"https:\/\/xn--shop-fr-vegane-und-vegetarische-kost-j0d.de\/?product=kuhbonbon-vegan-double-choc-165g-vegane-schokoladen-karamellbonbons","title":{"rendered":"Kuhbonbon Vegan Double Choc 165g &#8211; Vegane Schokoladen Karamellbonbons"},"content":{"rendered":"<p><!-- show up to 2 reviews by default --> <\/p>\n<h3>Produktbeschreibung<\/h3>\n<p>Diese veganen, mit Kakaonibs und Schokolade, hergestellten Weichkaramellen schmecken wie man sie von fr\u00fcher kennt. Dabei sind sie vegan, frei von Farb- und Konservierungsstoffen und sind zudem frei von Palm\u00f6l und glutenfrei. <\/p>\n<h3>Inhaltsstoffe \/ Zutaten<\/h3>\n<p>Glukosesirup, unraffinierter Rohrzucker, Kakaobutter, Bio Rohe Kakaobohnen (5%), fettarmer Kakao, Bio Kokosmilchpulver (4%) (Bio Kokosmilchpulver, Bio Maltodextrin, Bio Akazienfaser), Erbsen-Protein, Maisdextrin, Emulgator: Sonnenblumenlecithine, Bio <\/p>\n<div data-a-expander-name=\"toggle_description\" class=\"a-row a-expander-container a-expander-extend-container\">\n<div class=\"a-expander-content a-expander-extend-content\">\n<h3>Gebrauchsanweisung<\/h3>\n<p>Vor dem Genuss: Beutel \u00f6ffnen, Bonbon auswickeln und dann: Genie\u00dfen. Wir w\u00fcschen guten Appetit. Bitte genie\u00dfen Sie ma\u00dfvoll und achten Sie auf eine ausgewogene Ern\u00e4hrung <\/p>\n<h3>Warnhinweise<\/h3>\n<p>Keine <\/p>\n<h3>Anschrift Hersteller\/Importeur<\/h3>\n<p>Savitor GmbH, Schellerdamm 26, 21079 Hamburg <\/p>\n<\/p><\/div>\n<p> <a href=\"void(0)\" data-action=\"a-expander-toggle\" class=\"a-expander-header a-declarative a-expander-extend-header\" data-a-expander-toggle=\"{\"><i class=\"a-icon a-icon-extender-expand\"><\/i><span class=\"a-expander-prompt\">Mehr<\/span><\/a> <\/div>\n<p>165g weiche Karamellbonbons<br \/>\nVegan, laktosefrei und glutenfrei<br \/>\nSchokoladen-Karamell-Geschmack<br \/>\nMit echten Kakao-Nibs<br \/>\nOhne Farb- und Konservierungsstoffe<br \/>\n<div class=\"main-cross-sell\" data-asin=\"B07M84SLQZ\">\n\n\t<div class=\"WooZone-cross-sell-loader\">\n\t\t<div>\n\t\t\t<div id=\"floatingBarsG\">\n\t\t\t\t<div class=\"blockG\" id=\"rotateG_01\"><\/div>\n\t\t\t\t<div class=\"blockG\" id=\"rotateG_02\"><\/div>\n\t\t\t\t<div class=\"blockG\" id=\"rotateG_03\"><\/div>\n\t\t\t\t<div class=\"blockG\" id=\"rotateG_04\"><\/div>\n\t\t\t\t<div class=\"blockG\" id=\"rotateG_05\"><\/div>\n\t\t\t\t<div class=\"blockG\" id=\"rotateG_06\"><\/div>\n\t\t\t\t<div class=\"blockG\" id=\"rotateG_07\"><\/div>\n\t\t\t\t<div class=\"blockG\" id=\"rotateG_08\"><\/div>\n\t\t\t<\/div>\n\t\t\t<div class=\"WooZone-cross-sell-loader-text\"><\/div>\n\t\t<\/div>\n\t<\/div>\n\n\t\t\n<\/div>\n<div style=\"clear:both;\"><\/div>\n","protected":false},"excerpt":{"rendered":"<p>165g weiche Karamellbonbons<br \/>\nVegan, laktosefrei und glutenfrei<br \/>\nSchokoladen-Karamell-Geschmack<\/p>\n","protected":false},"featured_media":9541,"comment_status":"open","ping_status":"closed","template":"","meta":[],"product_cat":[4145,130],"product_tag":[],"yoast_head":"<!-- This site is optimized with the Yoast SEO Premium plugin v15.4 - https:\/\/yoast.com\/wordpress\/plugins\/seo\/ -->\n<title>Kuhbonbon Vegan Double Choc 165g - Vegane Schokoladen Karamellbonbons - Vegan oder Vegetarisch<\/title>\n<meta name=\"robots\" content=\"index, follow, max-snippet:-1, max-image-preview:large, max-video-preview:-1\" \/>\n<link rel=\"canonical\" href=\"https:\/\/xn--shop-fr-vegane-und-vegetarische-kost-j0d.de\/?product=kuhbonbon-vegan-double-choc-165g-vegane-schokoladen-karamellbonbons\" \/>\n<meta property=\"og:locale\" content=\"de_DE\" \/>\n<meta property=\"og:type\" content=\"article\" \/>\n<meta property=\"og:title\" content=\"Kuhbonbon Vegan Double Choc 165g - Vegane Schokoladen Karamellbonbons - Vegan oder Vegetarisch\" \/>\n<meta property=\"og:description\" content=\"165g weiche Karamellbonbons Vegan, laktosefrei und glutenfrei Schokoladen-Karamell-Geschmack\" \/>\n<meta property=\"og:url\" content=\"https:\/\/xn--shop-fr-vegane-und-vegetarische-kost-j0d.de\/?product=kuhbonbon-vegan-double-choc-165g-vegane-schokoladen-karamellbonbons\" \/>\n<meta property=\"og:site_name\" content=\"Vegan oder Vegetarisch\" \/>\n<meta property=\"article:modified_time\" content=\"2023-04-08T16:40:44+00:00\" \/>\n<meta property=\"og:image\" content=\"https:\/\/images-na.ssl-images-amazon.com\/images\/I\/41zreJDYmUL.jpg\" \/>\n\t<meta property=\"og:image:width\" content=\"500\" \/>\n\t<meta property=\"og:image:height\" content=\"500\" \/>\n<meta name=\"twitter:card\" content=\"summary_large_image\" \/>\n<meta name=\"twitter:label1\" content=\"Verfasst von\">\n\t<meta name=\"twitter:data1\" content=\"Swen-Olaf Bender\">\n\t<meta name=\"twitter:label2\" content=\"Gesch\u00e4tzte Lesezeit\">\n\t<meta name=\"twitter:data2\" content=\"0\u00a0Minuten\">\n<script type=\"application\/ld+json\" class=\"yoast-schema-graph\">{\"@context\":\"https:\/\/schema.org\",\"@graph\":[{\"@type\":\"WebSite\",\"@id\":\"https:\/\/xn--shop-fr-vegane-und-vegetarische-kost-j0d.de\/#website\",\"url\":\"https:\/\/xn--shop-fr-vegane-und-vegetarische-kost-j0d.de\/\",\"name\":\"Vegan oder Vegetarisch\",\"description\":\"Gesund leben, Gesund essen\",\"potentialAction\":[{\"@type\":\"SearchAction\",\"target\":\"https:\/\/xn--shop-fr-vegane-und-vegetarische-kost-j0d.de\/?s={search_term_string}\",\"query-input\":\"required name=search_term_string\"}],\"inLanguage\":\"de\"},{\"@type\":\"ImageObject\",\"@id\":\"https:\/\/xn--shop-fr-vegane-und-vegetarische-kost-j0d.de\/?product=kuhbonbon-vegan-double-choc-165g-vegane-schokoladen-karamellbonbons#primaryimage\",\"inLanguage\":\"de\",\"url\":\"https:\/\/images-na.ssl-images-amazon.com\/images\/I\/41zreJDYmUL.jpg\",\"width\":500,\"height\":500},{\"@type\":\"WebPage\",\"@id\":\"https:\/\/xn--shop-fr-vegane-und-vegetarische-kost-j0d.de\/?product=kuhbonbon-vegan-double-choc-165g-vegane-schokoladen-karamellbonbons#webpage\",\"url\":\"https:\/\/xn--shop-fr-vegane-und-vegetarische-kost-j0d.de\/?product=kuhbonbon-vegan-double-choc-165g-vegane-schokoladen-karamellbonbons\",\"name\":\"Kuhbonbon Vegan Double Choc 165g - Vegane Schokoladen Karamellbonbons - Vegan oder Vegetarisch\",\"isPartOf\":{\"@id\":\"https:\/\/xn--shop-fr-vegane-und-vegetarische-kost-j0d.de\/#website\"},\"primaryImageOfPage\":{\"@id\":\"https:\/\/xn--shop-fr-vegane-und-vegetarische-kost-j0d.de\/?product=kuhbonbon-vegan-double-choc-165g-vegane-schokoladen-karamellbonbons#primaryimage\"},\"datePublished\":\"2020-12-30T17:52:52+00:00\",\"dateModified\":\"2023-04-08T16:40:44+00:00\",\"inLanguage\":\"de\",\"potentialAction\":[{\"@type\":\"ReadAction\",\"target\":[\"https:\/\/xn--shop-fr-vegane-und-vegetarische-kost-j0d.de\/?product=kuhbonbon-vegan-double-choc-165g-vegane-schokoladen-karamellbonbons\"]}]}]}<\/script>\n<!-- \/ Yoast SEO Premium plugin. -->","_links":{"self":[{"href":"https:\/\/xn--shop-fr-vegane-und-vegetarische-kost-j0d.de\/index.php?rest_route=\/wp\/v2\/product\/9540"}],"collection":[{"href":"https:\/\/xn--shop-fr-vegane-und-vegetarische-kost-j0d.de\/index.php?rest_route=\/wp\/v2\/product"}],"about":[{"href":"https:\/\/xn--shop-fr-vegane-und-vegetarische-kost-j0d.de\/index.php?rest_route=\/wp\/v2\/types\/product"}],"replies":[{"embeddable":true,"href":"https:\/\/xn--shop-fr-vegane-und-vegetarische-kost-j0d.de\/index.php?rest_route=%2Fwp%2Fv2%2Fcomments&post=9540"}],"wp:featuredmedia":[{"embeddable":true,"href":"https:\/\/xn--shop-fr-vegane-und-vegetarische-kost-j0d.de\/index.php?rest_route=\/wp\/v2\/media\/9541"}],"wp:attachment":[{"href":"https:\/\/xn--shop-fr-vegane-und-vegetarische-kost-j0d.de\/index.php?rest_route=%2Fwp%2Fv2%2Fmedia&parent=9540"}],"wp:term":[{"taxonomy":"product_cat","embeddable":true,"href":"https:\/\/xn--shop-fr-vegane-und-vegetarische-kost-j0d.de\/index.php?rest_route=%2Fwp%2Fv2%2Fproduct_cat&post=9540"},{"taxonomy":"product_tag","embeddable":true,"href":"https:\/\/xn--shop-fr-vegane-und-vegetarische-kost-j0d.de\/index.php?rest_route=%2Fwp%2Fv2%2Fproduct_tag&post=9540"}],"curies":[{"name":"wp","href":"https:\/\/api.w.org\/{rel}","templated":true}]}}