{"id":9536,"date":"2020-12-30T17:52:50","date_gmt":"2020-12-30T17:52:50","guid":{"rendered":"https:\/\/xn--shop-fr-vegane-und-vegetarische-kost-j0d.de\/?product=beautysweeties-suesse-kronen-125-g"},"modified":"2023-04-08T18:40:44","modified_gmt":"2023-04-08T16:40:44","slug":"beautysweeties-suesse-kronen-125-g","status":"publish","type":"product","link":"https:\/\/xn--shop-fr-vegane-und-vegetarische-kost-j0d.de\/?product=beautysweeties-suesse-kronen-125-g","title":{"rendered":"BeautySweeties S\u00fc\u00dfe Kronen \u2013 Fruchtig-s\u00fc\u00dfe &amp; vegane Fruchtgummi-Kronen mit 15 % Fruchtmus und Fruchtsaft \u2013 Praktisch im\u2026"},"content":{"rendered":"<p><!-- show up to 2 reviews by default --> <\/p>\n<p>Die veganen BeautySweeties S\u00fc\u00dfe Schaumzucker Kronen mit 15% p\u00fcrierten Fr\u00fcchten und Fruchtsaft und den AUS der Beautywelt bekannten Zutaten Coenzym Q10, Aloe Vera und Biotin. Glutenfrei, fettfrei, ohne tierische Gelatine, laktosefrei, ohne k\u00fcnstliche Aromen, ohne k\u00fcnstliche Farbstoffe und ohne Konservierungsstoffe. Natur pur \u2013 alle Zutaten aus nat\u00fcrlichen Quellen. <\/p>\n<p>Vegan &#8211; ganz ohnen tierische Gelatine<br \/>\nLaktosefrei und glutenfrei<br \/>\nOhne k\u00fcnstliche Aromen und Farbstoffe sowie ohne k\u00fcnstliche Konservierungsstoffe<br \/>\nNatur pur &#8211; alle Zutaten aus nat\u00fcrlichen Quellen<br \/>\nMit 15% p\u00fcrierten Fr\u00fcchten und Fruchtsaft, Coenzym Q10, Aloe Vera und Biotin.<br \/>\n<div class=\"main-cross-sell\" data-asin=\"B07375RKQT\">\n\n\t<div class=\"WooZone-cross-sell-loader\">\n\t\t<div>\n\t\t\t<div id=\"floatingBarsG\">\n\t\t\t\t<div class=\"blockG\" id=\"rotateG_01\"><\/div>\n\t\t\t\t<div class=\"blockG\" id=\"rotateG_02\"><\/div>\n\t\t\t\t<div class=\"blockG\" id=\"rotateG_03\"><\/div>\n\t\t\t\t<div class=\"blockG\" id=\"rotateG_04\"><\/div>\n\t\t\t\t<div class=\"blockG\" id=\"rotateG_05\"><\/div>\n\t\t\t\t<div class=\"blockG\" id=\"rotateG_06\"><\/div>\n\t\t\t\t<div class=\"blockG\" id=\"rotateG_07\"><\/div>\n\t\t\t\t<div class=\"blockG\" id=\"rotateG_08\"><\/div>\n\t\t\t<\/div>\n\t\t\t<div class=\"WooZone-cross-sell-loader-text\"><\/div>\n\t\t<\/div>\n\t<\/div>\n\n\t\t\n<\/div>\n<div style=\"clear:both;\"><\/div>\n","protected":false},"excerpt":{"rendered":"<p>Vegan &#8211; ganz ohnen tierische Gelatine<br \/>\nLaktosefrei und glutenfrei<br \/>\nOhne k\u00fcnstliche Aromen und Farbstoffe sowie ohne k\u00fcnstliche Konservierungsstoffe<\/p>\n","protected":false},"featured_media":9537,"comment_status":"open","ping_status":"closed","template":"","meta":[],"product_cat":[4145,130],"product_tag":[],"yoast_head":"<!-- This site is optimized with the Yoast SEO Premium plugin v15.4 - https:\/\/yoast.com\/wordpress\/plugins\/seo\/ -->\n<title>BeautySweeties S\u00fc\u00dfe Kronen \u2013 Fruchtig-s\u00fc\u00dfe &amp; vegane Fruchtgummi-Kronen mit 15 % Fruchtmus und Fruchtsaft \u2013 Praktisch im\u2026 - Vegan oder Vegetarisch<\/title>\n<meta name=\"robots\" content=\"index, follow, max-snippet:-1, max-image-preview:large, max-video-preview:-1\" \/>\n<link rel=\"canonical\" href=\"https:\/\/xn--shop-fr-vegane-und-vegetarische-kost-j0d.de\/?product=beautysweeties-suesse-kronen-125-g\" \/>\n<meta property=\"og:locale\" content=\"de_DE\" \/>\n<meta property=\"og:type\" content=\"article\" \/>\n<meta property=\"og:title\" content=\"BeautySweeties S\u00fc\u00dfe Kronen \u2013 Fruchtig-s\u00fc\u00dfe &amp; vegane Fruchtgummi-Kronen mit 15 % Fruchtmus und Fruchtsaft \u2013 Praktisch im\u2026 - Vegan oder Vegetarisch\" \/>\n<meta property=\"og:description\" content=\"Vegan - ganz ohnen tierische Gelatine Laktosefrei und glutenfrei Ohne k\u00fcnstliche Aromen und Farbstoffe sowie ohne k\u00fcnstliche Konservierungsstoffe\" \/>\n<meta property=\"og:url\" content=\"https:\/\/xn--shop-fr-vegane-und-vegetarische-kost-j0d.de\/?product=beautysweeties-suesse-kronen-125-g\" \/>\n<meta property=\"og:site_name\" content=\"Vegan oder Vegetarisch\" \/>\n<meta property=\"article:modified_time\" content=\"2023-04-08T16:40:44+00:00\" \/>\n<meta property=\"og:image\" content=\"https:\/\/images-na.ssl-images-amazon.com\/images\/I\/41jI24h338L.jpg\" \/>\n\t<meta property=\"og:image:width\" content=\"500\" \/>\n\t<meta property=\"og:image:height\" content=\"500\" \/>\n<meta name=\"twitter:card\" content=\"summary_large_image\" \/>\n<meta name=\"twitter:label1\" content=\"Verfasst von\">\n\t<meta name=\"twitter:data1\" content=\"Swen-Olaf Bender\">\n\t<meta name=\"twitter:label2\" content=\"Gesch\u00e4tzte Lesezeit\">\n\t<meta name=\"twitter:data2\" content=\"0\u00a0Minuten\">\n<script type=\"application\/ld+json\" class=\"yoast-schema-graph\">{\"@context\":\"https:\/\/schema.org\",\"@graph\":[{\"@type\":\"WebSite\",\"@id\":\"https:\/\/xn--shop-fr-vegane-und-vegetarische-kost-j0d.de\/#website\",\"url\":\"https:\/\/xn--shop-fr-vegane-und-vegetarische-kost-j0d.de\/\",\"name\":\"Vegan oder Vegetarisch\",\"description\":\"Gesund leben, Gesund essen\",\"potentialAction\":[{\"@type\":\"SearchAction\",\"target\":\"https:\/\/xn--shop-fr-vegane-und-vegetarische-kost-j0d.de\/?s={search_term_string}\",\"query-input\":\"required name=search_term_string\"}],\"inLanguage\":\"de\"},{\"@type\":\"ImageObject\",\"@id\":\"https:\/\/xn--shop-fr-vegane-und-vegetarische-kost-j0d.de\/?product=beautysweeties-suesse-kronen-125-g#primaryimage\",\"inLanguage\":\"de\",\"url\":\"https:\/\/images-na.ssl-images-amazon.com\/images\/I\/41jI24h338L.jpg\",\"width\":500,\"height\":500},{\"@type\":\"WebPage\",\"@id\":\"https:\/\/xn--shop-fr-vegane-und-vegetarische-kost-j0d.de\/?product=beautysweeties-suesse-kronen-125-g#webpage\",\"url\":\"https:\/\/xn--shop-fr-vegane-und-vegetarische-kost-j0d.de\/?product=beautysweeties-suesse-kronen-125-g\",\"name\":\"BeautySweeties S\\u00fc\\u00dfe Kronen \\u2013 Fruchtig-s\\u00fc\\u00dfe &amp; vegane Fruchtgummi-Kronen mit 15 % Fruchtmus und Fruchtsaft \\u2013 Praktisch im\\u2026 - Vegan oder Vegetarisch\",\"isPartOf\":{\"@id\":\"https:\/\/xn--shop-fr-vegane-und-vegetarische-kost-j0d.de\/#website\"},\"primaryImageOfPage\":{\"@id\":\"https:\/\/xn--shop-fr-vegane-und-vegetarische-kost-j0d.de\/?product=beautysweeties-suesse-kronen-125-g#primaryimage\"},\"datePublished\":\"2020-12-30T17:52:50+00:00\",\"dateModified\":\"2023-04-08T16:40:44+00:00\",\"inLanguage\":\"de\",\"potentialAction\":[{\"@type\":\"ReadAction\",\"target\":[\"https:\/\/xn--shop-fr-vegane-und-vegetarische-kost-j0d.de\/?product=beautysweeties-suesse-kronen-125-g\"]}]}]}<\/script>\n<!-- \/ Yoast SEO Premium plugin. -->","_links":{"self":[{"href":"https:\/\/xn--shop-fr-vegane-und-vegetarische-kost-j0d.de\/index.php?rest_route=\/wp\/v2\/product\/9536"}],"collection":[{"href":"https:\/\/xn--shop-fr-vegane-und-vegetarische-kost-j0d.de\/index.php?rest_route=\/wp\/v2\/product"}],"about":[{"href":"https:\/\/xn--shop-fr-vegane-und-vegetarische-kost-j0d.de\/index.php?rest_route=\/wp\/v2\/types\/product"}],"replies":[{"embeddable":true,"href":"https:\/\/xn--shop-fr-vegane-und-vegetarische-kost-j0d.de\/index.php?rest_route=%2Fwp%2Fv2%2Fcomments&post=9536"}],"wp:featuredmedia":[{"embeddable":true,"href":"https:\/\/xn--shop-fr-vegane-und-vegetarische-kost-j0d.de\/index.php?rest_route=\/wp\/v2\/media\/9537"}],"wp:attachment":[{"href":"https:\/\/xn--shop-fr-vegane-und-vegetarische-kost-j0d.de\/index.php?rest_route=%2Fwp%2Fv2%2Fmedia&parent=9536"}],"wp:term":[{"taxonomy":"product_cat","embeddable":true,"href":"https:\/\/xn--shop-fr-vegane-und-vegetarische-kost-j0d.de\/index.php?rest_route=%2Fwp%2Fv2%2Fproduct_cat&post=9536"},{"taxonomy":"product_tag","embeddable":true,"href":"https:\/\/xn--shop-fr-vegane-und-vegetarische-kost-j0d.de\/index.php?rest_route=%2Fwp%2Fv2%2Fproduct_tag&post=9536"}],"curies":[{"name":"wp","href":"https:\/\/api.w.org\/{rel}","templated":true}]}}