{"id":9524,"date":"2020-12-30T17:52:43","date_gmt":"2020-12-30T17:52:43","guid":{"rendered":"https:\/\/xn--shop-fr-vegane-und-vegetarische-kost-j0d.de\/?product=ostmann-gewuerze-vanillepaste-30-g"},"modified":"2023-04-08T18:40:44","modified_gmt":"2023-04-08T16:40:44","slug":"ostmann-gewuerze-vanillepaste-30-g","status":"publish","type":"product","link":"https:\/\/xn--shop-fr-vegane-und-vegetarische-kost-j0d.de\/?product=ostmann-gewuerze-vanillepaste-30-g","title":{"rendered":"Ostmann Gew\u00fcrze \u2013 Bourbon Vanille Paste, mit Bourbon Vanille-Extrakt (1 TL = Aroma einer Vanilleschote), zum Verfeinern\u2026"},"content":{"rendered":"<p><!-- show up to 2 reviews by default --> <\/p>\n<h3>Produktbeschreibung<\/h3>\n<p>Trocken und dunkel lagern Warnhinweise Trocken und dunkel lagern Ostmann Bourbon vanillepastePl\u00e4tzchen, Kuchen oder Desserts: wenn es um das Verfeinern geht, kommt kaum eine S\u00fc\u00dfspeise ohne das Aroma der Bourbon Vanille aus.Zutaten: Zuckersirup (Zucker, Wasser), Bourbon Vanilleextrakt (10,5 %), Bourbon Vanillesamen (1,0 %), Zitronensaftkonzentrat, Verdickungsmittel Traganth Warnhinweise Trocken und dunkel lagern Weitere Informationen <\/p>\n<h3>Gebrauchsanweisung<\/h3>\n<p>Trocken und dunkel lagern <\/p>\n<div data-a-expander-name=\"toggle_description\" class=\"a-row a-expander-container a-expander-extend-container\">\n<div class=\"a-expander-content a-expander-extend-content\">\n<h3>Warnhinweise<\/h3>\n<p>Trocken und dunkel lagern <\/p>\n<\/p><\/div>\n<p> <a href=\"void(0)\" data-action=\"a-expander-toggle\" class=\"a-expander-header a-declarative a-expander-extend-header\" data-a-expander-toggle=\"{\"><i class=\"a-icon a-icon-extender-expand\"><\/i><span class=\"a-expander-prompt\">Mehr<\/span><\/a> <\/div>\n<p>Perfekt f\u00fcr den einfachen PEPP: f\u00fcr die liebsten vanillekipferln, butterpl\u00e4tzchen<br \/>\nEinfache Dosierung: je nach Geschmack portionierbar, entspricht schon ein Teel\u00f6ffel der Paste dem Aroma einer Vanilleschote<br \/>\nGarantie f\u00fcr Qualit\u00e4t: F\u00fcr die schonende Verarbeitung der Rohgew\u00fcrze wurde ostmann in der Rubrik Gew\u00fcrze und Kr\u00e4uter trocknen als TOP-MARKE 2016 ausgezeichnet.<br \/>\nArtikel Paket Gewicht:- 0.037 kilograms<br \/>\n<div class=\"main-cross-sell\" data-asin=\"B07ZP2Q92C\">\n\n\t<div class=\"WooZone-cross-sell-loader\">\n\t\t<div>\n\t\t\t<div id=\"floatingBarsG\">\n\t\t\t\t<div class=\"blockG\" id=\"rotateG_01\"><\/div>\n\t\t\t\t<div class=\"blockG\" id=\"rotateG_02\"><\/div>\n\t\t\t\t<div class=\"blockG\" id=\"rotateG_03\"><\/div>\n\t\t\t\t<div class=\"blockG\" id=\"rotateG_04\"><\/div>\n\t\t\t\t<div class=\"blockG\" id=\"rotateG_05\"><\/div>\n\t\t\t\t<div class=\"blockG\" id=\"rotateG_06\"><\/div>\n\t\t\t\t<div class=\"blockG\" id=\"rotateG_07\"><\/div>\n\t\t\t\t<div class=\"blockG\" id=\"rotateG_08\"><\/div>\n\t\t\t<\/div>\n\t\t\t<div class=\"WooZone-cross-sell-loader-text\"><\/div>\n\t\t<\/div>\n\t<\/div>\n\n\t\t\n<\/div>\n<div style=\"clear:both;\"><\/div>\n","protected":false},"excerpt":{"rendered":"<p>Perfekt f\u00fcr den einfachen PEPP: f\u00fcr die liebsten vanillekipferln, butterpl\u00e4tzchen<br \/>\nEinfache Dosierung: je nach Geschmack portionierbar, entspricht schon ein Teel\u00f6ffel der Paste dem Aroma einer Vanilleschote<br \/>\nGarantie f\u00fcr Qualit\u00e4t: F\u00fcr die schonende Verarbeitung der Rohgew\u00fcrze wurde ostmann in der Rubrik Gew\u00fcrze und Kr\u00e4uter trocknen als TOP-MARKE 2016 ausgezeichnet.<\/p>\n","protected":false},"featured_media":9525,"comment_status":"open","ping_status":"closed","template":"","meta":[],"product_cat":[4145,130],"product_tag":[],"yoast_head":"<!-- This site is optimized with the Yoast SEO Premium plugin v15.4 - https:\/\/yoast.com\/wordpress\/plugins\/seo\/ -->\n<title>Ostmann Gew\u00fcrze \u2013 Bourbon Vanille Paste, mit Bourbon Vanille-Extrakt (1 TL = Aroma einer Vanilleschote), zum Verfeinern\u2026 - Vegan oder Vegetarisch<\/title>\n<meta name=\"robots\" content=\"index, follow, max-snippet:-1, max-image-preview:large, max-video-preview:-1\" \/>\n<link rel=\"canonical\" href=\"https:\/\/xn--shop-fr-vegane-und-vegetarische-kost-j0d.de\/?product=ostmann-gewuerze-vanillepaste-30-g\" \/>\n<meta property=\"og:locale\" content=\"de_DE\" \/>\n<meta property=\"og:type\" content=\"article\" \/>\n<meta property=\"og:title\" content=\"Ostmann Gew\u00fcrze \u2013 Bourbon Vanille Paste, mit Bourbon Vanille-Extrakt (1 TL = Aroma einer Vanilleschote), zum Verfeinern\u2026 - Vegan oder Vegetarisch\" \/>\n<meta property=\"og:description\" content=\"Perfekt f\u00fcr den einfachen PEPP: f\u00fcr die liebsten vanillekipferln, butterpl\u00e4tzchen Einfache Dosierung: je nach Geschmack portionierbar, entspricht schon ein Teel\u00f6ffel der Paste dem Aroma einer Vanilleschote Garantie f\u00fcr Qualit\u00e4t: F\u00fcr die schonende Verarbeitung der Rohgew\u00fcrze wurde ostmann in der Rubrik Gew\u00fcrze und Kr\u00e4uter trocknen als TOP-MARKE 2016 ausgezeichnet.\" \/>\n<meta property=\"og:url\" content=\"https:\/\/xn--shop-fr-vegane-und-vegetarische-kost-j0d.de\/?product=ostmann-gewuerze-vanillepaste-30-g\" \/>\n<meta property=\"og:site_name\" content=\"Vegan oder Vegetarisch\" \/>\n<meta property=\"article:modified_time\" content=\"2023-04-08T16:40:44+00:00\" \/>\n<meta property=\"og:image\" content=\"https:\/\/images-na.ssl-images-amazon.com\/images\/I\/41MeHrizPZL.jpg\" \/>\n\t<meta property=\"og:image:width\" content=\"500\" \/>\n\t<meta property=\"og:image:height\" content=\"500\" \/>\n<meta name=\"twitter:card\" content=\"summary_large_image\" \/>\n<meta name=\"twitter:label1\" content=\"Verfasst von\">\n\t<meta name=\"twitter:data1\" content=\"Swen-Olaf Bender\">\n\t<meta name=\"twitter:label2\" content=\"Gesch\u00e4tzte Lesezeit\">\n\t<meta name=\"twitter:data2\" content=\"1\u00a0Minute\">\n<script type=\"application\/ld+json\" class=\"yoast-schema-graph\">{\"@context\":\"https:\/\/schema.org\",\"@graph\":[{\"@type\":\"WebSite\",\"@id\":\"https:\/\/xn--shop-fr-vegane-und-vegetarische-kost-j0d.de\/#website\",\"url\":\"https:\/\/xn--shop-fr-vegane-und-vegetarische-kost-j0d.de\/\",\"name\":\"Vegan oder Vegetarisch\",\"description\":\"Gesund leben, Gesund essen\",\"potentialAction\":[{\"@type\":\"SearchAction\",\"target\":\"https:\/\/xn--shop-fr-vegane-und-vegetarische-kost-j0d.de\/?s={search_term_string}\",\"query-input\":\"required name=search_term_string\"}],\"inLanguage\":\"de\"},{\"@type\":\"ImageObject\",\"@id\":\"https:\/\/xn--shop-fr-vegane-und-vegetarische-kost-j0d.de\/?product=ostmann-gewuerze-vanillepaste-30-g#primaryimage\",\"inLanguage\":\"de\",\"url\":\"https:\/\/images-na.ssl-images-amazon.com\/images\/I\/41MeHrizPZL.jpg\",\"width\":500,\"height\":500},{\"@type\":\"WebPage\",\"@id\":\"https:\/\/xn--shop-fr-vegane-und-vegetarische-kost-j0d.de\/?product=ostmann-gewuerze-vanillepaste-30-g#webpage\",\"url\":\"https:\/\/xn--shop-fr-vegane-und-vegetarische-kost-j0d.de\/?product=ostmann-gewuerze-vanillepaste-30-g\",\"name\":\"Ostmann Gew\\u00fcrze \\u2013 Bourbon Vanille Paste, mit Bourbon Vanille-Extrakt (1 TL = Aroma einer Vanilleschote), zum Verfeinern\\u2026 - Vegan oder Vegetarisch\",\"isPartOf\":{\"@id\":\"https:\/\/xn--shop-fr-vegane-und-vegetarische-kost-j0d.de\/#website\"},\"primaryImageOfPage\":{\"@id\":\"https:\/\/xn--shop-fr-vegane-und-vegetarische-kost-j0d.de\/?product=ostmann-gewuerze-vanillepaste-30-g#primaryimage\"},\"datePublished\":\"2020-12-30T17:52:43+00:00\",\"dateModified\":\"2023-04-08T16:40:44+00:00\",\"inLanguage\":\"de\",\"potentialAction\":[{\"@type\":\"ReadAction\",\"target\":[\"https:\/\/xn--shop-fr-vegane-und-vegetarische-kost-j0d.de\/?product=ostmann-gewuerze-vanillepaste-30-g\"]}]}]}<\/script>\n<!-- \/ Yoast SEO Premium plugin. -->","_links":{"self":[{"href":"https:\/\/xn--shop-fr-vegane-und-vegetarische-kost-j0d.de\/index.php?rest_route=\/wp\/v2\/product\/9524"}],"collection":[{"href":"https:\/\/xn--shop-fr-vegane-und-vegetarische-kost-j0d.de\/index.php?rest_route=\/wp\/v2\/product"}],"about":[{"href":"https:\/\/xn--shop-fr-vegane-und-vegetarische-kost-j0d.de\/index.php?rest_route=\/wp\/v2\/types\/product"}],"replies":[{"embeddable":true,"href":"https:\/\/xn--shop-fr-vegane-und-vegetarische-kost-j0d.de\/index.php?rest_route=%2Fwp%2Fv2%2Fcomments&post=9524"}],"wp:featuredmedia":[{"embeddable":true,"href":"https:\/\/xn--shop-fr-vegane-und-vegetarische-kost-j0d.de\/index.php?rest_route=\/wp\/v2\/media\/9525"}],"wp:attachment":[{"href":"https:\/\/xn--shop-fr-vegane-und-vegetarische-kost-j0d.de\/index.php?rest_route=%2Fwp%2Fv2%2Fmedia&parent=9524"}],"wp:term":[{"taxonomy":"product_cat","embeddable":true,"href":"https:\/\/xn--shop-fr-vegane-und-vegetarische-kost-j0d.de\/index.php?rest_route=%2Fwp%2Fv2%2Fproduct_cat&post=9524"},{"taxonomy":"product_tag","embeddable":true,"href":"https:\/\/xn--shop-fr-vegane-und-vegetarische-kost-j0d.de\/index.php?rest_route=%2Fwp%2Fv2%2Fproduct_tag&post=9524"}],"curies":[{"name":"wp","href":"https:\/\/api.w.org\/{rel}","templated":true}]}}