{"id":9486,"date":"2020-12-30T17:32:49","date_gmt":"2020-12-30T17:32:49","guid":{"rendered":"https:\/\/xn--shop-fr-vegane-und-vegetarische-kost-j0d.de\/?product=frankonia-chocolat-bio-blonde-vegan-mandel-to-go-riegel-40-g"},"modified":"2023-04-08T18:40:43","modified_gmt":"2023-04-08T16:40:43","slug":"frankonia-chocolat-bio-blonde-vegan-mandel-to-go-riegel-40-g","status":"publish","type":"product","link":"https:\/\/xn--shop-fr-vegane-und-vegetarische-kost-j0d.de\/?product=frankonia-chocolat-bio-blonde-vegan-mandel-to-go-riegel-40-g","title":{"rendered":"frankonia CHOCOLAT BIO blonde Vegan Mandel &#8222;to go&#8220; Riegel, 40 g"},"content":{"rendered":"<p><!-- show up to 2 reviews by default --> <\/p>\n<h3>Produktbeschreibung<\/h3>\n<p>Veganer Genuss pur! Mit viel Liebe und Leidenschaft &#8211; aber ohne tierische Bestandteile. Unser Motto lautet &#8222;Genuss f\u00fcr alle&#8220;, daher ist diese feine Kreation mit Reispulver anstelle von Milchpulver hergestellt. Und auch noch glutenfrei. <\/p>\n<h3>Inhaltsstoffe \/ Zutaten<\/h3>\n<p>Zucker*, Reispulver 20 % (getrockneter Reissirup*, Reisst\u00e4rke*, Reismehl*), MANDELN* 20%, Kakaobutter* 20%, MANDELPASTE* 10%, Reisst\u00e4rke* 3,5%, nat\u00fcrliches Vanille-Aroma*, Kakaomasse* 0,4%, Emulgator: Lecithine (aus SOJA)*, Speisesalz, HASELNUSSPASTE*. *aus \u00f6kologischer Landwirtschaft <\/p>\n<div data-a-expander-name=\"toggle_description\" class=\"a-row a-expander-container a-expander-extend-container\">\n<div class=\"a-expander-content a-expander-extend-content\">\n<h3>Gebrauchsanweisung<\/h3>\n<p>Achten Sie auf eine ausgewogene und abwechslungsreiche Ern\u00e4hrung und viel Bewegung. <\/p>\n<h3>Warnhinweise<\/h3>\n<p>Kann Spuren von Milch, Sesam und anderen Schalenfr\u00fcchten enthalten. <\/p>\n<h3>Anschrift Hersteller\/Importeur<\/h3>\n<p>Frankonia Schokoladenwerke GmbH Daimlerstra\u00dfe 9; 97209 Veitsh\u00f6chheim <\/p>\n<\/p><\/div>\n<p> <a href=\"void(0)\" data-action=\"a-expander-toggle\" class=\"a-expander-header a-declarative a-expander-extend-header\" data-a-expander-toggle=\"{\"><i class=\"a-icon a-icon-extender-expand\"><\/i><span class=\"a-expander-prompt\">Mehr<\/span><\/a> <\/div>\n<p>Mit allen Sinnen genie\u00dfen. Knackige Mandelst\u00fcckchen, zartschmelzend auf der Zunge und lecker verfeinert mit Mandelpaste: Der &#8222;Blonde&#8220; Vegan &#8211; Mandel Riegel &#8222;to go&#8220;.<br \/>\nDer wei\u00dfe Mandel Riegel mit gro\u00dfen Mandelst\u00fcckchen und Reispulver ist ohne tierische Bestandteile, jedoch mit vollem Geschmack. F\u00fcr den bewussten Genuss.<br \/>\nNachhaltigkeit ist uns wichtig! Daher setzen wir ausschlie\u00dflich Bio zertifizierte Rohstoffe f\u00fcr unsere veganen Produkte ein.<br \/>\n<div class=\"main-cross-sell\" data-asin=\"B08CDKJQD7\">\n\n\t<div class=\"WooZone-cross-sell-loader\">\n\t\t<div>\n\t\t\t<div id=\"floatingBarsG\">\n\t\t\t\t<div class=\"blockG\" id=\"rotateG_01\"><\/div>\n\t\t\t\t<div class=\"blockG\" id=\"rotateG_02\"><\/div>\n\t\t\t\t<div class=\"blockG\" id=\"rotateG_03\"><\/div>\n\t\t\t\t<div class=\"blockG\" id=\"rotateG_04\"><\/div>\n\t\t\t\t<div class=\"blockG\" id=\"rotateG_05\"><\/div>\n\t\t\t\t<div class=\"blockG\" id=\"rotateG_06\"><\/div>\n\t\t\t\t<div class=\"blockG\" id=\"rotateG_07\"><\/div>\n\t\t\t\t<div class=\"blockG\" id=\"rotateG_08\"><\/div>\n\t\t\t<\/div>\n\t\t\t<div class=\"WooZone-cross-sell-loader-text\"><\/div>\n\t\t<\/div>\n\t<\/div>\n\n\t\t\n<\/div>\n<div style=\"clear:both;\"><\/div>\n","protected":false},"excerpt":{"rendered":"<p>Mit allen Sinnen genie\u00dfen. Knackige Mandelst\u00fcckchen, zartschmelzend auf der Zunge und lecker verfeinert mit Mandelpaste: Der &#8222;Blonde&#8220; Vegan &#8211; Mandel Riegel &#8222;to go&#8220;.<br \/>\nDer wei\u00dfe Mandel Riegel mit gro\u00dfen Mandelst\u00fcckchen und Reispulver ist ohne tierische Bestandteile, jedoch mit vollem Geschmack. F\u00fcr den bewussten Genuss.<br \/>\nNachhaltigkeit ist uns wichtig! Daher setzen wir ausschlie\u00dflich Bio zertifizierte Rohstoffe f\u00fcr unsere veganen Produkte ein.<\/p>\n","protected":false},"featured_media":9487,"comment_status":"open","ping_status":"closed","template":"","meta":[],"product_cat":[4145,130],"product_tag":[],"yoast_head":"<!-- This site is optimized with the Yoast SEO Premium plugin v15.4 - https:\/\/yoast.com\/wordpress\/plugins\/seo\/ -->\n<title>frankonia CHOCOLAT BIO blonde Vegan Mandel &quot;to go&quot; Riegel, 40 g - Vegan oder Vegetarisch<\/title>\n<meta name=\"robots\" content=\"index, follow, max-snippet:-1, max-image-preview:large, max-video-preview:-1\" \/>\n<link rel=\"canonical\" href=\"https:\/\/xn--shop-fr-vegane-und-vegetarische-kost-j0d.de\/?product=frankonia-chocolat-bio-blonde-vegan-mandel-to-go-riegel-40-g\" \/>\n<meta property=\"og:locale\" content=\"de_DE\" \/>\n<meta property=\"og:type\" content=\"article\" \/>\n<meta property=\"og:title\" content=\"frankonia CHOCOLAT BIO blonde Vegan Mandel &quot;to go&quot; Riegel, 40 g - Vegan oder Vegetarisch\" \/>\n<meta property=\"og:description\" content=\"Mit allen Sinnen genie\u00dfen. Knackige Mandelst\u00fcckchen, zartschmelzend auf der Zunge und lecker verfeinert mit Mandelpaste: Der &quot;Blonde&quot; Vegan - Mandel Riegel &quot;to go&quot;. Der wei\u00dfe Mandel Riegel mit gro\u00dfen Mandelst\u00fcckchen und Reispulver ist ohne tierische Bestandteile, jedoch mit vollem Geschmack. F\u00fcr den bewussten Genuss. Nachhaltigkeit ist uns wichtig! Daher setzen wir ausschlie\u00dflich Bio zertifizierte Rohstoffe f\u00fcr unsere veganen Produkte ein.\" \/>\n<meta property=\"og:url\" content=\"https:\/\/xn--shop-fr-vegane-und-vegetarische-kost-j0d.de\/?product=frankonia-chocolat-bio-blonde-vegan-mandel-to-go-riegel-40-g\" \/>\n<meta property=\"og:site_name\" content=\"Vegan oder Vegetarisch\" \/>\n<meta property=\"article:modified_time\" content=\"2023-04-08T16:40:43+00:00\" \/>\n<meta property=\"og:image\" content=\"https:\/\/images-na.ssl-images-amazon.com\/images\/I\/41-Upf%2BRtfL.jpg\" \/>\n\t<meta property=\"og:image:width\" content=\"500\" \/>\n\t<meta property=\"og:image:height\" content=\"500\" \/>\n<meta name=\"twitter:card\" content=\"summary_large_image\" \/>\n<meta name=\"twitter:label1\" content=\"Verfasst von\">\n\t<meta name=\"twitter:data1\" content=\"Swen-Olaf Bender\">\n\t<meta name=\"twitter:label2\" content=\"Gesch\u00e4tzte Lesezeit\">\n\t<meta name=\"twitter:data2\" content=\"1\u00a0Minute\">\n<script type=\"application\/ld+json\" class=\"yoast-schema-graph\">{\"@context\":\"https:\/\/schema.org\",\"@graph\":[{\"@type\":\"WebSite\",\"@id\":\"https:\/\/xn--shop-fr-vegane-und-vegetarische-kost-j0d.de\/#website\",\"url\":\"https:\/\/xn--shop-fr-vegane-und-vegetarische-kost-j0d.de\/\",\"name\":\"Vegan oder Vegetarisch\",\"description\":\"Gesund leben, Gesund essen\",\"potentialAction\":[{\"@type\":\"SearchAction\",\"target\":\"https:\/\/xn--shop-fr-vegane-und-vegetarische-kost-j0d.de\/?s={search_term_string}\",\"query-input\":\"required name=search_term_string\"}],\"inLanguage\":\"de\"},{\"@type\":\"ImageObject\",\"@id\":\"https:\/\/xn--shop-fr-vegane-und-vegetarische-kost-j0d.de\/?product=frankonia-chocolat-bio-blonde-vegan-mandel-to-go-riegel-40-g#primaryimage\",\"inLanguage\":\"de\",\"url\":\"https:\/\/images-na.ssl-images-amazon.com\/images\/I\/41-Upf%2BRtfL.jpg\",\"width\":500,\"height\":500},{\"@type\":\"WebPage\",\"@id\":\"https:\/\/xn--shop-fr-vegane-und-vegetarische-kost-j0d.de\/?product=frankonia-chocolat-bio-blonde-vegan-mandel-to-go-riegel-40-g#webpage\",\"url\":\"https:\/\/xn--shop-fr-vegane-und-vegetarische-kost-j0d.de\/?product=frankonia-chocolat-bio-blonde-vegan-mandel-to-go-riegel-40-g\",\"name\":\"frankonia CHOCOLAT BIO blonde Vegan Mandel \\\"to go\\\" Riegel, 40 g - Vegan oder Vegetarisch\",\"isPartOf\":{\"@id\":\"https:\/\/xn--shop-fr-vegane-und-vegetarische-kost-j0d.de\/#website\"},\"primaryImageOfPage\":{\"@id\":\"https:\/\/xn--shop-fr-vegane-und-vegetarische-kost-j0d.de\/?product=frankonia-chocolat-bio-blonde-vegan-mandel-to-go-riegel-40-g#primaryimage\"},\"datePublished\":\"2020-12-30T17:32:49+00:00\",\"dateModified\":\"2023-04-08T16:40:43+00:00\",\"inLanguage\":\"de\",\"potentialAction\":[{\"@type\":\"ReadAction\",\"target\":[\"https:\/\/xn--shop-fr-vegane-und-vegetarische-kost-j0d.de\/?product=frankonia-chocolat-bio-blonde-vegan-mandel-to-go-riegel-40-g\"]}]}]}<\/script>\n<!-- \/ Yoast SEO Premium plugin. -->","_links":{"self":[{"href":"https:\/\/xn--shop-fr-vegane-und-vegetarische-kost-j0d.de\/index.php?rest_route=\/wp\/v2\/product\/9486"}],"collection":[{"href":"https:\/\/xn--shop-fr-vegane-und-vegetarische-kost-j0d.de\/index.php?rest_route=\/wp\/v2\/product"}],"about":[{"href":"https:\/\/xn--shop-fr-vegane-und-vegetarische-kost-j0d.de\/index.php?rest_route=\/wp\/v2\/types\/product"}],"replies":[{"embeddable":true,"href":"https:\/\/xn--shop-fr-vegane-und-vegetarische-kost-j0d.de\/index.php?rest_route=%2Fwp%2Fv2%2Fcomments&post=9486"}],"wp:featuredmedia":[{"embeddable":true,"href":"https:\/\/xn--shop-fr-vegane-und-vegetarische-kost-j0d.de\/index.php?rest_route=\/wp\/v2\/media\/9487"}],"wp:attachment":[{"href":"https:\/\/xn--shop-fr-vegane-und-vegetarische-kost-j0d.de\/index.php?rest_route=%2Fwp%2Fv2%2Fmedia&parent=9486"}],"wp:term":[{"taxonomy":"product_cat","embeddable":true,"href":"https:\/\/xn--shop-fr-vegane-und-vegetarische-kost-j0d.de\/index.php?rest_route=%2Fwp%2Fv2%2Fproduct_cat&post=9486"},{"taxonomy":"product_tag","embeddable":true,"href":"https:\/\/xn--shop-fr-vegane-und-vegetarische-kost-j0d.de\/index.php?rest_route=%2Fwp%2Fv2%2Fproduct_tag&post=9486"}],"curies":[{"name":"wp","href":"https:\/\/api.w.org\/{rel}","templated":true}]}}