{"id":9466,"date":"2020-12-30T17:32:42","date_gmt":"2020-12-30T17:32:42","guid":{"rendered":"https:\/\/xn--shop-fr-vegane-und-vegetarische-kost-j0d.de\/?product=frankonia-chocolat-bio-dunkle-vegan-100-g-24078"},"modified":"2023-04-08T18:40:43","modified_gmt":"2023-04-08T16:40:43","slug":"frankonia-chocolat-bio-dunkle-vegan-100-g-24078","status":"publish","type":"product","link":"https:\/\/xn--shop-fr-vegane-und-vegetarische-kost-j0d.de\/?product=frankonia-chocolat-bio-dunkle-vegan-100-g-24078","title":{"rendered":"frankonia CHOCOLAT BIO dunkle Vegan, 24078 Dunkle Schokolade, 100 g"},"content":{"rendered":"<p><!-- show up to 2 reviews by default --> <\/p>\n<h3>Produktbeschreibung<\/h3>\n<p>Veganer Genuss pur! Mit viel Liebe und Leidenschaft &#8211; aber ohne tierische Bestandteile. Unser Motto lautet &#8222;Genuss f\u00fcr alle&#8220;, daher ist diese feine Kreation mit Reispulver anstelle von Milchpulver hergestellt. Und auch noch glutenfrei. <\/p>\n<h3>Inhaltsstoffe \/ Zutaten<\/h3>\n<p>Kakaomasse*, Zucker*, Kakaobutter*, Emulgator: Lecithine (aus SOJA)*, HASELNUSSMARK*, nat\u00fcrliches Vanille-Aroma*. *aus \u00f6kologischer Landwirtschaft <\/p>\n<div data-a-expander-name=\"toggle_description\" class=\"a-row a-expander-container a-expander-extend-container\">\n<div class=\"a-expander-content a-expander-extend-content\">\n<h3>Gebrauchsanweisung<\/h3>\n<p>Achten Sie auf eine ausgewogene und abwechslungsreiche Ern\u00e4hrung und viel Bewegung. <\/p>\n<h3>Warnhinweise<\/h3>\n<p>Kann Spuren von Milch, Sesam und anderen Schalenfr\u00fcchten enthalten. <\/p>\n<h3>Anschrift Hersteller\/Importeur<\/h3>\n<p>Frankonia Schokoladenwerke GmbH Daimlerstra\u00dfe 9; 97209 Veitsh\u00f6chheim <\/p>\n<\/p><\/div>\n<p> <a href=\"void(0)\" data-action=\"a-expander-toggle\" class=\"a-expander-header a-declarative a-expander-extend-header\" data-a-expander-toggle=\"{\"><i class=\"a-icon a-icon-extender-expand\"><\/i><span class=\"a-expander-prompt\">Mehr<\/span><\/a> <\/div>\n<p>Mit allen Sinnen genie\u00dfen, dunkel verf\u00fchrerisch, knackig im Biss, zartschmelzend auf der Zunge, intensiv im Geruch. Die &#8222;dunkle&#8220; Vegan von Frankonia.<br \/>\nDie kr\u00e4ftige Zartbitterschokolade ist ohne tierische Bestandteile, jedoch mit vollem Geschmack. F\u00fcr den bewussten Genuss.<br \/>\nNachhaltigkeit ist uns wichtig! Daher setzen wir ausschlie\u00dflich Bio zertifizierte Rohstoffe f\u00fcr unsere veganen Produkte ein.<br \/>\n<div class=\"main-cross-sell\" data-asin=\"B01B1NKSJC\">\n\n\t<div class=\"WooZone-cross-sell-loader\">\n\t\t<div>\n\t\t\t<div id=\"floatingBarsG\">\n\t\t\t\t<div class=\"blockG\" id=\"rotateG_01\"><\/div>\n\t\t\t\t<div class=\"blockG\" id=\"rotateG_02\"><\/div>\n\t\t\t\t<div class=\"blockG\" id=\"rotateG_03\"><\/div>\n\t\t\t\t<div class=\"blockG\" id=\"rotateG_04\"><\/div>\n\t\t\t\t<div class=\"blockG\" id=\"rotateG_05\"><\/div>\n\t\t\t\t<div class=\"blockG\" id=\"rotateG_06\"><\/div>\n\t\t\t\t<div class=\"blockG\" id=\"rotateG_07\"><\/div>\n\t\t\t\t<div class=\"blockG\" id=\"rotateG_08\"><\/div>\n\t\t\t<\/div>\n\t\t\t<div class=\"WooZone-cross-sell-loader-text\"><\/div>\n\t\t<\/div>\n\t<\/div>\n\n\t\t\n<\/div>\n<div style=\"clear:both;\"><\/div>\n","protected":false},"excerpt":{"rendered":"<p>Mit allen Sinnen genie\u00dfen, dunkel verf\u00fchrerisch, knackig im Biss, zartschmelzend auf der Zunge, intensiv im Geruch. Die &#8222;dunkle&#8220; Vegan von Frankonia.<br \/>\nDie kr\u00e4ftige Zartbitterschokolade ist ohne tierische Bestandteile, jedoch mit vollem Geschmack. F\u00fcr den bewussten Genuss.<br \/>\nNachhaltigkeit ist uns wichtig! Daher setzen wir ausschlie\u00dflich Bio zertifizierte Rohstoffe f\u00fcr unsere veganen Produkte ein.<\/p>\n","protected":false},"featured_media":9467,"comment_status":"open","ping_status":"closed","template":"","meta":[],"product_cat":[4145,130],"product_tag":[],"yoast_head":"<!-- This site is optimized with the Yoast SEO Premium plugin v15.4 - https:\/\/yoast.com\/wordpress\/plugins\/seo\/ -->\n<title>frankonia CHOCOLAT BIO dunkle Vegan, 24078 Dunkle Schokolade, 100 g - Vegan oder Vegetarisch<\/title>\n<meta name=\"robots\" content=\"index, follow, max-snippet:-1, max-image-preview:large, max-video-preview:-1\" \/>\n<link rel=\"canonical\" href=\"https:\/\/xn--shop-fr-vegane-und-vegetarische-kost-j0d.de\/?product=frankonia-chocolat-bio-dunkle-vegan-100-g-24078\" \/>\n<meta property=\"og:locale\" content=\"de_DE\" \/>\n<meta property=\"og:type\" content=\"article\" \/>\n<meta property=\"og:title\" content=\"frankonia CHOCOLAT BIO dunkle Vegan, 24078 Dunkle Schokolade, 100 g - Vegan oder Vegetarisch\" \/>\n<meta property=\"og:description\" content=\"Mit allen Sinnen genie\u00dfen, dunkel verf\u00fchrerisch, knackig im Biss, zartschmelzend auf der Zunge, intensiv im Geruch. Die &quot;dunkle&quot; Vegan von Frankonia. Die kr\u00e4ftige Zartbitterschokolade ist ohne tierische Bestandteile, jedoch mit vollem Geschmack. F\u00fcr den bewussten Genuss. Nachhaltigkeit ist uns wichtig! Daher setzen wir ausschlie\u00dflich Bio zertifizierte Rohstoffe f\u00fcr unsere veganen Produkte ein.\" \/>\n<meta property=\"og:url\" content=\"https:\/\/xn--shop-fr-vegane-und-vegetarische-kost-j0d.de\/?product=frankonia-chocolat-bio-dunkle-vegan-100-g-24078\" \/>\n<meta property=\"og:site_name\" content=\"Vegan oder Vegetarisch\" \/>\n<meta property=\"article:modified_time\" content=\"2023-04-08T16:40:43+00:00\" \/>\n<meta property=\"og:image\" content=\"https:\/\/images-na.ssl-images-amazon.com\/images\/I\/41wByFuQRtL.jpg\" \/>\n\t<meta property=\"og:image:width\" content=\"500\" \/>\n\t<meta property=\"og:image:height\" content=\"500\" \/>\n<meta name=\"twitter:card\" content=\"summary_large_image\" \/>\n<meta name=\"twitter:label1\" content=\"Verfasst von\">\n\t<meta name=\"twitter:data1\" content=\"Swen-Olaf Bender\">\n\t<meta name=\"twitter:label2\" content=\"Gesch\u00e4tzte Lesezeit\">\n\t<meta name=\"twitter:data2\" content=\"1\u00a0Minute\">\n<script type=\"application\/ld+json\" class=\"yoast-schema-graph\">{\"@context\":\"https:\/\/schema.org\",\"@graph\":[{\"@type\":\"WebSite\",\"@id\":\"https:\/\/xn--shop-fr-vegane-und-vegetarische-kost-j0d.de\/#website\",\"url\":\"https:\/\/xn--shop-fr-vegane-und-vegetarische-kost-j0d.de\/\",\"name\":\"Vegan oder Vegetarisch\",\"description\":\"Gesund leben, Gesund essen\",\"potentialAction\":[{\"@type\":\"SearchAction\",\"target\":\"https:\/\/xn--shop-fr-vegane-und-vegetarische-kost-j0d.de\/?s={search_term_string}\",\"query-input\":\"required name=search_term_string\"}],\"inLanguage\":\"de\"},{\"@type\":\"ImageObject\",\"@id\":\"https:\/\/xn--shop-fr-vegane-und-vegetarische-kost-j0d.de\/?product=frankonia-chocolat-bio-dunkle-vegan-100-g-24078#primaryimage\",\"inLanguage\":\"de\",\"url\":\"https:\/\/images-na.ssl-images-amazon.com\/images\/I\/41wByFuQRtL.jpg\",\"width\":500,\"height\":500},{\"@type\":\"WebPage\",\"@id\":\"https:\/\/xn--shop-fr-vegane-und-vegetarische-kost-j0d.de\/?product=frankonia-chocolat-bio-dunkle-vegan-100-g-24078#webpage\",\"url\":\"https:\/\/xn--shop-fr-vegane-und-vegetarische-kost-j0d.de\/?product=frankonia-chocolat-bio-dunkle-vegan-100-g-24078\",\"name\":\"frankonia CHOCOLAT BIO dunkle Vegan, 24078 Dunkle Schokolade, 100 g - Vegan oder Vegetarisch\",\"isPartOf\":{\"@id\":\"https:\/\/xn--shop-fr-vegane-und-vegetarische-kost-j0d.de\/#website\"},\"primaryImageOfPage\":{\"@id\":\"https:\/\/xn--shop-fr-vegane-und-vegetarische-kost-j0d.de\/?product=frankonia-chocolat-bio-dunkle-vegan-100-g-24078#primaryimage\"},\"datePublished\":\"2020-12-30T17:32:42+00:00\",\"dateModified\":\"2023-04-08T16:40:43+00:00\",\"inLanguage\":\"de\",\"potentialAction\":[{\"@type\":\"ReadAction\",\"target\":[\"https:\/\/xn--shop-fr-vegane-und-vegetarische-kost-j0d.de\/?product=frankonia-chocolat-bio-dunkle-vegan-100-g-24078\"]}]}]}<\/script>\n<!-- \/ Yoast SEO Premium plugin. -->","_links":{"self":[{"href":"https:\/\/xn--shop-fr-vegane-und-vegetarische-kost-j0d.de\/index.php?rest_route=\/wp\/v2\/product\/9466"}],"collection":[{"href":"https:\/\/xn--shop-fr-vegane-und-vegetarische-kost-j0d.de\/index.php?rest_route=\/wp\/v2\/product"}],"about":[{"href":"https:\/\/xn--shop-fr-vegane-und-vegetarische-kost-j0d.de\/index.php?rest_route=\/wp\/v2\/types\/product"}],"replies":[{"embeddable":true,"href":"https:\/\/xn--shop-fr-vegane-und-vegetarische-kost-j0d.de\/index.php?rest_route=%2Fwp%2Fv2%2Fcomments&post=9466"}],"wp:featuredmedia":[{"embeddable":true,"href":"https:\/\/xn--shop-fr-vegane-und-vegetarische-kost-j0d.de\/index.php?rest_route=\/wp\/v2\/media\/9467"}],"wp:attachment":[{"href":"https:\/\/xn--shop-fr-vegane-und-vegetarische-kost-j0d.de\/index.php?rest_route=%2Fwp%2Fv2%2Fmedia&parent=9466"}],"wp:term":[{"taxonomy":"product_cat","embeddable":true,"href":"https:\/\/xn--shop-fr-vegane-und-vegetarische-kost-j0d.de\/index.php?rest_route=%2Fwp%2Fv2%2Fproduct_cat&post=9466"},{"taxonomy":"product_tag","embeddable":true,"href":"https:\/\/xn--shop-fr-vegane-und-vegetarische-kost-j0d.de\/index.php?rest_route=%2Fwp%2Fv2%2Fproduct_tag&post=9466"}],"curies":[{"name":"wp","href":"https:\/\/api.w.org\/{rel}","templated":true}]}}