{"id":11662,"date":"2020-12-31T00:03:31","date_gmt":"2020-12-31T00:03:31","guid":{"rendered":"https:\/\/xn--shop-fr-vegane-und-vegetarische-kost-j0d.de\/?product=biozentrale-erdnussmus-crunchy-3er-pack-3x250-g"},"modified":"2023-04-08T19:02:16","modified_gmt":"2023-04-08T17:02:16","slug":"biozentrale-erdnussmus-crunchy-3er-pack-3x250-g","status":"publish","type":"product","link":"https:\/\/xn--shop-fr-vegane-und-vegetarische-kost-j0d.de\/?product=biozentrale-erdnussmus-crunchy-3er-pack-3x250-g","title":{"rendered":"biozentrale Erdnussmus Crunchy | 3 x 250 g Bio-Nussmus | vegane &amp; glutenfreie Proteinquelle | ohne Palm\u00f6l und zuckerfrei\u2026"},"content":{"rendered":"<p><!-- show up to 2 reviews by default --> <\/p>\n<h3>Produktbeschreibung<\/h3>\n<p>Unser biozentrale Erdnussmus Crunchy mit feinen Erdnussst\u00fcckchen wird ohne Palm\u00f6l hergestellt. Mit einem Hauch Meersalz verfeinert ist unser veganes Erdnussmus nicht nur ausgesprochen lecker, sondern punktet auch als gluten- und laktosefreie Proteinquelle und ist reich an unges\u00e4ttigten Fetts\u00e4uren. Unser Erdnussmus eignet sich hervorragend zum Backen, zum W\u00fcrzen und Verfeinern vieler Gem\u00fcse- und Pfannengerichte oder als Basis f\u00fcr k\u00f6stliche Saucen, Dips und Suppen der asiatischen K\u00fcche, aber auch als Aufstrich oder f\u00fcr deine kreativen Desserts. <\/p>\n<h3>Inhaltsstoffe \/ Zutaten<\/h3>\n<p>&#8222;ger\u00f6stete ERDNUSSkerne*, 0,7 % Meersalz. Gehalt an unges\u00e4ttigten Fetts\u00e4uren: 42, 8 g\/100 g&#8220; <\/p>\n<div data-a-expander-name=\"toggle_description\" class=\"a-row a-expander-container a-expander-extend-container\">\n<div class=\"a-expander-content a-expander-extend-content\">\n<h3>Gebrauchsanweisung<\/h3>\n<p>keine <\/p>\n<h3>Anschrift Hersteller\/Importeur<\/h3>\n<p>D &#8211; 84384 Ulbering <\/p>\n<\/p><\/div>\n<p> <a href=\"void(0)\" data-action=\"a-expander-toggle\" class=\"a-expander-header a-declarative a-expander-extend-header\" data-a-expander-toggle=\"{\"><i class=\"a-icon a-icon-extender-expand\"><\/i><span class=\"a-expander-prompt\">Mehr<\/span><\/a> <\/div>\n<p>BIO ERDNUSSMUS CRUNCHY &#8211; Die Zutaten f\u00fcr unser biozentrale Kokosmehl stammen aus kontrolliert-\u00f6kologischer Landwirtschaft<br \/>\nUNSER TIPP &#8211; Verwende unser Erdnussmus zum Backen, W\u00fcrzen und Verfeinern vieler Pfannengerichte, als Basis f\u00fcr Saucen, Dips und Suppen, als Aufstrich oder f\u00fcr kreative Desserts.<br \/>\nKRAFT DER NATUR \u2013 Wir glauben an die Kraft der Natur \u2013 an Wind, Sonnenaufgang und Regen. Aus langj\u00e4hriger Erfahrung wissen wir um gute Zutaten und kombinieren sie zu sinnvollen Produkten<br \/>\n<div class=\"main-cross-sell\" data-asin=\"B00O602MQ0\">\n\n\t<div class=\"WooZone-cross-sell-loader\">\n\t\t<div>\n\t\t\t<div id=\"floatingBarsG\">\n\t\t\t\t<div class=\"blockG\" id=\"rotateG_01\"><\/div>\n\t\t\t\t<div class=\"blockG\" id=\"rotateG_02\"><\/div>\n\t\t\t\t<div class=\"blockG\" id=\"rotateG_03\"><\/div>\n\t\t\t\t<div class=\"blockG\" id=\"rotateG_04\"><\/div>\n\t\t\t\t<div class=\"blockG\" id=\"rotateG_05\"><\/div>\n\t\t\t\t<div class=\"blockG\" id=\"rotateG_06\"><\/div>\n\t\t\t\t<div class=\"blockG\" id=\"rotateG_07\"><\/div>\n\t\t\t\t<div class=\"blockG\" id=\"rotateG_08\"><\/div>\n\t\t\t<\/div>\n\t\t\t<div class=\"WooZone-cross-sell-loader-text\"><\/div>\n\t\t<\/div>\n\t<\/div>\n\n\t\t\n<\/div>\n<div style=\"clear:both;\"><\/div>\n","protected":false},"excerpt":{"rendered":"<p>BIO ERDNUSSMUS CRUNCHY &#8211; Die Zutaten f\u00fcr unser biozentrale Kokosmehl stammen aus kontrolliert-\u00f6kologischer Landwirtschaft<br \/>\nUNSER TIPP &#8211; Verwende unser Erdnussmus zum Backen, W\u00fcrzen und Verfeinern vieler Pfannengerichte, als Basis f\u00fcr Saucen, Dips und Suppen, als Aufstrich oder f\u00fcr kreative Desserts.<br \/>\nKRAFT DER NATUR \u2013 Wir glauben an die Kraft der Natur \u2013 an Wind, Sonnenaufgang und Regen. Aus langj\u00e4hriger Erfahrung wissen wir um gute Zutaten und kombinieren sie zu sinnvollen Produkten<\/p>\n","protected":false},"featured_media":11663,"comment_status":"open","ping_status":"closed","template":"","meta":[],"product_cat":[4146,132],"product_tag":[],"yoast_head":"<!-- This site is optimized with the Yoast SEO Premium plugin v15.4 - https:\/\/yoast.com\/wordpress\/plugins\/seo\/ -->\n<title>biozentrale Erdnussmus Crunchy | 3 x 250 g Bio-Nussmus | vegane &amp; glutenfreie Proteinquelle | ohne Palm\u00f6l und zuckerfrei\u2026 - Vegan oder Vegetarisch<\/title>\n<meta name=\"robots\" content=\"index, follow, max-snippet:-1, max-image-preview:large, max-video-preview:-1\" \/>\n<link rel=\"canonical\" href=\"https:\/\/xn--shop-fr-vegane-und-vegetarische-kost-j0d.de\/?product=biozentrale-erdnussmus-crunchy-3er-pack-3x250-g\" \/>\n<meta property=\"og:locale\" content=\"de_DE\" \/>\n<meta property=\"og:type\" content=\"article\" \/>\n<meta property=\"og:title\" content=\"biozentrale Erdnussmus Crunchy | 3 x 250 g Bio-Nussmus | vegane &amp; glutenfreie Proteinquelle | ohne Palm\u00f6l und zuckerfrei\u2026 - Vegan oder Vegetarisch\" \/>\n<meta property=\"og:description\" content=\"BIO ERDNUSSMUS CRUNCHY - Die Zutaten f\u00fcr unser biozentrale Kokosmehl stammen aus kontrolliert-\u00f6kologischer Landwirtschaft UNSER TIPP - Verwende unser Erdnussmus zum Backen, W\u00fcrzen und Verfeinern vieler Pfannengerichte, als Basis f\u00fcr Saucen, Dips und Suppen, als Aufstrich oder f\u00fcr kreative Desserts. KRAFT DER NATUR \u2013 Wir glauben an die Kraft der Natur \u2013 an Wind, Sonnenaufgang und Regen. Aus langj\u00e4hriger Erfahrung wissen wir um gute Zutaten und kombinieren sie zu sinnvollen Produkten\" \/>\n<meta property=\"og:url\" content=\"https:\/\/xn--shop-fr-vegane-und-vegetarische-kost-j0d.de\/?product=biozentrale-erdnussmus-crunchy-3er-pack-3x250-g\" \/>\n<meta property=\"og:site_name\" content=\"Vegan oder Vegetarisch\" \/>\n<meta property=\"article:modified_time\" content=\"2023-04-08T17:02:16+00:00\" \/>\n<meta property=\"og:image\" content=\"https:\/\/images-na.ssl-images-amazon.com\/images\/I\/415s6%2B5lK8L.jpg\" \/>\n\t<meta property=\"og:image:width\" content=\"500\" \/>\n\t<meta property=\"og:image:height\" content=\"500\" \/>\n<meta name=\"twitter:card\" content=\"summary_large_image\" \/>\n<meta name=\"twitter:label1\" content=\"Verfasst von\">\n\t<meta name=\"twitter:data1\" content=\"Swen-Olaf Bender\">\n\t<meta name=\"twitter:label2\" content=\"Gesch\u00e4tzte Lesezeit\">\n\t<meta name=\"twitter:data2\" content=\"1\u00a0Minute\">\n<script type=\"application\/ld+json\" class=\"yoast-schema-graph\">{\"@context\":\"https:\/\/schema.org\",\"@graph\":[{\"@type\":\"WebSite\",\"@id\":\"https:\/\/xn--shop-fr-vegane-und-vegetarische-kost-j0d.de\/#website\",\"url\":\"https:\/\/xn--shop-fr-vegane-und-vegetarische-kost-j0d.de\/\",\"name\":\"Vegan oder Vegetarisch\",\"description\":\"Gesund leben, Gesund essen\",\"potentialAction\":[{\"@type\":\"SearchAction\",\"target\":\"https:\/\/xn--shop-fr-vegane-und-vegetarische-kost-j0d.de\/?s={search_term_string}\",\"query-input\":\"required name=search_term_string\"}],\"inLanguage\":\"de\"},{\"@type\":\"ImageObject\",\"@id\":\"https:\/\/xn--shop-fr-vegane-und-vegetarische-kost-j0d.de\/?product=biozentrale-erdnussmus-crunchy-3er-pack-3x250-g#primaryimage\",\"inLanguage\":\"de\",\"url\":\"https:\/\/images-na.ssl-images-amazon.com\/images\/I\/415s6%2B5lK8L.jpg\",\"width\":500,\"height\":500},{\"@type\":\"WebPage\",\"@id\":\"https:\/\/xn--shop-fr-vegane-und-vegetarische-kost-j0d.de\/?product=biozentrale-erdnussmus-crunchy-3er-pack-3x250-g#webpage\",\"url\":\"https:\/\/xn--shop-fr-vegane-und-vegetarische-kost-j0d.de\/?product=biozentrale-erdnussmus-crunchy-3er-pack-3x250-g\",\"name\":\"biozentrale Erdnussmus Crunchy | 3 x 250 g Bio-Nussmus | vegane &amp; glutenfreie Proteinquelle | ohne Palm\\u00f6l und zuckerfrei\\u2026 - Vegan oder Vegetarisch\",\"isPartOf\":{\"@id\":\"https:\/\/xn--shop-fr-vegane-und-vegetarische-kost-j0d.de\/#website\"},\"primaryImageOfPage\":{\"@id\":\"https:\/\/xn--shop-fr-vegane-und-vegetarische-kost-j0d.de\/?product=biozentrale-erdnussmus-crunchy-3er-pack-3x250-g#primaryimage\"},\"datePublished\":\"2020-12-31T00:03:31+00:00\",\"dateModified\":\"2023-04-08T17:02:16+00:00\",\"inLanguage\":\"de\",\"potentialAction\":[{\"@type\":\"ReadAction\",\"target\":[\"https:\/\/xn--shop-fr-vegane-und-vegetarische-kost-j0d.de\/?product=biozentrale-erdnussmus-crunchy-3er-pack-3x250-g\"]}]}]}<\/script>\n<!-- \/ Yoast SEO Premium plugin. -->","_links":{"self":[{"href":"https:\/\/xn--shop-fr-vegane-und-vegetarische-kost-j0d.de\/index.php?rest_route=\/wp\/v2\/product\/11662"}],"collection":[{"href":"https:\/\/xn--shop-fr-vegane-und-vegetarische-kost-j0d.de\/index.php?rest_route=\/wp\/v2\/product"}],"about":[{"href":"https:\/\/xn--shop-fr-vegane-und-vegetarische-kost-j0d.de\/index.php?rest_route=\/wp\/v2\/types\/product"}],"replies":[{"embeddable":true,"href":"https:\/\/xn--shop-fr-vegane-und-vegetarische-kost-j0d.de\/index.php?rest_route=%2Fwp%2Fv2%2Fcomments&post=11662"}],"wp:featuredmedia":[{"embeddable":true,"href":"https:\/\/xn--shop-fr-vegane-und-vegetarische-kost-j0d.de\/index.php?rest_route=\/wp\/v2\/media\/11663"}],"wp:attachment":[{"href":"https:\/\/xn--shop-fr-vegane-und-vegetarische-kost-j0d.de\/index.php?rest_route=%2Fwp%2Fv2%2Fmedia&parent=11662"}],"wp:term":[{"taxonomy":"product_cat","embeddable":true,"href":"https:\/\/xn--shop-fr-vegane-und-vegetarische-kost-j0d.de\/index.php?rest_route=%2Fwp%2Fv2%2Fproduct_cat&post=11662"},{"taxonomy":"product_tag","embeddable":true,"href":"https:\/\/xn--shop-fr-vegane-und-vegetarische-kost-j0d.de\/index.php?rest_route=%2Fwp%2Fv2%2Fproduct_tag&post=11662"}],"curies":[{"name":"wp","href":"https:\/\/api.w.org\/{rel}","templated":true}]}}