{"id":11640,"date":"2020-12-31T00:03:22","date_gmt":"2020-12-31T00:03:22","guid":{"rendered":"https:\/\/xn--shop-fr-vegane-und-vegetarische-kost-j0d.de\/?product=veggie-burger-klassik-bio"},"modified":"2023-04-08T19:02:15","modified_gmt":"2023-04-08T17:02:15","slug":"veggie-burger-klassik-bio","status":"publish","type":"product","link":"https:\/\/xn--shop-fr-vegane-und-vegetarische-kost-j0d.de\/?product=veggie-burger-klassik-bio","title":{"rendered":"biozentrale Veggie Burger Klassik | 170 g, circa 4 Burger| vegane Fleisch-Alternative aus Erbsenprotein | hoher\u2026"},"content":{"rendered":"<p><!-- show up to 2 reviews by default --> <\/p>\n<h3>Produktbeschreibung<\/h3>\n<p>Unsere biozentrale Veggie Burger Klassik sind eine Trockenmischung zur Herstellung von veganen Burger Patties. Texturiertes Erbsenprotein sorgt nicht nur f\u00fcr einen hohen Proteingehalt, sondern auch f\u00fcr die fleisch\u00e4hnliche, lockere Struktur der Patties. Aromatische Kr\u00e4uter und feines Gem\u00fcse verleihen den Burgern einen herzhaft w\u00fcrzigen Geschmack. Die Burger sind schnell und einfach zubereitet und eignen sich zum Braten und Grillen \u2013 die perfekte Fleischalternative f\u00fcr kreative Burger-Kreationen. <\/p>\n<h3>Inhaltsstoffe \/ Zutaten<\/h3>\n<p>32 % Erbsenprotein* texturiert, Vollkorn-WEIZENmehl*, Paniermehl* (WEIZENmehl*, Salz, Hefe), 11,5 % Gem\u00fcse* (Karotten*, Rote Beete Pulver*, R\u00f6stzwiebeln*, Tomaten*, SELLERIE*, Lauch*, Pastinaken*), Meersalz, 0,8 % Kr\u00e4uter* (Thymian*, Petersilie*, SELLERIEbl\u00e4tter*), Knoblauch*, Zwiebeln*, Pfeffer*. *aus kontrolliert-\u00f6kologischer Landwirtschaft <\/p>\n<div data-a-expander-name=\"toggle_description\" class=\"a-row a-expander-container a-expander-extend-container\">\n<div class=\"a-expander-content a-expander-extend-content\">\n<h3>Gebrauchsanweisung<\/h3>\n<p>Zubereitung: Den Packungsinhalt mit ca. 140 ml hei\u00dfem Wasser und 3 EL \u00d6l mischen und ca. 5 Minuten quellen lassen. Aus der Masse Burger formen und in hei\u00dfem \u00d6l goldbraun anbraten. <\/p>\n<h3>Warnhinweise<\/h3>\n<p>keine <\/p>\n<h3>Anschrift Hersteller\/Importeur<\/h3>\n<p>D-84384 Ulbering <\/p>\n<\/p><\/div>\n<p> <a href=\"void(0)\" data-action=\"a-expander-toggle\" class=\"a-expander-header a-declarative a-expander-extend-header\" data-a-expander-toggle=\"{\"><i class=\"a-icon a-icon-extender-expand\"><\/i><span class=\"a-expander-prompt\">Mehr<\/span><\/a> <\/div>\n<p>BIO VEGGIE BURGER &#8211; Die Zutaten f\u00fcr unseren Veggie Burger Klassik stammen aus kontrolliert-\u00f6kologischer Landwirtschaft<br \/>\nVON NATUR AUS &#8211; vegan und mit hohem Proteingehalt<br \/>\nHERZHAFT W\u00dcRZIG &#8211; Aromatische Kr\u00e4uter, feines Gem\u00fcse und texturiertes Erbsenprotein sorgen f\u00fcr den herzhaft w\u00fcrzigen Geschmack<br \/>\nKRAFT DER NATUR \u2013 Wir glauben an die Kraft der Natur \u2013 an Wind, Sonnenaufgang und Regen. Aus langj\u00e4hriger Erfahrung wissen wir um gute Zutaten und kombinieren sie zu sinnvollen Produkten<br \/>\nUMWELTFREUNDLICHE PRODUKTE \u2013 Wir achten darauf, dass unsere Verpackungen so umweltgerecht wie m\u00f6glich sind. Wir verpacken nur so viel wie n\u00f6tig und so wenig wie m\u00f6glich<br \/>\n<div class=\"main-cross-sell\" data-asin=\"B08DHR3FRJ\">\n\n\t<div class=\"WooZone-cross-sell-loader\">\n\t\t<div>\n\t\t\t<div id=\"floatingBarsG\">\n\t\t\t\t<div class=\"blockG\" id=\"rotateG_01\"><\/div>\n\t\t\t\t<div class=\"blockG\" id=\"rotateG_02\"><\/div>\n\t\t\t\t<div class=\"blockG\" id=\"rotateG_03\"><\/div>\n\t\t\t\t<div class=\"blockG\" id=\"rotateG_04\"><\/div>\n\t\t\t\t<div class=\"blockG\" id=\"rotateG_05\"><\/div>\n\t\t\t\t<div class=\"blockG\" id=\"rotateG_06\"><\/div>\n\t\t\t\t<div class=\"blockG\" id=\"rotateG_07\"><\/div>\n\t\t\t\t<div class=\"blockG\" id=\"rotateG_08\"><\/div>\n\t\t\t<\/div>\n\t\t\t<div class=\"WooZone-cross-sell-loader-text\"><\/div>\n\t\t<\/div>\n\t<\/div>\n\n\t\t\n<\/div>\n<div style=\"clear:both;\"><\/div>\n","protected":false},"excerpt":{"rendered":"<p>BIO VEGGIE BURGER &#8211; Die Zutaten f\u00fcr unseren Veggie Burger Klassik stammen aus kontrolliert-\u00f6kologischer Landwirtschaft<br \/>\nVON NATUR AUS &#8211; vegan und mit hohem Proteingehalt<br \/>\nHERZHAFT W\u00dcRZIG &#8211; Aromatische Kr\u00e4uter, feines Gem\u00fcse und texturiertes Erbsenprotein sorgen f\u00fcr den herzhaft w\u00fcrzigen Geschmack<\/p>\n","protected":false},"featured_media":11641,"comment_status":"open","ping_status":"closed","template":"","meta":[],"product_cat":[4146,132],"product_tag":[],"yoast_head":"<!-- This site is optimized with the Yoast SEO Premium plugin v15.4 - https:\/\/yoast.com\/wordpress\/plugins\/seo\/ -->\n<title>biozentrale Veggie Burger Klassik | 170 g, circa 4 Burger| vegane Fleisch-Alternative aus Erbsenprotein | hoher\u2026 - Vegan oder Vegetarisch<\/title>\n<meta name=\"robots\" content=\"index, follow, max-snippet:-1, max-image-preview:large, max-video-preview:-1\" \/>\n<link rel=\"canonical\" href=\"https:\/\/xn--shop-fr-vegane-und-vegetarische-kost-j0d.de\/?product=veggie-burger-klassik-bio\" \/>\n<meta property=\"og:locale\" content=\"de_DE\" \/>\n<meta property=\"og:type\" content=\"article\" \/>\n<meta property=\"og:title\" content=\"biozentrale Veggie Burger Klassik | 170 g, circa 4 Burger| vegane Fleisch-Alternative aus Erbsenprotein | hoher\u2026 - Vegan oder Vegetarisch\" \/>\n<meta property=\"og:description\" content=\"BIO VEGGIE BURGER - Die Zutaten f\u00fcr unseren Veggie Burger Klassik stammen aus kontrolliert-\u00f6kologischer Landwirtschaft VON NATUR AUS - vegan und mit hohem Proteingehalt HERZHAFT W\u00dcRZIG - Aromatische Kr\u00e4uter, feines Gem\u00fcse und texturiertes Erbsenprotein sorgen f\u00fcr den herzhaft w\u00fcrzigen Geschmack\" \/>\n<meta property=\"og:url\" content=\"https:\/\/xn--shop-fr-vegane-und-vegetarische-kost-j0d.de\/?product=veggie-burger-klassik-bio\" \/>\n<meta property=\"og:site_name\" content=\"Vegan oder Vegetarisch\" \/>\n<meta property=\"article:modified_time\" content=\"2023-04-08T17:02:15+00:00\" \/>\n<meta property=\"og:image\" content=\"https:\/\/images-na.ssl-images-amazon.com\/images\/I\/41QdeI6Q6eL.jpg\" \/>\n\t<meta property=\"og:image:width\" content=\"500\" \/>\n\t<meta property=\"og:image:height\" content=\"500\" \/>\n<meta name=\"twitter:card\" content=\"summary_large_image\" \/>\n<meta name=\"twitter:label1\" content=\"Verfasst von\">\n\t<meta name=\"twitter:data1\" content=\"Swen-Olaf Bender\">\n\t<meta name=\"twitter:label2\" content=\"Gesch\u00e4tzte Lesezeit\">\n\t<meta name=\"twitter:data2\" content=\"1\u00a0Minute\">\n<script type=\"application\/ld+json\" class=\"yoast-schema-graph\">{\"@context\":\"https:\/\/schema.org\",\"@graph\":[{\"@type\":\"WebSite\",\"@id\":\"https:\/\/xn--shop-fr-vegane-und-vegetarische-kost-j0d.de\/#website\",\"url\":\"https:\/\/xn--shop-fr-vegane-und-vegetarische-kost-j0d.de\/\",\"name\":\"Vegan oder Vegetarisch\",\"description\":\"Gesund leben, Gesund essen\",\"potentialAction\":[{\"@type\":\"SearchAction\",\"target\":\"https:\/\/xn--shop-fr-vegane-und-vegetarische-kost-j0d.de\/?s={search_term_string}\",\"query-input\":\"required name=search_term_string\"}],\"inLanguage\":\"de\"},{\"@type\":\"ImageObject\",\"@id\":\"https:\/\/xn--shop-fr-vegane-und-vegetarische-kost-j0d.de\/?product=veggie-burger-klassik-bio#primaryimage\",\"inLanguage\":\"de\",\"url\":\"https:\/\/images-na.ssl-images-amazon.com\/images\/I\/41QdeI6Q6eL.jpg\",\"width\":500,\"height\":500},{\"@type\":\"WebPage\",\"@id\":\"https:\/\/xn--shop-fr-vegane-und-vegetarische-kost-j0d.de\/?product=veggie-burger-klassik-bio#webpage\",\"url\":\"https:\/\/xn--shop-fr-vegane-und-vegetarische-kost-j0d.de\/?product=veggie-burger-klassik-bio\",\"name\":\"biozentrale Veggie Burger Klassik | 170 g, circa 4 Burger| vegane Fleisch-Alternative aus Erbsenprotein | hoher\\u2026 - Vegan oder Vegetarisch\",\"isPartOf\":{\"@id\":\"https:\/\/xn--shop-fr-vegane-und-vegetarische-kost-j0d.de\/#website\"},\"primaryImageOfPage\":{\"@id\":\"https:\/\/xn--shop-fr-vegane-und-vegetarische-kost-j0d.de\/?product=veggie-burger-klassik-bio#primaryimage\"},\"datePublished\":\"2020-12-31T00:03:22+00:00\",\"dateModified\":\"2023-04-08T17:02:15+00:00\",\"inLanguage\":\"de\",\"potentialAction\":[{\"@type\":\"ReadAction\",\"target\":[\"https:\/\/xn--shop-fr-vegane-und-vegetarische-kost-j0d.de\/?product=veggie-burger-klassik-bio\"]}]}]}<\/script>\n<!-- \/ Yoast SEO Premium plugin. -->","_links":{"self":[{"href":"https:\/\/xn--shop-fr-vegane-und-vegetarische-kost-j0d.de\/index.php?rest_route=\/wp\/v2\/product\/11640"}],"collection":[{"href":"https:\/\/xn--shop-fr-vegane-und-vegetarische-kost-j0d.de\/index.php?rest_route=\/wp\/v2\/product"}],"about":[{"href":"https:\/\/xn--shop-fr-vegane-und-vegetarische-kost-j0d.de\/index.php?rest_route=\/wp\/v2\/types\/product"}],"replies":[{"embeddable":true,"href":"https:\/\/xn--shop-fr-vegane-und-vegetarische-kost-j0d.de\/index.php?rest_route=%2Fwp%2Fv2%2Fcomments&post=11640"}],"wp:featuredmedia":[{"embeddable":true,"href":"https:\/\/xn--shop-fr-vegane-und-vegetarische-kost-j0d.de\/index.php?rest_route=\/wp\/v2\/media\/11641"}],"wp:attachment":[{"href":"https:\/\/xn--shop-fr-vegane-und-vegetarische-kost-j0d.de\/index.php?rest_route=%2Fwp%2Fv2%2Fmedia&parent=11640"}],"wp:term":[{"taxonomy":"product_cat","embeddable":true,"href":"https:\/\/xn--shop-fr-vegane-und-vegetarische-kost-j0d.de\/index.php?rest_route=%2Fwp%2Fv2%2Fproduct_cat&post=11640"},{"taxonomy":"product_tag","embeddable":true,"href":"https:\/\/xn--shop-fr-vegane-und-vegetarische-kost-j0d.de\/index.php?rest_route=%2Fwp%2Fv2%2Fproduct_tag&post=11640"}],"curies":[{"name":"wp","href":"https:\/\/api.w.org\/{rel}","templated":true}]}}