{"id":11636,"date":"2020-12-31T00:03:20","date_gmt":"2020-12-31T00:03:20","guid":{"rendered":"https:\/\/xn--shop-fr-vegane-und-vegetarische-kost-j0d.de\/?product=biozentrale-bio-haferkleie-3x500g"},"modified":"2023-04-08T19:02:15","modified_gmt":"2023-04-08T17:02:15","slug":"biozentrale-bio-haferkleie-3x500g","status":"publish","type":"product","link":"https:\/\/xn--shop-fr-vegane-und-vegetarische-kost-j0d.de\/?product=biozentrale-bio-haferkleie-3x500g","title":{"rendered":"biozentrale Haferkleie | 3x 500 g Bio Haferkleie | Ideal f\u00fcr M\u00fcsli &amp; Backen | ballaststoffreiche Proteinquelle"},"content":{"rendered":"<p><!-- show up to 2 reviews by default --> <\/p>\n<h3>Produktbeschreibung<\/h3>\n<\/p>\n<p><b>biozentrale Haferkleie<\/b> ist flockig-zart und ideal als Grundlage f\u00fcr ein ausgewogenes Fr\u00fchst\u00fcck. Es l\u00e4sst sich vielseitig zur Zubereitung von M\u00fcslis, Desserts und Backwaren verwenden. Auch erh\u00e4ltlich als biozentrale Dinkelkleie und Weizenkleie.<\/p>\n<ul>\n<li>Flockig-zart<\/li>\n<li>100% Haferkleie<\/li>\n<li>hoher Ballaststoffgehalt<\/li>\n<li>proteinquelle<\/li>\n<\/ul>\n<h3>Inhaltsstoffe \/ Zutaten<\/h3>\n<p>Zutaten: HAFERkleie*. *aus kontrolliert-\u00f6kologischer Landwirtschaft <\/p>\n<div data-a-expander-name=\"toggle_description\" class=\"a-row a-expander-container a-expander-extend-container\">\n<div class=\"a-expander-content a-expander-extend-content\">\n<h3>Gebrauchsanweisung<\/h3>\n<p>verzehrfertig <\/p>\n<h3>Anschrift Hersteller\/Importeur<\/h3>\n<p>D &#8211; 84384 Ulbering <\/p>\n<\/p><\/div>\n<p> <a href=\"void(0)\" data-action=\"a-expander-toggle\" class=\"a-expander-header a-declarative a-expander-extend-header\" data-a-expander-toggle=\"{\"><i class=\"a-icon a-icon-extender-expand\"><\/i><span class=\"a-expander-prompt\">Mehr<\/span><\/a> <\/div>\n<p>BIO HAFERKLEIE \u2013 Unsere Haferkleie stammt aus kontrolliert-\u00f6kologischer Landwirtschaft und ist von Natur aus vegan<br \/>\nBALLASTSTOFFQUELLE \u2013 Haferkleie ist eine Ballaststoffquelle und kann so einen Beitrag zu deiner ausgewogenen und abwechslungsreichen Ern\u00e4hrung leisten<br \/>\nUNSER TIPP \u2013 Verwende unsere biozentrale Haferkleie in deinem M\u00fcsli, zum Backen von Brot oder als Topping f\u00fcr Joghurt und Smoothies<br \/>\nKRAFT DER NATUR \u2013 Wir glauben an die Kraft der Natur \u2013 an Wind, Sonnenaufgang und Regen. Aus langj\u00e4hriger Erfahrung wissen wir um gute Zutaten und kombinieren sie zu sinnvollen Produkten<br \/>\nUMWELTFREUNDLICHE PRODUKTE \u2013 Wir achten darauf, dass unsere Verpackungen so umweltgerecht wie m\u00f6glich sind. Wir verpacken nur so viel wie n\u00f6tig und so wenig wie m\u00f6glich<br \/>\n<div class=\"main-cross-sell\" data-asin=\"B00LEC5MHO\">\n\n\t<div class=\"WooZone-cross-sell-loader\">\n\t\t<div>\n\t\t\t<div id=\"floatingBarsG\">\n\t\t\t\t<div class=\"blockG\" id=\"rotateG_01\"><\/div>\n\t\t\t\t<div class=\"blockG\" id=\"rotateG_02\"><\/div>\n\t\t\t\t<div class=\"blockG\" id=\"rotateG_03\"><\/div>\n\t\t\t\t<div class=\"blockG\" id=\"rotateG_04\"><\/div>\n\t\t\t\t<div class=\"blockG\" id=\"rotateG_05\"><\/div>\n\t\t\t\t<div class=\"blockG\" id=\"rotateG_06\"><\/div>\n\t\t\t\t<div class=\"blockG\" id=\"rotateG_07\"><\/div>\n\t\t\t\t<div class=\"blockG\" id=\"rotateG_08\"><\/div>\n\t\t\t<\/div>\n\t\t\t<div class=\"WooZone-cross-sell-loader-text\"><\/div>\n\t\t<\/div>\n\t<\/div>\n\n\t\t\n<\/div>\n<div style=\"clear:both;\"><\/div>\n","protected":false},"excerpt":{"rendered":"<p>BIO HAFERKLEIE \u2013 Unsere Haferkleie stammt aus kontrolliert-\u00f6kologischer Landwirtschaft und ist von Natur aus vegan<br \/>\nBALLASTSTOFFQUELLE \u2013 Haferkleie ist eine Ballaststoffquelle und kann so einen Beitrag zu deiner ausgewogenen und abwechslungsreichen Ern\u00e4hrung leisten<br \/>\nUNSER TIPP \u2013 Verwende unsere biozentrale Haferkleie in deinem M\u00fcsli, zum Backen von Brot oder als Topping f\u00fcr Joghurt und Smoothies<\/p>\n","protected":false},"featured_media":11637,"comment_status":"open","ping_status":"closed","template":"","meta":[],"product_cat":[4146,132],"product_tag":[],"yoast_head":"<!-- This site is optimized with the Yoast SEO Premium plugin v15.4 - https:\/\/yoast.com\/wordpress\/plugins\/seo\/ -->\n<title>biozentrale Haferkleie | 3x 500 g Bio Haferkleie | Ideal f\u00fcr M\u00fcsli &amp; Backen | ballaststoffreiche Proteinquelle - Vegan oder Vegetarisch<\/title>\n<meta name=\"robots\" content=\"index, follow, max-snippet:-1, max-image-preview:large, max-video-preview:-1\" \/>\n<link rel=\"canonical\" href=\"https:\/\/xn--shop-fr-vegane-und-vegetarische-kost-j0d.de\/?product=biozentrale-bio-haferkleie-3x500g\" \/>\n<meta property=\"og:locale\" content=\"de_DE\" \/>\n<meta property=\"og:type\" content=\"article\" \/>\n<meta property=\"og:title\" content=\"biozentrale Haferkleie | 3x 500 g Bio Haferkleie | Ideal f\u00fcr M\u00fcsli &amp; Backen | ballaststoffreiche Proteinquelle - Vegan oder Vegetarisch\" \/>\n<meta property=\"og:description\" content=\"BIO HAFERKLEIE \u2013 Unsere Haferkleie stammt aus kontrolliert-\u00f6kologischer Landwirtschaft und ist von Natur aus vegan BALLASTSTOFFQUELLE \u2013 Haferkleie ist eine Ballaststoffquelle und kann so einen Beitrag zu deiner ausgewogenen und abwechslungsreichen Ern\u00e4hrung leisten UNSER TIPP \u2013 Verwende unsere biozentrale Haferkleie in deinem M\u00fcsli, zum Backen von Brot oder als Topping f\u00fcr Joghurt und Smoothies\" \/>\n<meta property=\"og:url\" content=\"https:\/\/xn--shop-fr-vegane-und-vegetarische-kost-j0d.de\/?product=biozentrale-bio-haferkleie-3x500g\" \/>\n<meta property=\"og:site_name\" content=\"Vegan oder Vegetarisch\" \/>\n<meta property=\"article:modified_time\" content=\"2023-04-08T17:02:15+00:00\" \/>\n<meta property=\"og:image\" content=\"https:\/\/images-na.ssl-images-amazon.com\/images\/I\/419PWSpblkL.jpg\" \/>\n\t<meta property=\"og:image:width\" content=\"500\" \/>\n\t<meta property=\"og:image:height\" content=\"500\" \/>\n<meta name=\"twitter:card\" content=\"summary_large_image\" \/>\n<meta name=\"twitter:label1\" content=\"Verfasst von\">\n\t<meta name=\"twitter:data1\" content=\"Swen-Olaf Bender\">\n\t<meta name=\"twitter:label2\" content=\"Gesch\u00e4tzte Lesezeit\">\n\t<meta name=\"twitter:data2\" content=\"1\u00a0Minute\">\n<script type=\"application\/ld+json\" class=\"yoast-schema-graph\">{\"@context\":\"https:\/\/schema.org\",\"@graph\":[{\"@type\":\"WebSite\",\"@id\":\"https:\/\/xn--shop-fr-vegane-und-vegetarische-kost-j0d.de\/#website\",\"url\":\"https:\/\/xn--shop-fr-vegane-und-vegetarische-kost-j0d.de\/\",\"name\":\"Vegan oder Vegetarisch\",\"description\":\"Gesund leben, Gesund essen\",\"potentialAction\":[{\"@type\":\"SearchAction\",\"target\":\"https:\/\/xn--shop-fr-vegane-und-vegetarische-kost-j0d.de\/?s={search_term_string}\",\"query-input\":\"required name=search_term_string\"}],\"inLanguage\":\"de\"},{\"@type\":\"ImageObject\",\"@id\":\"https:\/\/xn--shop-fr-vegane-und-vegetarische-kost-j0d.de\/?product=biozentrale-bio-haferkleie-3x500g#primaryimage\",\"inLanguage\":\"de\",\"url\":\"https:\/\/images-na.ssl-images-amazon.com\/images\/I\/419PWSpblkL.jpg\",\"width\":500,\"height\":500},{\"@type\":\"WebPage\",\"@id\":\"https:\/\/xn--shop-fr-vegane-und-vegetarische-kost-j0d.de\/?product=biozentrale-bio-haferkleie-3x500g#webpage\",\"url\":\"https:\/\/xn--shop-fr-vegane-und-vegetarische-kost-j0d.de\/?product=biozentrale-bio-haferkleie-3x500g\",\"name\":\"biozentrale Haferkleie | 3x 500 g Bio Haferkleie | Ideal f\\u00fcr M\\u00fcsli &amp; Backen | ballaststoffreiche Proteinquelle - Vegan oder Vegetarisch\",\"isPartOf\":{\"@id\":\"https:\/\/xn--shop-fr-vegane-und-vegetarische-kost-j0d.de\/#website\"},\"primaryImageOfPage\":{\"@id\":\"https:\/\/xn--shop-fr-vegane-und-vegetarische-kost-j0d.de\/?product=biozentrale-bio-haferkleie-3x500g#primaryimage\"},\"datePublished\":\"2020-12-31T00:03:20+00:00\",\"dateModified\":\"2023-04-08T17:02:15+00:00\",\"inLanguage\":\"de\",\"potentialAction\":[{\"@type\":\"ReadAction\",\"target\":[\"https:\/\/xn--shop-fr-vegane-und-vegetarische-kost-j0d.de\/?product=biozentrale-bio-haferkleie-3x500g\"]}]}]}<\/script>\n<!-- \/ Yoast SEO Premium plugin. -->","_links":{"self":[{"href":"https:\/\/xn--shop-fr-vegane-und-vegetarische-kost-j0d.de\/index.php?rest_route=\/wp\/v2\/product\/11636"}],"collection":[{"href":"https:\/\/xn--shop-fr-vegane-und-vegetarische-kost-j0d.de\/index.php?rest_route=\/wp\/v2\/product"}],"about":[{"href":"https:\/\/xn--shop-fr-vegane-und-vegetarische-kost-j0d.de\/index.php?rest_route=\/wp\/v2\/types\/product"}],"replies":[{"embeddable":true,"href":"https:\/\/xn--shop-fr-vegane-und-vegetarische-kost-j0d.de\/index.php?rest_route=%2Fwp%2Fv2%2Fcomments&post=11636"}],"wp:featuredmedia":[{"embeddable":true,"href":"https:\/\/xn--shop-fr-vegane-und-vegetarische-kost-j0d.de\/index.php?rest_route=\/wp\/v2\/media\/11637"}],"wp:attachment":[{"href":"https:\/\/xn--shop-fr-vegane-und-vegetarische-kost-j0d.de\/index.php?rest_route=%2Fwp%2Fv2%2Fmedia&parent=11636"}],"wp:term":[{"taxonomy":"product_cat","embeddable":true,"href":"https:\/\/xn--shop-fr-vegane-und-vegetarische-kost-j0d.de\/index.php?rest_route=%2Fwp%2Fv2%2Fproduct_cat&post=11636"},{"taxonomy":"product_tag","embeddable":true,"href":"https:\/\/xn--shop-fr-vegane-und-vegetarische-kost-j0d.de\/index.php?rest_route=%2Fwp%2Fv2%2Fproduct_tag&post=11636"}],"curies":[{"name":"wp","href":"https:\/\/api.w.org\/{rel}","templated":true}]}}