{"id":11634,"date":"2020-12-31T00:03:20","date_gmt":"2020-12-31T00:03:20","guid":{"rendered":"https:\/\/xn--shop-fr-vegane-und-vegetarische-kost-j0d.de\/?product=mueslin-go-himbeere-johannisbeere-bio"},"modified":"2023-04-08T19:02:15","modified_gmt":"2023-04-08T17:02:15","slug":"mueslin-go-himbeere-johannisbeere-bio","status":"publish","type":"product","link":"https:\/\/xn--shop-fr-vegane-und-vegetarische-kost-j0d.de\/?product=mueslin-go-himbeere-johannisbeere-bio","title":{"rendered":"M\u00fcsli&#8217;n Go Himbeere Johannisbeere, bio"},"content":{"rendered":"<div class=\"disclaim\"> Geschmack:<strong>Himbeere\/Johanisbeere<\/strong> <\/div>\n<p> <!-- show up to 2 reviews by default --> <\/p>\n<h3>Produktbeschreibung<\/h3>\n<p>Unser biozentrale M\u00fcsli\u2019n Go Himbeere Johannisbeere ist die perfekte L\u00f6sung f\u00fcr dein genussvolles Fr\u00fchst\u00fcck unterwegs oder f\u00fcr die Pause zwischendurch. Unsere M\u00fcsli\u2019n Go Sorten stecken in einer innovativen Verpackung \u2013 denn sie sind nicht nur praktisch, sondern auch nachhaltig. Du kannst unser M\u00fcsli\u2019n Go ganz einfach mit Milch, Fruchtsaft, Pflanzendrink oder Joghurt zubereiten und direkt aus der Box genie\u00dfen. Die Sorte Himbeere Johannisbeere punktet dabei mit ihrem k\u00f6stlich fruchtigen Geschmack und hohem Ballaststoffgehalt. <\/p>\n<h3>Inhaltsstoffe \/ Zutaten<\/h3>\n<p>71 % Vollkorn-HAFERflocken*, Cornflakes* (Mais*), Apfelst\u00fccke* getrocknet, Sonnenblumenkerne*, Buchweizen*, 3 % Johannisbeeren* schwarz gefriergetrocknet, 3 % Himbeeren* gefriergetrocknet, 0,5 % Johannisbeeren* rot gefriergetrocknet. *aus kontrolliert-\u00f6kologischer Landwirtschaft <\/p>\n<div data-a-expander-name=\"toggle_description\" class=\"a-row a-expander-container a-expander-extend-container\">\n<div class=\"a-expander-content a-expander-extend-content\">\n<h3>Gebrauchsanweisung<\/h3>\n<p>Innenbeutel vorsichtig \u00f6ffnen, nach Belieben Milch, Joghurt oder frische S\u00e4fte hinzugeben, umr\u00fchren und sofort genie\u00dfen. <\/p>\n<h3>Warnhinweise<\/h3>\n<p>keine <\/p>\n<h3>Anschrift Hersteller\/Importeur<\/h3>\n<p>D-84384 Ulbering <\/p>\n<\/p><\/div>\n<p> <a href=\"void(0)\" data-action=\"a-expander-toggle\" class=\"a-expander-header a-declarative a-expander-extend-header\" data-a-expander-toggle=\"{\"><i class=\"a-icon a-icon-extender-expand\"><\/i><span class=\"a-expander-prompt\">Mehr<\/span><\/a> <\/div>\n<p>BIO M\u00dcSLI&#8217;N GO &#8211; Die Zutaten f\u00fcr unser M\u00fcsli&#8217;n Go Himbeere Johannisbeere stammen aus kontrolliert-\u00f6kologischer Landwirtschaft<br \/>\nEINFACHE VERWENDUNG \u2013 M\u00fcsli&#8217;n Go einfach mit Milch, Fruchtsaft, Pflanzendrink oder Joghurt zubereiten und direkt aus der Box genie\u00dfen<br \/>\nFRUCHTIGER GESCHMACK &#8211; kernige Vollkornhaferflocken und gefriergetrockneten Beeren sorgen f\u00fcr den fruchtigen Geschmack &#8211; ganz ohne Zuckerzusatz** oder Rosinen<br \/>\nKRAFT DER NATUR \u2013 Wir glauben an die Kraft der Natur \u2013 an Wind, Sonnenaufgang und Regen. Aus langj\u00e4hriger Erfahrung wissen wir um gute Zutaten und kombinieren sie zu sinnvollen Produkten<br \/>\nUMWELTFREUNDLICHE PRODUKTE \u2013 Wir achten darauf, dass unsere Verpackungen so umweltgerecht wie m\u00f6glich sind. Wir verpacken nur so viel wie n\u00f6tig und so wenig wie m\u00f6glich<br \/>\n<div class=\"main-cross-sell\" data-asin=\"B08DHV241R\">\n\n\t<div class=\"WooZone-cross-sell-loader\">\n\t\t<div>\n\t\t\t<div id=\"floatingBarsG\">\n\t\t\t\t<div class=\"blockG\" id=\"rotateG_01\"><\/div>\n\t\t\t\t<div class=\"blockG\" id=\"rotateG_02\"><\/div>\n\t\t\t\t<div class=\"blockG\" id=\"rotateG_03\"><\/div>\n\t\t\t\t<div class=\"blockG\" id=\"rotateG_04\"><\/div>\n\t\t\t\t<div class=\"blockG\" id=\"rotateG_05\"><\/div>\n\t\t\t\t<div class=\"blockG\" id=\"rotateG_06\"><\/div>\n\t\t\t\t<div class=\"blockG\" id=\"rotateG_07\"><\/div>\n\t\t\t\t<div class=\"blockG\" id=\"rotateG_08\"><\/div>\n\t\t\t<\/div>\n\t\t\t<div class=\"WooZone-cross-sell-loader-text\"><\/div>\n\t\t<\/div>\n\t<\/div>\n\n\t\t\n<\/div>\n<div style=\"clear:both;\"><\/div>\n","protected":false},"excerpt":{"rendered":"<p>BIO M\u00dcSLI&#8217;N GO &#8211; Die Zutaten f\u00fcr unser M\u00fcsli&#8217;n Go Himbeere Johannisbeere stammen aus kontrolliert-\u00f6kologischer Landwirtschaft<br \/>\nEINFACHE VERWENDUNG \u2013 M\u00fcsli&#8217;n Go einfach mit Milch, Fruchtsaft, Pflanzendrink oder Joghurt zubereiten und direkt aus der Box genie\u00dfen<br \/>\nFRUCHTIGER GESCHMACK &#8211; kernige Vollkornhaferflocken und gefriergetrockneten Beeren sorgen f\u00fcr den fruchtigen Geschmack &#8211; ganz ohne Zuckerzusatz** oder Rosinen<\/p>\n","protected":false},"featured_media":11635,"comment_status":"open","ping_status":"closed","template":"","meta":[],"product_cat":[4146,132],"product_tag":[],"yoast_head":"<!-- This site is optimized with the Yoast SEO Premium plugin v15.4 - https:\/\/yoast.com\/wordpress\/plugins\/seo\/ -->\n<title>M\u00fcsli&#039;n Go Himbeere Johannisbeere, bio - Vegan oder Vegetarisch<\/title>\n<meta name=\"robots\" content=\"index, follow, max-snippet:-1, max-image-preview:large, max-video-preview:-1\" \/>\n<link rel=\"canonical\" href=\"https:\/\/xn--shop-fr-vegane-und-vegetarische-kost-j0d.de\/?product=mueslin-go-himbeere-johannisbeere-bio\" \/>\n<meta property=\"og:locale\" content=\"de_DE\" \/>\n<meta property=\"og:type\" content=\"article\" \/>\n<meta property=\"og:title\" content=\"M\u00fcsli&#039;n Go Himbeere Johannisbeere, bio - Vegan oder Vegetarisch\" \/>\n<meta property=\"og:description\" content=\"BIO M\u00dcSLI&#039;N GO - Die Zutaten f\u00fcr unser M\u00fcsli&#039;n Go Himbeere Johannisbeere stammen aus kontrolliert-\u00f6kologischer Landwirtschaft EINFACHE VERWENDUNG \u2013 M\u00fcsli&#039;n Go einfach mit Milch, Fruchtsaft, Pflanzendrink oder Joghurt zubereiten und direkt aus der Box genie\u00dfen FRUCHTIGER GESCHMACK - kernige Vollkornhaferflocken und gefriergetrockneten Beeren sorgen f\u00fcr den fruchtigen Geschmack - ganz ohne Zuckerzusatz** oder Rosinen\" \/>\n<meta property=\"og:url\" content=\"https:\/\/xn--shop-fr-vegane-und-vegetarische-kost-j0d.de\/?product=mueslin-go-himbeere-johannisbeere-bio\" \/>\n<meta property=\"og:site_name\" content=\"Vegan oder Vegetarisch\" \/>\n<meta property=\"article:modified_time\" content=\"2023-04-08T17:02:15+00:00\" \/>\n<meta property=\"og:image\" content=\"https:\/\/images-na.ssl-images-amazon.com\/images\/I\/51m95SR3P7L.jpg\" \/>\n\t<meta property=\"og:image:width\" content=\"500\" \/>\n\t<meta property=\"og:image:height\" content=\"500\" \/>\n<meta name=\"twitter:card\" content=\"summary_large_image\" \/>\n<meta name=\"twitter:label1\" content=\"Verfasst von\">\n\t<meta name=\"twitter:data1\" content=\"Swen-Olaf Bender\">\n\t<meta name=\"twitter:label2\" content=\"Gesch\u00e4tzte Lesezeit\">\n\t<meta name=\"twitter:data2\" content=\"1\u00a0Minute\">\n<script type=\"application\/ld+json\" class=\"yoast-schema-graph\">{\"@context\":\"https:\/\/schema.org\",\"@graph\":[{\"@type\":\"WebSite\",\"@id\":\"https:\/\/xn--shop-fr-vegane-und-vegetarische-kost-j0d.de\/#website\",\"url\":\"https:\/\/xn--shop-fr-vegane-und-vegetarische-kost-j0d.de\/\",\"name\":\"Vegan oder Vegetarisch\",\"description\":\"Gesund leben, Gesund essen\",\"potentialAction\":[{\"@type\":\"SearchAction\",\"target\":\"https:\/\/xn--shop-fr-vegane-und-vegetarische-kost-j0d.de\/?s={search_term_string}\",\"query-input\":\"required name=search_term_string\"}],\"inLanguage\":\"de\"},{\"@type\":\"ImageObject\",\"@id\":\"https:\/\/xn--shop-fr-vegane-und-vegetarische-kost-j0d.de\/?product=mueslin-go-himbeere-johannisbeere-bio#primaryimage\",\"inLanguage\":\"de\",\"url\":\"https:\/\/images-na.ssl-images-amazon.com\/images\/I\/51m95SR3P7L.jpg\",\"width\":500,\"height\":500},{\"@type\":\"WebPage\",\"@id\":\"https:\/\/xn--shop-fr-vegane-und-vegetarische-kost-j0d.de\/?product=mueslin-go-himbeere-johannisbeere-bio#webpage\",\"url\":\"https:\/\/xn--shop-fr-vegane-und-vegetarische-kost-j0d.de\/?product=mueslin-go-himbeere-johannisbeere-bio\",\"name\":\"M\\u00fcsli'n Go Himbeere Johannisbeere, bio - Vegan oder Vegetarisch\",\"isPartOf\":{\"@id\":\"https:\/\/xn--shop-fr-vegane-und-vegetarische-kost-j0d.de\/#website\"},\"primaryImageOfPage\":{\"@id\":\"https:\/\/xn--shop-fr-vegane-und-vegetarische-kost-j0d.de\/?product=mueslin-go-himbeere-johannisbeere-bio#primaryimage\"},\"datePublished\":\"2020-12-31T00:03:20+00:00\",\"dateModified\":\"2023-04-08T17:02:15+00:00\",\"inLanguage\":\"de\",\"potentialAction\":[{\"@type\":\"ReadAction\",\"target\":[\"https:\/\/xn--shop-fr-vegane-und-vegetarische-kost-j0d.de\/?product=mueslin-go-himbeere-johannisbeere-bio\"]}]}]}<\/script>\n<!-- \/ Yoast SEO Premium plugin. -->","_links":{"self":[{"href":"https:\/\/xn--shop-fr-vegane-und-vegetarische-kost-j0d.de\/index.php?rest_route=\/wp\/v2\/product\/11634"}],"collection":[{"href":"https:\/\/xn--shop-fr-vegane-und-vegetarische-kost-j0d.de\/index.php?rest_route=\/wp\/v2\/product"}],"about":[{"href":"https:\/\/xn--shop-fr-vegane-und-vegetarische-kost-j0d.de\/index.php?rest_route=\/wp\/v2\/types\/product"}],"replies":[{"embeddable":true,"href":"https:\/\/xn--shop-fr-vegane-und-vegetarische-kost-j0d.de\/index.php?rest_route=%2Fwp%2Fv2%2Fcomments&post=11634"}],"wp:featuredmedia":[{"embeddable":true,"href":"https:\/\/xn--shop-fr-vegane-und-vegetarische-kost-j0d.de\/index.php?rest_route=\/wp\/v2\/media\/11635"}],"wp:attachment":[{"href":"https:\/\/xn--shop-fr-vegane-und-vegetarische-kost-j0d.de\/index.php?rest_route=%2Fwp%2Fv2%2Fmedia&parent=11634"}],"wp:term":[{"taxonomy":"product_cat","embeddable":true,"href":"https:\/\/xn--shop-fr-vegane-und-vegetarische-kost-j0d.de\/index.php?rest_route=%2Fwp%2Fv2%2Fproduct_cat&post=11634"},{"taxonomy":"product_tag","embeddable":true,"href":"https:\/\/xn--shop-fr-vegane-und-vegetarische-kost-j0d.de\/index.php?rest_route=%2Fwp%2Fv2%2Fproduct_tag&post=11634"}],"curies":[{"name":"wp","href":"https:\/\/api.w.org\/{rel}","templated":true}]}}