{"id":11628,"date":"2020-12-31T00:03:17","date_gmt":"2020-12-31T00:03:17","guid":{"rendered":"https:\/\/xn--shop-fr-vegane-und-vegetarische-kost-j0d.de\/?product=honigspezialitaet-mit-thymian-bio"},"modified":"2023-04-08T19:02:15","modified_gmt":"2023-04-08T17:02:15","slug":"honigspezialitaet-mit-thymian-bio","status":"publish","type":"product","link":"https:\/\/xn--shop-fr-vegane-und-vegetarische-kost-j0d.de\/?product=honigspezialitaet-mit-thymian-bio","title":{"rendered":"Honigspezialit\u00e4t mit Thymian, bio"},"content":{"rendered":"<p><!-- show up to 2 reviews by default --> <\/p>\n<h3>Produktbeschreibung<\/h3>\n<p>Unsere biozentrale Honigspezialit\u00e4t mit Thymian ist eine kulinarische Kreation aus feinem Bl\u00fctenhonig und Thymianessenzen \u2013 mit cremig herzhafter Note und in wundervoll goldgelber Farbe. Diese Honigspezialit\u00e4t sorgt f\u00fcr Geschmackserlebnisse der besonderen Art \u2013 vor allem in der kalten Jahreszeit ein echter Genuss! Der Bl\u00fctenhonig wird aus dem Nektar vieler verschiedener Bl\u00fcten gewonnen. Seine S\u00fc\u00dfe und sein feiner, mild-blumiger Geschmack harmonieren hervorragend mit der w\u00fcrzigen Thymiannote. <\/p>\n<h3>Inhaltsstoffe \/ Zutaten<\/h3>\n<p>99,3 % Bl\u00fctenhonig*, 0,7 % Thymian\u00f6l Destillat*. *aus kontrolliert-\u00f6kologischer Landwirtschaft <\/p>\n<div data-a-expander-name=\"toggle_description\" class=\"a-row a-expander-container a-expander-extend-container\">\n<div class=\"a-expander-content a-expander-extend-content\">\n<h3>Gebrauchsanweisung<\/h3>\n<p>verzehrfehrtig <\/p>\n<h3>Warnhinweise<\/h3>\n<p>keine <\/p>\n<h3>Anschrift Hersteller\/Importeur<\/h3>\n<p>D &#8211; 84384 Ulbering <\/p>\n<\/p><\/div>\n<p> <a href=\"void(0)\" data-action=\"a-expander-toggle\" class=\"a-expander-header a-declarative a-expander-extend-header\" data-a-expander-toggle=\"{\"><i class=\"a-icon a-icon-extender-expand\"><\/i><span class=\"a-expander-prompt\">Mehr<\/span><\/a> <\/div>\n<p>BIO HONIGSPEZIALIT\u00c4T &#8211; Die Zutaten f\u00fcr unsere Honigspezialit\u00e4t mit Thymian stammen aus kontrolliert-\u00f6kologischer Landwirtschaft<br \/>\nCREMIG HERZHAFT &#8211; Thymian\u00f6l verleiht unserem feinen Bl\u00fctenhonig eine cremig herzhafte Note<br \/>\nUNSER TIPP &#8211; Probiere unsere Honigspezialit\u00e4t mit Thymian im Tee oder anderen Hei\u00dfgetr\u00e4nken, als Brotaufstrich, f\u00fcr Dressings oder pur<br \/>\nKRAFT DER NATUR \u2013 Wir glauben an die Kraft der Natur \u2013 an Wind, Sonnenaufgang und Regen. Aus langj\u00e4hriger Erfahrung wissen wir um gute Zutaten und kombinieren sie zu sinnvollen Produkten<br \/>\nUMWELTFREUNDLICHE PRODUKTE \u2013 Wir achten darauf, dass unsere Verpackungen so umweltgerecht wie m\u00f6glich sind. Wir verpacken nur so viel wie n\u00f6tig und so wenig wie m\u00f6glich<br \/>\n<div class=\"main-cross-sell\" data-asin=\"B08DHTZQFK\">\n\n\t<div class=\"WooZone-cross-sell-loader\">\n\t\t<div>\n\t\t\t<div id=\"floatingBarsG\">\n\t\t\t\t<div class=\"blockG\" id=\"rotateG_01\"><\/div>\n\t\t\t\t<div class=\"blockG\" id=\"rotateG_02\"><\/div>\n\t\t\t\t<div class=\"blockG\" id=\"rotateG_03\"><\/div>\n\t\t\t\t<div class=\"blockG\" id=\"rotateG_04\"><\/div>\n\t\t\t\t<div class=\"blockG\" id=\"rotateG_05\"><\/div>\n\t\t\t\t<div class=\"blockG\" id=\"rotateG_06\"><\/div>\n\t\t\t\t<div class=\"blockG\" id=\"rotateG_07\"><\/div>\n\t\t\t\t<div class=\"blockG\" id=\"rotateG_08\"><\/div>\n\t\t\t<\/div>\n\t\t\t<div class=\"WooZone-cross-sell-loader-text\"><\/div>\n\t\t<\/div>\n\t<\/div>\n\n\t\t\n<\/div>\n<div style=\"clear:both;\"><\/div>\n","protected":false},"excerpt":{"rendered":"<p>BIO HONIGSPEZIALIT\u00c4T &#8211; Die Zutaten f\u00fcr unsere Honigspezialit\u00e4t mit Thymian stammen aus kontrolliert-\u00f6kologischer Landwirtschaft<br \/>\nCREMIG HERZHAFT &#8211; Thymian\u00f6l verleiht unserem feinen Bl\u00fctenhonig eine cremig herzhafte Note<br \/>\nUNSER TIPP &#8211; Probiere unsere Honigspezialit\u00e4t mit Thymian im Tee oder anderen Hei\u00dfgetr\u00e4nken, als Brotaufstrich, f\u00fcr Dressings oder pur<\/p>\n","protected":false},"featured_media":11629,"comment_status":"open","ping_status":"closed","template":"","meta":[],"product_cat":[4146,132],"product_tag":[],"yoast_head":"<!-- This site is optimized with the Yoast SEO Premium plugin v15.4 - https:\/\/yoast.com\/wordpress\/plugins\/seo\/ -->\n<title>Honigspezialit\u00e4t mit Thymian, bio - Vegan oder Vegetarisch<\/title>\n<meta name=\"robots\" content=\"index, follow, max-snippet:-1, max-image-preview:large, max-video-preview:-1\" \/>\n<link rel=\"canonical\" href=\"https:\/\/xn--shop-fr-vegane-und-vegetarische-kost-j0d.de\/?product=honigspezialitaet-mit-thymian-bio\" \/>\n<meta property=\"og:locale\" content=\"de_DE\" \/>\n<meta property=\"og:type\" content=\"article\" \/>\n<meta property=\"og:title\" content=\"Honigspezialit\u00e4t mit Thymian, bio - Vegan oder Vegetarisch\" \/>\n<meta property=\"og:description\" content=\"BIO HONIGSPEZIALIT\u00c4T - Die Zutaten f\u00fcr unsere Honigspezialit\u00e4t mit Thymian stammen aus kontrolliert-\u00f6kologischer Landwirtschaft CREMIG HERZHAFT - Thymian\u00f6l verleiht unserem feinen Bl\u00fctenhonig eine cremig herzhafte Note UNSER TIPP - Probiere unsere Honigspezialit\u00e4t mit Thymian im Tee oder anderen Hei\u00dfgetr\u00e4nken, als Brotaufstrich, f\u00fcr Dressings oder pur\" \/>\n<meta property=\"og:url\" content=\"https:\/\/xn--shop-fr-vegane-und-vegetarische-kost-j0d.de\/?product=honigspezialitaet-mit-thymian-bio\" \/>\n<meta property=\"og:site_name\" content=\"Vegan oder Vegetarisch\" \/>\n<meta property=\"article:modified_time\" content=\"2023-04-08T17:02:15+00:00\" \/>\n<meta property=\"og:image\" content=\"https:\/\/images-na.ssl-images-amazon.com\/images\/I\/41nHsEijWjL.jpg\" \/>\n\t<meta property=\"og:image:width\" content=\"500\" \/>\n\t<meta property=\"og:image:height\" content=\"500\" \/>\n<meta name=\"twitter:card\" content=\"summary_large_image\" \/>\n<meta name=\"twitter:label1\" content=\"Verfasst von\">\n\t<meta name=\"twitter:data1\" content=\"Swen-Olaf Bender\">\n\t<meta name=\"twitter:label2\" content=\"Gesch\u00e4tzte Lesezeit\">\n\t<meta name=\"twitter:data2\" content=\"1\u00a0Minute\">\n<script type=\"application\/ld+json\" class=\"yoast-schema-graph\">{\"@context\":\"https:\/\/schema.org\",\"@graph\":[{\"@type\":\"WebSite\",\"@id\":\"https:\/\/xn--shop-fr-vegane-und-vegetarische-kost-j0d.de\/#website\",\"url\":\"https:\/\/xn--shop-fr-vegane-und-vegetarische-kost-j0d.de\/\",\"name\":\"Vegan oder Vegetarisch\",\"description\":\"Gesund leben, Gesund essen\",\"potentialAction\":[{\"@type\":\"SearchAction\",\"target\":\"https:\/\/xn--shop-fr-vegane-und-vegetarische-kost-j0d.de\/?s={search_term_string}\",\"query-input\":\"required name=search_term_string\"}],\"inLanguage\":\"de\"},{\"@type\":\"ImageObject\",\"@id\":\"https:\/\/xn--shop-fr-vegane-und-vegetarische-kost-j0d.de\/?product=honigspezialitaet-mit-thymian-bio#primaryimage\",\"inLanguage\":\"de\",\"url\":\"https:\/\/images-na.ssl-images-amazon.com\/images\/I\/41nHsEijWjL.jpg\",\"width\":500,\"height\":500},{\"@type\":\"WebPage\",\"@id\":\"https:\/\/xn--shop-fr-vegane-und-vegetarische-kost-j0d.de\/?product=honigspezialitaet-mit-thymian-bio#webpage\",\"url\":\"https:\/\/xn--shop-fr-vegane-und-vegetarische-kost-j0d.de\/?product=honigspezialitaet-mit-thymian-bio\",\"name\":\"Honigspezialit\\u00e4t mit Thymian, bio - Vegan oder Vegetarisch\",\"isPartOf\":{\"@id\":\"https:\/\/xn--shop-fr-vegane-und-vegetarische-kost-j0d.de\/#website\"},\"primaryImageOfPage\":{\"@id\":\"https:\/\/xn--shop-fr-vegane-und-vegetarische-kost-j0d.de\/?product=honigspezialitaet-mit-thymian-bio#primaryimage\"},\"datePublished\":\"2020-12-31T00:03:17+00:00\",\"dateModified\":\"2023-04-08T17:02:15+00:00\",\"inLanguage\":\"de\",\"potentialAction\":[{\"@type\":\"ReadAction\",\"target\":[\"https:\/\/xn--shop-fr-vegane-und-vegetarische-kost-j0d.de\/?product=honigspezialitaet-mit-thymian-bio\"]}]}]}<\/script>\n<!-- \/ Yoast SEO Premium plugin. -->","_links":{"self":[{"href":"https:\/\/xn--shop-fr-vegane-und-vegetarische-kost-j0d.de\/index.php?rest_route=\/wp\/v2\/product\/11628"}],"collection":[{"href":"https:\/\/xn--shop-fr-vegane-und-vegetarische-kost-j0d.de\/index.php?rest_route=\/wp\/v2\/product"}],"about":[{"href":"https:\/\/xn--shop-fr-vegane-und-vegetarische-kost-j0d.de\/index.php?rest_route=\/wp\/v2\/types\/product"}],"replies":[{"embeddable":true,"href":"https:\/\/xn--shop-fr-vegane-und-vegetarische-kost-j0d.de\/index.php?rest_route=%2Fwp%2Fv2%2Fcomments&post=11628"}],"wp:featuredmedia":[{"embeddable":true,"href":"https:\/\/xn--shop-fr-vegane-und-vegetarische-kost-j0d.de\/index.php?rest_route=\/wp\/v2\/media\/11629"}],"wp:attachment":[{"href":"https:\/\/xn--shop-fr-vegane-und-vegetarische-kost-j0d.de\/index.php?rest_route=%2Fwp%2Fv2%2Fmedia&parent=11628"}],"wp:term":[{"taxonomy":"product_cat","embeddable":true,"href":"https:\/\/xn--shop-fr-vegane-und-vegetarische-kost-j0d.de\/index.php?rest_route=%2Fwp%2Fv2%2Fproduct_cat&post=11628"},{"taxonomy":"product_tag","embeddable":true,"href":"https:\/\/xn--shop-fr-vegane-und-vegetarische-kost-j0d.de\/index.php?rest_route=%2Fwp%2Fv2%2Fproduct_tag&post=11628"}],"curies":[{"name":"wp","href":"https:\/\/api.w.org\/{rel}","templated":true}]}}