{"id":11622,"date":"2020-12-31T00:03:14","date_gmt":"2020-12-31T00:03:14","guid":{"rendered":"https:\/\/xn--shop-fr-vegane-und-vegetarische-kost-j0d.de\/?product=lunchn-go-quinoa-curry-bio"},"modified":"2023-04-08T19:02:15","modified_gmt":"2023-04-08T17:02:15","slug":"lunchn-go-quinoa-curry-bio","status":"publish","type":"product","link":"https:\/\/xn--shop-fr-vegane-und-vegetarische-kost-j0d.de\/?product=lunchn-go-quinoa-curry-bio","title":{"rendered":"bioZentrale Lunch&#8217;n Go Quinoa Curry, W\u00fcrzig"},"content":{"rendered":"<p><!-- show up to 2 reviews by default --> <\/p>\n<h3>Produktbeschreibung<\/h3>\n<p>Unser biozentrale Lunch\u2019n Go Quinoa Curry ist die perfekte L\u00f6sung f\u00fcr dein Mittagessen unterwegs. Die besonders nat\u00fcrlich schmeckende Rezeptur mit raffinierten Gew\u00fcrzen sorgt f\u00fcr den k\u00f6stlichen, urspr\u00fcnglichen Geschmack \u2013 bestens geeignet f\u00fcr eine genussvolle Pause oder einfach zwischendurch. Unsere Lunch\u2019n Go Sorten stecken in einer innovativen Verpackung, denn sie sind nicht nur praktisch, sondern auch nachhaltig verpackt. Die Graspapier-Box und die innenliegende, hitzebest\u00e4ndige Folie sind sehr gut recycelbar. Du kannst unsere Lunch\u2019n Go Gerichte ganz einfach mit hei\u00dfem Wasser zubereiten und aus der Box genie\u00dfen. Die Sorte Quinoa Curry punktet dabei mit ihrem herrlich exotischen Geschmack sowie dem Kulturgetreide Quinoa. <\/p>\n<h3>Inhaltsstoffe \/ Zutaten<\/h3>\n<p>48 % Instant Quinoa* wei\u00df, Kichererbsen* vorgekocht, Meersalz, 3,5 % Bananen*, Paprika*, 3 % Kokosnussmilchpulver* 63 % Fett (Kokosnusspaste*, Kokosnussmilch* 24 % Fett, Kokosnussmehl*), Karotten*, Shiitakepilze*, 0,9 % Curry, Lauch*, SELLERIE*, Knoblauch*, 0,2 % Ingwer*, Chili*, 0,05 % Korianderbl\u00e4tter. *aus kontrolliert-\u00f6kologischer Landwirtschaft <\/p>\n<div data-a-expander-name=\"toggle_description\" class=\"a-row a-expander-container a-expander-extend-container\">\n<div class=\"a-expander-content a-expander-extend-content\">\n<h3>Gebrauchsanweisung<\/h3>\n<p>Zubereitung: Innenbeutel vorsichtig \u00f6ffnen, mit 200 ml kochendem Wasser \u00fcbergie\u00dfen, umr\u00fchren, ca. 7 Minuten ziehen lassen und direkt aus der Genuss-Box genie\u00dfen. <\/p>\n<h3>Warnhinweise<\/h3>\n<p>keine <\/p>\n<h3>Anschrift Hersteller\/Importeur<\/h3>\n<p>D-84384 Ulbering <\/p>\n<\/p><\/div>\n<p> <a href=\"void(0)\" data-action=\"a-expander-toggle\" class=\"a-expander-header a-declarative a-expander-extend-header\" data-a-expander-toggle=\"{\"><i class=\"a-icon a-icon-extender-expand\"><\/i><span class=\"a-expander-prompt\">Mehr<\/span><\/a> <\/div>\n<p>BIO QUINOA CURRY &#8211; Die Zutaten f\u00fcr unser Lunch&#8217;n Go Quinoa Curry stammen aus kontrolliert-\u00f6kologischer Landwirtschaft<br \/>\nEINFACHE VERWENDUNG \u2013 Lunch\u2019n Go Gerichte ganz einfach mit hei\u00dfem Wasser zubereiten und aus der Box genie\u00dfen<br \/>\nEXOTISCHER GESCHMACK &#8211; Die Sorte Quinoa Curry punktet mit herrlich exotischem Geschmack sowie dem Kulturgetreide Quinoa.<br \/>\nKRAFT DER NATUR \u2013 Wir glauben an die Kraft der Natur \u2013 an Wind, Sonnenaufgang und Regen. Aus langj\u00e4hriger Erfahrung wissen wir um gute Zutaten und kombinieren sie zu sinnvollen Produkten<br \/>\nUMWELTFREUNDLICHE PRODUKTE \u2013 Wir achten darauf, dass unsere Verpackungen so umweltgerecht wie m\u00f6glich sind. Wir verpacken nur so viel wie n\u00f6tig und so wenig wie m\u00f6glich<br \/>\n<div class=\"main-cross-sell\" data-asin=\"B08DHT4BX8\">\n\n\t<div class=\"WooZone-cross-sell-loader\">\n\t\t<div>\n\t\t\t<div id=\"floatingBarsG\">\n\t\t\t\t<div class=\"blockG\" id=\"rotateG_01\"><\/div>\n\t\t\t\t<div class=\"blockG\" id=\"rotateG_02\"><\/div>\n\t\t\t\t<div class=\"blockG\" id=\"rotateG_03\"><\/div>\n\t\t\t\t<div class=\"blockG\" id=\"rotateG_04\"><\/div>\n\t\t\t\t<div class=\"blockG\" id=\"rotateG_05\"><\/div>\n\t\t\t\t<div class=\"blockG\" id=\"rotateG_06\"><\/div>\n\t\t\t\t<div class=\"blockG\" id=\"rotateG_07\"><\/div>\n\t\t\t\t<div class=\"blockG\" id=\"rotateG_08\"><\/div>\n\t\t\t<\/div>\n\t\t\t<div class=\"WooZone-cross-sell-loader-text\"><\/div>\n\t\t<\/div>\n\t<\/div>\n\n\t\t\n<\/div>\n<div style=\"clear:both;\"><\/div>\n","protected":false},"excerpt":{"rendered":"<p>BIO QUINOA CURRY &#8211; Die Zutaten f\u00fcr unser Lunch&#8217;n Go Quinoa Curry stammen aus kontrolliert-\u00f6kologischer Landwirtschaft<br \/>\nEINFACHE VERWENDUNG \u2013 Lunch\u2019n Go Gerichte ganz einfach mit hei\u00dfem Wasser zubereiten und aus der Box genie\u00dfen<br \/>\nEXOTISCHER GESCHMACK &#8211; Die Sorte Quinoa Curry punktet mit herrlich exotischem Geschmack sowie dem Kulturgetreide Quinoa.<\/p>\n","protected":false},"featured_media":11623,"comment_status":"open","ping_status":"closed","template":"","meta":[],"product_cat":[4146,132],"product_tag":[],"yoast_head":"<!-- This site is optimized with the Yoast SEO Premium plugin v15.4 - https:\/\/yoast.com\/wordpress\/plugins\/seo\/ -->\n<title>bioZentrale Lunch&#039;n Go Quinoa Curry, W\u00fcrzig - Vegan oder Vegetarisch<\/title>\n<meta name=\"robots\" content=\"index, follow, max-snippet:-1, max-image-preview:large, max-video-preview:-1\" \/>\n<link rel=\"canonical\" href=\"https:\/\/xn--shop-fr-vegane-und-vegetarische-kost-j0d.de\/?product=lunchn-go-quinoa-curry-bio\" \/>\n<meta property=\"og:locale\" content=\"de_DE\" \/>\n<meta property=\"og:type\" content=\"article\" \/>\n<meta property=\"og:title\" content=\"bioZentrale Lunch&#039;n Go Quinoa Curry, W\u00fcrzig - Vegan oder Vegetarisch\" \/>\n<meta property=\"og:description\" content=\"BIO QUINOA CURRY - Die Zutaten f\u00fcr unser Lunch&#039;n Go Quinoa Curry stammen aus kontrolliert-\u00f6kologischer Landwirtschaft EINFACHE VERWENDUNG \u2013 Lunch\u2019n Go Gerichte ganz einfach mit hei\u00dfem Wasser zubereiten und aus der Box genie\u00dfen EXOTISCHER GESCHMACK - Die Sorte Quinoa Curry punktet mit herrlich exotischem Geschmack sowie dem Kulturgetreide Quinoa.\" \/>\n<meta property=\"og:url\" content=\"https:\/\/xn--shop-fr-vegane-und-vegetarische-kost-j0d.de\/?product=lunchn-go-quinoa-curry-bio\" \/>\n<meta property=\"og:site_name\" content=\"Vegan oder Vegetarisch\" \/>\n<meta property=\"article:modified_time\" content=\"2023-04-08T17:02:15+00:00\" \/>\n<meta property=\"og:image\" content=\"https:\/\/images-na.ssl-images-amazon.com\/images\/I\/51zEaooHyAL.jpg\" \/>\n\t<meta property=\"og:image:width\" content=\"500\" \/>\n\t<meta property=\"og:image:height\" content=\"500\" \/>\n<meta name=\"twitter:card\" content=\"summary_large_image\" \/>\n<meta name=\"twitter:label1\" content=\"Verfasst von\">\n\t<meta name=\"twitter:data1\" content=\"Swen-Olaf Bender\">\n\t<meta name=\"twitter:label2\" content=\"Gesch\u00e4tzte Lesezeit\">\n\t<meta name=\"twitter:data2\" content=\"1\u00a0Minute\">\n<script type=\"application\/ld+json\" class=\"yoast-schema-graph\">{\"@context\":\"https:\/\/schema.org\",\"@graph\":[{\"@type\":\"WebSite\",\"@id\":\"https:\/\/xn--shop-fr-vegane-und-vegetarische-kost-j0d.de\/#website\",\"url\":\"https:\/\/xn--shop-fr-vegane-und-vegetarische-kost-j0d.de\/\",\"name\":\"Vegan oder Vegetarisch\",\"description\":\"Gesund leben, Gesund essen\",\"potentialAction\":[{\"@type\":\"SearchAction\",\"target\":\"https:\/\/xn--shop-fr-vegane-und-vegetarische-kost-j0d.de\/?s={search_term_string}\",\"query-input\":\"required name=search_term_string\"}],\"inLanguage\":\"de\"},{\"@type\":\"ImageObject\",\"@id\":\"https:\/\/xn--shop-fr-vegane-und-vegetarische-kost-j0d.de\/?product=lunchn-go-quinoa-curry-bio#primaryimage\",\"inLanguage\":\"de\",\"url\":\"https:\/\/images-na.ssl-images-amazon.com\/images\/I\/51zEaooHyAL.jpg\",\"width\":500,\"height\":500},{\"@type\":\"WebPage\",\"@id\":\"https:\/\/xn--shop-fr-vegane-und-vegetarische-kost-j0d.de\/?product=lunchn-go-quinoa-curry-bio#webpage\",\"url\":\"https:\/\/xn--shop-fr-vegane-und-vegetarische-kost-j0d.de\/?product=lunchn-go-quinoa-curry-bio\",\"name\":\"bioZentrale Lunch'n Go Quinoa Curry, W\\u00fcrzig - Vegan oder Vegetarisch\",\"isPartOf\":{\"@id\":\"https:\/\/xn--shop-fr-vegane-und-vegetarische-kost-j0d.de\/#website\"},\"primaryImageOfPage\":{\"@id\":\"https:\/\/xn--shop-fr-vegane-und-vegetarische-kost-j0d.de\/?product=lunchn-go-quinoa-curry-bio#primaryimage\"},\"datePublished\":\"2020-12-31T00:03:14+00:00\",\"dateModified\":\"2023-04-08T17:02:15+00:00\",\"inLanguage\":\"de\",\"potentialAction\":[{\"@type\":\"ReadAction\",\"target\":[\"https:\/\/xn--shop-fr-vegane-und-vegetarische-kost-j0d.de\/?product=lunchn-go-quinoa-curry-bio\"]}]}]}<\/script>\n<!-- \/ Yoast SEO Premium plugin. -->","_links":{"self":[{"href":"https:\/\/xn--shop-fr-vegane-und-vegetarische-kost-j0d.de\/index.php?rest_route=\/wp\/v2\/product\/11622"}],"collection":[{"href":"https:\/\/xn--shop-fr-vegane-und-vegetarische-kost-j0d.de\/index.php?rest_route=\/wp\/v2\/product"}],"about":[{"href":"https:\/\/xn--shop-fr-vegane-und-vegetarische-kost-j0d.de\/index.php?rest_route=\/wp\/v2\/types\/product"}],"replies":[{"embeddable":true,"href":"https:\/\/xn--shop-fr-vegane-und-vegetarische-kost-j0d.de\/index.php?rest_route=%2Fwp%2Fv2%2Fcomments&post=11622"}],"wp:featuredmedia":[{"embeddable":true,"href":"https:\/\/xn--shop-fr-vegane-und-vegetarische-kost-j0d.de\/index.php?rest_route=\/wp\/v2\/media\/11623"}],"wp:attachment":[{"href":"https:\/\/xn--shop-fr-vegane-und-vegetarische-kost-j0d.de\/index.php?rest_route=%2Fwp%2Fv2%2Fmedia&parent=11622"}],"wp:term":[{"taxonomy":"product_cat","embeddable":true,"href":"https:\/\/xn--shop-fr-vegane-und-vegetarische-kost-j0d.de\/index.php?rest_route=%2Fwp%2Fv2%2Fproduct_cat&post=11622"},{"taxonomy":"product_tag","embeddable":true,"href":"https:\/\/xn--shop-fr-vegane-und-vegetarische-kost-j0d.de\/index.php?rest_route=%2Fwp%2Fv2%2Fproduct_tag&post=11622"}],"curies":[{"name":"wp","href":"https:\/\/api.w.org\/{rel}","templated":true}]}}