{"id":11581,"date":"2020-12-31T00:02:39","date_gmt":"2020-12-31T00:02:39","guid":{"rendered":"https:\/\/xn--shop-fr-vegane-und-vegetarische-kost-j0d.de\/?product=crunchy-muesli-waldbeere-bio"},"modified":"2023-04-08T19:02:15","modified_gmt":"2023-04-08T17:02:15","slug":"crunchy-muesli-waldbeere-bio","status":"publish","type":"product","link":"https:\/\/xn--shop-fr-vegane-und-vegetarische-kost-j0d.de\/?product=crunchy-muesli-waldbeere-bio","title":{"rendered":"biozentrale M\u00fcsli Crunchy Waldbeere | 3x 375 g knuspriges Bio M\u00fcsli | Ideal zum Fr\u00fchst\u00fcck und f\u00fcr den M\u00fcslibecher to go\u2026"},"content":{"rendered":"<p><!-- show up to 2 reviews by default --> <\/p>\n<h3>Produktbeschreibung<\/h3>\n<\/p>\n<p><b>biozentrale Crunchy M\u00fcsli Waldbeere<\/b> ist ein besonders knuspriges, gebackenes Vollkorn-M\u00fcsli mit Waldbeeren &#8211; ohne Rosinen oder N\u00fcssen. Es schmeckt zum Fr\u00fchst\u00fcck oder als Zwischenmahlzeit besonders gut mit Milch, Joghurt oder Quark und in Kombination mit frischen Fr\u00fcchten oder N\u00fcssen. Auch erh\u00e4ltlich in den Sorten Crunchy M\u00fcsli Amaranth, Erdbeere, Apfel-Zimt, Ahorn-Mandel, Kokos und Schwarz-Wei\u00df. F\u00fcr den leckeren Start in den Tag!<\/p>\n<ul>\n<li>ohne Rosinen oder N\u00fcsse<\/li>\n<li>aus kontrolliert-\u00f6kologischer Landwirtschaft<\/li>\n<\/ul>\n<h3>Inhaltsstoffe \/ Zutaten<\/h3>\n<p>Zutaten: 64 % Vollkorn-HAFERflocken*, Rohrohrzucker*, Palmfett*, 9 % Vollkorn-WEIZENflocken*, Reis-Extrudat* (Reismehl*, GERSTENmalzmehl*, Meersalz), 1,8 % gefriergetrocknete Waldbeeren* (Himbeeren*, Heidelbeeren*, Erdbeeren*), WEIZENsirup*, Meersalz. *aus kontrolliert \u00f6kologischer-Landwirtschaft <\/p>\n<div data-a-expander-name=\"toggle_description\" class=\"a-row a-expander-container a-expander-extend-container\">\n<div class=\"a-expander-content a-expander-extend-content\">\n<h3>Gebrauchsanweisung<\/h3>\n<p>verzehrfertig <\/p>\n<h3>Anschrift Hersteller\/Importeur<\/h3>\n<p>D &#8211; 84384 Ulbering <\/p>\n<\/p><\/div>\n<p> <a href=\"void(0)\" data-action=\"a-expander-toggle\" class=\"a-expander-header a-declarative a-expander-extend-header\" data-a-expander-toggle=\"{\"><i class=\"a-icon a-icon-extender-expand\"><\/i><span class=\"a-expander-prompt\">Mehr<\/span><\/a> <\/div>\n<p>BIO CRUNCHY M\u00dcSLI \u2013 Die Zutaten f\u00fcr unser Crunchy M\u00fcsli mit feinen Waldbeerst\u00fcckchen stammen aus kontrolliert-\u00f6kologischer Landwirtschaft<br \/>\nBALLASTSTOFFQUELLE \u2013 Unser Crunchy M\u00fcsli Waldbeere ist eine Ballaststoffquelle und kann so einen Beitrag zu deiner ausgewogenen und abwechslungsreichen Ern\u00e4hrung leisten<br \/>\nUNSER TIPP &#8211; Genie\u00dfe unser Crunchy Waldbeere zum Fr\u00fchst\u00fcck oder als Zwischenmahlzeit \u2013 besonders gut schmeckt es mit Milch, Joghurt oder Quark.<br \/>\nKRAFT DER NATUR \u2013 Wir glauben an die Kraft der Natur \u2013 an Wind, Sonnenaufgang und Regen. Aus langj\u00e4hriger Erfahrung wissen wir um gute Zutaten und kombinieren sie zu sinnvollen Produkten<br \/>\nUMWELTFREUNDLICHE PRODUKTE \u2013 Wir achten darauf, dass unsere Verpackungen so umweltgerecht wie m\u00f6glich sind. Wir verpacken nur so viel wie n\u00f6tig und so wenig wie m\u00f6glich<br \/>\n<div class=\"main-cross-sell\" data-asin=\"B00LEC3LXG\">\n\n\t<div class=\"WooZone-cross-sell-loader\">\n\t\t<div>\n\t\t\t<div id=\"floatingBarsG\">\n\t\t\t\t<div class=\"blockG\" id=\"rotateG_01\"><\/div>\n\t\t\t\t<div class=\"blockG\" id=\"rotateG_02\"><\/div>\n\t\t\t\t<div class=\"blockG\" id=\"rotateG_03\"><\/div>\n\t\t\t\t<div class=\"blockG\" id=\"rotateG_04\"><\/div>\n\t\t\t\t<div class=\"blockG\" id=\"rotateG_05\"><\/div>\n\t\t\t\t<div class=\"blockG\" id=\"rotateG_06\"><\/div>\n\t\t\t\t<div class=\"blockG\" id=\"rotateG_07\"><\/div>\n\t\t\t\t<div class=\"blockG\" id=\"rotateG_08\"><\/div>\n\t\t\t<\/div>\n\t\t\t<div class=\"WooZone-cross-sell-loader-text\"><\/div>\n\t\t<\/div>\n\t<\/div>\n\n\t\t\n<\/div>\n<div style=\"clear:both;\"><\/div>\n","protected":false},"excerpt":{"rendered":"<p>BIO CRUNCHY M\u00dcSLI \u2013 Die Zutaten f\u00fcr unser Crunchy M\u00fcsli mit feinen Waldbeerst\u00fcckchen stammen aus kontrolliert-\u00f6kologischer Landwirtschaft<br \/>\nBALLASTSTOFFQUELLE \u2013 Unser Crunchy M\u00fcsli Waldbeere ist eine Ballaststoffquelle und kann so einen Beitrag zu deiner ausgewogenen und abwechslungsreichen Ern\u00e4hrung leisten<br \/>\nUNSER TIPP &#8211; Genie\u00dfe unser Crunchy Waldbeere zum Fr\u00fchst\u00fcck oder als Zwischenmahlzeit \u2013 besonders gut schmeckt es mit Milch, Joghurt oder Quark.<\/p>\n","protected":false},"featured_media":11582,"comment_status":"open","ping_status":"closed","template":"","meta":[],"product_cat":[4146,132],"product_tag":[],"yoast_head":"<!-- This site is optimized with the Yoast SEO Premium plugin v15.4 - https:\/\/yoast.com\/wordpress\/plugins\/seo\/ -->\n<title>biozentrale M\u00fcsli Crunchy Waldbeere | 3x 375 g knuspriges Bio M\u00fcsli | Ideal zum Fr\u00fchst\u00fcck und f\u00fcr den M\u00fcslibecher to go\u2026 - Vegan oder Vegetarisch<\/title>\n<meta name=\"robots\" content=\"index, follow, max-snippet:-1, max-image-preview:large, max-video-preview:-1\" \/>\n<link rel=\"canonical\" href=\"https:\/\/xn--shop-fr-vegane-und-vegetarische-kost-j0d.de\/?product=crunchy-muesli-waldbeere-bio\" \/>\n<meta property=\"og:locale\" content=\"de_DE\" \/>\n<meta property=\"og:type\" content=\"article\" \/>\n<meta property=\"og:title\" content=\"biozentrale M\u00fcsli Crunchy Waldbeere | 3x 375 g knuspriges Bio M\u00fcsli | Ideal zum Fr\u00fchst\u00fcck und f\u00fcr den M\u00fcslibecher to go\u2026 - Vegan oder Vegetarisch\" \/>\n<meta property=\"og:description\" content=\"BIO CRUNCHY M\u00dcSLI \u2013 Die Zutaten f\u00fcr unser Crunchy M\u00fcsli mit feinen Waldbeerst\u00fcckchen stammen aus kontrolliert-\u00f6kologischer Landwirtschaft BALLASTSTOFFQUELLE \u2013 Unser Crunchy M\u00fcsli Waldbeere ist eine Ballaststoffquelle und kann so einen Beitrag zu deiner ausgewogenen und abwechslungsreichen Ern\u00e4hrung leisten UNSER TIPP - Genie\u00dfe unser Crunchy Waldbeere zum Fr\u00fchst\u00fcck oder als Zwischenmahlzeit \u2013 besonders gut schmeckt es mit Milch, Joghurt oder Quark.\" \/>\n<meta property=\"og:url\" content=\"https:\/\/xn--shop-fr-vegane-und-vegetarische-kost-j0d.de\/?product=crunchy-muesli-waldbeere-bio\" \/>\n<meta property=\"og:site_name\" content=\"Vegan oder Vegetarisch\" \/>\n<meta property=\"article:modified_time\" content=\"2023-04-08T17:02:15+00:00\" \/>\n<meta property=\"og:image\" content=\"https:\/\/images-na.ssl-images-amazon.com\/images\/I\/41Vb-3uBd0L.jpg\" \/>\n\t<meta property=\"og:image:width\" content=\"500\" \/>\n\t<meta property=\"og:image:height\" content=\"500\" \/>\n<meta name=\"twitter:card\" content=\"summary_large_image\" \/>\n<meta name=\"twitter:label1\" content=\"Verfasst von\">\n\t<meta name=\"twitter:data1\" content=\"Swen-Olaf Bender\">\n\t<meta name=\"twitter:label2\" content=\"Gesch\u00e4tzte Lesezeit\">\n\t<meta name=\"twitter:data2\" content=\"1\u00a0Minute\">\n<script type=\"application\/ld+json\" class=\"yoast-schema-graph\">{\"@context\":\"https:\/\/schema.org\",\"@graph\":[{\"@type\":\"WebSite\",\"@id\":\"https:\/\/xn--shop-fr-vegane-und-vegetarische-kost-j0d.de\/#website\",\"url\":\"https:\/\/xn--shop-fr-vegane-und-vegetarische-kost-j0d.de\/\",\"name\":\"Vegan oder Vegetarisch\",\"description\":\"Gesund leben, Gesund essen\",\"potentialAction\":[{\"@type\":\"SearchAction\",\"target\":\"https:\/\/xn--shop-fr-vegane-und-vegetarische-kost-j0d.de\/?s={search_term_string}\",\"query-input\":\"required name=search_term_string\"}],\"inLanguage\":\"de\"},{\"@type\":\"ImageObject\",\"@id\":\"https:\/\/xn--shop-fr-vegane-und-vegetarische-kost-j0d.de\/?product=crunchy-muesli-waldbeere-bio#primaryimage\",\"inLanguage\":\"de\",\"url\":\"https:\/\/images-na.ssl-images-amazon.com\/images\/I\/41Vb-3uBd0L.jpg\",\"width\":500,\"height\":500},{\"@type\":\"WebPage\",\"@id\":\"https:\/\/xn--shop-fr-vegane-und-vegetarische-kost-j0d.de\/?product=crunchy-muesli-waldbeere-bio#webpage\",\"url\":\"https:\/\/xn--shop-fr-vegane-und-vegetarische-kost-j0d.de\/?product=crunchy-muesli-waldbeere-bio\",\"name\":\"biozentrale M\\u00fcsli Crunchy Waldbeere | 3x 375 g knuspriges Bio M\\u00fcsli | Ideal zum Fr\\u00fchst\\u00fcck und f\\u00fcr den M\\u00fcslibecher to go\\u2026 - Vegan oder Vegetarisch\",\"isPartOf\":{\"@id\":\"https:\/\/xn--shop-fr-vegane-und-vegetarische-kost-j0d.de\/#website\"},\"primaryImageOfPage\":{\"@id\":\"https:\/\/xn--shop-fr-vegane-und-vegetarische-kost-j0d.de\/?product=crunchy-muesli-waldbeere-bio#primaryimage\"},\"datePublished\":\"2020-12-31T00:02:39+00:00\",\"dateModified\":\"2023-04-08T17:02:15+00:00\",\"inLanguage\":\"de\",\"potentialAction\":[{\"@type\":\"ReadAction\",\"target\":[\"https:\/\/xn--shop-fr-vegane-und-vegetarische-kost-j0d.de\/?product=crunchy-muesli-waldbeere-bio\"]}]}]}<\/script>\n<!-- \/ Yoast SEO Premium plugin. -->","_links":{"self":[{"href":"https:\/\/xn--shop-fr-vegane-und-vegetarische-kost-j0d.de\/index.php?rest_route=\/wp\/v2\/product\/11581"}],"collection":[{"href":"https:\/\/xn--shop-fr-vegane-und-vegetarische-kost-j0d.de\/index.php?rest_route=\/wp\/v2\/product"}],"about":[{"href":"https:\/\/xn--shop-fr-vegane-und-vegetarische-kost-j0d.de\/index.php?rest_route=\/wp\/v2\/types\/product"}],"replies":[{"embeddable":true,"href":"https:\/\/xn--shop-fr-vegane-und-vegetarische-kost-j0d.de\/index.php?rest_route=%2Fwp%2Fv2%2Fcomments&post=11581"}],"wp:featuredmedia":[{"embeddable":true,"href":"https:\/\/xn--shop-fr-vegane-und-vegetarische-kost-j0d.de\/index.php?rest_route=\/wp\/v2\/media\/11582"}],"wp:attachment":[{"href":"https:\/\/xn--shop-fr-vegane-und-vegetarische-kost-j0d.de\/index.php?rest_route=%2Fwp%2Fv2%2Fmedia&parent=11581"}],"wp:term":[{"taxonomy":"product_cat","embeddable":true,"href":"https:\/\/xn--shop-fr-vegane-und-vegetarische-kost-j0d.de\/index.php?rest_route=%2Fwp%2Fv2%2Fproduct_cat&post=11581"},{"taxonomy":"product_tag","embeddable":true,"href":"https:\/\/xn--shop-fr-vegane-und-vegetarische-kost-j0d.de\/index.php?rest_route=%2Fwp%2Fv2%2Fproduct_tag&post=11581"}],"curies":[{"name":"wp","href":"https:\/\/api.w.org\/{rel}","templated":true}]}}