{"id":11566,"date":"2020-12-31T00:02:26","date_gmt":"2020-12-31T00:02:26","guid":{"rendered":"https:\/\/xn--shop-fr-vegane-und-vegetarische-kost-j0d.de\/?product=kokosbluetenzucker-bio"},"modified":"2023-04-08T19:02:14","modified_gmt":"2023-04-08T17:02:14","slug":"kokosbluetenzucker-bio","status":"publish","type":"product","link":"https:\/\/xn--shop-fr-vegane-und-vegetarische-kost-j0d.de\/?product=kokosbluetenzucker-bio","title":{"rendered":"biozentrale Kokosbl\u00fctenzucker Bio | 2x250g Kokosbl\u00fctenzucker vegan | Ideal f\u00fcr Getr\u00e4nke, Saucen &amp; Dressings\u2026"},"content":{"rendered":"<p><!-- show up to 2 reviews by default --> <\/p>\n<h3>Produktbeschreibung<\/h3>\n<p>Unser Fairtrade-zertifizierter biozentrale Kokosbl\u00fctenzucker mit feinem Karamellgeschmack wird im Rahmen eines Anbauprojektes traditionell aus dem Nektar der Kokospalme auf der indonesischen Insel Java gewonnen. Die Kraft des milden tropischen Klimas l\u00e4sst die Kokospalmen f\u00fcr unseren Kokosbl\u00fctenzucker wachsen und gedeihen \u2013 das verleiht ihm diesen einzigartigen, naturbelassenen Geschmack mit einer zarten Karamellnote. Aufgrund seiner guten L\u00f6slichkeit eignet sich unser Kokosbl\u00fctenzucker perfekt f\u00fcr Getr\u00e4nke und Geb\u00e4ck, aber auch f\u00fcr Currygerichte, Saucen und Dressings. <\/p>\n<h3>Inhaltsstoffe \/ Zutaten<\/h3>\n<p>Zutaten: Kokosbl\u00fctenzucker*. *aus kontrolliert-\u00f6kologischer Landwirtschaft <\/p>\n<div data-a-expander-name=\"toggle_description\" class=\"a-row a-expander-container a-expander-extend-container\">\n<div class=\"a-expander-content a-expander-extend-content\">\n<h3>Gebrauchsanweisung<\/h3>\n<p>verzehrfertig <\/p>\n<h3>Anschrift Hersteller\/Importeur<\/h3>\n<p>D &#8211; 84384 Ulbering <\/p>\n<\/p><\/div>\n<p> <a href=\"void(0)\" data-action=\"a-expander-toggle\" class=\"a-expander-header a-declarative a-expander-extend-header\" data-a-expander-toggle=\"{\"><i class=\"a-icon a-icon-extender-expand\"><\/i><span class=\"a-expander-prompt\">Mehr<\/span><\/a> <\/div>\n<p>BIO KOKOSBL\u00dcTENZUCKER &#8211; Die Zutaten f\u00fcr unseren biozentrale Kokosbl\u00fctenzucker stammen aus kontrolliert-\u00f6kologischer Landwirtschaft<br \/>\nFAIRTRADE &#8211; Unser Kokosbl\u00fctenzucker ist Fairtrade-zertifiziert und wird im Rahmen eines Anbauprojektes traditionell aus dem Nektar der Kokospalme auf der indonesischen Insel Java gewonnen.<br \/>\nUNSER TIPP &#8211; Verwende unseren Kokosbl\u00fctenzucker f\u00fcr Getr\u00e4nke und Geb\u00e4ck, aber auch f\u00fcr Currygerichte, Saucen und Dressings.<br \/>\nKRAFT DER NATUR \u2013 Wir glauben an die Kraft der Natur \u2013 an Wind, Sonnenaufgang und Regen. Aus langj\u00e4hriger Erfahrung wissen wir um gute Zutaten und kombinieren sie zu sinnvollen Produkten<br \/>\nUMWELTFREUNDLICHE PRODUKTE \u2013 Wir achten darauf, dass unsere Verpackungen so umweltgerecht wie m\u00f6glich sind. Wir verpacken nur so viel wie n\u00f6tig und so wenig wie m\u00f6glich<br \/>\n<div class=\"main-cross-sell\" data-asin=\"B01FM98UA0\">\n\n\t<div class=\"WooZone-cross-sell-loader\">\n\t\t<div>\n\t\t\t<div id=\"floatingBarsG\">\n\t\t\t\t<div class=\"blockG\" id=\"rotateG_01\"><\/div>\n\t\t\t\t<div class=\"blockG\" id=\"rotateG_02\"><\/div>\n\t\t\t\t<div class=\"blockG\" id=\"rotateG_03\"><\/div>\n\t\t\t\t<div class=\"blockG\" id=\"rotateG_04\"><\/div>\n\t\t\t\t<div class=\"blockG\" id=\"rotateG_05\"><\/div>\n\t\t\t\t<div class=\"blockG\" id=\"rotateG_06\"><\/div>\n\t\t\t\t<div class=\"blockG\" id=\"rotateG_07\"><\/div>\n\t\t\t\t<div class=\"blockG\" id=\"rotateG_08\"><\/div>\n\t\t\t<\/div>\n\t\t\t<div class=\"WooZone-cross-sell-loader-text\"><\/div>\n\t\t<\/div>\n\t<\/div>\n\n\t\t\n<\/div>\n<div style=\"clear:both;\"><\/div>\n","protected":false},"excerpt":{"rendered":"<p>BIO KOKOSBL\u00dcTENZUCKER &#8211; Die Zutaten f\u00fcr unseren biozentrale Kokosbl\u00fctenzucker stammen aus kontrolliert-\u00f6kologischer Landwirtschaft<br \/>\nFAIRTRADE &#8211; Unser Kokosbl\u00fctenzucker ist Fairtrade-zertifiziert und wird im Rahmen eines Anbauprojektes traditionell aus dem Nektar der Kokospalme auf der indonesischen Insel Java gewonnen.<br \/>\nUNSER TIPP &#8211; Verwende unseren Kokosbl\u00fctenzucker f\u00fcr Getr\u00e4nke und Geb\u00e4ck, aber auch f\u00fcr Currygerichte, Saucen und Dressings.<\/p>\n","protected":false},"featured_media":11567,"comment_status":"open","ping_status":"closed","template":"","meta":[],"product_cat":[4146,132],"product_tag":[],"yoast_head":"<!-- This site is optimized with the Yoast SEO Premium plugin v15.4 - https:\/\/yoast.com\/wordpress\/plugins\/seo\/ -->\n<title>biozentrale Kokosbl\u00fctenzucker Bio | 2x250g Kokosbl\u00fctenzucker vegan | Ideal f\u00fcr Getr\u00e4nke, Saucen &amp; Dressings\u2026 - Vegan oder Vegetarisch<\/title>\n<meta name=\"robots\" content=\"index, follow, max-snippet:-1, max-image-preview:large, max-video-preview:-1\" \/>\n<link rel=\"canonical\" href=\"https:\/\/xn--shop-fr-vegane-und-vegetarische-kost-j0d.de\/?product=kokosbluetenzucker-bio\" \/>\n<meta property=\"og:locale\" content=\"de_DE\" \/>\n<meta property=\"og:type\" content=\"article\" \/>\n<meta property=\"og:title\" content=\"biozentrale Kokosbl\u00fctenzucker Bio | 2x250g Kokosbl\u00fctenzucker vegan | Ideal f\u00fcr Getr\u00e4nke, Saucen &amp; Dressings\u2026 - Vegan oder Vegetarisch\" \/>\n<meta property=\"og:description\" content=\"BIO KOKOSBL\u00dcTENZUCKER - Die Zutaten f\u00fcr unseren biozentrale Kokosbl\u00fctenzucker stammen aus kontrolliert-\u00f6kologischer Landwirtschaft FAIRTRADE - Unser Kokosbl\u00fctenzucker ist Fairtrade-zertifiziert und wird im Rahmen eines Anbauprojektes traditionell aus dem Nektar der Kokospalme auf der indonesischen Insel Java gewonnen. UNSER TIPP - Verwende unseren Kokosbl\u00fctenzucker f\u00fcr Getr\u00e4nke und Geb\u00e4ck, aber auch f\u00fcr Currygerichte, Saucen und Dressings.\" \/>\n<meta property=\"og:url\" content=\"https:\/\/xn--shop-fr-vegane-und-vegetarische-kost-j0d.de\/?product=kokosbluetenzucker-bio\" \/>\n<meta property=\"og:site_name\" content=\"Vegan oder Vegetarisch\" \/>\n<meta property=\"article:modified_time\" content=\"2023-04-08T17:02:14+00:00\" \/>\n<meta property=\"og:image\" content=\"https:\/\/images-na.ssl-images-amazon.com\/images\/I\/41rvbSO3G4L.jpg\" \/>\n\t<meta property=\"og:image:width\" content=\"500\" \/>\n\t<meta property=\"og:image:height\" content=\"500\" \/>\n<meta name=\"twitter:card\" content=\"summary_large_image\" \/>\n<meta name=\"twitter:label1\" content=\"Verfasst von\">\n\t<meta name=\"twitter:data1\" content=\"Swen-Olaf Bender\">\n\t<meta name=\"twitter:label2\" content=\"Gesch\u00e4tzte Lesezeit\">\n\t<meta name=\"twitter:data2\" content=\"1\u00a0Minute\">\n<script type=\"application\/ld+json\" class=\"yoast-schema-graph\">{\"@context\":\"https:\/\/schema.org\",\"@graph\":[{\"@type\":\"WebSite\",\"@id\":\"https:\/\/xn--shop-fr-vegane-und-vegetarische-kost-j0d.de\/#website\",\"url\":\"https:\/\/xn--shop-fr-vegane-und-vegetarische-kost-j0d.de\/\",\"name\":\"Vegan oder Vegetarisch\",\"description\":\"Gesund leben, Gesund essen\",\"potentialAction\":[{\"@type\":\"SearchAction\",\"target\":\"https:\/\/xn--shop-fr-vegane-und-vegetarische-kost-j0d.de\/?s={search_term_string}\",\"query-input\":\"required name=search_term_string\"}],\"inLanguage\":\"de\"},{\"@type\":\"ImageObject\",\"@id\":\"https:\/\/xn--shop-fr-vegane-und-vegetarische-kost-j0d.de\/?product=kokosbluetenzucker-bio#primaryimage\",\"inLanguage\":\"de\",\"url\":\"https:\/\/images-na.ssl-images-amazon.com\/images\/I\/41rvbSO3G4L.jpg\",\"width\":500,\"height\":500},{\"@type\":\"WebPage\",\"@id\":\"https:\/\/xn--shop-fr-vegane-und-vegetarische-kost-j0d.de\/?product=kokosbluetenzucker-bio#webpage\",\"url\":\"https:\/\/xn--shop-fr-vegane-und-vegetarische-kost-j0d.de\/?product=kokosbluetenzucker-bio\",\"name\":\"biozentrale Kokosbl\\u00fctenzucker Bio | 2x250g Kokosbl\\u00fctenzucker vegan | Ideal f\\u00fcr Getr\\u00e4nke, Saucen &amp; Dressings\\u2026 - Vegan oder Vegetarisch\",\"isPartOf\":{\"@id\":\"https:\/\/xn--shop-fr-vegane-und-vegetarische-kost-j0d.de\/#website\"},\"primaryImageOfPage\":{\"@id\":\"https:\/\/xn--shop-fr-vegane-und-vegetarische-kost-j0d.de\/?product=kokosbluetenzucker-bio#primaryimage\"},\"datePublished\":\"2020-12-31T00:02:26+00:00\",\"dateModified\":\"2023-04-08T17:02:14+00:00\",\"inLanguage\":\"de\",\"potentialAction\":[{\"@type\":\"ReadAction\",\"target\":[\"https:\/\/xn--shop-fr-vegane-und-vegetarische-kost-j0d.de\/?product=kokosbluetenzucker-bio\"]}]}]}<\/script>\n<!-- \/ Yoast SEO Premium plugin. -->","_links":{"self":[{"href":"https:\/\/xn--shop-fr-vegane-und-vegetarische-kost-j0d.de\/index.php?rest_route=\/wp\/v2\/product\/11566"}],"collection":[{"href":"https:\/\/xn--shop-fr-vegane-und-vegetarische-kost-j0d.de\/index.php?rest_route=\/wp\/v2\/product"}],"about":[{"href":"https:\/\/xn--shop-fr-vegane-und-vegetarische-kost-j0d.de\/index.php?rest_route=\/wp\/v2\/types\/product"}],"replies":[{"embeddable":true,"href":"https:\/\/xn--shop-fr-vegane-und-vegetarische-kost-j0d.de\/index.php?rest_route=%2Fwp%2Fv2%2Fcomments&post=11566"}],"wp:featuredmedia":[{"embeddable":true,"href":"https:\/\/xn--shop-fr-vegane-und-vegetarische-kost-j0d.de\/index.php?rest_route=\/wp\/v2\/media\/11567"}],"wp:attachment":[{"href":"https:\/\/xn--shop-fr-vegane-und-vegetarische-kost-j0d.de\/index.php?rest_route=%2Fwp%2Fv2%2Fmedia&parent=11566"}],"wp:term":[{"taxonomy":"product_cat","embeddable":true,"href":"https:\/\/xn--shop-fr-vegane-und-vegetarische-kost-j0d.de\/index.php?rest_route=%2Fwp%2Fv2%2Fproduct_cat&post=11566"},{"taxonomy":"product_tag","embeddable":true,"href":"https:\/\/xn--shop-fr-vegane-und-vegetarische-kost-j0d.de\/index.php?rest_route=%2Fwp%2Fv2%2Fproduct_tag&post=11566"}],"curies":[{"name":"wp","href":"https:\/\/api.w.org\/{rel}","templated":true}]}}