{"id":11513,"date":"2020-12-30T23:55:21","date_gmt":"2020-12-30T23:55:21","guid":{"rendered":"https:\/\/xn--shop-fr-vegane-und-vegetarische-kost-j0d.de\/?product=biovegan-bio-kuchenbackmischung-schoko-bio-1-x-380-gr"},"modified":"2023-04-08T19:02:14","modified_gmt":"2023-04-08T17:02:14","slug":"biovegan-bio-kuchenbackmischung-schoko-bio-1-x-380-gr","status":"publish","type":"product","link":"https:\/\/xn--shop-fr-vegane-und-vegetarische-kost-j0d.de\/?product=biovegan-bio-kuchenbackmischung-schoko-bio-1-x-380-gr","title":{"rendered":"Biovegan Bio Kuchenbackmischung Schoko, BIO (1 x 380 gr)"},"content":{"rendered":"<p><!-- show up to 2 reviews by default --> <\/p>\n<p>DetailsEinfache und schnelle Zubereitung aller BackmischungenEinfache Darstellung der Zubereitung mit Hilfe von Piktogrammen statt langen TextenGelingsicherAuch f\u00fcr Backanf\u00e4nger geeignetSie brauchen selbst nur hinzuzuf\u00fcgen: \u00d6l, Wasser. (Es werden keine zus\u00e4tzlichen Zutaten wie Hefe, Eier, Margarine, Zucker o.\u00e4. wie bei anderen Backmischungen ben\u00f6tigt.)Zubereitung von SchokokuchenZubereitung- Backform (20 cm) einfetten. &#8211; Backmischung mit 100 ml \u00d6l und 200 ml Mineralwasser f\u00fcr ca. 2 Minuten verr\u00fchren. &#8211; Schokost\u00fccke unterheben. &#8211; Masse in die Form geben.BackenForm auf untere Schiene in vorgeheizten Ofen stellen und bei Umluft 180\u00b0 C 45 Minuten oder bei Ober- und Unterhitze 180\u00b0 C 55 Minuten backen lassenAbk\u00fchlen Kuchen in der Form ca. 15 Minuten abk\u00fchlen lassen, danach st\u00fcrzen und ausk\u00fchlen lassen.ZutatenReismehl*, Rohrohrzucker*, Maisst\u00e4rke*, 7,6% Kakao*, Backpulver* (Maisst\u00e4rke*, S\u00e4uerungsmittel: Kaliumtartrate\u00b9, Backtriebmittel: Natriumcarbonate), Verdickungsmittel: Johannisbrotkernmehl*, Himalayasalz\u00b2, Bourbon-Vanille*. Zutaten Schokost\u00fccke: Zartbitterkuvert\u00fcre*\u00b3 (Rohrohrzucker*, Kakaomasse*, Kakaobutter*).*aus kontrolliert biologischem Anbau\u00b9Weinstein\u00b2aus der Salt Range in Pakistan\u00b3Kakao: 56% mindestensN\u00e4hrwerte &amp; Analyseergebnisse bezogen auf 100 gEnergie:1673 kJ \/ 400 kcalFett:20 g davon ges\u00e4ttigte Fetts\u00e4uren:3,9 gKohlenhydrate:51 g davon Zucker:25 gBallaststoffe:2,9 gEiwei\u00df:3,2 gSalz:0,48 g <\/p>\n<p>Hochwertige Kuchen-Backmischung mit extra gro\u00dfen Schokost\u00fccken., Es hei\u00dft Schokolade macht gl\u00fccklich. Und zum Gl\u00fcck gibts den Schokokuchen von Biovegan. Schmeckt schokoladissimo. Super-saftig, vegan und glutenfrei., Gelingt im Nu., Inhalt: 380 g<br \/>\n<div class=\"main-cross-sell\" data-asin=\"B07DMJPR1D\">\n\n\t<div class=\"WooZone-cross-sell-loader\">\n\t\t<div>\n\t\t\t<div id=\"floatingBarsG\">\n\t\t\t\t<div class=\"blockG\" id=\"rotateG_01\"><\/div>\n\t\t\t\t<div class=\"blockG\" id=\"rotateG_02\"><\/div>\n\t\t\t\t<div class=\"blockG\" id=\"rotateG_03\"><\/div>\n\t\t\t\t<div class=\"blockG\" id=\"rotateG_04\"><\/div>\n\t\t\t\t<div class=\"blockG\" id=\"rotateG_05\"><\/div>\n\t\t\t\t<div class=\"blockG\" id=\"rotateG_06\"><\/div>\n\t\t\t\t<div class=\"blockG\" id=\"rotateG_07\"><\/div>\n\t\t\t\t<div class=\"blockG\" id=\"rotateG_08\"><\/div>\n\t\t\t<\/div>\n\t\t\t<div class=\"WooZone-cross-sell-loader-text\"><\/div>\n\t\t<\/div>\n\t<\/div>\n\n\t\t\n<\/div>\n<div style=\"clear:both;\"><\/div>\n","protected":false},"excerpt":{"rendered":"<p>Hochwertige Kuchen-Backmischung mit extra gro\u00dfen Schokost\u00fccken., Es hei\u00dft Schokolade macht gl\u00fccklich. Und zum Gl\u00fcck gibts den Schokokuchen von Biovegan. Schmeckt schokoladissimo. Super-saftig, vegan und glutenfrei., Gelingt im Nu., Inhalt: 380 g<\/p>\n","protected":false},"featured_media":11514,"comment_status":"open","ping_status":"closed","template":"","meta":[],"product_cat":[4146,136],"product_tag":[],"yoast_head":"<!-- This site is optimized with the Yoast SEO Premium plugin v15.4 - https:\/\/yoast.com\/wordpress\/plugins\/seo\/ -->\n<title>Biovegan Bio Kuchenbackmischung Schoko, BIO (1 x 380 gr) - Vegan oder Vegetarisch<\/title>\n<meta name=\"robots\" content=\"index, follow, max-snippet:-1, max-image-preview:large, max-video-preview:-1\" \/>\n<link rel=\"canonical\" href=\"https:\/\/xn--shop-fr-vegane-und-vegetarische-kost-j0d.de\/?product=biovegan-bio-kuchenbackmischung-schoko-bio-1-x-380-gr\" \/>\n<meta property=\"og:locale\" content=\"de_DE\" \/>\n<meta property=\"og:type\" content=\"article\" \/>\n<meta property=\"og:title\" content=\"Biovegan Bio Kuchenbackmischung Schoko, BIO (1 x 380 gr) - Vegan oder Vegetarisch\" \/>\n<meta property=\"og:description\" content=\"Hochwertige Kuchen-Backmischung mit extra gro\u00dfen Schokost\u00fccken., Es hei\u00dft Schokolade macht gl\u00fccklich. Und zum Gl\u00fcck gibts den Schokokuchen von Biovegan. Schmeckt schokoladissimo. Super-saftig, vegan und glutenfrei., Gelingt im Nu., Inhalt: 380 g\" \/>\n<meta property=\"og:url\" content=\"https:\/\/xn--shop-fr-vegane-und-vegetarische-kost-j0d.de\/?product=biovegan-bio-kuchenbackmischung-schoko-bio-1-x-380-gr\" \/>\n<meta property=\"og:site_name\" content=\"Vegan oder Vegetarisch\" \/>\n<meta property=\"article:modified_time\" content=\"2023-04-08T17:02:14+00:00\" \/>\n<meta property=\"og:image\" content=\"https:\/\/images-na.ssl-images-amazon.com\/images\/I\/512qey-z3HL.jpg\" \/>\n\t<meta property=\"og:image:width\" content=\"500\" \/>\n\t<meta property=\"og:image:height\" content=\"500\" \/>\n<meta name=\"twitter:card\" content=\"summary_large_image\" \/>\n<meta name=\"twitter:label1\" content=\"Verfasst von\">\n\t<meta name=\"twitter:data1\" content=\"Swen-Olaf Bender\">\n\t<meta name=\"twitter:label2\" content=\"Gesch\u00e4tzte Lesezeit\">\n\t<meta name=\"twitter:data2\" content=\"1\u00a0Minute\">\n<script type=\"application\/ld+json\" class=\"yoast-schema-graph\">{\"@context\":\"https:\/\/schema.org\",\"@graph\":[{\"@type\":\"WebSite\",\"@id\":\"https:\/\/xn--shop-fr-vegane-und-vegetarische-kost-j0d.de\/#website\",\"url\":\"https:\/\/xn--shop-fr-vegane-und-vegetarische-kost-j0d.de\/\",\"name\":\"Vegan oder Vegetarisch\",\"description\":\"Gesund leben, Gesund essen\",\"potentialAction\":[{\"@type\":\"SearchAction\",\"target\":\"https:\/\/xn--shop-fr-vegane-und-vegetarische-kost-j0d.de\/?s={search_term_string}\",\"query-input\":\"required name=search_term_string\"}],\"inLanguage\":\"de\"},{\"@type\":\"ImageObject\",\"@id\":\"https:\/\/xn--shop-fr-vegane-und-vegetarische-kost-j0d.de\/?product=biovegan-bio-kuchenbackmischung-schoko-bio-1-x-380-gr#primaryimage\",\"inLanguage\":\"de\",\"url\":\"https:\/\/images-na.ssl-images-amazon.com\/images\/I\/512qey-z3HL.jpg\",\"width\":500,\"height\":500},{\"@type\":\"WebPage\",\"@id\":\"https:\/\/xn--shop-fr-vegane-und-vegetarische-kost-j0d.de\/?product=biovegan-bio-kuchenbackmischung-schoko-bio-1-x-380-gr#webpage\",\"url\":\"https:\/\/xn--shop-fr-vegane-und-vegetarische-kost-j0d.de\/?product=biovegan-bio-kuchenbackmischung-schoko-bio-1-x-380-gr\",\"name\":\"Biovegan Bio Kuchenbackmischung Schoko, BIO (1 x 380 gr) - Vegan oder Vegetarisch\",\"isPartOf\":{\"@id\":\"https:\/\/xn--shop-fr-vegane-und-vegetarische-kost-j0d.de\/#website\"},\"primaryImageOfPage\":{\"@id\":\"https:\/\/xn--shop-fr-vegane-und-vegetarische-kost-j0d.de\/?product=biovegan-bio-kuchenbackmischung-schoko-bio-1-x-380-gr#primaryimage\"},\"datePublished\":\"2020-12-30T23:55:21+00:00\",\"dateModified\":\"2023-04-08T17:02:14+00:00\",\"inLanguage\":\"de\",\"potentialAction\":[{\"@type\":\"ReadAction\",\"target\":[\"https:\/\/xn--shop-fr-vegane-und-vegetarische-kost-j0d.de\/?product=biovegan-bio-kuchenbackmischung-schoko-bio-1-x-380-gr\"]}]}]}<\/script>\n<!-- \/ Yoast SEO Premium plugin. -->","_links":{"self":[{"href":"https:\/\/xn--shop-fr-vegane-und-vegetarische-kost-j0d.de\/index.php?rest_route=\/wp\/v2\/product\/11513"}],"collection":[{"href":"https:\/\/xn--shop-fr-vegane-und-vegetarische-kost-j0d.de\/index.php?rest_route=\/wp\/v2\/product"}],"about":[{"href":"https:\/\/xn--shop-fr-vegane-und-vegetarische-kost-j0d.de\/index.php?rest_route=\/wp\/v2\/types\/product"}],"replies":[{"embeddable":true,"href":"https:\/\/xn--shop-fr-vegane-und-vegetarische-kost-j0d.de\/index.php?rest_route=%2Fwp%2Fv2%2Fcomments&post=11513"}],"wp:featuredmedia":[{"embeddable":true,"href":"https:\/\/xn--shop-fr-vegane-und-vegetarische-kost-j0d.de\/index.php?rest_route=\/wp\/v2\/media\/11514"}],"wp:attachment":[{"href":"https:\/\/xn--shop-fr-vegane-und-vegetarische-kost-j0d.de\/index.php?rest_route=%2Fwp%2Fv2%2Fmedia&parent=11513"}],"wp:term":[{"taxonomy":"product_cat","embeddable":true,"href":"https:\/\/xn--shop-fr-vegane-und-vegetarische-kost-j0d.de\/index.php?rest_route=%2Fwp%2Fv2%2Fproduct_cat&post=11513"},{"taxonomy":"product_tag","embeddable":true,"href":"https:\/\/xn--shop-fr-vegane-und-vegetarische-kost-j0d.de\/index.php?rest_route=%2Fwp%2Fv2%2Fproduct_tag&post=11513"}],"curies":[{"name":"wp","href":"https:\/\/api.w.org\/{rel}","templated":true}]}}