{"id":11507,"date":"2020-12-30T23:55:18","date_gmt":"2020-12-30T23:55:18","guid":{"rendered":"https:\/\/xn--shop-fr-vegane-und-vegetarische-kost-j0d.de\/?product=biovegan-bio-kuchenbackmischung-zitrone-bio-1-x-430-gr"},"modified":"2023-04-08T19:02:14","modified_gmt":"2023-04-08T17:02:14","slug":"biovegan-bio-kuchenbackmischung-zitrone-bio-1-x-430-gr","status":"publish","type":"product","link":"https:\/\/xn--shop-fr-vegane-und-vegetarische-kost-j0d.de\/?product=biovegan-bio-kuchenbackmischung-zitrone-bio-1-x-430-gr","title":{"rendered":"Biovegan Bio Kuchenbackmischung Zitrone, BIO (1 x 430 gr)"},"content":{"rendered":"<p><!-- show up to 2 reviews by default --> <\/p>\n<h3>Produktbeschreibungen<\/h3>\n<p>Verarbeitung: Zitruss\u00fc\u00dfe Schnitte oder lockerluftige Zitronenmuffins. Du willst sie. Du bekommst sie. Saftig und fruchtig mit extra Zitronengeschmack. Vegan und glutenfrei. Im R\u00fchrl\u00f6ffelumdrehen fertig. Lass Dich sanft verf\u00fchren. Zertifizierung\/enEU Bio-Siegel <\/p>\n<h3>Inhaltsstoffe \/ Zutaten<\/h3>\n<p>Zutaten Backmischung: Reismehl, Rohrohrzucker, Maisst\u00e4rke, Reisgrie\u00df, Maismehl, Backpulver Tapiokast\u00e4rke, Backtriebmittel: Natriumcarbonate; S\u00e4uerungsmittel: Kaliumtartrate; Zitronensaftpulver, Verdickungsmittel: Guarkernmehl, S\u00dcSSLUPINENMEHL, Verdickungsmittel: Johannisbrotkernmehl; 1,4 % Zitronensaftpulver Zitronensaft, Maltodextrin, 0,4 % Zitronenschalen, Salz, <\/p>\n<div data-a-expander-name=\"toggle_description\" class=\"a-row a-expander-container a-expander-extend-container\">\n<div class=\"a-expander-content a-expander-extend-content\">\n<h3>Gebrauchsanweisung<\/h3>\n<p>Einfache und schnelle Zubereitung aller BackmischungenEinfache Darstellung der Zubereitung mit Hilfe von Piktogrammen statt langen TextenGelingsicherAuch f\u00fcr Backanf\u00e4nger geeignet Es sind je nach Produkt nur Mineralwasser, Apfelessig und\/oder \u00d6l als Zugabe vom Kunden hinzuzuf\u00fcgen es werden keine zus\u00e4tzlichen Zutaten wie Hefe, Eier, Margarine, Zucker o.\u00e4. wie bei anderen Backmischungen ben\u00f6tigt. <\/p>\n<h3>Anschrift Hersteller\/Importeur<\/h3>\n<p>Biovegan GmbH; Biovegan-Allee; 56579 Bonefeld <\/p>\n<\/p><\/div>\n<p> <a href=\"void(0)\" data-action=\"a-expander-toggle\" class=\"a-expander-header a-declarative a-expander-extend-header\" data-a-expander-toggle=\"{\"><i class=\"a-icon a-icon-extender-expand\"><\/i><span class=\"a-expander-prompt\">Mehr<\/span><\/a> <\/div>\n<p>Verpackungsmenge: (1 x 430 gr)<br \/>\nBio-Zertifizierung:<br \/>\n<div class=\"main-cross-sell\" data-asin=\"B07DMHPMP2\">\n\n\t<div class=\"WooZone-cross-sell-loader\">\n\t\t<div>\n\t\t\t<div id=\"floatingBarsG\">\n\t\t\t\t<div class=\"blockG\" id=\"rotateG_01\"><\/div>\n\t\t\t\t<div class=\"blockG\" id=\"rotateG_02\"><\/div>\n\t\t\t\t<div class=\"blockG\" id=\"rotateG_03\"><\/div>\n\t\t\t\t<div class=\"blockG\" id=\"rotateG_04\"><\/div>\n\t\t\t\t<div class=\"blockG\" id=\"rotateG_05\"><\/div>\n\t\t\t\t<div class=\"blockG\" id=\"rotateG_06\"><\/div>\n\t\t\t\t<div class=\"blockG\" id=\"rotateG_07\"><\/div>\n\t\t\t\t<div class=\"blockG\" id=\"rotateG_08\"><\/div>\n\t\t\t<\/div>\n\t\t\t<div class=\"WooZone-cross-sell-loader-text\"><\/div>\n\t\t<\/div>\n\t<\/div>\n\n\t\t\n<\/div>\n<div style=\"clear:both;\"><\/div>\n","protected":false},"excerpt":{"rendered":"<p>Verpackungsmenge: (1 x 430 gr)<br \/>\nBio-Zertifizierung:<\/p>\n","protected":false},"featured_media":11508,"comment_status":"open","ping_status":"closed","template":"","meta":[],"product_cat":[4146,136],"product_tag":[],"yoast_head":"<!-- This site is optimized with the Yoast SEO Premium plugin v15.4 - https:\/\/yoast.com\/wordpress\/plugins\/seo\/ -->\n<title>Biovegan Bio Kuchenbackmischung Zitrone, BIO (1 x 430 gr) - Vegan oder Vegetarisch<\/title>\n<meta name=\"robots\" content=\"index, follow, max-snippet:-1, max-image-preview:large, max-video-preview:-1\" \/>\n<link rel=\"canonical\" href=\"https:\/\/xn--shop-fr-vegane-und-vegetarische-kost-j0d.de\/?product=biovegan-bio-kuchenbackmischung-zitrone-bio-1-x-430-gr\" \/>\n<meta property=\"og:locale\" content=\"de_DE\" \/>\n<meta property=\"og:type\" content=\"article\" \/>\n<meta property=\"og:title\" content=\"Biovegan Bio Kuchenbackmischung Zitrone, BIO (1 x 430 gr) - Vegan oder Vegetarisch\" \/>\n<meta property=\"og:description\" content=\"Verpackungsmenge: (1 x 430 gr) Bio-Zertifizierung:\" \/>\n<meta property=\"og:url\" content=\"https:\/\/xn--shop-fr-vegane-und-vegetarische-kost-j0d.de\/?product=biovegan-bio-kuchenbackmischung-zitrone-bio-1-x-430-gr\" \/>\n<meta property=\"og:site_name\" content=\"Vegan oder Vegetarisch\" \/>\n<meta property=\"article:modified_time\" content=\"2023-04-08T17:02:14+00:00\" \/>\n<meta property=\"og:image\" content=\"https:\/\/images-na.ssl-images-amazon.com\/images\/I\/51VTaUBEVzL.jpg\" \/>\n\t<meta property=\"og:image:width\" content=\"500\" \/>\n\t<meta property=\"og:image:height\" content=\"500\" \/>\n<meta name=\"twitter:card\" content=\"summary_large_image\" \/>\n<meta name=\"twitter:label1\" content=\"Verfasst von\">\n\t<meta name=\"twitter:data1\" content=\"Swen-Olaf Bender\">\n\t<meta name=\"twitter:label2\" content=\"Gesch\u00e4tzte Lesezeit\">\n\t<meta name=\"twitter:data2\" content=\"1\u00a0Minute\">\n<script type=\"application\/ld+json\" class=\"yoast-schema-graph\">{\"@context\":\"https:\/\/schema.org\",\"@graph\":[{\"@type\":\"WebSite\",\"@id\":\"https:\/\/xn--shop-fr-vegane-und-vegetarische-kost-j0d.de\/#website\",\"url\":\"https:\/\/xn--shop-fr-vegane-und-vegetarische-kost-j0d.de\/\",\"name\":\"Vegan oder Vegetarisch\",\"description\":\"Gesund leben, Gesund essen\",\"potentialAction\":[{\"@type\":\"SearchAction\",\"target\":\"https:\/\/xn--shop-fr-vegane-und-vegetarische-kost-j0d.de\/?s={search_term_string}\",\"query-input\":\"required name=search_term_string\"}],\"inLanguage\":\"de\"},{\"@type\":\"ImageObject\",\"@id\":\"https:\/\/xn--shop-fr-vegane-und-vegetarische-kost-j0d.de\/?product=biovegan-bio-kuchenbackmischung-zitrone-bio-1-x-430-gr#primaryimage\",\"inLanguage\":\"de\",\"url\":\"https:\/\/images-na.ssl-images-amazon.com\/images\/I\/51VTaUBEVzL.jpg\",\"width\":500,\"height\":500},{\"@type\":\"WebPage\",\"@id\":\"https:\/\/xn--shop-fr-vegane-und-vegetarische-kost-j0d.de\/?product=biovegan-bio-kuchenbackmischung-zitrone-bio-1-x-430-gr#webpage\",\"url\":\"https:\/\/xn--shop-fr-vegane-und-vegetarische-kost-j0d.de\/?product=biovegan-bio-kuchenbackmischung-zitrone-bio-1-x-430-gr\",\"name\":\"Biovegan Bio Kuchenbackmischung Zitrone, BIO (1 x 430 gr) - Vegan oder Vegetarisch\",\"isPartOf\":{\"@id\":\"https:\/\/xn--shop-fr-vegane-und-vegetarische-kost-j0d.de\/#website\"},\"primaryImageOfPage\":{\"@id\":\"https:\/\/xn--shop-fr-vegane-und-vegetarische-kost-j0d.de\/?product=biovegan-bio-kuchenbackmischung-zitrone-bio-1-x-430-gr#primaryimage\"},\"datePublished\":\"2020-12-30T23:55:18+00:00\",\"dateModified\":\"2023-04-08T17:02:14+00:00\",\"inLanguage\":\"de\",\"potentialAction\":[{\"@type\":\"ReadAction\",\"target\":[\"https:\/\/xn--shop-fr-vegane-und-vegetarische-kost-j0d.de\/?product=biovegan-bio-kuchenbackmischung-zitrone-bio-1-x-430-gr\"]}]}]}<\/script>\n<!-- \/ Yoast SEO Premium plugin. -->","_links":{"self":[{"href":"https:\/\/xn--shop-fr-vegane-und-vegetarische-kost-j0d.de\/index.php?rest_route=\/wp\/v2\/product\/11507"}],"collection":[{"href":"https:\/\/xn--shop-fr-vegane-und-vegetarische-kost-j0d.de\/index.php?rest_route=\/wp\/v2\/product"}],"about":[{"href":"https:\/\/xn--shop-fr-vegane-und-vegetarische-kost-j0d.de\/index.php?rest_route=\/wp\/v2\/types\/product"}],"replies":[{"embeddable":true,"href":"https:\/\/xn--shop-fr-vegane-und-vegetarische-kost-j0d.de\/index.php?rest_route=%2Fwp%2Fv2%2Fcomments&post=11507"}],"wp:featuredmedia":[{"embeddable":true,"href":"https:\/\/xn--shop-fr-vegane-und-vegetarische-kost-j0d.de\/index.php?rest_route=\/wp\/v2\/media\/11508"}],"wp:attachment":[{"href":"https:\/\/xn--shop-fr-vegane-und-vegetarische-kost-j0d.de\/index.php?rest_route=%2Fwp%2Fv2%2Fmedia&parent=11507"}],"wp:term":[{"taxonomy":"product_cat","embeddable":true,"href":"https:\/\/xn--shop-fr-vegane-und-vegetarische-kost-j0d.de\/index.php?rest_route=%2Fwp%2Fv2%2Fproduct_cat&post=11507"},{"taxonomy":"product_tag","embeddable":true,"href":"https:\/\/xn--shop-fr-vegane-und-vegetarische-kost-j0d.de\/index.php?rest_route=%2Fwp%2Fv2%2Fproduct_tag&post=11507"}],"curies":[{"name":"wp","href":"https:\/\/api.w.org\/{rel}","templated":true}]}}