{"id":11452,"date":"2020-12-30T23:54:47","date_gmt":"2020-12-30T23:54:47","guid":{"rendered":"https:\/\/xn--shop-fr-vegane-und-vegetarische-kost-j0d.de\/?product=biovegan-bio-vanille-sossen-zauber-bio-1-x-38-gr"},"modified":"2023-04-08T19:02:12","modified_gmt":"2023-04-08T17:02:12","slug":"biovegan-bio-vanille-sossen-zauber-bio-1-x-38-gr","status":"publish","type":"product","link":"https:\/\/xn--shop-fr-vegane-und-vegetarische-kost-j0d.de\/?product=biovegan-bio-vanille-sossen-zauber-bio-1-x-38-gr","title":{"rendered":"Biovegan Bio Vanille So\u00dfen Zauber, BIO (1 x 38 gr)"},"content":{"rendered":"<p><!-- show up to 2 reviews by default --> <\/p>\n<h3>Produktbeschreibungen<\/h3>\n<p>Echte BIO-Bourbon-Vanille bringt den cremigen Geschmack von Biovegan Vanille So\u00dfen Zauber voll zur Geltung. Ideal zu Apfelstrudel, Eis und frischen Fr\u00fcchten. Nat\u00fcrlich frei von k\u00fcnstlichen Aromen, Geschmacksverst\u00e4rkern, Laktose und Gluten.<\/p>\n<p>Energie kJ \/ kcal: 1546 kJ \/ 364 kcal<br \/>Fett: 1,3 g<br \/>davon ges\u00e4ttigte Fetts\u00e4uren: <!--0-->Kohlenhydrate: 87,5 g<br \/>davon Zucker: 0,4 g<br \/>Ballaststoffe: 0,4 g<br \/>Eiwei\u00df: 0,4 g<br \/>Salz: 1,3 g<br \/>Ermittlung der N\u00e4hrwerte durch: Berechnung <\/p>\n<h3>Inhaltsstoffe \/ Zutaten<\/h3>\n<p>Maisst\u00e4rke*, Bourbon-Vanille* (2,7%), Himalayasalz1, Kurkuma*, * aus kontrolliert biologischem Anbau 1 aus der Salt Range in Pakistan<br \/> * = Zutaten aus \u00f6kol. Landbau, ** = Zutaten aus biol.dynamischem Anbau <\/p>\n<p>vegan<br \/>\nlaktosefrei<br \/>\nmilchfrei<br \/>\neifrei<br \/>\nvegetarisch<br \/>\n<div class=\"main-cross-sell\" data-asin=\"B004IRPCRM\">\n\n\t<div class=\"WooZone-cross-sell-loader\">\n\t\t<div>\n\t\t\t<div id=\"floatingBarsG\">\n\t\t\t\t<div class=\"blockG\" id=\"rotateG_01\"><\/div>\n\t\t\t\t<div class=\"blockG\" id=\"rotateG_02\"><\/div>\n\t\t\t\t<div class=\"blockG\" id=\"rotateG_03\"><\/div>\n\t\t\t\t<div class=\"blockG\" id=\"rotateG_04\"><\/div>\n\t\t\t\t<div class=\"blockG\" id=\"rotateG_05\"><\/div>\n\t\t\t\t<div class=\"blockG\" id=\"rotateG_06\"><\/div>\n\t\t\t\t<div class=\"blockG\" id=\"rotateG_07\"><\/div>\n\t\t\t\t<div class=\"blockG\" id=\"rotateG_08\"><\/div>\n\t\t\t<\/div>\n\t\t\t<div class=\"WooZone-cross-sell-loader-text\"><\/div>\n\t\t<\/div>\n\t<\/div>\n\n\t\t\n<\/div>\n<div style=\"clear:both;\"><\/div>\n","protected":false},"excerpt":{"rendered":"<p>vegan<br \/>\nlaktosefrei<br \/>\nmilchfrei<\/p>\n","protected":false},"featured_media":11453,"comment_status":"open","ping_status":"closed","template":"","meta":[],"product_cat":[4146,136],"product_tag":[],"yoast_head":"<!-- This site is optimized with the Yoast SEO Premium plugin v15.4 - https:\/\/yoast.com\/wordpress\/plugins\/seo\/ -->\n<title>Biovegan Bio Vanille So\u00dfen Zauber, BIO (1 x 38 gr) - Vegan oder Vegetarisch<\/title>\n<meta name=\"robots\" content=\"index, follow, max-snippet:-1, max-image-preview:large, max-video-preview:-1\" \/>\n<link rel=\"canonical\" href=\"https:\/\/xn--shop-fr-vegane-und-vegetarische-kost-j0d.de\/?product=biovegan-bio-vanille-sossen-zauber-bio-1-x-38-gr\" \/>\n<meta property=\"og:locale\" content=\"de_DE\" \/>\n<meta property=\"og:type\" content=\"article\" \/>\n<meta property=\"og:title\" content=\"Biovegan Bio Vanille So\u00dfen Zauber, BIO (1 x 38 gr) - Vegan oder Vegetarisch\" \/>\n<meta property=\"og:description\" content=\"vegan laktosefrei milchfrei\" \/>\n<meta property=\"og:url\" content=\"https:\/\/xn--shop-fr-vegane-und-vegetarische-kost-j0d.de\/?product=biovegan-bio-vanille-sossen-zauber-bio-1-x-38-gr\" \/>\n<meta property=\"og:site_name\" content=\"Vegan oder Vegetarisch\" \/>\n<meta property=\"article:modified_time\" content=\"2023-04-08T17:02:12+00:00\" \/>\n<meta property=\"og:image\" content=\"https:\/\/images-na.ssl-images-amazon.com\/images\/I\/51wPKJjmnBL.jpg\" \/>\n\t<meta property=\"og:image:width\" content=\"500\" \/>\n\t<meta property=\"og:image:height\" content=\"500\" \/>\n<meta name=\"twitter:card\" content=\"summary_large_image\" \/>\n<meta name=\"twitter:label1\" content=\"Verfasst von\">\n\t<meta name=\"twitter:data1\" content=\"Swen-Olaf Bender\">\n\t<meta name=\"twitter:label2\" content=\"Gesch\u00e4tzte Lesezeit\">\n\t<meta name=\"twitter:data2\" content=\"0\u00a0Minuten\">\n<script type=\"application\/ld+json\" class=\"yoast-schema-graph\">{\"@context\":\"https:\/\/schema.org\",\"@graph\":[{\"@type\":\"WebSite\",\"@id\":\"https:\/\/xn--shop-fr-vegane-und-vegetarische-kost-j0d.de\/#website\",\"url\":\"https:\/\/xn--shop-fr-vegane-und-vegetarische-kost-j0d.de\/\",\"name\":\"Vegan oder Vegetarisch\",\"description\":\"Gesund leben, Gesund essen\",\"potentialAction\":[{\"@type\":\"SearchAction\",\"target\":\"https:\/\/xn--shop-fr-vegane-und-vegetarische-kost-j0d.de\/?s={search_term_string}\",\"query-input\":\"required name=search_term_string\"}],\"inLanguage\":\"de\"},{\"@type\":\"ImageObject\",\"@id\":\"https:\/\/xn--shop-fr-vegane-und-vegetarische-kost-j0d.de\/?product=biovegan-bio-vanille-sossen-zauber-bio-1-x-38-gr#primaryimage\",\"inLanguage\":\"de\",\"url\":\"https:\/\/images-na.ssl-images-amazon.com\/images\/I\/51wPKJjmnBL.jpg\",\"width\":500,\"height\":500},{\"@type\":\"WebPage\",\"@id\":\"https:\/\/xn--shop-fr-vegane-und-vegetarische-kost-j0d.de\/?product=biovegan-bio-vanille-sossen-zauber-bio-1-x-38-gr#webpage\",\"url\":\"https:\/\/xn--shop-fr-vegane-und-vegetarische-kost-j0d.de\/?product=biovegan-bio-vanille-sossen-zauber-bio-1-x-38-gr\",\"name\":\"Biovegan Bio Vanille So\\u00dfen Zauber, BIO (1 x 38 gr) - Vegan oder Vegetarisch\",\"isPartOf\":{\"@id\":\"https:\/\/xn--shop-fr-vegane-und-vegetarische-kost-j0d.de\/#website\"},\"primaryImageOfPage\":{\"@id\":\"https:\/\/xn--shop-fr-vegane-und-vegetarische-kost-j0d.de\/?product=biovegan-bio-vanille-sossen-zauber-bio-1-x-38-gr#primaryimage\"},\"datePublished\":\"2020-12-30T23:54:47+00:00\",\"dateModified\":\"2023-04-08T17:02:12+00:00\",\"inLanguage\":\"de\",\"potentialAction\":[{\"@type\":\"ReadAction\",\"target\":[\"https:\/\/xn--shop-fr-vegane-und-vegetarische-kost-j0d.de\/?product=biovegan-bio-vanille-sossen-zauber-bio-1-x-38-gr\"]}]}]}<\/script>\n<!-- \/ Yoast SEO Premium plugin. -->","_links":{"self":[{"href":"https:\/\/xn--shop-fr-vegane-und-vegetarische-kost-j0d.de\/index.php?rest_route=\/wp\/v2\/product\/11452"}],"collection":[{"href":"https:\/\/xn--shop-fr-vegane-und-vegetarische-kost-j0d.de\/index.php?rest_route=\/wp\/v2\/product"}],"about":[{"href":"https:\/\/xn--shop-fr-vegane-und-vegetarische-kost-j0d.de\/index.php?rest_route=\/wp\/v2\/types\/product"}],"replies":[{"embeddable":true,"href":"https:\/\/xn--shop-fr-vegane-und-vegetarische-kost-j0d.de\/index.php?rest_route=%2Fwp%2Fv2%2Fcomments&post=11452"}],"wp:featuredmedia":[{"embeddable":true,"href":"https:\/\/xn--shop-fr-vegane-und-vegetarische-kost-j0d.de\/index.php?rest_route=\/wp\/v2\/media\/11453"}],"wp:attachment":[{"href":"https:\/\/xn--shop-fr-vegane-und-vegetarische-kost-j0d.de\/index.php?rest_route=%2Fwp%2Fv2%2Fmedia&parent=11452"}],"wp:term":[{"taxonomy":"product_cat","embeddable":true,"href":"https:\/\/xn--shop-fr-vegane-und-vegetarische-kost-j0d.de\/index.php?rest_route=%2Fwp%2Fv2%2Fproduct_cat&post=11452"},{"taxonomy":"product_tag","embeddable":true,"href":"https:\/\/xn--shop-fr-vegane-und-vegetarische-kost-j0d.de\/index.php?rest_route=%2Fwp%2Fv2%2Fproduct_tag&post=11452"}],"curies":[{"name":"wp","href":"https:\/\/api.w.org\/{rel}","templated":true}]}}