{"id":11439,"date":"2020-12-30T23:54:39","date_gmt":"2020-12-30T23:54:39","guid":{"rendered":"https:\/\/xn--shop-fr-vegane-und-vegetarische-kost-j0d.de\/?product=biovegan-kuchenbackmischung-zitrone-bio-430-g-4er-pack"},"modified":"2023-04-08T19:02:12","modified_gmt":"2023-04-08T17:02:12","slug":"biovegan-kuchenbackmischung-zitrone-bio-430-g-4er-pack","status":"publish","type":"product","link":"https:\/\/xn--shop-fr-vegane-und-vegetarische-kost-j0d.de\/?product=biovegan-kuchenbackmischung-zitrone-bio-430-g-4er-pack","title":{"rendered":"Biovegan &#8211; Kuchenbackmischung Zitrone Bio &#8211; 430 g &#8211; 4er Pack"},"content":{"rendered":"<p><!-- show up to 2 reviews by default --> <\/p>\n<h3>Produktbeschreibungen<\/h3>\n<p>Biovegan &#8211; Kuchenbackmischung Zitrone Bio &#8211; 430 g &#8211; 4er Sparpack<\/p>\n<p>Biovegan &#8211; Kuchenbackmischung Zitrone Bio im 4er Spapack &#8211; Hochwertige Zitronen-Kuchen-Backmischung. Saftig. Mit extra Zitronengeschmack. Vegan und glutenfrei. Im ?R\u00fchrl\u00f6ffelumdrehen? fertig. Lass dich sanft verf\u00fchren. Auch als zitruss\u00fc\u00dfe Schnitte oder lockerluftige Zitronenmuffins. <\/p>\n<h3>Inhaltsstoffe \/ Zutaten<\/h3>\n<p>Zutaten Backmischung: Reismehl*, Rohrohrzucker*, Maisst\u00e4rke*, Reisgrie\u00df*, Maismehl*, Backpulver* (Maisst\u00e4rke*, S\u00e4uerungsmittel: Kaliumtartrate\u00b9, Backtriebmittel: Natriumcarbonate), S\u00dcSSLUPINENMEHL*, Verdickungsmittel: Johannisbrotkernmehl*, 0,4% Zitronensaftpulver* (Zitronensaft*, Maltodextrin*), 0,3% Zitronenpulver*, Himalayasalz\u00b2, Emulgator: Sonnenblumenlecithin*, <\/p>\n<div data-a-expander-name=\"toggle_description\" class=\"a-row a-expander-container a-expander-extend-container\">\n<div class=\"a-expander-content a-expander-extend-content\">\n<h3>Anschrift Hersteller\/Importeur<\/h3>\n<p>Biovegan GmbH, Biovegan-Allee 1, D-56579 Bonefeld <\/p>\n<\/p><\/div>\n<p> <a href=\"void(0)\" data-action=\"a-expander-toggle\" class=\"a-expander-header a-declarative a-expander-extend-header\" data-a-expander-toggle=\"{\"><i class=\"a-icon a-icon-extender-expand\"><\/i><span class=\"a-expander-prompt\">Mehr<\/span><\/a> <\/div>\n<p>Biovegan &#8211; Kuchenbackmischung Zitrone Bio &#8211; 430 g &#8211; 4er Sparpack<br \/>\nBiovegan &#8211; Kuchenbackmischung Zitrone Bio im 4er Spapack &#8211; Hochwertige Zitronen-Kuchen-Backmischung. Saftig<br \/>\nLass dich sanft verf\u00fchren. Auch als zitruss\u00fc\u00dfe Schnitte oder lockerluftige Zitronenmuffins<br \/>\n<div class=\"main-cross-sell\" data-asin=\"B08KS738MD\">\n\n\t<div class=\"WooZone-cross-sell-loader\">\n\t\t<div>\n\t\t\t<div id=\"floatingBarsG\">\n\t\t\t\t<div class=\"blockG\" id=\"rotateG_01\"><\/div>\n\t\t\t\t<div class=\"blockG\" id=\"rotateG_02\"><\/div>\n\t\t\t\t<div class=\"blockG\" id=\"rotateG_03\"><\/div>\n\t\t\t\t<div class=\"blockG\" id=\"rotateG_04\"><\/div>\n\t\t\t\t<div class=\"blockG\" id=\"rotateG_05\"><\/div>\n\t\t\t\t<div class=\"blockG\" id=\"rotateG_06\"><\/div>\n\t\t\t\t<div class=\"blockG\" id=\"rotateG_07\"><\/div>\n\t\t\t\t<div class=\"blockG\" id=\"rotateG_08\"><\/div>\n\t\t\t<\/div>\n\t\t\t<div class=\"WooZone-cross-sell-loader-text\"><\/div>\n\t\t<\/div>\n\t<\/div>\n\n\t\t\n<\/div>\n<div style=\"clear:both;\"><\/div>\n","protected":false},"excerpt":{"rendered":"<p>Biovegan &#8211; Kuchenbackmischung Zitrone Bio &#8211; 430 g &#8211; 4er Sparpack<br \/>\nBiovegan &#8211; Kuchenbackmischung Zitrone Bio im 4er Spapack &#8211; Hochwertige Zitronen-Kuchen-Backmischung. Saftig<br \/>\nLass dich sanft verf\u00fchren. Auch als zitruss\u00fc\u00dfe Schnitte oder lockerluftige Zitronenmuffins<\/p>\n","protected":false},"featured_media":11441,"comment_status":"open","ping_status":"closed","template":"","meta":[],"product_cat":[4146,136],"product_tag":[],"yoast_head":"<!-- This site is optimized with the Yoast SEO Premium plugin v15.4 - https:\/\/yoast.com\/wordpress\/plugins\/seo\/ -->\n<title>Biovegan - Kuchenbackmischung Zitrone Bio - 430 g - 4er Pack - Vegan oder Vegetarisch<\/title>\n<meta name=\"robots\" content=\"index, follow, max-snippet:-1, max-image-preview:large, max-video-preview:-1\" \/>\n<link rel=\"canonical\" href=\"https:\/\/xn--shop-fr-vegane-und-vegetarische-kost-j0d.de\/?product=biovegan-kuchenbackmischung-zitrone-bio-430-g-4er-pack\" \/>\n<meta property=\"og:locale\" content=\"de_DE\" \/>\n<meta property=\"og:type\" content=\"article\" \/>\n<meta property=\"og:title\" content=\"Biovegan - Kuchenbackmischung Zitrone Bio - 430 g - 4er Pack - Vegan oder Vegetarisch\" \/>\n<meta property=\"og:description\" content=\"Biovegan - Kuchenbackmischung Zitrone Bio - 430 g - 4er Sparpack Biovegan - Kuchenbackmischung Zitrone Bio im 4er Spapack - Hochwertige Zitronen-Kuchen-Backmischung. Saftig Lass dich sanft verf\u00fchren. Auch als zitruss\u00fc\u00dfe Schnitte oder lockerluftige Zitronenmuffins\" \/>\n<meta property=\"og:url\" content=\"https:\/\/xn--shop-fr-vegane-und-vegetarische-kost-j0d.de\/?product=biovegan-kuchenbackmischung-zitrone-bio-430-g-4er-pack\" \/>\n<meta property=\"og:site_name\" content=\"Vegan oder Vegetarisch\" \/>\n<meta property=\"article:modified_time\" content=\"2023-04-08T17:02:12+00:00\" \/>\n<meta property=\"og:image\" content=\"https:\/\/images-na.ssl-images-amazon.com\/images\/I\/41EoDJzbu6L.jpg\" \/>\n\t<meta property=\"og:image:width\" content=\"500\" \/>\n\t<meta property=\"og:image:height\" content=\"500\" \/>\n<meta name=\"twitter:card\" content=\"summary_large_image\" \/>\n<meta name=\"twitter:label1\" content=\"Verfasst von\">\n\t<meta name=\"twitter:data1\" content=\"Swen-Olaf Bender\">\n\t<meta name=\"twitter:label2\" content=\"Gesch\u00e4tzte Lesezeit\">\n\t<meta name=\"twitter:data2\" content=\"1\u00a0Minute\">\n<script type=\"application\/ld+json\" class=\"yoast-schema-graph\">{\"@context\":\"https:\/\/schema.org\",\"@graph\":[{\"@type\":\"WebSite\",\"@id\":\"https:\/\/xn--shop-fr-vegane-und-vegetarische-kost-j0d.de\/#website\",\"url\":\"https:\/\/xn--shop-fr-vegane-und-vegetarische-kost-j0d.de\/\",\"name\":\"Vegan oder Vegetarisch\",\"description\":\"Gesund leben, Gesund essen\",\"potentialAction\":[{\"@type\":\"SearchAction\",\"target\":\"https:\/\/xn--shop-fr-vegane-und-vegetarische-kost-j0d.de\/?s={search_term_string}\",\"query-input\":\"required name=search_term_string\"}],\"inLanguage\":\"de\"},{\"@type\":\"ImageObject\",\"@id\":\"https:\/\/xn--shop-fr-vegane-und-vegetarische-kost-j0d.de\/?product=biovegan-kuchenbackmischung-zitrone-bio-430-g-4er-pack#primaryimage\",\"inLanguage\":\"de\",\"url\":\"https:\/\/images-na.ssl-images-amazon.com\/images\/I\/41EoDJzbu6L.jpg\",\"width\":500,\"height\":500},{\"@type\":\"WebPage\",\"@id\":\"https:\/\/xn--shop-fr-vegane-und-vegetarische-kost-j0d.de\/?product=biovegan-kuchenbackmischung-zitrone-bio-430-g-4er-pack#webpage\",\"url\":\"https:\/\/xn--shop-fr-vegane-und-vegetarische-kost-j0d.de\/?product=biovegan-kuchenbackmischung-zitrone-bio-430-g-4er-pack\",\"name\":\"Biovegan - Kuchenbackmischung Zitrone Bio - 430 g - 4er Pack - Vegan oder Vegetarisch\",\"isPartOf\":{\"@id\":\"https:\/\/xn--shop-fr-vegane-und-vegetarische-kost-j0d.de\/#website\"},\"primaryImageOfPage\":{\"@id\":\"https:\/\/xn--shop-fr-vegane-und-vegetarische-kost-j0d.de\/?product=biovegan-kuchenbackmischung-zitrone-bio-430-g-4er-pack#primaryimage\"},\"datePublished\":\"2020-12-30T23:54:39+00:00\",\"dateModified\":\"2023-04-08T17:02:12+00:00\",\"inLanguage\":\"de\",\"potentialAction\":[{\"@type\":\"ReadAction\",\"target\":[\"https:\/\/xn--shop-fr-vegane-und-vegetarische-kost-j0d.de\/?product=biovegan-kuchenbackmischung-zitrone-bio-430-g-4er-pack\"]}]}]}<\/script>\n<!-- \/ Yoast SEO Premium plugin. -->","_links":{"self":[{"href":"https:\/\/xn--shop-fr-vegane-und-vegetarische-kost-j0d.de\/index.php?rest_route=\/wp\/v2\/product\/11439"}],"collection":[{"href":"https:\/\/xn--shop-fr-vegane-und-vegetarische-kost-j0d.de\/index.php?rest_route=\/wp\/v2\/product"}],"about":[{"href":"https:\/\/xn--shop-fr-vegane-und-vegetarische-kost-j0d.de\/index.php?rest_route=\/wp\/v2\/types\/product"}],"replies":[{"embeddable":true,"href":"https:\/\/xn--shop-fr-vegane-und-vegetarische-kost-j0d.de\/index.php?rest_route=%2Fwp%2Fv2%2Fcomments&post=11439"}],"wp:featuredmedia":[{"embeddable":true,"href":"https:\/\/xn--shop-fr-vegane-und-vegetarische-kost-j0d.de\/index.php?rest_route=\/wp\/v2\/media\/11441"}],"wp:attachment":[{"href":"https:\/\/xn--shop-fr-vegane-und-vegetarische-kost-j0d.de\/index.php?rest_route=%2Fwp%2Fv2%2Fmedia&parent=11439"}],"wp:term":[{"taxonomy":"product_cat","embeddable":true,"href":"https:\/\/xn--shop-fr-vegane-und-vegetarische-kost-j0d.de\/index.php?rest_route=%2Fwp%2Fv2%2Fproduct_cat&post=11439"},{"taxonomy":"product_tag","embeddable":true,"href":"https:\/\/xn--shop-fr-vegane-und-vegetarische-kost-j0d.de\/index.php?rest_route=%2Fwp%2Fv2%2Fproduct_tag&post=11439"}],"curies":[{"name":"wp","href":"https:\/\/api.w.org\/{rel}","templated":true}]}}