{"id":11422,"date":"2020-12-30T23:50:14","date_gmt":"2020-12-30T23:50:14","guid":{"rendered":"https:\/\/xn--shop-fr-vegane-und-vegetarische-kost-j0d.de\/?product=bauckhof-kastanienmehl-glutenfrei-1-x-350-g-bio"},"modified":"2023-04-08T19:02:12","modified_gmt":"2023-04-08T17:02:12","slug":"bauckhof-kastanienmehl-glutenfrei-1-x-350-g-bio","status":"publish","type":"product","link":"https:\/\/xn--shop-fr-vegane-und-vegetarische-kost-j0d.de\/?product=bauckhof-kastanienmehl-glutenfrei-1-x-350-g-bio","title":{"rendered":"Bauckhof Kastanienmehl glutenfrei (1 x 350 g) &#8211; Bio"},"content":{"rendered":"<p><!-- show up to 2 reviews by default --> <\/p>\n<h3>Produktbeschreibung<\/h3>\n<p>Bauck Kastanienmehl ist kontrolliert glutenfrei und geeignet zur glutenfreien Ern\u00e4hrung bei Z\u00f6liakie und Sprue. Kastanienmehl mit seinem s\u00fc\u00dfnussigen Geschmack wird aus der Edelkastanie (Maronie) hergestellt. Bis zum Ende des 19. Jahrhunderts war es das Hauptnahrungsmittel der Landbev\u00f6lkerung in den Bergregionen S\u00fcdeuropas. Kastanienmehl ist hervorragend zum Backen von Kuchen, Brot und Geb\u00e4ck geeignet. Ersetzen Sie einfach bis zu 20% des gew\u00f6hnlich verwendeten Mehls mit Bauck Kastanienmehl. Warengruppenspezifische Angaben: Rechtlicher Status: Lebensmittel. Saisonartikel: nein. S\u00fc\u00dfung: nicht ges\u00fc\u00dft. Qualit\u00e4t: Bio-Erzeugnis: ja. Anteil an Bio-Zutaten: 100% bio. Staatliche Siegel: Bio-Siegel, EU Bio-Logo. L\u00e4nderzusatz des EU-Logos: EU Landwirtschaft. \u00d6ko-Kontrollstelle: DE-\u00d6KO-007. Welcher Standard wird erf\u00fcllt: EWG 834\/2007 Norm. Weitere Qualit\u00e4tskriterien und Labels: Glutenfrei \u00c4hre der DZG, the vegan society. Weitere gesetzliche Angaben: Zusatzstoffe, Rechtlicher Hinweis: Keine deklarationspflichtigen Zusatzstoffe vorhanden. Bezeichnung des Lebensmittels: Kastanienmehl. N\u00e4hrwerte &amp; Analyseergebnisse bezogen auf 100 g: Energie kJ \/ kcal: 1479 kJ \/ 350 kcal. Fett: 3,2 g. davon ges\u00e4ttigte Fetts\u00e4uren: 0,5 g. Kohlenhydrate: 69 g. davon Zucker: 23 g. Ballaststoffe: 14 g. Eiwei\u00df: 4,9 g. Salz: <\/p>\n<h3>Inhaltsstoffe \/ Zutaten<\/h3>\n<p>Zutaten: Kastanienmehl* *aus kontrolliert biologischem Anbau <\/p>\n<div data-a-expander-name=\"toggle_description\" class=\"a-row a-expander-container a-expander-extend-container\">\n<div class=\"a-expander-content a-expander-extend-content\">\n<h3>Warnhinweise<\/h3>\n<p>Dieses Produkt ist kontrolliert glutenfrei. <\/p>\n<h3>Anschrift Hersteller\/Importeur<\/h3>\n<p>Bauckhof GmbH, Duhenweitz 4, D-29571 Rosche <\/p>\n<\/p><\/div>\n<p> <a href=\"void(0)\" data-action=\"a-expander-toggle\" class=\"a-expander-header a-declarative a-expander-extend-header\" data-a-expander-toggle=\"{\"><i class=\"a-icon a-icon-extender-expand\"><\/i><span class=\"a-expander-prompt\">Mehr<\/span><\/a> <\/div>\n<p>Unser Kastanienmehl ist geeignet zur glutenfreien Ern\u00e4hrung bei Z\u00f6liakie und Sprue<br \/>\nOhne Verwendung von genmodifizierten Organismen oder genmodifizierten Rohmaterialien, ohne Verwendung von Konservierungsstoffen und Zus\u00e4tzen.<br \/>\nHerkunftsland:- Deutschland<br \/>\nAbmessung des Artikelpakets:- 20.0 x 15.0 x 40.0 cm<br \/>\n<div class=\"main-cross-sell\" data-asin=\"B07YQ8PYGZ\">\n\n\t<div class=\"WooZone-cross-sell-loader\">\n\t\t<div>\n\t\t\t<div id=\"floatingBarsG\">\n\t\t\t\t<div class=\"blockG\" id=\"rotateG_01\"><\/div>\n\t\t\t\t<div class=\"blockG\" id=\"rotateG_02\"><\/div>\n\t\t\t\t<div class=\"blockG\" id=\"rotateG_03\"><\/div>\n\t\t\t\t<div class=\"blockG\" id=\"rotateG_04\"><\/div>\n\t\t\t\t<div class=\"blockG\" id=\"rotateG_05\"><\/div>\n\t\t\t\t<div class=\"blockG\" id=\"rotateG_06\"><\/div>\n\t\t\t\t<div class=\"blockG\" id=\"rotateG_07\"><\/div>\n\t\t\t\t<div class=\"blockG\" id=\"rotateG_08\"><\/div>\n\t\t\t<\/div>\n\t\t\t<div class=\"WooZone-cross-sell-loader-text\"><\/div>\n\t\t<\/div>\n\t<\/div>\n\n\t\t\n<\/div>\n<div style=\"clear:both;\"><\/div>\n","protected":false},"excerpt":{"rendered":"<p>Unser Kastanienmehl ist geeignet zur glutenfreien Ern\u00e4hrung bei Z\u00f6liakie und Sprue<br \/>\nOhne Verwendung von genmodifizierten Organismen oder genmodifizierten Rohmaterialien, ohne Verwendung von Konservierungsstoffen und Zus\u00e4tzen.<br \/>\nHerkunftsland:- Deutschland<\/p>\n","protected":false},"featured_media":11423,"comment_status":"open","ping_status":"closed","template":"","meta":[],"product_cat":[4146,132],"product_tag":[],"yoast_head":"<!-- This site is optimized with the Yoast SEO Premium plugin v15.4 - https:\/\/yoast.com\/wordpress\/plugins\/seo\/ -->\n<title>Bauckhof Kastanienmehl glutenfrei (1 x 350 g) - Bio - Vegan oder Vegetarisch<\/title>\n<meta name=\"robots\" content=\"index, follow, max-snippet:-1, max-image-preview:large, max-video-preview:-1\" \/>\n<link rel=\"canonical\" href=\"https:\/\/xn--shop-fr-vegane-und-vegetarische-kost-j0d.de\/?product=bauckhof-kastanienmehl-glutenfrei-1-x-350-g-bio\" \/>\n<meta property=\"og:locale\" content=\"de_DE\" \/>\n<meta property=\"og:type\" content=\"article\" \/>\n<meta property=\"og:title\" content=\"Bauckhof Kastanienmehl glutenfrei (1 x 350 g) - Bio - Vegan oder Vegetarisch\" \/>\n<meta property=\"og:description\" content=\"Unser Kastanienmehl ist geeignet zur glutenfreien Ern\u00e4hrung bei Z\u00f6liakie und Sprue Ohne Verwendung von genmodifizierten Organismen oder genmodifizierten Rohmaterialien, ohne Verwendung von Konservierungsstoffen und Zus\u00e4tzen. Herkunftsland:- Deutschland\" \/>\n<meta property=\"og:url\" content=\"https:\/\/xn--shop-fr-vegane-und-vegetarische-kost-j0d.de\/?product=bauckhof-kastanienmehl-glutenfrei-1-x-350-g-bio\" \/>\n<meta property=\"og:site_name\" content=\"Vegan oder Vegetarisch\" \/>\n<meta property=\"article:modified_time\" content=\"2023-04-08T17:02:12+00:00\" \/>\n<meta property=\"og:image\" content=\"https:\/\/images-na.ssl-images-amazon.com\/images\/I\/412Nrmb8OeL.jpg\" \/>\n\t<meta property=\"og:image:width\" content=\"500\" \/>\n\t<meta property=\"og:image:height\" content=\"500\" \/>\n<meta name=\"twitter:card\" content=\"summary_large_image\" \/>\n<meta name=\"twitter:label1\" content=\"Verfasst von\">\n\t<meta name=\"twitter:data1\" content=\"Swen-Olaf Bender\">\n\t<meta name=\"twitter:label2\" content=\"Gesch\u00e4tzte Lesezeit\">\n\t<meta name=\"twitter:data2\" content=\"1\u00a0Minute\">\n<script type=\"application\/ld+json\" class=\"yoast-schema-graph\">{\"@context\":\"https:\/\/schema.org\",\"@graph\":[{\"@type\":\"WebSite\",\"@id\":\"https:\/\/xn--shop-fr-vegane-und-vegetarische-kost-j0d.de\/#website\",\"url\":\"https:\/\/xn--shop-fr-vegane-und-vegetarische-kost-j0d.de\/\",\"name\":\"Vegan oder Vegetarisch\",\"description\":\"Gesund leben, Gesund essen\",\"potentialAction\":[{\"@type\":\"SearchAction\",\"target\":\"https:\/\/xn--shop-fr-vegane-und-vegetarische-kost-j0d.de\/?s={search_term_string}\",\"query-input\":\"required name=search_term_string\"}],\"inLanguage\":\"de\"},{\"@type\":\"ImageObject\",\"@id\":\"https:\/\/xn--shop-fr-vegane-und-vegetarische-kost-j0d.de\/?product=bauckhof-kastanienmehl-glutenfrei-1-x-350-g-bio#primaryimage\",\"inLanguage\":\"de\",\"url\":\"https:\/\/images-na.ssl-images-amazon.com\/images\/I\/412Nrmb8OeL.jpg\",\"width\":500,\"height\":500},{\"@type\":\"WebPage\",\"@id\":\"https:\/\/xn--shop-fr-vegane-und-vegetarische-kost-j0d.de\/?product=bauckhof-kastanienmehl-glutenfrei-1-x-350-g-bio#webpage\",\"url\":\"https:\/\/xn--shop-fr-vegane-und-vegetarische-kost-j0d.de\/?product=bauckhof-kastanienmehl-glutenfrei-1-x-350-g-bio\",\"name\":\"Bauckhof Kastanienmehl glutenfrei (1 x 350 g) - Bio - Vegan oder Vegetarisch\",\"isPartOf\":{\"@id\":\"https:\/\/xn--shop-fr-vegane-und-vegetarische-kost-j0d.de\/#website\"},\"primaryImageOfPage\":{\"@id\":\"https:\/\/xn--shop-fr-vegane-und-vegetarische-kost-j0d.de\/?product=bauckhof-kastanienmehl-glutenfrei-1-x-350-g-bio#primaryimage\"},\"datePublished\":\"2020-12-30T23:50:14+00:00\",\"dateModified\":\"2023-04-08T17:02:12+00:00\",\"inLanguage\":\"de\",\"potentialAction\":[{\"@type\":\"ReadAction\",\"target\":[\"https:\/\/xn--shop-fr-vegane-und-vegetarische-kost-j0d.de\/?product=bauckhof-kastanienmehl-glutenfrei-1-x-350-g-bio\"]}]}]}<\/script>\n<!-- \/ Yoast SEO Premium plugin. -->","_links":{"self":[{"href":"https:\/\/xn--shop-fr-vegane-und-vegetarische-kost-j0d.de\/index.php?rest_route=\/wp\/v2\/product\/11422"}],"collection":[{"href":"https:\/\/xn--shop-fr-vegane-und-vegetarische-kost-j0d.de\/index.php?rest_route=\/wp\/v2\/product"}],"about":[{"href":"https:\/\/xn--shop-fr-vegane-und-vegetarische-kost-j0d.de\/index.php?rest_route=\/wp\/v2\/types\/product"}],"replies":[{"embeddable":true,"href":"https:\/\/xn--shop-fr-vegane-und-vegetarische-kost-j0d.de\/index.php?rest_route=%2Fwp%2Fv2%2Fcomments&post=11422"}],"wp:featuredmedia":[{"embeddable":true,"href":"https:\/\/xn--shop-fr-vegane-und-vegetarische-kost-j0d.de\/index.php?rest_route=\/wp\/v2\/media\/11423"}],"wp:attachment":[{"href":"https:\/\/xn--shop-fr-vegane-und-vegetarische-kost-j0d.de\/index.php?rest_route=%2Fwp%2Fv2%2Fmedia&parent=11422"}],"wp:term":[{"taxonomy":"product_cat","embeddable":true,"href":"https:\/\/xn--shop-fr-vegane-und-vegetarische-kost-j0d.de\/index.php?rest_route=%2Fwp%2Fv2%2Fproduct_cat&post=11422"},{"taxonomy":"product_tag","embeddable":true,"href":"https:\/\/xn--shop-fr-vegane-und-vegetarische-kost-j0d.de\/index.php?rest_route=%2Fwp%2Fv2%2Fproduct_tag&post=11422"}],"curies":[{"name":"wp","href":"https:\/\/api.w.org\/{rel}","templated":true}]}}