{"id":11372,"date":"2020-12-30T23:49:51","date_gmt":"2020-12-30T23:49:51","guid":{"rendered":"https:\/\/xn--shop-fr-vegane-und-vegetarische-kost-j0d.de\/?product=bauckhof-hafer-krustenbrot-backmischung-glutenfrei-500-g-bio"},"modified":"2023-04-07T18:52:57","modified_gmt":"2023-04-07T16:52:57","slug":"bauckhof-hafer-krustenbrot-backmischung-glutenfrei-500-g-bio","status":"publish","type":"product","link":"https:\/\/xn--shop-fr-vegane-und-vegetarische-kost-j0d.de\/?product=bauckhof-hafer-krustenbrot-backmischung-glutenfrei-500-g-bio","title":{"rendered":"Bauckhof Hafer-Krustenbrot-Backmischung, glutenfrei (500 g) &#8211; Bio"},"content":{"rendered":"<p><!-- show up to 2 reviews by default --> <\/p>\n<h3>Produktbeschreibungen<\/h3>\n<p>Mit dieser Bio-Krustenbrot-Backmischung zaubern Sie im Handumdrehen zuhause im eigenen Herd ein \u00e4u\u00dferst schmackhaftes, glutenfreies Brot. Unser Krustenbrot ist angenehm w\u00fcrzig und herzhaft und somit die ideale Grundlage f\u00fcr ein echt uriges Brot-Vesper-Vergn\u00fcgen. Die ausgewogene Brotgew\u00fcrzemischung und ein spezieller glutenfreier Sauerteig ergeben ein herrlich krustiges, lange frisches, saftiges Brot. <\/p>\n<h3>Inhaltsstoffe \/ Zutaten<\/h3>\n<p>HAFERVOLLKORNMEHL* glutenfrei (33,7%), Maisst\u00e4rke*, Buchweizenvollkornmehl*, Braunhirsevollkornmehl*, Kartoffelst\u00e4rke*, Buchweizen-Sauerteigpulver* (Buchweizenmehl*, Quinoamehl*, Starterkulturen), Meersalz, Verdickungsmittel: Xanthan, Flohsamenschalen* gemahlen<br \/><i>* = Zutaten aus biologischem Anbau<\/i> <\/p>\n<div data-a-expander-name=\"toggle_description\" class=\"a-row a-expander-container a-expander-extend-container\">\n<div class=\"a-expander-content a-expander-extend-content\">\n<h3>Warnhinweise<\/h3>\n<p>DE-\u00d6KO-007<br \/>Spuren m\u00f6glich: Schalenfr\u00fcchte, Sesam, Soja <\/p>\n<h3>Anschrift Hersteller\/Importeur<\/h3>\n<p>Bauckhof, Duhenweitz 4, D-29571 Rosche <\/p>\n<\/p><\/div>\n<p> <a href=\"void(0)\" data-action=\"a-expander-toggle\" class=\"a-expander-header a-declarative a-expander-extend-header\" data-a-expander-toggle=\"{\"><i class=\"a-icon a-icon-extender-expand\"><\/i><span class=\"a-expander-prompt\">Mehr<\/span><\/a> <\/div>\n<p>Mit dieser Bio-Krustenbrot-Backmischung zaubern Sie im Handumdrehen zuhause im eigenen Herd ein \u00e4u\u00dferst schmackhaftes, glutenfreies Brot.<br \/>\nDas Krustenbrot ist angenehm w\u00fcrzig und herzhaft und somit die ideale Grundlage f\u00fcr ein echt uriges Brot-Vesper-Vergn\u00fcgen.<br \/>\nDie ausgewogene Brotgew\u00fcrzemischung und ein spezieller glutenfreier Sauerteig ergeben ein herrlich krustiges, lange frisches, saftiges Brot.<br \/>\nGlutenfreie Backmischung f\u00fcr Krustenbrot gelingt schnell &amp; einfach, auch im Brotbackautomat.<br \/>\nErgibt ca. 825 g Brot.<br \/>\n<div class=\"main-cross-sell\" data-asin=\"B07VS9BLJZ\">\n\n\t<div class=\"WooZone-cross-sell-loader\">\n\t\t<div>\n\t\t\t<div id=\"floatingBarsG\">\n\t\t\t\t<div class=\"blockG\" id=\"rotateG_01\"><\/div>\n\t\t\t\t<div class=\"blockG\" id=\"rotateG_02\"><\/div>\n\t\t\t\t<div class=\"blockG\" id=\"rotateG_03\"><\/div>\n\t\t\t\t<div class=\"blockG\" id=\"rotateG_04\"><\/div>\n\t\t\t\t<div class=\"blockG\" id=\"rotateG_05\"><\/div>\n\t\t\t\t<div class=\"blockG\" id=\"rotateG_06\"><\/div>\n\t\t\t\t<div class=\"blockG\" id=\"rotateG_07\"><\/div>\n\t\t\t\t<div class=\"blockG\" id=\"rotateG_08\"><\/div>\n\t\t\t<\/div>\n\t\t\t<div class=\"WooZone-cross-sell-loader-text\"><\/div>\n\t\t<\/div>\n\t<\/div>\n\n\t\t\n<\/div>\n<div style=\"clear:both;\"><\/div>\n","protected":false},"excerpt":{"rendered":"<p>Mit dieser Bio-Krustenbrot-Backmischung zaubern Sie im Handumdrehen zuhause im eigenen Herd ein \u00e4u\u00dferst schmackhaftes, glutenfreies Brot.<br \/>\nDas Krustenbrot ist angenehm w\u00fcrzig und herzhaft und somit die ideale Grundlage f\u00fcr ein echt uriges Brot-Vesper-Vergn\u00fcgen.<br \/>\nDie ausgewogene Brotgew\u00fcrzemischung und ein spezieller glutenfreier Sauerteig ergeben ein herrlich krustiges, lange frisches, saftiges Brot.<\/p>\n","protected":false},"featured_media":11373,"comment_status":"open","ping_status":"closed","template":"","meta":[],"product_cat":[4146,132],"product_tag":[],"yoast_head":"<!-- This site is optimized with the Yoast SEO Premium plugin v15.4 - https:\/\/yoast.com\/wordpress\/plugins\/seo\/ -->\n<title>Bauckhof Hafer-Krustenbrot-Backmischung, glutenfrei (500 g) - Bio - Vegan oder Vegetarisch<\/title>\n<meta name=\"robots\" content=\"index, follow, max-snippet:-1, max-image-preview:large, max-video-preview:-1\" \/>\n<link rel=\"canonical\" href=\"https:\/\/xn--shop-fr-vegane-und-vegetarische-kost-j0d.de\/?product=bauckhof-hafer-krustenbrot-backmischung-glutenfrei-500-g-bio\" \/>\n<meta property=\"og:locale\" content=\"de_DE\" \/>\n<meta property=\"og:type\" content=\"article\" \/>\n<meta property=\"og:title\" content=\"Bauckhof Hafer-Krustenbrot-Backmischung, glutenfrei (500 g) - Bio - Vegan oder Vegetarisch\" \/>\n<meta property=\"og:description\" content=\"Mit dieser Bio-Krustenbrot-Backmischung zaubern Sie im Handumdrehen zuhause im eigenen Herd ein \u00e4u\u00dferst schmackhaftes, glutenfreies Brot. Das Krustenbrot ist angenehm w\u00fcrzig und herzhaft und somit die ideale Grundlage f\u00fcr ein echt uriges Brot-Vesper-Vergn\u00fcgen. Die ausgewogene Brotgew\u00fcrzemischung und ein spezieller glutenfreier Sauerteig ergeben ein herrlich krustiges, lange frisches, saftiges Brot.\" \/>\n<meta property=\"og:url\" content=\"https:\/\/xn--shop-fr-vegane-und-vegetarische-kost-j0d.de\/?product=bauckhof-hafer-krustenbrot-backmischung-glutenfrei-500-g-bio\" \/>\n<meta property=\"og:site_name\" content=\"Vegan oder Vegetarisch\" \/>\n<meta property=\"article:modified_time\" content=\"2023-04-07T16:52:57+00:00\" \/>\n<meta property=\"og:image\" content=\"https:\/\/images-na.ssl-images-amazon.com\/images\/I\/41S2kanOo%2BL.jpg\" \/>\n\t<meta property=\"og:image:width\" content=\"500\" \/>\n\t<meta property=\"og:image:height\" content=\"500\" \/>\n<meta name=\"twitter:card\" content=\"summary_large_image\" \/>\n<meta name=\"twitter:label1\" content=\"Verfasst von\">\n\t<meta name=\"twitter:data1\" content=\"Swen-Olaf Bender\">\n\t<meta name=\"twitter:label2\" content=\"Gesch\u00e4tzte Lesezeit\">\n\t<meta name=\"twitter:data2\" content=\"1\u00a0Minute\">\n<script type=\"application\/ld+json\" class=\"yoast-schema-graph\">{\"@context\":\"https:\/\/schema.org\",\"@graph\":[{\"@type\":\"WebSite\",\"@id\":\"https:\/\/xn--shop-fr-vegane-und-vegetarische-kost-j0d.de\/#website\",\"url\":\"https:\/\/xn--shop-fr-vegane-und-vegetarische-kost-j0d.de\/\",\"name\":\"Vegan oder Vegetarisch\",\"description\":\"Gesund leben, Gesund essen\",\"potentialAction\":[{\"@type\":\"SearchAction\",\"target\":\"https:\/\/xn--shop-fr-vegane-und-vegetarische-kost-j0d.de\/?s={search_term_string}\",\"query-input\":\"required name=search_term_string\"}],\"inLanguage\":\"de\"},{\"@type\":\"ImageObject\",\"@id\":\"https:\/\/xn--shop-fr-vegane-und-vegetarische-kost-j0d.de\/?product=bauckhof-hafer-krustenbrot-backmischung-glutenfrei-500-g-bio#primaryimage\",\"inLanguage\":\"de\",\"url\":\"https:\/\/images-na.ssl-images-amazon.com\/images\/I\/41S2kanOo%2BL.jpg\",\"width\":500,\"height\":500},{\"@type\":\"WebPage\",\"@id\":\"https:\/\/xn--shop-fr-vegane-und-vegetarische-kost-j0d.de\/?product=bauckhof-hafer-krustenbrot-backmischung-glutenfrei-500-g-bio#webpage\",\"url\":\"https:\/\/xn--shop-fr-vegane-und-vegetarische-kost-j0d.de\/?product=bauckhof-hafer-krustenbrot-backmischung-glutenfrei-500-g-bio\",\"name\":\"Bauckhof Hafer-Krustenbrot-Backmischung, glutenfrei (500 g) - Bio - Vegan oder Vegetarisch\",\"isPartOf\":{\"@id\":\"https:\/\/xn--shop-fr-vegane-und-vegetarische-kost-j0d.de\/#website\"},\"primaryImageOfPage\":{\"@id\":\"https:\/\/xn--shop-fr-vegane-und-vegetarische-kost-j0d.de\/?product=bauckhof-hafer-krustenbrot-backmischung-glutenfrei-500-g-bio#primaryimage\"},\"datePublished\":\"2020-12-30T23:49:51+00:00\",\"dateModified\":\"2023-04-07T16:52:57+00:00\",\"inLanguage\":\"de\",\"potentialAction\":[{\"@type\":\"ReadAction\",\"target\":[\"https:\/\/xn--shop-fr-vegane-und-vegetarische-kost-j0d.de\/?product=bauckhof-hafer-krustenbrot-backmischung-glutenfrei-500-g-bio\"]}]}]}<\/script>\n<!-- \/ Yoast SEO Premium plugin. -->","_links":{"self":[{"href":"https:\/\/xn--shop-fr-vegane-und-vegetarische-kost-j0d.de\/index.php?rest_route=\/wp\/v2\/product\/11372"}],"collection":[{"href":"https:\/\/xn--shop-fr-vegane-und-vegetarische-kost-j0d.de\/index.php?rest_route=\/wp\/v2\/product"}],"about":[{"href":"https:\/\/xn--shop-fr-vegane-und-vegetarische-kost-j0d.de\/index.php?rest_route=\/wp\/v2\/types\/product"}],"replies":[{"embeddable":true,"href":"https:\/\/xn--shop-fr-vegane-und-vegetarische-kost-j0d.de\/index.php?rest_route=%2Fwp%2Fv2%2Fcomments&post=11372"}],"wp:featuredmedia":[{"embeddable":true,"href":"https:\/\/xn--shop-fr-vegane-und-vegetarische-kost-j0d.de\/index.php?rest_route=\/wp\/v2\/media\/11373"}],"wp:attachment":[{"href":"https:\/\/xn--shop-fr-vegane-und-vegetarische-kost-j0d.de\/index.php?rest_route=%2Fwp%2Fv2%2Fmedia&parent=11372"}],"wp:term":[{"taxonomy":"product_cat","embeddable":true,"href":"https:\/\/xn--shop-fr-vegane-und-vegetarische-kost-j0d.de\/index.php?rest_route=%2Fwp%2Fv2%2Fproduct_cat&post=11372"},{"taxonomy":"product_tag","embeddable":true,"href":"https:\/\/xn--shop-fr-vegane-und-vegetarische-kost-j0d.de\/index.php?rest_route=%2Fwp%2Fv2%2Fproduct_tag&post=11372"}],"curies":[{"name":"wp","href":"https:\/\/api.w.org\/{rel}","templated":true}]}}