{"id":11364,"date":"2020-12-30T23:49:48","date_gmt":"2020-12-30T23:49:48","guid":{"rendered":"https:\/\/xn--shop-fr-vegane-und-vegetarische-kost-j0d.de\/?product=bauckhof-bio-bauck-bio-schwarzbrot-glutenfrei-2-x-500-gr"},"modified":"2023-04-07T18:52:57","modified_gmt":"2023-04-07T16:52:57","slug":"bauckhof-bio-bauck-bio-schwarzbrot-glutenfrei-2-x-500-gr","status":"publish","type":"product","link":"https:\/\/xn--shop-fr-vegane-und-vegetarische-kost-j0d.de\/?product=bauckhof-bio-bauck-bio-schwarzbrot-glutenfrei-2-x-500-gr","title":{"rendered":"Bauckhof Schwarzbrot glutenfrei Bio (2 x 500 gr)"},"content":{"rendered":"<div class=\"disclaim\"> Gr\u00f6\u00dfe:<strong>2 x 500 gr<\/strong> <\/div>\n<p> <!-- show up to 2 reviews by default --> <\/p>\n<h3>Produktbeschreibungen<\/h3>\n<p>Verarbeitung: Ohne Verwendung von genmodifizierten Organismen oder genmodifizierten Rohmaterialien. Zertifizierung\/enThe Vegan SocietyDeutsche Z\u00f6liakie Gesellschaft e.V. \/ AOECS Association of European Coeliac SocietiesDeutsches staatliches Bio-SiegelEU Bio-Siegel <\/p>\n<h3>Inhaltsstoffe \/ Zutaten<\/h3>\n<p>Reisvollkornmehl 36%, Sonnenblumenkerne, Maisst\u00e4rke, Leinsaat geschrotet, Leinsaat, Buchweizen-Sauerteigpulver Buchweizenmehl, Quinoamehl, Starterkulturen, Meersalz, Reissiruppulver, Karamellpulver, Maltodextrin, Verdickungsmittel: Guarkernmehl <\/p>\n<div data-a-expander-name=\"toggle_description\" class=\"a-row a-expander-container a-expander-extend-container\">\n<div class=\"a-expander-content a-expander-extend-content\">\n<h3>Gebrauchsanweisung<\/h3>\n<p>M\u00fcsli StangenDen Teig wie beschrieben mit Wasser und Hefe anr\u00fchren. 80g Rosinen zus\u00e4tzlich in den Teig geben. Mit feuchten H\u00e4nden l\u00e4ngliche Stangen formen, in glutenfreien Haferflocken w\u00e4lzen und auf ein leicht gefettetes Backblech legen. An einem warmen, gesch\u00fctzten Ort 15 Minuten gehen lassen. Backofen auf 225C vorheizen und eine Sch\u00fcssel mit kochendem Wasser unten in den Ofen stellen. Je nach Gr\u00f6\u00dfe f\u00fcr ca. 25 Minuten backen. <\/p>\n<h3>Anschrift Hersteller\/Importeur<\/h3>\n<p>Bauck GmbH &#8211; Naturkost aus der Heide; Duhenweitz; 29571 Rosche <\/p>\n<\/p><\/div>\n<p> <a href=\"void(0)\" data-action=\"a-expander-toggle\" class=\"a-expander-header a-declarative a-expander-extend-header\" data-a-expander-toggle=\"{\"><i class=\"a-icon a-icon-extender-expand\"><\/i><span class=\"a-expander-prompt\">Mehr<\/span><\/a> <\/div>\n<p>Verpackungsmenge: (2 x 500 gr)<br \/>\nBio-Zertifizierung: EG-Bio<br \/>\n<div class=\"main-cross-sell\" data-asin=\"B01M4MIW9R\">\n\n\t<div class=\"WooZone-cross-sell-loader\">\n\t\t<div>\n\t\t\t<div id=\"floatingBarsG\">\n\t\t\t\t<div class=\"blockG\" id=\"rotateG_01\"><\/div>\n\t\t\t\t<div class=\"blockG\" id=\"rotateG_02\"><\/div>\n\t\t\t\t<div class=\"blockG\" id=\"rotateG_03\"><\/div>\n\t\t\t\t<div class=\"blockG\" id=\"rotateG_04\"><\/div>\n\t\t\t\t<div class=\"blockG\" id=\"rotateG_05\"><\/div>\n\t\t\t\t<div class=\"blockG\" id=\"rotateG_06\"><\/div>\n\t\t\t\t<div class=\"blockG\" id=\"rotateG_07\"><\/div>\n\t\t\t\t<div class=\"blockG\" id=\"rotateG_08\"><\/div>\n\t\t\t<\/div>\n\t\t\t<div class=\"WooZone-cross-sell-loader-text\"><\/div>\n\t\t<\/div>\n\t<\/div>\n\n\t\t\n<\/div>\n<div style=\"clear:both;\"><\/div>\n","protected":false},"excerpt":{"rendered":"<p>Verpackungsmenge: (2 x 500 gr)<br \/>\nBio-Zertifizierung: EG-Bio<\/p>\n","protected":false},"featured_media":11365,"comment_status":"open","ping_status":"closed","template":"","meta":[],"product_cat":[4146,132],"product_tag":[],"yoast_head":"<!-- This site is optimized with the Yoast SEO Premium plugin v15.4 - https:\/\/yoast.com\/wordpress\/plugins\/seo\/ -->\n<title>Bauckhof Schwarzbrot glutenfrei Bio (2 x 500 gr) - Vegan oder Vegetarisch<\/title>\n<meta name=\"robots\" content=\"index, follow, max-snippet:-1, max-image-preview:large, max-video-preview:-1\" \/>\n<link rel=\"canonical\" href=\"https:\/\/xn--shop-fr-vegane-und-vegetarische-kost-j0d.de\/?product=bauckhof-bio-bauck-bio-schwarzbrot-glutenfrei-2-x-500-gr\" \/>\n<meta property=\"og:locale\" content=\"de_DE\" \/>\n<meta property=\"og:type\" content=\"article\" \/>\n<meta property=\"og:title\" content=\"Bauckhof Schwarzbrot glutenfrei Bio (2 x 500 gr) - Vegan oder Vegetarisch\" \/>\n<meta property=\"og:description\" content=\"Verpackungsmenge: (2 x 500 gr) Bio-Zertifizierung: EG-Bio\" \/>\n<meta property=\"og:url\" content=\"https:\/\/xn--shop-fr-vegane-und-vegetarische-kost-j0d.de\/?product=bauckhof-bio-bauck-bio-schwarzbrot-glutenfrei-2-x-500-gr\" \/>\n<meta property=\"og:site_name\" content=\"Vegan oder Vegetarisch\" \/>\n<meta property=\"article:modified_time\" content=\"2023-04-07T16:52:57+00:00\" \/>\n<meta property=\"og:image\" content=\"https:\/\/images-na.ssl-images-amazon.com\/images\/I\/51OCwXKXsOL.jpg\" \/>\n\t<meta property=\"og:image:width\" content=\"500\" \/>\n\t<meta property=\"og:image:height\" content=\"500\" \/>\n<meta name=\"twitter:card\" content=\"summary_large_image\" \/>\n<meta name=\"twitter:label1\" content=\"Verfasst von\">\n\t<meta name=\"twitter:data1\" content=\"Swen-Olaf Bender\">\n\t<meta name=\"twitter:label2\" content=\"Gesch\u00e4tzte Lesezeit\">\n\t<meta name=\"twitter:data2\" content=\"1\u00a0Minute\">\n<script type=\"application\/ld+json\" class=\"yoast-schema-graph\">{\"@context\":\"https:\/\/schema.org\",\"@graph\":[{\"@type\":\"WebSite\",\"@id\":\"https:\/\/xn--shop-fr-vegane-und-vegetarische-kost-j0d.de\/#website\",\"url\":\"https:\/\/xn--shop-fr-vegane-und-vegetarische-kost-j0d.de\/\",\"name\":\"Vegan oder Vegetarisch\",\"description\":\"Gesund leben, Gesund essen\",\"potentialAction\":[{\"@type\":\"SearchAction\",\"target\":\"https:\/\/xn--shop-fr-vegane-und-vegetarische-kost-j0d.de\/?s={search_term_string}\",\"query-input\":\"required name=search_term_string\"}],\"inLanguage\":\"de\"},{\"@type\":\"ImageObject\",\"@id\":\"https:\/\/xn--shop-fr-vegane-und-vegetarische-kost-j0d.de\/?product=bauckhof-bio-bauck-bio-schwarzbrot-glutenfrei-2-x-500-gr#primaryimage\",\"inLanguage\":\"de\",\"url\":\"https:\/\/images-na.ssl-images-amazon.com\/images\/I\/51OCwXKXsOL.jpg\",\"width\":500,\"height\":500},{\"@type\":\"WebPage\",\"@id\":\"https:\/\/xn--shop-fr-vegane-und-vegetarische-kost-j0d.de\/?product=bauckhof-bio-bauck-bio-schwarzbrot-glutenfrei-2-x-500-gr#webpage\",\"url\":\"https:\/\/xn--shop-fr-vegane-und-vegetarische-kost-j0d.de\/?product=bauckhof-bio-bauck-bio-schwarzbrot-glutenfrei-2-x-500-gr\",\"name\":\"Bauckhof Schwarzbrot glutenfrei Bio (2 x 500 gr) - Vegan oder Vegetarisch\",\"isPartOf\":{\"@id\":\"https:\/\/xn--shop-fr-vegane-und-vegetarische-kost-j0d.de\/#website\"},\"primaryImageOfPage\":{\"@id\":\"https:\/\/xn--shop-fr-vegane-und-vegetarische-kost-j0d.de\/?product=bauckhof-bio-bauck-bio-schwarzbrot-glutenfrei-2-x-500-gr#primaryimage\"},\"datePublished\":\"2020-12-30T23:49:48+00:00\",\"dateModified\":\"2023-04-07T16:52:57+00:00\",\"inLanguage\":\"de\",\"potentialAction\":[{\"@type\":\"ReadAction\",\"target\":[\"https:\/\/xn--shop-fr-vegane-und-vegetarische-kost-j0d.de\/?product=bauckhof-bio-bauck-bio-schwarzbrot-glutenfrei-2-x-500-gr\"]}]}]}<\/script>\n<!-- \/ Yoast SEO Premium plugin. -->","_links":{"self":[{"href":"https:\/\/xn--shop-fr-vegane-und-vegetarische-kost-j0d.de\/index.php?rest_route=\/wp\/v2\/product\/11364"}],"collection":[{"href":"https:\/\/xn--shop-fr-vegane-und-vegetarische-kost-j0d.de\/index.php?rest_route=\/wp\/v2\/product"}],"about":[{"href":"https:\/\/xn--shop-fr-vegane-und-vegetarische-kost-j0d.de\/index.php?rest_route=\/wp\/v2\/types\/product"}],"replies":[{"embeddable":true,"href":"https:\/\/xn--shop-fr-vegane-und-vegetarische-kost-j0d.de\/index.php?rest_route=%2Fwp%2Fv2%2Fcomments&post=11364"}],"wp:featuredmedia":[{"embeddable":true,"href":"https:\/\/xn--shop-fr-vegane-und-vegetarische-kost-j0d.de\/index.php?rest_route=\/wp\/v2\/media\/11365"}],"wp:attachment":[{"href":"https:\/\/xn--shop-fr-vegane-und-vegetarische-kost-j0d.de\/index.php?rest_route=%2Fwp%2Fv2%2Fmedia&parent=11364"}],"wp:term":[{"taxonomy":"product_cat","embeddable":true,"href":"https:\/\/xn--shop-fr-vegane-und-vegetarische-kost-j0d.de\/index.php?rest_route=%2Fwp%2Fv2%2Fproduct_cat&post=11364"},{"taxonomy":"product_tag","embeddable":true,"href":"https:\/\/xn--shop-fr-vegane-und-vegetarische-kost-j0d.de\/index.php?rest_route=%2Fwp%2Fv2%2Fproduct_tag&post=11364"}],"curies":[{"name":"wp","href":"https:\/\/api.w.org\/{rel}","templated":true}]}}