{"id":11328,"date":"2020-12-30T23:45:53","date_gmt":"2020-12-30T23:45:53","guid":{"rendered":"https:\/\/xn--shop-fr-vegane-und-vegetarische-kost-j0d.de\/?product=alpro-soya-vanillepudding-525g-packung-mit-2"},"modified":"2023-04-07T18:52:57","modified_gmt":"2023-04-07T16:52:57","slug":"alpro-soya-vanillepudding-525g-packung-mit-2","status":"publish","type":"product","link":"https:\/\/xn--shop-fr-vegane-und-vegetarische-kost-j0d.de\/?product=alpro-soya-vanillepudding-525g-packung-mit-2","title":{"rendered":"Alpro Soya Vanillepudding 525G &#8211; Packung mit 2"},"content":{"rendered":"<p><!-- show up to 2 reviews by default --> <\/p>\n<p>Eine vielf\u00e4ltige, ausgewogene Ern\u00e4hrung und gesunde Lebensweise ist f\u00fcr eine gute Gesundheit empfohlen. Gut f\u00fcr den Planeten Alpro Soja-Produkte verwenden weniger Land und erzeugen weniger CO2 als Milchprodukte. Alpro Pflege f\u00fcr die Menschen und Planeten vorz\u00fcglich zu Topfen. Nat\u00fcrlich niedrigen Fettgehalt und frei von tierischen Fetten. Frei von Milch, Gluten und Weizen. Nahrhaft und eine Quelle f\u00fcr Proteine??Von hochwertigem Soja, wodurch der Pflege Muskeltonus. Nat\u00fcrlich laktosefrei. Nachhaltigkeit Nicht-GVO-Soja. Ohne Farbstoffe und Konservierungsmittel. Geeignet f\u00fcr die vegan. Genie\u00dfen Sie unsere lecker Reihe von Desserts einschlie\u00dflich cremiger Vanille und Schokolade Glatt. 100% nat\u00fcrlich die G\u00fcte der Anlage, mit niedrigem Fettgehalt, nur 2.2 G pro Portion, nat\u00fcrlich mit niedrigem Gehalt an ges\u00e4ttigten Fetts\u00e4uren, einfach zu verdauen, sorgf\u00e4ltig ausgew\u00e4hlten Zutaten, Milchprodukte, laktosefrei, GM non-semi von Soja, Gluten und Weizen kostenlos, Geeignet f\u00fcr Vegetarier und vegan <\/p>\n<p>Alpro Soya Creme Vanille 525 g<br \/>\nAlpro Vanilla Soya Custard 525 g \u2013 PACK OF 2<br \/>\nMenge: 2<br \/>\n<div class=\"main-cross-sell\" data-asin=\"B017IUHCCI\">\n\n\t<div class=\"WooZone-cross-sell-loader\">\n\t\t<div>\n\t\t\t<div id=\"floatingBarsG\">\n\t\t\t\t<div class=\"blockG\" id=\"rotateG_01\"><\/div>\n\t\t\t\t<div class=\"blockG\" id=\"rotateG_02\"><\/div>\n\t\t\t\t<div class=\"blockG\" id=\"rotateG_03\"><\/div>\n\t\t\t\t<div class=\"blockG\" id=\"rotateG_04\"><\/div>\n\t\t\t\t<div class=\"blockG\" id=\"rotateG_05\"><\/div>\n\t\t\t\t<div class=\"blockG\" id=\"rotateG_06\"><\/div>\n\t\t\t\t<div class=\"blockG\" id=\"rotateG_07\"><\/div>\n\t\t\t\t<div class=\"blockG\" id=\"rotateG_08\"><\/div>\n\t\t\t<\/div>\n\t\t\t<div class=\"WooZone-cross-sell-loader-text\"><\/div>\n\t\t<\/div>\n\t<\/div>\n\n\t\t\n<\/div>\n<div style=\"clear:both;\"><\/div>\n","protected":false},"excerpt":{"rendered":"<p>Alpro Soya Creme Vanille 525 g<br \/>\nAlpro Vanilla Soya Custard 525 g \u2013 PACK OF 2<br \/>\nMenge: 2<\/p>\n","protected":false},"featured_media":11329,"comment_status":"open","ping_status":"closed","template":"","meta":[],"product_cat":[4146,136],"product_tag":[],"yoast_head":"<!-- This site is optimized with the Yoast SEO Premium plugin v15.4 - https:\/\/yoast.com\/wordpress\/plugins\/seo\/ -->\n<title>Alpro Soya Vanillepudding 525G - Packung mit 2 - Vegan oder Vegetarisch<\/title>\n<meta name=\"robots\" content=\"index, follow, max-snippet:-1, max-image-preview:large, max-video-preview:-1\" \/>\n<link rel=\"canonical\" href=\"https:\/\/xn--shop-fr-vegane-und-vegetarische-kost-j0d.de\/?product=alpro-soya-vanillepudding-525g-packung-mit-2\" \/>\n<meta property=\"og:locale\" content=\"de_DE\" \/>\n<meta property=\"og:type\" content=\"article\" \/>\n<meta property=\"og:title\" content=\"Alpro Soya Vanillepudding 525G - Packung mit 2 - Vegan oder Vegetarisch\" \/>\n<meta property=\"og:description\" content=\"Alpro Soya Creme Vanille 525 g Alpro Vanilla Soya Custard 525 g \u2013 PACK OF 2 Menge: 2\" \/>\n<meta property=\"og:url\" content=\"https:\/\/xn--shop-fr-vegane-und-vegetarische-kost-j0d.de\/?product=alpro-soya-vanillepudding-525g-packung-mit-2\" \/>\n<meta property=\"og:site_name\" content=\"Vegan oder Vegetarisch\" \/>\n<meta property=\"article:modified_time\" content=\"2023-04-07T16:52:57+00:00\" \/>\n<meta property=\"og:image\" content=\"https:\/\/images-na.ssl-images-amazon.com\/images\/I\/51Lq7cSvroL.jpg\" \/>\n\t<meta property=\"og:image:width\" content=\"500\" \/>\n\t<meta property=\"og:image:height\" content=\"500\" \/>\n<meta name=\"twitter:card\" content=\"summary_large_image\" \/>\n<meta name=\"twitter:label1\" content=\"Verfasst von\">\n\t<meta name=\"twitter:data1\" content=\"Swen-Olaf Bender\">\n\t<meta name=\"twitter:label2\" content=\"Gesch\u00e4tzte Lesezeit\">\n\t<meta name=\"twitter:data2\" content=\"1\u00a0Minute\">\n<script type=\"application\/ld+json\" class=\"yoast-schema-graph\">{\"@context\":\"https:\/\/schema.org\",\"@graph\":[{\"@type\":\"WebSite\",\"@id\":\"https:\/\/xn--shop-fr-vegane-und-vegetarische-kost-j0d.de\/#website\",\"url\":\"https:\/\/xn--shop-fr-vegane-und-vegetarische-kost-j0d.de\/\",\"name\":\"Vegan oder Vegetarisch\",\"description\":\"Gesund leben, Gesund essen\",\"potentialAction\":[{\"@type\":\"SearchAction\",\"target\":\"https:\/\/xn--shop-fr-vegane-und-vegetarische-kost-j0d.de\/?s={search_term_string}\",\"query-input\":\"required name=search_term_string\"}],\"inLanguage\":\"de\"},{\"@type\":\"ImageObject\",\"@id\":\"https:\/\/xn--shop-fr-vegane-und-vegetarische-kost-j0d.de\/?product=alpro-soya-vanillepudding-525g-packung-mit-2#primaryimage\",\"inLanguage\":\"de\",\"url\":\"https:\/\/images-na.ssl-images-amazon.com\/images\/I\/51Lq7cSvroL.jpg\",\"width\":500,\"height\":500},{\"@type\":\"WebPage\",\"@id\":\"https:\/\/xn--shop-fr-vegane-und-vegetarische-kost-j0d.de\/?product=alpro-soya-vanillepudding-525g-packung-mit-2#webpage\",\"url\":\"https:\/\/xn--shop-fr-vegane-und-vegetarische-kost-j0d.de\/?product=alpro-soya-vanillepudding-525g-packung-mit-2\",\"name\":\"Alpro Soya Vanillepudding 525G - Packung mit 2 - Vegan oder Vegetarisch\",\"isPartOf\":{\"@id\":\"https:\/\/xn--shop-fr-vegane-und-vegetarische-kost-j0d.de\/#website\"},\"primaryImageOfPage\":{\"@id\":\"https:\/\/xn--shop-fr-vegane-und-vegetarische-kost-j0d.de\/?product=alpro-soya-vanillepudding-525g-packung-mit-2#primaryimage\"},\"datePublished\":\"2020-12-30T23:45:53+00:00\",\"dateModified\":\"2023-04-07T16:52:57+00:00\",\"inLanguage\":\"de\",\"potentialAction\":[{\"@type\":\"ReadAction\",\"target\":[\"https:\/\/xn--shop-fr-vegane-und-vegetarische-kost-j0d.de\/?product=alpro-soya-vanillepudding-525g-packung-mit-2\"]}]}]}<\/script>\n<!-- \/ Yoast SEO Premium plugin. -->","_links":{"self":[{"href":"https:\/\/xn--shop-fr-vegane-und-vegetarische-kost-j0d.de\/index.php?rest_route=\/wp\/v2\/product\/11328"}],"collection":[{"href":"https:\/\/xn--shop-fr-vegane-und-vegetarische-kost-j0d.de\/index.php?rest_route=\/wp\/v2\/product"}],"about":[{"href":"https:\/\/xn--shop-fr-vegane-und-vegetarische-kost-j0d.de\/index.php?rest_route=\/wp\/v2\/types\/product"}],"replies":[{"embeddable":true,"href":"https:\/\/xn--shop-fr-vegane-und-vegetarische-kost-j0d.de\/index.php?rest_route=%2Fwp%2Fv2%2Fcomments&post=11328"}],"wp:featuredmedia":[{"embeddable":true,"href":"https:\/\/xn--shop-fr-vegane-und-vegetarische-kost-j0d.de\/index.php?rest_route=\/wp\/v2\/media\/11329"}],"wp:attachment":[{"href":"https:\/\/xn--shop-fr-vegane-und-vegetarische-kost-j0d.de\/index.php?rest_route=%2Fwp%2Fv2%2Fmedia&parent=11328"}],"wp:term":[{"taxonomy":"product_cat","embeddable":true,"href":"https:\/\/xn--shop-fr-vegane-und-vegetarische-kost-j0d.de\/index.php?rest_route=%2Fwp%2Fv2%2Fproduct_cat&post=11328"},{"taxonomy":"product_tag","embeddable":true,"href":"https:\/\/xn--shop-fr-vegane-und-vegetarische-kost-j0d.de\/index.php?rest_route=%2Fwp%2Fv2%2Fproduct_tag&post=11328"}],"curies":[{"name":"wp","href":"https:\/\/api.w.org\/{rel}","templated":true}]}}