{"id":11277,"date":"2020-12-30T23:40:41","date_gmt":"2020-12-30T23:40:41","guid":{"rendered":"https:\/\/xn--shop-fr-vegane-und-vegetarische-kost-j0d.de\/?product=alpro-sojadrink-banane-1-liter-8er-pack"},"modified":"2023-04-07T18:52:56","modified_gmt":"2023-04-07T16:52:56","slug":"alpro-sojadrink-banane-1-liter-8er-pack","status":"publish","type":"product","link":"https:\/\/xn--shop-fr-vegane-und-vegetarische-kost-j0d.de\/?product=alpro-sojadrink-banane-1-liter-8er-pack","title":{"rendered":"Alpro Sojadrink Banane, 1 Liter, 8er Pack"},"content":{"rendered":"<p><!-- show up to 2 reviews by default --> <\/p>\n<h3>Produktbeschreibungen<\/h3>\n<p><b>Alpro Sojadrink mit Bananen-Geschmack<\/b> <br \/> Genie\u00dfen Sie mit Sojadrink Banane eine k\u00f6stliche Alternative zu Milch mit dem tropischen Geschmack reifer Bananen. Hergestellt aus hochwertigen Sojabohnen schmeckt Alpro Sojadrink Banane, herrlich cremig und mild. Alpro Sojadrink Banane ist reich an pflanzlichen Proteinen, Calcium und Vitaminen. Bringen Sie mit dem angenehm s\u00fc\u00dfen Geschmack von Alpro Sojadrink Banane Abwechslung in Ihr Fr\u00fchst\u00fccksm\u00fcsli und genie\u00dfen Sie Alpro Soja Banane mit Fr\u00fcchten als leckeren Shake oder Smoothie. <\/p>\n<p><b>Alpro Sojadrink Banane \u2013 laktosefrei, vegan, glutenfrei<\/b> <br \/> Alpro Sojadrink mit Bananengeschmack enth\u00e4lt viel Gutes aus sorgsam ausgew\u00e4hlten Sojabohnen. Nutzen Sie Alpro Sojadrink als Quelle f\u00fcr hochwertige Pflanzenproteine und Vitamin B2, B12 und D2. Apro Sojadrink ist vegan, glutenfrei und laktosefrei und somit ideal f\u00fcr eine vegane Lebensweise, bei Laktoseintoleranz und f\u00fcr diejenigen geeignet, die auf tierische Milchprodukte verzichten m\u00f6chten. <\/p>\n<h3>Inhaltsstoffe \/ Zutaten<\/h3>\n<p>Wasser, gesch\u00e4lte Sojabohnen (5,8%), Zucker, Bananensaft (1,2%) aus Fruchtsaftkonzentrat, Aroma, Maltodextrin, Calciumcarbonat, Stabilisatoren (Johannisbrotkernmehl, Gellan), Meersalz, S\u00e4ureregulator (Monokaliumphosphat), Vitamine (Riboflavin (B2), B12, D2), nat\u00fcrliches Aroma <\/p>\n<p>100% pflanzlich<br \/>\nVon Natur aus arm an ges\u00e4ttigten Fetts\u00e4uren<br \/>\nHochwertige pflanzliche Eiwei\u00dfquelle<br \/>\nlaktosefrei<br \/>\nLieferumfang Dieses Produkt enth\u00e4lt: 8 x Alpro Sojadrink Banane, 1 Liter<br \/>\n<div class=\"main-cross-sell\" data-asin=\"B07SRGHZ45\">\n\n\t<div class=\"WooZone-cross-sell-loader\">\n\t\t<div>\n\t\t\t<div id=\"floatingBarsG\">\n\t\t\t\t<div class=\"blockG\" id=\"rotateG_01\"><\/div>\n\t\t\t\t<div class=\"blockG\" id=\"rotateG_02\"><\/div>\n\t\t\t\t<div class=\"blockG\" id=\"rotateG_03\"><\/div>\n\t\t\t\t<div class=\"blockG\" id=\"rotateG_04\"><\/div>\n\t\t\t\t<div class=\"blockG\" id=\"rotateG_05\"><\/div>\n\t\t\t\t<div class=\"blockG\" id=\"rotateG_06\"><\/div>\n\t\t\t\t<div class=\"blockG\" id=\"rotateG_07\"><\/div>\n\t\t\t\t<div class=\"blockG\" id=\"rotateG_08\"><\/div>\n\t\t\t<\/div>\n\t\t\t<div class=\"WooZone-cross-sell-loader-text\"><\/div>\n\t\t<\/div>\n\t<\/div>\n\n\t\t\n<\/div>\n<div style=\"clear:both;\"><\/div>\n","protected":false},"excerpt":{"rendered":"<p>100% pflanzlich<br \/>\nVon Natur aus arm an ges\u00e4ttigten Fetts\u00e4uren<br \/>\nHochwertige pflanzliche Eiwei\u00dfquelle<\/p>\n","protected":false},"featured_media":11278,"comment_status":"open","ping_status":"closed","template":"","meta":[],"product_cat":[4146,135],"product_tag":[],"yoast_head":"<!-- This site is optimized with the Yoast SEO Premium plugin v15.4 - https:\/\/yoast.com\/wordpress\/plugins\/seo\/ -->\n<title>Alpro Sojadrink Banane, 1 Liter, 8er Pack - Vegan oder Vegetarisch<\/title>\n<meta name=\"robots\" content=\"index, follow, max-snippet:-1, max-image-preview:large, max-video-preview:-1\" \/>\n<link rel=\"canonical\" href=\"https:\/\/xn--shop-fr-vegane-und-vegetarische-kost-j0d.de\/?product=alpro-sojadrink-banane-1-liter-8er-pack\" \/>\n<meta property=\"og:locale\" content=\"de_DE\" \/>\n<meta property=\"og:type\" content=\"article\" \/>\n<meta property=\"og:title\" content=\"Alpro Sojadrink Banane, 1 Liter, 8er Pack - Vegan oder Vegetarisch\" \/>\n<meta property=\"og:description\" content=\"100% pflanzlich Von Natur aus arm an ges\u00e4ttigten Fetts\u00e4uren Hochwertige pflanzliche Eiwei\u00dfquelle\" \/>\n<meta property=\"og:url\" content=\"https:\/\/xn--shop-fr-vegane-und-vegetarische-kost-j0d.de\/?product=alpro-sojadrink-banane-1-liter-8er-pack\" \/>\n<meta property=\"og:site_name\" content=\"Vegan oder Vegetarisch\" \/>\n<meta property=\"article:modified_time\" content=\"2023-04-07T16:52:56+00:00\" \/>\n<meta property=\"og:image\" content=\"https:\/\/images-na.ssl-images-amazon.com\/images\/I\/51V6pljl8iL.jpg\" \/>\n\t<meta property=\"og:image:width\" content=\"500\" \/>\n\t<meta property=\"og:image:height\" content=\"500\" \/>\n<meta name=\"twitter:card\" content=\"summary_large_image\" \/>\n<meta name=\"twitter:label1\" content=\"Verfasst von\">\n\t<meta name=\"twitter:data1\" content=\"Swen-Olaf Bender\">\n\t<meta name=\"twitter:label2\" content=\"Gesch\u00e4tzte Lesezeit\">\n\t<meta name=\"twitter:data2\" content=\"1\u00a0Minute\">\n<script type=\"application\/ld+json\" class=\"yoast-schema-graph\">{\"@context\":\"https:\/\/schema.org\",\"@graph\":[{\"@type\":\"WebSite\",\"@id\":\"https:\/\/xn--shop-fr-vegane-und-vegetarische-kost-j0d.de\/#website\",\"url\":\"https:\/\/xn--shop-fr-vegane-und-vegetarische-kost-j0d.de\/\",\"name\":\"Vegan oder Vegetarisch\",\"description\":\"Gesund leben, Gesund essen\",\"potentialAction\":[{\"@type\":\"SearchAction\",\"target\":\"https:\/\/xn--shop-fr-vegane-und-vegetarische-kost-j0d.de\/?s={search_term_string}\",\"query-input\":\"required name=search_term_string\"}],\"inLanguage\":\"de\"},{\"@type\":\"ImageObject\",\"@id\":\"https:\/\/xn--shop-fr-vegane-und-vegetarische-kost-j0d.de\/?product=alpro-sojadrink-banane-1-liter-8er-pack#primaryimage\",\"inLanguage\":\"de\",\"url\":\"https:\/\/images-na.ssl-images-amazon.com\/images\/I\/51V6pljl8iL.jpg\",\"width\":500,\"height\":500},{\"@type\":\"WebPage\",\"@id\":\"https:\/\/xn--shop-fr-vegane-und-vegetarische-kost-j0d.de\/?product=alpro-sojadrink-banane-1-liter-8er-pack#webpage\",\"url\":\"https:\/\/xn--shop-fr-vegane-und-vegetarische-kost-j0d.de\/?product=alpro-sojadrink-banane-1-liter-8er-pack\",\"name\":\"Alpro Sojadrink Banane, 1 Liter, 8er Pack - Vegan oder Vegetarisch\",\"isPartOf\":{\"@id\":\"https:\/\/xn--shop-fr-vegane-und-vegetarische-kost-j0d.de\/#website\"},\"primaryImageOfPage\":{\"@id\":\"https:\/\/xn--shop-fr-vegane-und-vegetarische-kost-j0d.de\/?product=alpro-sojadrink-banane-1-liter-8er-pack#primaryimage\"},\"datePublished\":\"2020-12-30T23:40:41+00:00\",\"dateModified\":\"2023-04-07T16:52:56+00:00\",\"inLanguage\":\"de\",\"potentialAction\":[{\"@type\":\"ReadAction\",\"target\":[\"https:\/\/xn--shop-fr-vegane-und-vegetarische-kost-j0d.de\/?product=alpro-sojadrink-banane-1-liter-8er-pack\"]}]}]}<\/script>\n<!-- \/ Yoast SEO Premium plugin. -->","_links":{"self":[{"href":"https:\/\/xn--shop-fr-vegane-und-vegetarische-kost-j0d.de\/index.php?rest_route=\/wp\/v2\/product\/11277"}],"collection":[{"href":"https:\/\/xn--shop-fr-vegane-und-vegetarische-kost-j0d.de\/index.php?rest_route=\/wp\/v2\/product"}],"about":[{"href":"https:\/\/xn--shop-fr-vegane-und-vegetarische-kost-j0d.de\/index.php?rest_route=\/wp\/v2\/types\/product"}],"replies":[{"embeddable":true,"href":"https:\/\/xn--shop-fr-vegane-und-vegetarische-kost-j0d.de\/index.php?rest_route=%2Fwp%2Fv2%2Fcomments&post=11277"}],"wp:featuredmedia":[{"embeddable":true,"href":"https:\/\/xn--shop-fr-vegane-und-vegetarische-kost-j0d.de\/index.php?rest_route=\/wp\/v2\/media\/11278"}],"wp:attachment":[{"href":"https:\/\/xn--shop-fr-vegane-und-vegetarische-kost-j0d.de\/index.php?rest_route=%2Fwp%2Fv2%2Fmedia&parent=11277"}],"wp:term":[{"taxonomy":"product_cat","embeddable":true,"href":"https:\/\/xn--shop-fr-vegane-und-vegetarische-kost-j0d.de\/index.php?rest_route=%2Fwp%2Fv2%2Fproduct_cat&post=11277"},{"taxonomy":"product_tag","embeddable":true,"href":"https:\/\/xn--shop-fr-vegane-und-vegetarische-kost-j0d.de\/index.php?rest_route=%2Fwp%2Fv2%2Fproduct_tag&post=11277"}],"curies":[{"name":"wp","href":"https:\/\/api.w.org\/{rel}","templated":true}]}}