{"id":11274,"date":"2020-12-30T23:40:40","date_gmt":"2020-12-30T23:40:40","guid":{"rendered":"https:\/\/xn--shop-fr-vegane-und-vegetarische-kost-j0d.de\/?product=8x-alpro-soya-drink-vanille-1000ml"},"modified":"2023-04-07T18:52:56","modified_gmt":"2023-04-07T16:52:56","slug":"8x-alpro-soya-drink-vanille-1000ml","status":"publish","type":"product","link":"https:\/\/xn--shop-fr-vegane-und-vegetarische-kost-j0d.de\/?product=8x-alpro-soya-drink-vanille-1000ml","title":{"rendered":"8x Alpro &#8211; Soya Drink Vanille &#8211; 1000ml"},"content":{"rendered":"<p><!-- show up to 2 reviews by default --> <\/p>\n<p>Alpro &#8211; Soya Drink Vanille &#8211; 1000ml<\/p>\n<p>Sojadrink, Vanille-Geschmack, angereichert mit Calcium und Vitaminen.<br \/>Vereint einen feinen Vanillegeschmack mit der Cremigkeit, die alle Alpro Sojadrinks auszeichnet, und verf\u00fcgt \u00fcber Calcium und die Vitamine B2, B12 und D. Auch in der K\u00fcche kann der Sojadrink Vanille eingesetzt werden, zum Beispiel bei der Zubereitung von veganer Panna cotta.<\/p>\n<p>Zutaten: Wasser, Zucker, gesch\u00e4lte SOJABOHNEN (5,8%), Calciumcarbonat, Aromen, Meersalz, S\u00e4ureregulator (Monokaliumphosphat), Karottenextrakt, Stabilisator (Gellan), Vitamine (Riboflavin (B2), B12, D2).<\/p>\n<div class=\"main-cross-sell\" data-asin=\"B07BL4K3DQ\">\n\n\t<div class=\"WooZone-cross-sell-loader\">\n\t\t<div>\n\t\t\t<div id=\"floatingBarsG\">\n\t\t\t\t<div class=\"blockG\" id=\"rotateG_01\"><\/div>\n\t\t\t\t<div class=\"blockG\" id=\"rotateG_02\"><\/div>\n\t\t\t\t<div class=\"blockG\" id=\"rotateG_03\"><\/div>\n\t\t\t\t<div class=\"blockG\" id=\"rotateG_04\"><\/div>\n\t\t\t\t<div class=\"blockG\" id=\"rotateG_05\"><\/div>\n\t\t\t\t<div class=\"blockG\" id=\"rotateG_06\"><\/div>\n\t\t\t\t<div class=\"blockG\" id=\"rotateG_07\"><\/div>\n\t\t\t\t<div class=\"blockG\" id=\"rotateG_08\"><\/div>\n\t\t\t<\/div>\n\t\t\t<div class=\"WooZone-cross-sell-loader-text\"><\/div>\n\t\t<\/div>\n\t<\/div>\n\n\t\t\n<\/div>\n<div style=\"clear:both;\"><\/div>\n","protected":false},"excerpt":{"rendered":"<p>Alpro &#8211; Soya Drink Vanille &#8211; 1000ml Sojadrink, Vanille-Geschmack, angereichert mit Calcium und Vitaminen.Vereint einen feinen Vanillegeschmack mit der Cremigkeit, die alle Alpro Sojadrinks auszeichnet, und verf\u00fcgt \u00fcber Calcium und die Vitamine B2, B12 und D. Auch in der K\u00fcche kann der Sojadrink Vanille eingesetzt werden, zum Beispiel bei der Zubereitung von veganer Panna cotta. [&hellip;]<\/p>\n","protected":false},"featured_media":11275,"comment_status":"open","ping_status":"closed","template":"","meta":[],"product_cat":[4146,135],"product_tag":[],"yoast_head":"<!-- This site is optimized with the Yoast SEO Premium plugin v15.4 - https:\/\/yoast.com\/wordpress\/plugins\/seo\/ -->\n<title>8x Alpro - Soya Drink Vanille - 1000ml - Vegan oder Vegetarisch<\/title>\n<meta name=\"robots\" content=\"index, follow, max-snippet:-1, max-image-preview:large, max-video-preview:-1\" \/>\n<link rel=\"canonical\" href=\"https:\/\/xn--shop-fr-vegane-und-vegetarische-kost-j0d.de\/?product=8x-alpro-soya-drink-vanille-1000ml\" \/>\n<meta property=\"og:locale\" content=\"de_DE\" \/>\n<meta property=\"og:type\" content=\"article\" \/>\n<meta property=\"og:title\" content=\"8x Alpro - Soya Drink Vanille - 1000ml - Vegan oder Vegetarisch\" \/>\n<meta property=\"og:description\" content=\"Alpro &#8211; Soya Drink Vanille &#8211; 1000ml Sojadrink, Vanille-Geschmack, angereichert mit Calcium und Vitaminen.Vereint einen feinen Vanillegeschmack mit der Cremigkeit, die alle Alpro Sojadrinks auszeichnet, und verf\u00fcgt \u00fcber Calcium und die Vitamine B2, B12 und D. Auch in der K\u00fcche kann der Sojadrink Vanille eingesetzt werden, zum Beispiel bei der Zubereitung von veganer Panna cotta. [&hellip;]\" \/>\n<meta property=\"og:url\" content=\"https:\/\/xn--shop-fr-vegane-und-vegetarische-kost-j0d.de\/?product=8x-alpro-soya-drink-vanille-1000ml\" \/>\n<meta property=\"og:site_name\" content=\"Vegan oder Vegetarisch\" \/>\n<meta property=\"article:modified_time\" content=\"2023-04-07T16:52:56+00:00\" \/>\n<meta property=\"og:image\" content=\"https:\/\/images-na.ssl-images-amazon.com\/images\/I\/515hWkN-Y8L.jpg\" \/>\n\t<meta property=\"og:image:width\" content=\"500\" \/>\n\t<meta property=\"og:image:height\" content=\"500\" \/>\n<meta name=\"twitter:card\" content=\"summary_large_image\" \/>\n<meta name=\"twitter:label1\" content=\"Verfasst von\">\n\t<meta name=\"twitter:data1\" content=\"Swen-Olaf Bender\">\n\t<meta name=\"twitter:label2\" content=\"Gesch\u00e4tzte Lesezeit\">\n\t<meta name=\"twitter:data2\" content=\"0\u00a0Minuten\">\n<script type=\"application\/ld+json\" class=\"yoast-schema-graph\">{\"@context\":\"https:\/\/schema.org\",\"@graph\":[{\"@type\":\"WebSite\",\"@id\":\"https:\/\/xn--shop-fr-vegane-und-vegetarische-kost-j0d.de\/#website\",\"url\":\"https:\/\/xn--shop-fr-vegane-und-vegetarische-kost-j0d.de\/\",\"name\":\"Vegan oder Vegetarisch\",\"description\":\"Gesund leben, Gesund essen\",\"potentialAction\":[{\"@type\":\"SearchAction\",\"target\":\"https:\/\/xn--shop-fr-vegane-und-vegetarische-kost-j0d.de\/?s={search_term_string}\",\"query-input\":\"required name=search_term_string\"}],\"inLanguage\":\"de\"},{\"@type\":\"ImageObject\",\"@id\":\"https:\/\/xn--shop-fr-vegane-und-vegetarische-kost-j0d.de\/?product=8x-alpro-soya-drink-vanille-1000ml#primaryimage\",\"inLanguage\":\"de\",\"url\":\"https:\/\/images-na.ssl-images-amazon.com\/images\/I\/515hWkN-Y8L.jpg\",\"width\":500,\"height\":500},{\"@type\":\"WebPage\",\"@id\":\"https:\/\/xn--shop-fr-vegane-und-vegetarische-kost-j0d.de\/?product=8x-alpro-soya-drink-vanille-1000ml#webpage\",\"url\":\"https:\/\/xn--shop-fr-vegane-und-vegetarische-kost-j0d.de\/?product=8x-alpro-soya-drink-vanille-1000ml\",\"name\":\"8x Alpro - Soya Drink Vanille - 1000ml - Vegan oder Vegetarisch\",\"isPartOf\":{\"@id\":\"https:\/\/xn--shop-fr-vegane-und-vegetarische-kost-j0d.de\/#website\"},\"primaryImageOfPage\":{\"@id\":\"https:\/\/xn--shop-fr-vegane-und-vegetarische-kost-j0d.de\/?product=8x-alpro-soya-drink-vanille-1000ml#primaryimage\"},\"datePublished\":\"2020-12-30T23:40:40+00:00\",\"dateModified\":\"2023-04-07T16:52:56+00:00\",\"inLanguage\":\"de\",\"potentialAction\":[{\"@type\":\"ReadAction\",\"target\":[\"https:\/\/xn--shop-fr-vegane-und-vegetarische-kost-j0d.de\/?product=8x-alpro-soya-drink-vanille-1000ml\"]}]}]}<\/script>\n<!-- \/ Yoast SEO Premium plugin. -->","_links":{"self":[{"href":"https:\/\/xn--shop-fr-vegane-und-vegetarische-kost-j0d.de\/index.php?rest_route=\/wp\/v2\/product\/11274"}],"collection":[{"href":"https:\/\/xn--shop-fr-vegane-und-vegetarische-kost-j0d.de\/index.php?rest_route=\/wp\/v2\/product"}],"about":[{"href":"https:\/\/xn--shop-fr-vegane-und-vegetarische-kost-j0d.de\/index.php?rest_route=\/wp\/v2\/types\/product"}],"replies":[{"embeddable":true,"href":"https:\/\/xn--shop-fr-vegane-und-vegetarische-kost-j0d.de\/index.php?rest_route=%2Fwp%2Fv2%2Fcomments&post=11274"}],"wp:featuredmedia":[{"embeddable":true,"href":"https:\/\/xn--shop-fr-vegane-und-vegetarische-kost-j0d.de\/index.php?rest_route=\/wp\/v2\/media\/11275"}],"wp:attachment":[{"href":"https:\/\/xn--shop-fr-vegane-und-vegetarische-kost-j0d.de\/index.php?rest_route=%2Fwp%2Fv2%2Fmedia&parent=11274"}],"wp:term":[{"taxonomy":"product_cat","embeddable":true,"href":"https:\/\/xn--shop-fr-vegane-und-vegetarische-kost-j0d.de\/index.php?rest_route=%2Fwp%2Fv2%2Fproduct_cat&post=11274"},{"taxonomy":"product_tag","embeddable":true,"href":"https:\/\/xn--shop-fr-vegane-und-vegetarische-kost-j0d.de\/index.php?rest_route=%2Fwp%2Fv2%2Fproduct_tag&post=11274"}],"curies":[{"name":"wp","href":"https:\/\/api.w.org\/{rel}","templated":true}]}}