{"id":11134,"date":"2020-12-30T23:39:35","date_gmt":"2020-12-30T23:39:35","guid":{"rendered":"https:\/\/xn--shop-fr-vegane-und-vegetarische-kost-j0d.de\/?product=alpro-barista-soya-1l-rein-pflanzlich-fantastisch-aufschaeumbar-4er-pack"},"modified":"2023-04-07T18:52:54","modified_gmt":"2023-04-07T16:52:54","slug":"alpro-barista-soya-1l-rein-pflanzlich-fantastisch-aufschaeumbar-4er-pack","status":"publish","type":"product","link":"https:\/\/xn--shop-fr-vegane-und-vegetarische-kost-j0d.de\/?product=alpro-barista-soya-1l-rein-pflanzlich-fantastisch-aufschaeumbar-4er-pack","title":{"rendered":"Alpro Barista Soya 1L &#8211; rein pflanzlich &#8211; fantastisch aufsch\u00e4umbar (4er Pack)"},"content":{"rendered":"<p><!-- show up to 2 reviews by default --> <\/p>\n<h3>Produktbeschreibungen<\/h3>\n<p>Alpro Barista Soya ist ein lang haltbarer Sojadrink, der speziell f\u00fcr Baristas entwickelt wurde. Mit ihm gelingen perfekte Soya Cappuccinos und Lattes. Sie ist reich an hochwertigem, pflanzlichen Protein. Proteine tragen zur Erhaltung von Muskelmasse bei. Achten Sie auf eine abwechslungsreiche und ausgewogene Ern\u00e4hrung und eine gesunde Lebensweise.<\/p>\n<p> Vor Verwendung k\u00fchlen und kr\u00e4ftig sch\u00fctteln. Stets nur einmal aufsch\u00e4umen. Der Sojadrink ist angereichert mit Calcium und Vitaminen. Calcium wird f\u00fcr die Erhaltung normaler Knochen ben\u00f6tigt.<\/p>\n<ul>\n<li>Aufsch\u00e4umen bis maximal 70\u00b0C<\/li>\n<li>Von Natur aus laktosefrei.<\/li>\n<li>Zuckerarm<\/li>\n<\/ul>\n<p> Im Lieferumfang enthalten:<br \/> Alpro Barista Soya 1L <br \/> 4er Pack <\/p>\n<h3>Inhaltsstoffe \/ Zutaten<\/h3>\n<p>Zutaten: Wasser, gesch\u00e4lte Sojabohnen (8%), Fruktose, S\u00e4ureregulatoren (Kaliumphosphate), Calciumcarbonat, Aromen, Stabilisatoren (Carrageen, Gellan, Guarkernmehl, Xanthan), pflanzliche \u00d6le und Fette (Sonnenblume, Shea), Meersalz, Vitamine (B2,B12,D2). <\/p>\n<div data-a-expander-name=\"toggle_description\" class=\"a-row a-expander-container a-expander-extend-container\">\n<div class=\"a-expander-content a-expander-extend-content\">\n<h3>Anschrift Hersteller\/Importeur<\/h3>\n<p>Alpro C.V.A. Vlamingstaat 28, 8560 Wevelgem, BE <\/p>\n<\/p><\/div>\n<p> <a href=\"void(0)\" data-action=\"a-expander-toggle\" class=\"a-expander-header a-declarative a-expander-extend-header\" data-a-expander-toggle=\"{\"><i class=\"a-icon a-icon-extender-expand\"><\/i><span class=\"a-expander-prompt\">Mehr<\/span><\/a> <\/div>\n<p>Der Barista Sojadrink ist angereichert mit Calcium und Vitaminen<br \/>\nCalcium wird f\u00fcr die Erhaltung normaler Knochen ben\u00f6tigt<br \/>\nReich an pflanzlichem Protein &#8211; Zuckerarm<br \/>\nIdeal im Kaffee oder Tee<br \/>\nInhalt je: 1 Liter<br \/>\n<div class=\"main-cross-sell\" data-asin=\"B082NKV15Z\">\n\n\t<div class=\"WooZone-cross-sell-loader\">\n\t\t<div>\n\t\t\t<div id=\"floatingBarsG\">\n\t\t\t\t<div class=\"blockG\" id=\"rotateG_01\"><\/div>\n\t\t\t\t<div class=\"blockG\" id=\"rotateG_02\"><\/div>\n\t\t\t\t<div class=\"blockG\" id=\"rotateG_03\"><\/div>\n\t\t\t\t<div class=\"blockG\" id=\"rotateG_04\"><\/div>\n\t\t\t\t<div class=\"blockG\" id=\"rotateG_05\"><\/div>\n\t\t\t\t<div class=\"blockG\" id=\"rotateG_06\"><\/div>\n\t\t\t\t<div class=\"blockG\" id=\"rotateG_07\"><\/div>\n\t\t\t\t<div class=\"blockG\" id=\"rotateG_08\"><\/div>\n\t\t\t<\/div>\n\t\t\t<div class=\"WooZone-cross-sell-loader-text\"><\/div>\n\t\t<\/div>\n\t<\/div>\n\n\t\t\n<\/div>\n<div style=\"clear:both;\"><\/div>\n","protected":false},"excerpt":{"rendered":"<p>Der Barista Sojadrink ist angereichert mit Calcium und Vitaminen<br \/>\nCalcium wird f\u00fcr die Erhaltung normaler Knochen ben\u00f6tigt<br \/>\nReich an pflanzlichem Protein &#8211; Zuckerarm<\/p>\n","protected":false},"featured_media":11135,"comment_status":"open","ping_status":"closed","template":"","meta":[],"product_cat":[4146,135],"product_tag":[],"yoast_head":"<!-- This site is optimized with the Yoast SEO Premium plugin v15.4 - https:\/\/yoast.com\/wordpress\/plugins\/seo\/ -->\n<title>Alpro Barista Soya 1L - rein pflanzlich - fantastisch aufsch\u00e4umbar (4er Pack) - Vegan oder Vegetarisch<\/title>\n<meta name=\"robots\" content=\"index, follow, max-snippet:-1, max-image-preview:large, max-video-preview:-1\" \/>\n<link rel=\"canonical\" href=\"https:\/\/xn--shop-fr-vegane-und-vegetarische-kost-j0d.de\/?product=alpro-barista-soya-1l-rein-pflanzlich-fantastisch-aufschaeumbar-4er-pack\" \/>\n<meta property=\"og:locale\" content=\"de_DE\" \/>\n<meta property=\"og:type\" content=\"article\" \/>\n<meta property=\"og:title\" content=\"Alpro Barista Soya 1L - rein pflanzlich - fantastisch aufsch\u00e4umbar (4er Pack) - Vegan oder Vegetarisch\" \/>\n<meta property=\"og:description\" content=\"Der Barista Sojadrink ist angereichert mit Calcium und Vitaminen Calcium wird f\u00fcr die Erhaltung normaler Knochen ben\u00f6tigt Reich an pflanzlichem Protein - Zuckerarm\" \/>\n<meta property=\"og:url\" content=\"https:\/\/xn--shop-fr-vegane-und-vegetarische-kost-j0d.de\/?product=alpro-barista-soya-1l-rein-pflanzlich-fantastisch-aufschaeumbar-4er-pack\" \/>\n<meta property=\"og:site_name\" content=\"Vegan oder Vegetarisch\" \/>\n<meta property=\"article:modified_time\" content=\"2023-04-07T16:52:54+00:00\" \/>\n<meta property=\"og:image\" content=\"https:\/\/images-na.ssl-images-amazon.com\/images\/I\/51dOxkpr0JL.jpg\" \/>\n\t<meta property=\"og:image:width\" content=\"500\" \/>\n\t<meta property=\"og:image:height\" content=\"500\" \/>\n<meta name=\"twitter:card\" content=\"summary_large_image\" \/>\n<meta name=\"twitter:label1\" content=\"Verfasst von\">\n\t<meta name=\"twitter:data1\" content=\"Swen-Olaf Bender\">\n\t<meta name=\"twitter:label2\" content=\"Gesch\u00e4tzte Lesezeit\">\n\t<meta name=\"twitter:data2\" content=\"1\u00a0Minute\">\n<script type=\"application\/ld+json\" class=\"yoast-schema-graph\">{\"@context\":\"https:\/\/schema.org\",\"@graph\":[{\"@type\":\"WebSite\",\"@id\":\"https:\/\/xn--shop-fr-vegane-und-vegetarische-kost-j0d.de\/#website\",\"url\":\"https:\/\/xn--shop-fr-vegane-und-vegetarische-kost-j0d.de\/\",\"name\":\"Vegan oder Vegetarisch\",\"description\":\"Gesund leben, Gesund essen\",\"potentialAction\":[{\"@type\":\"SearchAction\",\"target\":\"https:\/\/xn--shop-fr-vegane-und-vegetarische-kost-j0d.de\/?s={search_term_string}\",\"query-input\":\"required name=search_term_string\"}],\"inLanguage\":\"de\"},{\"@type\":\"ImageObject\",\"@id\":\"https:\/\/xn--shop-fr-vegane-und-vegetarische-kost-j0d.de\/?product=alpro-barista-soya-1l-rein-pflanzlich-fantastisch-aufschaeumbar-4er-pack#primaryimage\",\"inLanguage\":\"de\",\"url\":\"https:\/\/images-na.ssl-images-amazon.com\/images\/I\/51dOxkpr0JL.jpg\",\"width\":500,\"height\":500},{\"@type\":\"WebPage\",\"@id\":\"https:\/\/xn--shop-fr-vegane-und-vegetarische-kost-j0d.de\/?product=alpro-barista-soya-1l-rein-pflanzlich-fantastisch-aufschaeumbar-4er-pack#webpage\",\"url\":\"https:\/\/xn--shop-fr-vegane-und-vegetarische-kost-j0d.de\/?product=alpro-barista-soya-1l-rein-pflanzlich-fantastisch-aufschaeumbar-4er-pack\",\"name\":\"Alpro Barista Soya 1L - rein pflanzlich - fantastisch aufsch\\u00e4umbar (4er Pack) - Vegan oder Vegetarisch\",\"isPartOf\":{\"@id\":\"https:\/\/xn--shop-fr-vegane-und-vegetarische-kost-j0d.de\/#website\"},\"primaryImageOfPage\":{\"@id\":\"https:\/\/xn--shop-fr-vegane-und-vegetarische-kost-j0d.de\/?product=alpro-barista-soya-1l-rein-pflanzlich-fantastisch-aufschaeumbar-4er-pack#primaryimage\"},\"datePublished\":\"2020-12-30T23:39:35+00:00\",\"dateModified\":\"2023-04-07T16:52:54+00:00\",\"inLanguage\":\"de\",\"potentialAction\":[{\"@type\":\"ReadAction\",\"target\":[\"https:\/\/xn--shop-fr-vegane-und-vegetarische-kost-j0d.de\/?product=alpro-barista-soya-1l-rein-pflanzlich-fantastisch-aufschaeumbar-4er-pack\"]}]}]}<\/script>\n<!-- \/ Yoast SEO Premium plugin. -->","_links":{"self":[{"href":"https:\/\/xn--shop-fr-vegane-und-vegetarische-kost-j0d.de\/index.php?rest_route=\/wp\/v2\/product\/11134"}],"collection":[{"href":"https:\/\/xn--shop-fr-vegane-und-vegetarische-kost-j0d.de\/index.php?rest_route=\/wp\/v2\/product"}],"about":[{"href":"https:\/\/xn--shop-fr-vegane-und-vegetarische-kost-j0d.de\/index.php?rest_route=\/wp\/v2\/types\/product"}],"replies":[{"embeddable":true,"href":"https:\/\/xn--shop-fr-vegane-und-vegetarische-kost-j0d.de\/index.php?rest_route=%2Fwp%2Fv2%2Fcomments&post=11134"}],"wp:featuredmedia":[{"embeddable":true,"href":"https:\/\/xn--shop-fr-vegane-und-vegetarische-kost-j0d.de\/index.php?rest_route=\/wp\/v2\/media\/11135"}],"wp:attachment":[{"href":"https:\/\/xn--shop-fr-vegane-und-vegetarische-kost-j0d.de\/index.php?rest_route=%2Fwp%2Fv2%2Fmedia&parent=11134"}],"wp:term":[{"taxonomy":"product_cat","embeddable":true,"href":"https:\/\/xn--shop-fr-vegane-und-vegetarische-kost-j0d.de\/index.php?rest_route=%2Fwp%2Fv2%2Fproduct_cat&post=11134"},{"taxonomy":"product_tag","embeddable":true,"href":"https:\/\/xn--shop-fr-vegane-und-vegetarische-kost-j0d.de\/index.php?rest_route=%2Fwp%2Fv2%2Fproduct_tag&post=11134"}],"curies":[{"name":"wp","href":"https:\/\/api.w.org\/{rel}","templated":true}]}}