{"id":11130,"date":"2020-12-30T23:39:34","date_gmt":"2020-12-30T23:39:34","guid":{"rendered":"https:\/\/xn--shop-fr-vegane-und-vegetarische-kost-j0d.de\/?product=alpro-10er-pack-sojadrink-light-1-liter-soja-soya-drink-calcium-100-pflanzlich"},"modified":"2023-04-07T18:52:54","modified_gmt":"2023-04-07T16:52:54","slug":"alpro-10er-pack-sojadrink-light-1-liter-soja-soya-drink-calcium-100-pflanzlich","status":"publish","type":"product","link":"https:\/\/xn--shop-fr-vegane-und-vegetarische-kost-j0d.de\/?product=alpro-10er-pack-sojadrink-light-1-liter-soja-soya-drink-calcium-100-pflanzlich","title":{"rendered":"Alpro &#8211; 10er Pack Sojadrink Light 1 Liter &#8211; Soja Soya Drink Calcium 100 % pflanzlich"},"content":{"rendered":"<p><!-- show up to 2 reviews by default --> <\/p>\n<h3>Produktbeschreibungen<\/h3>\n<\/p>\n<p><strong>Zutaten:<\/strong><br \/>Sojabasis (Wasser, gesch\u00e4lte Sojabohnen (5,6%)), l\u00f6slicher Mais-Ballaststoff, Fruktose, Zucker, Calciumcarbonat, S\u00e4ureregulator (Kaliumphosphate), Meersalz, Aroma, Stabilisator (Gellan), nat\u00fcrliches Aroma, Vitamine (B2, B12, D2)<\/p>\n<p><strong>Allergene:<\/strong><br \/>Soja, kann Spuren von Schalenfr\u00fcchten (keine Erdn\u00fcsse) enthalten<\/p>\n<p><strong>N\u00e4hrwertangaben auf 100 ml:<\/strong><br \/>Energie: 116 kJ \/ 28 kcal<br \/>Fett: 1,2 g<br \/>ges\u00e4ttigte Fetts\u00e4uren: 0,2 g<br \/>Kohlenhydrate: 1,7 g<br \/>Zucker: 1,5 g<br \/>Ballaststoffe 0,9 g<br \/>Eiwei\u00df: 2,1 g<br \/>Salz: 0,11 g<\/p>\n<\/p>\n<h3>Inhaltsstoffe \/ Zutaten<\/h3>\n<p>Sojabasis (Wasser, gesch\u00e4lte Sojabohnen (5,6%)), l\u00f6slicher Mais-Ballaststoff, Fruktose, Zucker, Calciumcarbonat, S\u00e4ureregulator (Kaliumphosphate), Meersalz, Aroma, Stabilisator (Gellan), nat\u00fcrliches Aroma, Vitamine (B2, B12, D2) <\/p>\n<div data-a-expander-name=\"toggle_description\" class=\"a-row a-expander-container a-expander-extend-container\">\n<div class=\"a-expander-content a-expander-extend-content\">\n<h3>Warnhinweise<\/h3>\n<p>Enth\u00e4lt Soja <\/p>\n<\/p><\/div>\n<p> <a href=\"void(0)\" data-action=\"a-expander-toggle\" class=\"a-expander-header a-declarative a-expander-extend-header\" data-a-expander-toggle=\"{\"><i class=\"a-icon a-icon-extender-expand\"><\/i><span class=\"a-expander-prompt\">Mehr<\/span><\/a> <\/div>\n<p>SOJADRINK &#8211; Der Alpro Soya-Drink Light ist hergestellt aus nachhaltig angebautem Soja. Die Sojabohne schenkt dem Drink nicht nur zahlreiche Mikron\u00e4hrstoffe, sondern liefert zugleich noch gut verwertbare Proteine<br \/>\nVERZEHR &#8211; Ob pur und gek\u00fchlt aus dem Glas getrunken, im Kaffee oder M\u00fcsli, zum Verfeinern von Kuchen und Desserts &#8211; dieser pflanzliche Drink l\u00e4sst sich ganz vielseitig genie\u00dfen<br \/>\nBESONDERHEITEN &#8211; 100 % pflanzlich, von Natur aus laktosefrei, fettarm, glutenfrei, zuckerarm, reich an Ballaststoffen, hochwertige Proteinquelle, Quelle von Kalzium, Vitamin D und B12<br \/>\nWIR VERPACKEN OHNE PLASTIK &#8211; Wir, als Familienunternehmen, garantieren eine plastikfreie Umverpackung, um unsere anspruchsvollen, selbstgesteckten Umweltziele einzuhalten<br \/>\nSERVICE &#8211; Wir als deutsches Familienunternehmen bieten DIR schnellen, kompetenten und freundlichen Kundenservice vor und nach dem Bestellen<br \/>\n<div class=\"main-cross-sell\" data-asin=\"B08D8JFJ3W\">\n\n\t<div class=\"WooZone-cross-sell-loader\">\n\t\t<div>\n\t\t\t<div id=\"floatingBarsG\">\n\t\t\t\t<div class=\"blockG\" id=\"rotateG_01\"><\/div>\n\t\t\t\t<div class=\"blockG\" id=\"rotateG_02\"><\/div>\n\t\t\t\t<div class=\"blockG\" id=\"rotateG_03\"><\/div>\n\t\t\t\t<div class=\"blockG\" id=\"rotateG_04\"><\/div>\n\t\t\t\t<div class=\"blockG\" id=\"rotateG_05\"><\/div>\n\t\t\t\t<div class=\"blockG\" id=\"rotateG_06\"><\/div>\n\t\t\t\t<div class=\"blockG\" id=\"rotateG_07\"><\/div>\n\t\t\t\t<div class=\"blockG\" id=\"rotateG_08\"><\/div>\n\t\t\t<\/div>\n\t\t\t<div class=\"WooZone-cross-sell-loader-text\"><\/div>\n\t\t<\/div>\n\t<\/div>\n\n\t\t\n<\/div>\n<div style=\"clear:both;\"><\/div>\n","protected":false},"excerpt":{"rendered":"<p>SOJADRINK &#8211; Der Alpro Soya-Drink Light ist hergestellt aus nachhaltig angebautem Soja. Die Sojabohne schenkt dem Drink nicht nur zahlreiche Mikron\u00e4hrstoffe, sondern liefert zugleich noch gut verwertbare Proteine<br \/>\nVERZEHR &#8211; Ob pur und gek\u00fchlt aus dem Glas getrunken, im Kaffee oder M\u00fcsli, zum Verfeinern von Kuchen und Desserts &#8211; dieser pflanzliche Drink l\u00e4sst sich ganz vielseitig genie\u00dfen<br \/>\nBESONDERHEITEN &#8211; 100 % pflanzlich, von Natur aus laktosefrei, fettarm, glutenfrei, zuckerarm, reich an Ballaststoffen, hochwertige Proteinquelle, Quelle von Kalzium, Vitamin D und B12<\/p>\n","protected":false},"featured_media":11131,"comment_status":"open","ping_status":"closed","template":"","meta":[],"product_cat":[4146,135],"product_tag":[],"yoast_head":"<!-- This site is optimized with the Yoast SEO Premium plugin v15.4 - https:\/\/yoast.com\/wordpress\/plugins\/seo\/ -->\n<title>Alpro - 10er Pack Sojadrink Light 1 Liter - Soja Soya Drink Calcium 100 % pflanzlich - Vegan oder Vegetarisch<\/title>\n<meta name=\"robots\" content=\"index, follow, max-snippet:-1, max-image-preview:large, max-video-preview:-1\" \/>\n<link rel=\"canonical\" href=\"https:\/\/xn--shop-fr-vegane-und-vegetarische-kost-j0d.de\/?product=alpro-10er-pack-sojadrink-light-1-liter-soja-soya-drink-calcium-100-pflanzlich\" \/>\n<meta property=\"og:locale\" content=\"de_DE\" \/>\n<meta property=\"og:type\" content=\"article\" \/>\n<meta property=\"og:title\" content=\"Alpro - 10er Pack Sojadrink Light 1 Liter - Soja Soya Drink Calcium 100 % pflanzlich - Vegan oder Vegetarisch\" \/>\n<meta property=\"og:description\" content=\"SOJADRINK - Der Alpro Soya-Drink Light ist hergestellt aus nachhaltig angebautem Soja. Die Sojabohne schenkt dem Drink nicht nur zahlreiche Mikron\u00e4hrstoffe, sondern liefert zugleich noch gut verwertbare Proteine VERZEHR - Ob pur und gek\u00fchlt aus dem Glas getrunken, im Kaffee oder M\u00fcsli, zum Verfeinern von Kuchen und Desserts - dieser pflanzliche Drink l\u00e4sst sich ganz vielseitig genie\u00dfen BESONDERHEITEN - 100 % pflanzlich, von Natur aus laktosefrei, fettarm, glutenfrei, zuckerarm, reich an Ballaststoffen, hochwertige Proteinquelle, Quelle von Kalzium, Vitamin D und B12\" \/>\n<meta property=\"og:url\" content=\"https:\/\/xn--shop-fr-vegane-und-vegetarische-kost-j0d.de\/?product=alpro-10er-pack-sojadrink-light-1-liter-soja-soya-drink-calcium-100-pflanzlich\" \/>\n<meta property=\"og:site_name\" content=\"Vegan oder Vegetarisch\" \/>\n<meta property=\"article:modified_time\" content=\"2023-04-07T16:52:54+00:00\" \/>\n<meta property=\"og:image\" content=\"https:\/\/images-na.ssl-images-amazon.com\/images\/I\/510ZEVJC6CL.jpg\" \/>\n\t<meta property=\"og:image:width\" content=\"500\" \/>\n\t<meta property=\"og:image:height\" content=\"500\" \/>\n<meta name=\"twitter:card\" content=\"summary_large_image\" \/>\n<meta name=\"twitter:label1\" content=\"Verfasst von\">\n\t<meta name=\"twitter:data1\" content=\"Swen-Olaf Bender\">\n\t<meta name=\"twitter:label2\" content=\"Gesch\u00e4tzte Lesezeit\">\n\t<meta name=\"twitter:data2\" content=\"1\u00a0Minute\">\n<script type=\"application\/ld+json\" class=\"yoast-schema-graph\">{\"@context\":\"https:\/\/schema.org\",\"@graph\":[{\"@type\":\"WebSite\",\"@id\":\"https:\/\/xn--shop-fr-vegane-und-vegetarische-kost-j0d.de\/#website\",\"url\":\"https:\/\/xn--shop-fr-vegane-und-vegetarische-kost-j0d.de\/\",\"name\":\"Vegan oder Vegetarisch\",\"description\":\"Gesund leben, Gesund essen\",\"potentialAction\":[{\"@type\":\"SearchAction\",\"target\":\"https:\/\/xn--shop-fr-vegane-und-vegetarische-kost-j0d.de\/?s={search_term_string}\",\"query-input\":\"required name=search_term_string\"}],\"inLanguage\":\"de\"},{\"@type\":\"ImageObject\",\"@id\":\"https:\/\/xn--shop-fr-vegane-und-vegetarische-kost-j0d.de\/?product=alpro-10er-pack-sojadrink-light-1-liter-soja-soya-drink-calcium-100-pflanzlich#primaryimage\",\"inLanguage\":\"de\",\"url\":\"https:\/\/images-na.ssl-images-amazon.com\/images\/I\/510ZEVJC6CL.jpg\",\"width\":500,\"height\":500},{\"@type\":\"WebPage\",\"@id\":\"https:\/\/xn--shop-fr-vegane-und-vegetarische-kost-j0d.de\/?product=alpro-10er-pack-sojadrink-light-1-liter-soja-soya-drink-calcium-100-pflanzlich#webpage\",\"url\":\"https:\/\/xn--shop-fr-vegane-und-vegetarische-kost-j0d.de\/?product=alpro-10er-pack-sojadrink-light-1-liter-soja-soya-drink-calcium-100-pflanzlich\",\"name\":\"Alpro - 10er Pack Sojadrink Light 1 Liter - Soja Soya Drink Calcium 100 % pflanzlich - Vegan oder Vegetarisch\",\"isPartOf\":{\"@id\":\"https:\/\/xn--shop-fr-vegane-und-vegetarische-kost-j0d.de\/#website\"},\"primaryImageOfPage\":{\"@id\":\"https:\/\/xn--shop-fr-vegane-und-vegetarische-kost-j0d.de\/?product=alpro-10er-pack-sojadrink-light-1-liter-soja-soya-drink-calcium-100-pflanzlich#primaryimage\"},\"datePublished\":\"2020-12-30T23:39:34+00:00\",\"dateModified\":\"2023-04-07T16:52:54+00:00\",\"inLanguage\":\"de\",\"potentialAction\":[{\"@type\":\"ReadAction\",\"target\":[\"https:\/\/xn--shop-fr-vegane-und-vegetarische-kost-j0d.de\/?product=alpro-10er-pack-sojadrink-light-1-liter-soja-soya-drink-calcium-100-pflanzlich\"]}]}]}<\/script>\n<!-- \/ Yoast SEO Premium plugin. -->","_links":{"self":[{"href":"https:\/\/xn--shop-fr-vegane-und-vegetarische-kost-j0d.de\/index.php?rest_route=\/wp\/v2\/product\/11130"}],"collection":[{"href":"https:\/\/xn--shop-fr-vegane-und-vegetarische-kost-j0d.de\/index.php?rest_route=\/wp\/v2\/product"}],"about":[{"href":"https:\/\/xn--shop-fr-vegane-und-vegetarische-kost-j0d.de\/index.php?rest_route=\/wp\/v2\/types\/product"}],"replies":[{"embeddable":true,"href":"https:\/\/xn--shop-fr-vegane-und-vegetarische-kost-j0d.de\/index.php?rest_route=%2Fwp%2Fv2%2Fcomments&post=11130"}],"wp:featuredmedia":[{"embeddable":true,"href":"https:\/\/xn--shop-fr-vegane-und-vegetarische-kost-j0d.de\/index.php?rest_route=\/wp\/v2\/media\/11131"}],"wp:attachment":[{"href":"https:\/\/xn--shop-fr-vegane-und-vegetarische-kost-j0d.de\/index.php?rest_route=%2Fwp%2Fv2%2Fmedia&parent=11130"}],"wp:term":[{"taxonomy":"product_cat","embeddable":true,"href":"https:\/\/xn--shop-fr-vegane-und-vegetarische-kost-j0d.de\/index.php?rest_route=%2Fwp%2Fv2%2Fproduct_cat&post=11130"},{"taxonomy":"product_tag","embeddable":true,"href":"https:\/\/xn--shop-fr-vegane-und-vegetarische-kost-j0d.de\/index.php?rest_route=%2Fwp%2Fv2%2Fproduct_tag&post=11130"}],"curies":[{"name":"wp","href":"https:\/\/api.w.org\/{rel}","templated":true}]}}