{"id":11122,"date":"2020-12-30T23:39:31","date_gmt":"2020-12-30T23:39:31","guid":{"rendered":"https:\/\/xn--shop-fr-vegane-und-vegetarische-kost-j0d.de\/?product=alpro-sojadrink-for-professionals-1l"},"modified":"2023-04-07T18:52:54","modified_gmt":"2023-04-07T16:52:54","slug":"alpro-sojadrink-for-professionals-1l","status":"publish","type":"product","link":"https:\/\/xn--shop-fr-vegane-und-vegetarische-kost-j0d.de\/?product=alpro-sojadrink-for-professionals-1l","title":{"rendered":"Alpro SOJADRINK For Professionals, 1l"},"content":{"rendered":"<p><!-- show up to 2 reviews by default --> <\/p>\n<h3>Produktbeschreibungen<\/h3>\n<p>started over 30 years ago with naturally nutritious soya, turning it into plant-based alternatives to milk, yogurt and cream, meat and margarine, so that anyone and everyone could enjoy delicious plant powered foods. Alpro \u2018For Professionals\u2019, is exclusively formulated for the professional barista. By selecting only the finest soya beans Alpro have used over 30 years experience to blend and extract the natural goodness from every one. The result\u2026 a plant based soya milk alternative that delivers consistent, reliable, deliciously creamy lattes with soya or frothy light cappuccinos with soya. Zutaten: Sojadrink. U.H.T. Zutaten: Wasser, 6,5% gesch\u00e4lte SOJABOHNEN, Apfelextrakt, S\u00e4ureregulatoren: Monokaliumphosphat &amp; Dikaliumphosphat, Calciumcarbonat, Maltodextrin, Meersalz, Stabilisator: Gellan, Vitamine (Riboflavin [B2], B12, E, D2). Nach Anbruch 5 Tage im K\u00fchlschrank haltbar (max. +7\u00b0C). So bereiten Sie den perfekten Alproccino zu: Bewahren Sie den Drink im K\u00fchlschrank auf und sch\u00fctteln Sie ihn kr\u00e4ftig, bevor Sie ihn verwenden. Beim Aufsch\u00e4umen die maximale Temperatur von 65\u00b0C nicht \u00fcberschreiten. Den Alpro Drink stets nur einmal aufsch\u00e4umen. Hergestellt in Belgien. Eigenschaften: UHT Ultrahocherhitzt, Vegan. N\u00e4hrwerte je 100g \/ 100ml: Brennwert: 43kcal \/ 183kJ, Fett: 1.9g, davon ges\u00e4ttigte Fetts\u00e4uren: 0.3g, Kohlenhydrate: 3g, davon Zucker: 2.9g, Eiweiss: 3.3g, Salz: 0.08g <\/p>\n<h3>Inhaltsstoffe \/ Zutaten<\/h3>\n<p>Sojadrink. U.H.T. Zutaten: Wasser, 6,5% gesch\u00e4lte SOJABOHNEN, Apfelextrakt, S\u00e4ureregulatoren: Monokaliumphosphat &amp; Dikaliumphosphat, Calciumcarbonat, Maltodextrin, Meersalz, Stabilisator: Gellan, Vitamine (Riboflavin [B2], B12, E, D2). Nach Anbruch 5 Tage im K\u00fchlschrank haltbar (max. +7\u00b0C). So bereiten Sie den perfekten Alproccino zu: Bewahren Sie den Drink im K\u00fchlschrank auf und sch\u00fctteln Sie ihn kr\u00e4ftig, bevor Sie ihn verwenden. Beim Aufsch\u00e4umen die maximale Temperatur von 65\u00b0C nicht \u00fcberschreiten. Den Alpro Drink stets nur einmal aufsch\u00e4umen. Hergestellt in Belgien. Eigenschaften: UHT Ultrahocherhitzt, Vegan. <\/p>\n<div data-a-expander-name=\"toggle_description\" class=\"a-row a-expander-container a-expander-extend-container\">\n<div class=\"a-expander-content a-expander-extend-content\">\n<h3>Gebrauchsanweisung<\/h3>\n<p>Enth\u00e4lt: Sojabohnen. <\/p>\n<\/p><\/div>\n<p> <a href=\"void(0)\" data-action=\"a-expander-toggle\" class=\"a-expander-header a-declarative a-expander-extend-header\" data-a-expander-toggle=\"{\"><i class=\"a-icon a-icon-extender-expand\"><\/i><span class=\"a-expander-prompt\">Mehr<\/span><\/a> <\/div>\n<div class=\"main-cross-sell\" data-asin=\"B00N2SJZJ4\">\n\n\t<div class=\"WooZone-cross-sell-loader\">\n\t\t<div>\n\t\t\t<div id=\"floatingBarsG\">\n\t\t\t\t<div class=\"blockG\" id=\"rotateG_01\"><\/div>\n\t\t\t\t<div class=\"blockG\" id=\"rotateG_02\"><\/div>\n\t\t\t\t<div class=\"blockG\" id=\"rotateG_03\"><\/div>\n\t\t\t\t<div class=\"blockG\" id=\"rotateG_04\"><\/div>\n\t\t\t\t<div class=\"blockG\" id=\"rotateG_05\"><\/div>\n\t\t\t\t<div class=\"blockG\" id=\"rotateG_06\"><\/div>\n\t\t\t\t<div class=\"blockG\" id=\"rotateG_07\"><\/div>\n\t\t\t\t<div class=\"blockG\" id=\"rotateG_08\"><\/div>\n\t\t\t<\/div>\n\t\t\t<div class=\"WooZone-cross-sell-loader-text\"><\/div>\n\t\t<\/div>\n\t<\/div>\n\n\t\t\n<\/div>\n<div style=\"clear:both;\"><\/div>\n","protected":false},"excerpt":{"rendered":"<p>Produktbeschreibungen started over 30 years ago with naturally nutritious soya, turning it into plant-based alternatives to milk, yogurt and cream, meat and margarine, so that anyone and everyone could enjoy delicious plant powered foods. Alpro \u2018For Professionals\u2019, is exclusively formulated for the professional barista. By selecting only the finest soya beans Alpro have used over [&hellip;]<\/p>\n","protected":false},"featured_media":11123,"comment_status":"open","ping_status":"closed","template":"","meta":[],"product_cat":[4146,135],"product_tag":[],"yoast_head":"<!-- This site is optimized with the Yoast SEO Premium plugin v15.4 - https:\/\/yoast.com\/wordpress\/plugins\/seo\/ -->\n<title>Alpro SOJADRINK For Professionals, 1l - Vegan oder Vegetarisch<\/title>\n<meta name=\"robots\" content=\"index, follow, max-snippet:-1, max-image-preview:large, max-video-preview:-1\" \/>\n<link rel=\"canonical\" href=\"https:\/\/xn--shop-fr-vegane-und-vegetarische-kost-j0d.de\/?product=alpro-sojadrink-for-professionals-1l\" \/>\n<meta property=\"og:locale\" content=\"de_DE\" \/>\n<meta property=\"og:type\" content=\"article\" \/>\n<meta property=\"og:title\" content=\"Alpro SOJADRINK For Professionals, 1l - Vegan oder Vegetarisch\" \/>\n<meta property=\"og:description\" content=\"Produktbeschreibungen started over 30 years ago with naturally nutritious soya, turning it into plant-based alternatives to milk, yogurt and cream, meat and margarine, so that anyone and everyone could enjoy delicious plant powered foods. Alpro \u2018For Professionals\u2019, is exclusively formulated for the professional barista. By selecting only the finest soya beans Alpro have used over [&hellip;]\" \/>\n<meta property=\"og:url\" content=\"https:\/\/xn--shop-fr-vegane-und-vegetarische-kost-j0d.de\/?product=alpro-sojadrink-for-professionals-1l\" \/>\n<meta property=\"og:site_name\" content=\"Vegan oder Vegetarisch\" \/>\n<meta property=\"article:modified_time\" content=\"2023-04-07T16:52:54+00:00\" \/>\n<meta property=\"og:image\" content=\"https:\/\/images-na.ssl-images-amazon.com\/images\/I\/41%2BgudDY94L.jpg\" \/>\n\t<meta property=\"og:image:width\" content=\"500\" \/>\n\t<meta property=\"og:image:height\" content=\"500\" \/>\n<meta name=\"twitter:card\" content=\"summary_large_image\" \/>\n<meta name=\"twitter:label1\" content=\"Verfasst von\">\n\t<meta name=\"twitter:data1\" content=\"Swen-Olaf Bender\">\n\t<meta name=\"twitter:label2\" content=\"Gesch\u00e4tzte Lesezeit\">\n\t<meta name=\"twitter:data2\" content=\"1\u00a0Minute\">\n<script type=\"application\/ld+json\" class=\"yoast-schema-graph\">{\"@context\":\"https:\/\/schema.org\",\"@graph\":[{\"@type\":\"WebSite\",\"@id\":\"https:\/\/xn--shop-fr-vegane-und-vegetarische-kost-j0d.de\/#website\",\"url\":\"https:\/\/xn--shop-fr-vegane-und-vegetarische-kost-j0d.de\/\",\"name\":\"Vegan oder Vegetarisch\",\"description\":\"Gesund leben, Gesund essen\",\"potentialAction\":[{\"@type\":\"SearchAction\",\"target\":\"https:\/\/xn--shop-fr-vegane-und-vegetarische-kost-j0d.de\/?s={search_term_string}\",\"query-input\":\"required name=search_term_string\"}],\"inLanguage\":\"de\"},{\"@type\":\"ImageObject\",\"@id\":\"https:\/\/xn--shop-fr-vegane-und-vegetarische-kost-j0d.de\/?product=alpro-sojadrink-for-professionals-1l#primaryimage\",\"inLanguage\":\"de\",\"url\":\"https:\/\/images-na.ssl-images-amazon.com\/images\/I\/41%2BgudDY94L.jpg\",\"width\":500,\"height\":500},{\"@type\":\"WebPage\",\"@id\":\"https:\/\/xn--shop-fr-vegane-und-vegetarische-kost-j0d.de\/?product=alpro-sojadrink-for-professionals-1l#webpage\",\"url\":\"https:\/\/xn--shop-fr-vegane-und-vegetarische-kost-j0d.de\/?product=alpro-sojadrink-for-professionals-1l\",\"name\":\"Alpro SOJADRINK For Professionals, 1l - Vegan oder Vegetarisch\",\"isPartOf\":{\"@id\":\"https:\/\/xn--shop-fr-vegane-und-vegetarische-kost-j0d.de\/#website\"},\"primaryImageOfPage\":{\"@id\":\"https:\/\/xn--shop-fr-vegane-und-vegetarische-kost-j0d.de\/?product=alpro-sojadrink-for-professionals-1l#primaryimage\"},\"datePublished\":\"2020-12-30T23:39:31+00:00\",\"dateModified\":\"2023-04-07T16:52:54+00:00\",\"inLanguage\":\"de\",\"potentialAction\":[{\"@type\":\"ReadAction\",\"target\":[\"https:\/\/xn--shop-fr-vegane-und-vegetarische-kost-j0d.de\/?product=alpro-sojadrink-for-professionals-1l\"]}]}]}<\/script>\n<!-- \/ Yoast SEO Premium plugin. -->","_links":{"self":[{"href":"https:\/\/xn--shop-fr-vegane-und-vegetarische-kost-j0d.de\/index.php?rest_route=\/wp\/v2\/product\/11122"}],"collection":[{"href":"https:\/\/xn--shop-fr-vegane-und-vegetarische-kost-j0d.de\/index.php?rest_route=\/wp\/v2\/product"}],"about":[{"href":"https:\/\/xn--shop-fr-vegane-und-vegetarische-kost-j0d.de\/index.php?rest_route=\/wp\/v2\/types\/product"}],"replies":[{"embeddable":true,"href":"https:\/\/xn--shop-fr-vegane-und-vegetarische-kost-j0d.de\/index.php?rest_route=%2Fwp%2Fv2%2Fcomments&post=11122"}],"wp:featuredmedia":[{"embeddable":true,"href":"https:\/\/xn--shop-fr-vegane-und-vegetarische-kost-j0d.de\/index.php?rest_route=\/wp\/v2\/media\/11123"}],"wp:attachment":[{"href":"https:\/\/xn--shop-fr-vegane-und-vegetarische-kost-j0d.de\/index.php?rest_route=%2Fwp%2Fv2%2Fmedia&parent=11122"}],"wp:term":[{"taxonomy":"product_cat","embeddable":true,"href":"https:\/\/xn--shop-fr-vegane-und-vegetarische-kost-j0d.de\/index.php?rest_route=%2Fwp%2Fv2%2Fproduct_cat&post=11122"},{"taxonomy":"product_tag","embeddable":true,"href":"https:\/\/xn--shop-fr-vegane-und-vegetarische-kost-j0d.de\/index.php?rest_route=%2Fwp%2Fv2%2Fproduct_tag&post=11122"}],"curies":[{"name":"wp","href":"https:\/\/api.w.org\/{rel}","templated":true}]}}