{"id":11086,"date":"2020-12-30T23:39:18","date_gmt":"2020-12-30T23:39:18","guid":{"rendered":"https:\/\/xn--shop-fr-vegane-und-vegetarische-kost-j0d.de\/?product=alpro-mandel-drink-vanille-4-x-1-l"},"modified":"2023-04-07T18:52:54","modified_gmt":"2023-04-07T16:52:54","slug":"alpro-mandel-drink-vanille-4-x-1-l","status":"publish","type":"product","link":"https:\/\/xn--shop-fr-vegane-und-vegetarische-kost-j0d.de\/?product=alpro-mandel-drink-vanille-4-x-1-l","title":{"rendered":"Alpro Mandel Drink Vanille &#8211; (4 x 1 L)"},"content":{"rendered":"<p><!-- show up to 2 reviews by default --> <\/p>\n<h3>Produktbeschreibungen<\/h3>\n<p><b>Mandeldrink mit Vanille-Geschmack von Alpro<\/b> <br \/> Genie\u00dfen Sie mit Alpro einen Mandeldrink mit dem feinen Geschmack der Vanille. Der sanft-frischen und nussigen Geschmack von Alpro Mandeldrink wird auf k\u00f6stliche Weise von der milden Note duftender Vanilleschoten erg\u00e4nzt. Das macht Alpro Mandeldrink Vanille zu einem besonderen Genuss \u2013 egal ob pur, im M\u00fcsli oder Low-Carb-Fr\u00fchst\u00fcck, in Kaffee oder Smoothies. Verwenden Sie Alpro Mandeldrink Vanille als Milchersatz, zum Kochen und Backen. <\/p>\n<p><b>Alpro Mandel-Drink mit Vanille &#8211; vegan und fettarm<\/b> <br \/> Der Vanille Mandeldrink von Alpro ist ideal f\u00fcr alle, die auf eine bewusste Ern\u00e4hrungsweise achten oder auf tierische Zutaten verzichten m\u00f6chten. Der k\u00f6stliche Mandelgenuss aus leicht ger\u00f6steten Mandeln mit dem sanft-s\u00fc\u00dfen Geschmack von Vanille ist arm an Zucker, 100% pflanzlich und von Natur aus fettarm. Mandeldrink Vanille von Alpro ist vegan und eignet sich f\u00fcr eine vegane, laktosefreie und glutenfreie Ern\u00e4hrung <\/p>\n<h3>Inhaltsstoffe \/ Zutaten<\/h3>\n<p>Wasser, Zucker, Mandeln (2,3%), Zichorienwurzelfasern, Tricalciumphosphat, natu\u0308rliches Vanillearoma, Meersalz, Stabilisatoren (Johannisbrotkernmehl, Gellan), Emulgator (Sonnenblumenlecithin), Vitamine (Riboflavin (B2), B12, D2, E) <\/p>\n<p>100% pflanzlich<br \/>\nVon Natur aus fettarm, laktose- und glutenfrei<br \/>\nHochwertige Calcium- und Vitamin E &#8211; Quelle.<br \/>\nVon Natur aus arm an ges\u00e4ttigten Fetts\u00e4uren<br \/>\nLieferumfang Dieses Produkt enth\u00e4lt: 4 x Alpro Mandeldrink Vanille, 1 Liter<br \/>\n<div class=\"main-cross-sell\" data-asin=\"B07SWPXB4Q\">\n\n\t<div class=\"WooZone-cross-sell-loader\">\n\t\t<div>\n\t\t\t<div id=\"floatingBarsG\">\n\t\t\t\t<div class=\"blockG\" id=\"rotateG_01\"><\/div>\n\t\t\t\t<div class=\"blockG\" id=\"rotateG_02\"><\/div>\n\t\t\t\t<div class=\"blockG\" id=\"rotateG_03\"><\/div>\n\t\t\t\t<div class=\"blockG\" id=\"rotateG_04\"><\/div>\n\t\t\t\t<div class=\"blockG\" id=\"rotateG_05\"><\/div>\n\t\t\t\t<div class=\"blockG\" id=\"rotateG_06\"><\/div>\n\t\t\t\t<div class=\"blockG\" id=\"rotateG_07\"><\/div>\n\t\t\t\t<div class=\"blockG\" id=\"rotateG_08\"><\/div>\n\t\t\t<\/div>\n\t\t\t<div class=\"WooZone-cross-sell-loader-text\"><\/div>\n\t\t<\/div>\n\t<\/div>\n\n\t\t\n<\/div>\n<div style=\"clear:both;\"><\/div>\n","protected":false},"excerpt":{"rendered":"<p>100% pflanzlich<br \/>\nVon Natur aus fettarm, laktose- und glutenfrei<br \/>\nHochwertige Calcium- und Vitamin E &#8211; Quelle.<\/p>\n","protected":false},"featured_media":11087,"comment_status":"open","ping_status":"closed","template":"","meta":[],"product_cat":[4146,135],"product_tag":[],"yoast_head":"<!-- This site is optimized with the Yoast SEO Premium plugin v15.4 - https:\/\/yoast.com\/wordpress\/plugins\/seo\/ -->\n<title>Alpro Mandel Drink Vanille - (4 x 1 L) - Vegan oder Vegetarisch<\/title>\n<meta name=\"robots\" content=\"index, follow, max-snippet:-1, max-image-preview:large, max-video-preview:-1\" \/>\n<link rel=\"canonical\" href=\"https:\/\/xn--shop-fr-vegane-und-vegetarische-kost-j0d.de\/?product=alpro-mandel-drink-vanille-4-x-1-l\" \/>\n<meta property=\"og:locale\" content=\"de_DE\" \/>\n<meta property=\"og:type\" content=\"article\" \/>\n<meta property=\"og:title\" content=\"Alpro Mandel Drink Vanille - (4 x 1 L) - Vegan oder Vegetarisch\" \/>\n<meta property=\"og:description\" content=\"100% pflanzlich Von Natur aus fettarm, laktose- und glutenfrei Hochwertige Calcium- und Vitamin E - Quelle.\" \/>\n<meta property=\"og:url\" content=\"https:\/\/xn--shop-fr-vegane-und-vegetarische-kost-j0d.de\/?product=alpro-mandel-drink-vanille-4-x-1-l\" \/>\n<meta property=\"og:site_name\" content=\"Vegan oder Vegetarisch\" \/>\n<meta property=\"article:modified_time\" content=\"2023-04-07T16:52:54+00:00\" \/>\n<meta property=\"og:image\" content=\"https:\/\/images-na.ssl-images-amazon.com\/images\/I\/5171toSioTL.jpg\" \/>\n\t<meta property=\"og:image:width\" content=\"500\" \/>\n\t<meta property=\"og:image:height\" content=\"500\" \/>\n<meta name=\"twitter:card\" content=\"summary_large_image\" \/>\n<meta name=\"twitter:label1\" content=\"Verfasst von\">\n\t<meta name=\"twitter:data1\" content=\"Swen-Olaf Bender\">\n\t<meta name=\"twitter:label2\" content=\"Gesch\u00e4tzte Lesezeit\">\n\t<meta name=\"twitter:data2\" content=\"1\u00a0Minute\">\n<script type=\"application\/ld+json\" class=\"yoast-schema-graph\">{\"@context\":\"https:\/\/schema.org\",\"@graph\":[{\"@type\":\"WebSite\",\"@id\":\"https:\/\/xn--shop-fr-vegane-und-vegetarische-kost-j0d.de\/#website\",\"url\":\"https:\/\/xn--shop-fr-vegane-und-vegetarische-kost-j0d.de\/\",\"name\":\"Vegan oder Vegetarisch\",\"description\":\"Gesund leben, Gesund essen\",\"potentialAction\":[{\"@type\":\"SearchAction\",\"target\":\"https:\/\/xn--shop-fr-vegane-und-vegetarische-kost-j0d.de\/?s={search_term_string}\",\"query-input\":\"required name=search_term_string\"}],\"inLanguage\":\"de\"},{\"@type\":\"ImageObject\",\"@id\":\"https:\/\/xn--shop-fr-vegane-und-vegetarische-kost-j0d.de\/?product=alpro-mandel-drink-vanille-4-x-1-l#primaryimage\",\"inLanguage\":\"de\",\"url\":\"https:\/\/images-na.ssl-images-amazon.com\/images\/I\/5171toSioTL.jpg\",\"width\":500,\"height\":500},{\"@type\":\"WebPage\",\"@id\":\"https:\/\/xn--shop-fr-vegane-und-vegetarische-kost-j0d.de\/?product=alpro-mandel-drink-vanille-4-x-1-l#webpage\",\"url\":\"https:\/\/xn--shop-fr-vegane-und-vegetarische-kost-j0d.de\/?product=alpro-mandel-drink-vanille-4-x-1-l\",\"name\":\"Alpro Mandel Drink Vanille - (4 x 1 L) - Vegan oder Vegetarisch\",\"isPartOf\":{\"@id\":\"https:\/\/xn--shop-fr-vegane-und-vegetarische-kost-j0d.de\/#website\"},\"primaryImageOfPage\":{\"@id\":\"https:\/\/xn--shop-fr-vegane-und-vegetarische-kost-j0d.de\/?product=alpro-mandel-drink-vanille-4-x-1-l#primaryimage\"},\"datePublished\":\"2020-12-30T23:39:18+00:00\",\"dateModified\":\"2023-04-07T16:52:54+00:00\",\"inLanguage\":\"de\",\"potentialAction\":[{\"@type\":\"ReadAction\",\"target\":[\"https:\/\/xn--shop-fr-vegane-und-vegetarische-kost-j0d.de\/?product=alpro-mandel-drink-vanille-4-x-1-l\"]}]}]}<\/script>\n<!-- \/ Yoast SEO Premium plugin. -->","_links":{"self":[{"href":"https:\/\/xn--shop-fr-vegane-und-vegetarische-kost-j0d.de\/index.php?rest_route=\/wp\/v2\/product\/11086"}],"collection":[{"href":"https:\/\/xn--shop-fr-vegane-und-vegetarische-kost-j0d.de\/index.php?rest_route=\/wp\/v2\/product"}],"about":[{"href":"https:\/\/xn--shop-fr-vegane-und-vegetarische-kost-j0d.de\/index.php?rest_route=\/wp\/v2\/types\/product"}],"replies":[{"embeddable":true,"href":"https:\/\/xn--shop-fr-vegane-und-vegetarische-kost-j0d.de\/index.php?rest_route=%2Fwp%2Fv2%2Fcomments&post=11086"}],"wp:featuredmedia":[{"embeddable":true,"href":"https:\/\/xn--shop-fr-vegane-und-vegetarische-kost-j0d.de\/index.php?rest_route=\/wp\/v2\/media\/11087"}],"wp:attachment":[{"href":"https:\/\/xn--shop-fr-vegane-und-vegetarische-kost-j0d.de\/index.php?rest_route=%2Fwp%2Fv2%2Fmedia&parent=11086"}],"wp:term":[{"taxonomy":"product_cat","embeddable":true,"href":"https:\/\/xn--shop-fr-vegane-und-vegetarische-kost-j0d.de\/index.php?rest_route=%2Fwp%2Fv2%2Fproduct_cat&post=11086"},{"taxonomy":"product_tag","embeddable":true,"href":"https:\/\/xn--shop-fr-vegane-und-vegetarische-kost-j0d.de\/index.php?rest_route=%2Fwp%2Fv2%2Fproduct_tag&post=11086"}],"curies":[{"name":"wp","href":"https:\/\/api.w.org\/{rel}","templated":true}]}}