{"id":11083,"date":"2020-12-30T23:39:17","date_gmt":"2020-12-30T23:39:17","guid":{"rendered":"https:\/\/xn--shop-fr-vegane-und-vegetarische-kost-j0d.de\/?product=alpro-hafer-mandeldrink-1-liter-1er-pack"},"modified":"2023-04-07T18:52:54","modified_gmt":"2023-04-07T16:52:54","slug":"alpro-hafer-mandeldrink-1-liter-1er-pack","status":"publish","type":"product","link":"https:\/\/xn--shop-fr-vegane-und-vegetarische-kost-j0d.de\/?product=alpro-hafer-mandeldrink-1-liter-1er-pack","title":{"rendered":"Alpro Hafer-Mandeldrink, 1 Liter, 1er Pack"},"content":{"rendered":"<p><!-- show up to 2 reviews by default --> <\/p>\n<h3>Produktbeschreibungen<\/h3>\n<p>Der Alpro Hafer-Mandeldrink ist reich an wertvollen Ballaststoffen, Vitaminen, Calcium und verw\u00f6hnt dich mit dem herrlich sanften Aroma ger\u00f6steter Mandeln und dem mildem Geschmack des Hafers. Dieser Drink eignet sich wunderbar f\u00fcr ein leckeres und ausgewogenes Fr\u00fchst\u00fcck, aber auch zum puren Genuss f\u00fcr zwischendurch. <\/p>\n<h3>Inhaltsstoffe \/ Zutaten<\/h3>\n<p>Wasser, Hafer (3,2%), Mandeln (1,7%), Zichorienwurzelfasern, Tricalciumphosphat, Stabilisatoren (Johannisbrotkernmehl, Gellan), Meersalz, Vitamine (Riboflavin (B2), B12, E, D2), nat\u00fcrliche Aromen <\/p>\n<p>100% pflanzlich<br \/>\nEnth\u00e4lt Calcium und die Vitamine B2, B12 und D<br \/>\nReich an wertvollen Ballaststoffen<br \/>\nLaktosefrei und Zuckerarm<br \/>\nLieferumfang: Dieses Produkt enth\u00e4lt: 1x Alpro Haferdrink Unges\u00fc\u00dft, 1 Liter<br \/>\n<div class=\"main-cross-sell\" data-asin=\"B07RBQNS14\">\n\n\t<div class=\"WooZone-cross-sell-loader\">\n\t\t<div>\n\t\t\t<div id=\"floatingBarsG\">\n\t\t\t\t<div class=\"blockG\" id=\"rotateG_01\"><\/div>\n\t\t\t\t<div class=\"blockG\" id=\"rotateG_02\"><\/div>\n\t\t\t\t<div class=\"blockG\" id=\"rotateG_03\"><\/div>\n\t\t\t\t<div class=\"blockG\" id=\"rotateG_04\"><\/div>\n\t\t\t\t<div class=\"blockG\" id=\"rotateG_05\"><\/div>\n\t\t\t\t<div class=\"blockG\" id=\"rotateG_06\"><\/div>\n\t\t\t\t<div class=\"blockG\" id=\"rotateG_07\"><\/div>\n\t\t\t\t<div class=\"blockG\" id=\"rotateG_08\"><\/div>\n\t\t\t<\/div>\n\t\t\t<div class=\"WooZone-cross-sell-loader-text\"><\/div>\n\t\t<\/div>\n\t<\/div>\n\n\t\t\n<\/div>\n<div style=\"clear:both;\"><\/div>\n","protected":false},"excerpt":{"rendered":"<p>100% pflanzlich<br \/>\nEnth\u00e4lt Calcium und die Vitamine B2, B12 und D<br \/>\nReich an wertvollen Ballaststoffen<\/p>\n","protected":false},"featured_media":11084,"comment_status":"open","ping_status":"closed","template":"","meta":[],"product_cat":[4146,135],"product_tag":[],"yoast_head":"<!-- This site is optimized with the Yoast SEO Premium plugin v15.4 - https:\/\/yoast.com\/wordpress\/plugins\/seo\/ -->\n<title>Alpro Hafer-Mandeldrink, 1 Liter, 1er Pack - Vegan oder Vegetarisch<\/title>\n<meta name=\"robots\" content=\"index, follow, max-snippet:-1, max-image-preview:large, max-video-preview:-1\" \/>\n<link rel=\"canonical\" href=\"https:\/\/xn--shop-fr-vegane-und-vegetarische-kost-j0d.de\/?product=alpro-hafer-mandeldrink-1-liter-1er-pack\" \/>\n<meta property=\"og:locale\" content=\"de_DE\" \/>\n<meta property=\"og:type\" content=\"article\" \/>\n<meta property=\"og:title\" content=\"Alpro Hafer-Mandeldrink, 1 Liter, 1er Pack - Vegan oder Vegetarisch\" \/>\n<meta property=\"og:description\" content=\"100% pflanzlich Enth\u00e4lt Calcium und die Vitamine B2, B12 und D Reich an wertvollen Ballaststoffen\" \/>\n<meta property=\"og:url\" content=\"https:\/\/xn--shop-fr-vegane-und-vegetarische-kost-j0d.de\/?product=alpro-hafer-mandeldrink-1-liter-1er-pack\" \/>\n<meta property=\"og:site_name\" content=\"Vegan oder Vegetarisch\" \/>\n<meta property=\"article:modified_time\" content=\"2023-04-07T16:52:54+00:00\" \/>\n<meta property=\"og:image\" content=\"https:\/\/images-na.ssl-images-amazon.com\/images\/I\/41xyti6mtnL.jpg\" \/>\n\t<meta property=\"og:image:width\" content=\"500\" \/>\n\t<meta property=\"og:image:height\" content=\"500\" \/>\n<meta name=\"twitter:card\" content=\"summary_large_image\" \/>\n<meta name=\"twitter:label1\" content=\"Verfasst von\">\n\t<meta name=\"twitter:data1\" content=\"Swen-Olaf Bender\">\n\t<meta name=\"twitter:label2\" content=\"Gesch\u00e4tzte Lesezeit\">\n\t<meta name=\"twitter:data2\" content=\"0\u00a0Minuten\">\n<script type=\"application\/ld+json\" class=\"yoast-schema-graph\">{\"@context\":\"https:\/\/schema.org\",\"@graph\":[{\"@type\":\"WebSite\",\"@id\":\"https:\/\/xn--shop-fr-vegane-und-vegetarische-kost-j0d.de\/#website\",\"url\":\"https:\/\/xn--shop-fr-vegane-und-vegetarische-kost-j0d.de\/\",\"name\":\"Vegan oder Vegetarisch\",\"description\":\"Gesund leben, Gesund essen\",\"potentialAction\":[{\"@type\":\"SearchAction\",\"target\":\"https:\/\/xn--shop-fr-vegane-und-vegetarische-kost-j0d.de\/?s={search_term_string}\",\"query-input\":\"required name=search_term_string\"}],\"inLanguage\":\"de\"},{\"@type\":\"ImageObject\",\"@id\":\"https:\/\/xn--shop-fr-vegane-und-vegetarische-kost-j0d.de\/?product=alpro-hafer-mandeldrink-1-liter-1er-pack#primaryimage\",\"inLanguage\":\"de\",\"url\":\"https:\/\/images-na.ssl-images-amazon.com\/images\/I\/41xyti6mtnL.jpg\",\"width\":500,\"height\":500},{\"@type\":\"WebPage\",\"@id\":\"https:\/\/xn--shop-fr-vegane-und-vegetarische-kost-j0d.de\/?product=alpro-hafer-mandeldrink-1-liter-1er-pack#webpage\",\"url\":\"https:\/\/xn--shop-fr-vegane-und-vegetarische-kost-j0d.de\/?product=alpro-hafer-mandeldrink-1-liter-1er-pack\",\"name\":\"Alpro Hafer-Mandeldrink, 1 Liter, 1er Pack - Vegan oder Vegetarisch\",\"isPartOf\":{\"@id\":\"https:\/\/xn--shop-fr-vegane-und-vegetarische-kost-j0d.de\/#website\"},\"primaryImageOfPage\":{\"@id\":\"https:\/\/xn--shop-fr-vegane-und-vegetarische-kost-j0d.de\/?product=alpro-hafer-mandeldrink-1-liter-1er-pack#primaryimage\"},\"datePublished\":\"2020-12-30T23:39:17+00:00\",\"dateModified\":\"2023-04-07T16:52:54+00:00\",\"inLanguage\":\"de\",\"potentialAction\":[{\"@type\":\"ReadAction\",\"target\":[\"https:\/\/xn--shop-fr-vegane-und-vegetarische-kost-j0d.de\/?product=alpro-hafer-mandeldrink-1-liter-1er-pack\"]}]}]}<\/script>\n<!-- \/ Yoast SEO Premium plugin. -->","_links":{"self":[{"href":"https:\/\/xn--shop-fr-vegane-und-vegetarische-kost-j0d.de\/index.php?rest_route=\/wp\/v2\/product\/11083"}],"collection":[{"href":"https:\/\/xn--shop-fr-vegane-und-vegetarische-kost-j0d.de\/index.php?rest_route=\/wp\/v2\/product"}],"about":[{"href":"https:\/\/xn--shop-fr-vegane-und-vegetarische-kost-j0d.de\/index.php?rest_route=\/wp\/v2\/types\/product"}],"replies":[{"embeddable":true,"href":"https:\/\/xn--shop-fr-vegane-und-vegetarische-kost-j0d.de\/index.php?rest_route=%2Fwp%2Fv2%2Fcomments&post=11083"}],"wp:featuredmedia":[{"embeddable":true,"href":"https:\/\/xn--shop-fr-vegane-und-vegetarische-kost-j0d.de\/index.php?rest_route=\/wp\/v2\/media\/11084"}],"wp:attachment":[{"href":"https:\/\/xn--shop-fr-vegane-und-vegetarische-kost-j0d.de\/index.php?rest_route=%2Fwp%2Fv2%2Fmedia&parent=11083"}],"wp:term":[{"taxonomy":"product_cat","embeddable":true,"href":"https:\/\/xn--shop-fr-vegane-und-vegetarische-kost-j0d.de\/index.php?rest_route=%2Fwp%2Fv2%2Fproduct_cat&post=11083"},{"taxonomy":"product_tag","embeddable":true,"href":"https:\/\/xn--shop-fr-vegane-und-vegetarische-kost-j0d.de\/index.php?rest_route=%2Fwp%2Fv2%2Fproduct_tag&post=11083"}],"curies":[{"name":"wp","href":"https:\/\/api.w.org\/{rel}","templated":true}]}}