{"id":11069,"date":"2020-12-30T23:39:09","date_gmt":"2020-12-30T23:39:09","guid":{"rendered":"https:\/\/xn--shop-fr-vegane-und-vegetarische-kost-j0d.de\/?product=alpro-soya-drink-ungesuesst-ohne-zuckerzusatz-100-pflanzlich-1l-2x"},"modified":"2023-04-07T18:52:53","modified_gmt":"2023-04-07T16:52:53","slug":"alpro-soya-drink-ungesuesst-ohne-zuckerzusatz-100-pflanzlich-1l-2x","status":"publish","type":"product","link":"https:\/\/xn--shop-fr-vegane-und-vegetarische-kost-j0d.de\/?product=alpro-soya-drink-ungesuesst-ohne-zuckerzusatz-100-pflanzlich-1l-2x","title":{"rendered":"Alpro Soya Drink unges\u00fc\u00dft, ohne Zuckerzusatz, 100 % pflanzlich &#8211; 1L &#8211; 2x"},"content":{"rendered":"<p><!-- show up to 2 reviews by default --> <\/p>\n<p>Sojadrink, angereichert mit Calcium und Vitaminen,Unges\u00fc\u00dft. Zutaten: Wasser, gesch\u00e4lte SOJABOHNEN (8,7%), S\u00e4ureregulatoren (Dikaliumphosphat, Monokaliumphosphat), Calciumcarbonat, Aromen, Meersalz, Stabilisator (Gellan), Vitamine (Riboflavin (B2), B12, D2). Von Natur aus gluten- und kuhmilcheiwei\u00dffrei. Allergenhinweise: SOJABOHNENEnth\u00e4lt: Soja und Sojaerzeugnisse. N\u00e4hrwerte Durchschnittliche N\u00e4hrwerteUnzubereitet pro 100 ml Energie138kJ Energie33kcal Fett1.8g Fett, davon ges\u00e4ttigte Fetts\u00e4uren0.3g Kohlenhydrate0g Kohlenhydrate, davon Zucker0g Ballaststoffe0.6g Eiwei\u00df3.3g Salz0.07g Vitamin D0.75\u00b5g Riboflavin0.21mg Vitamin B120.38\u00b5g Calcium120mg Hinweise Unges\u00fc\u00dft Zubereitung und Aufbewahrung Aufbewahrungs- und Verwendungshinweis: Nach Anbruch 5 Tage im K\u00fchlschrank haltbar (max. 7\u00b0C). Artikeldetails Marke: Alpro Eigenschaften: Laktosefrei, Vegan, Vegetarisch, Glutenfrei Ursprungsland: Frankreich Kontakt Kontaktname: Alpro CVA Kontaktadresse: Vlamingstraat 28, 8560 Wevelgem, Belgium <\/p>\n<p>Alpro Soya Drink unges\u00fc\u00dft, ohne Zuckerzusatz, 100 % pflanzlich<br \/>\n<div class=\"main-cross-sell\" data-asin=\"B00X0IWHH8\">\n\n\t<div class=\"WooZone-cross-sell-loader\">\n\t\t<div>\n\t\t\t<div id=\"floatingBarsG\">\n\t\t\t\t<div class=\"blockG\" id=\"rotateG_01\"><\/div>\n\t\t\t\t<div class=\"blockG\" id=\"rotateG_02\"><\/div>\n\t\t\t\t<div class=\"blockG\" id=\"rotateG_03\"><\/div>\n\t\t\t\t<div class=\"blockG\" id=\"rotateG_04\"><\/div>\n\t\t\t\t<div class=\"blockG\" id=\"rotateG_05\"><\/div>\n\t\t\t\t<div class=\"blockG\" id=\"rotateG_06\"><\/div>\n\t\t\t\t<div class=\"blockG\" id=\"rotateG_07\"><\/div>\n\t\t\t\t<div class=\"blockG\" id=\"rotateG_08\"><\/div>\n\t\t\t<\/div>\n\t\t\t<div class=\"WooZone-cross-sell-loader-text\"><\/div>\n\t\t<\/div>\n\t<\/div>\n\n\t\t\n<\/div>\n<div style=\"clear:both;\"><\/div>\n","protected":false},"excerpt":{"rendered":"<p>Alpro Soya Drink unges\u00fc\u00dft, ohne Zuckerzusatz, 100 % pflanzlich<\/p>\n","protected":false},"featured_media":11070,"comment_status":"open","ping_status":"closed","template":"","meta":[],"product_cat":[4146,135],"product_tag":[],"yoast_head":"<!-- This site is optimized with the Yoast SEO Premium plugin v15.4 - https:\/\/yoast.com\/wordpress\/plugins\/seo\/ -->\n<title>Alpro Soya Drink unges\u00fc\u00dft, ohne Zuckerzusatz, 100 % pflanzlich - 1L - 2x - Vegan oder Vegetarisch<\/title>\n<meta name=\"robots\" content=\"index, follow, max-snippet:-1, max-image-preview:large, max-video-preview:-1\" \/>\n<link rel=\"canonical\" href=\"https:\/\/xn--shop-fr-vegane-und-vegetarische-kost-j0d.de\/?product=alpro-soya-drink-ungesuesst-ohne-zuckerzusatz-100-pflanzlich-1l-2x\" \/>\n<meta property=\"og:locale\" content=\"de_DE\" \/>\n<meta property=\"og:type\" content=\"article\" \/>\n<meta property=\"og:title\" content=\"Alpro Soya Drink unges\u00fc\u00dft, ohne Zuckerzusatz, 100 % pflanzlich - 1L - 2x - Vegan oder Vegetarisch\" \/>\n<meta property=\"og:description\" content=\"Alpro Soya Drink unges\u00fc\u00dft, ohne Zuckerzusatz, 100 % pflanzlich\" \/>\n<meta property=\"og:url\" content=\"https:\/\/xn--shop-fr-vegane-und-vegetarische-kost-j0d.de\/?product=alpro-soya-drink-ungesuesst-ohne-zuckerzusatz-100-pflanzlich-1l-2x\" \/>\n<meta property=\"og:site_name\" content=\"Vegan oder Vegetarisch\" \/>\n<meta property=\"article:modified_time\" content=\"2023-04-07T16:52:53+00:00\" \/>\n<meta property=\"og:image\" content=\"https:\/\/images-na.ssl-images-amazon.com\/images\/I\/41nclD5pCRL.jpg\" \/>\n\t<meta property=\"og:image:width\" content=\"500\" \/>\n\t<meta property=\"og:image:height\" content=\"500\" \/>\n<meta name=\"twitter:card\" content=\"summary_large_image\" \/>\n<meta name=\"twitter:label1\" content=\"Verfasst von\">\n\t<meta name=\"twitter:data1\" content=\"Swen-Olaf Bender\">\n\t<meta name=\"twitter:label2\" content=\"Gesch\u00e4tzte Lesezeit\">\n\t<meta name=\"twitter:data2\" content=\"1\u00a0Minute\">\n<script type=\"application\/ld+json\" class=\"yoast-schema-graph\">{\"@context\":\"https:\/\/schema.org\",\"@graph\":[{\"@type\":\"WebSite\",\"@id\":\"https:\/\/xn--shop-fr-vegane-und-vegetarische-kost-j0d.de\/#website\",\"url\":\"https:\/\/xn--shop-fr-vegane-und-vegetarische-kost-j0d.de\/\",\"name\":\"Vegan oder Vegetarisch\",\"description\":\"Gesund leben, Gesund essen\",\"potentialAction\":[{\"@type\":\"SearchAction\",\"target\":\"https:\/\/xn--shop-fr-vegane-und-vegetarische-kost-j0d.de\/?s={search_term_string}\",\"query-input\":\"required name=search_term_string\"}],\"inLanguage\":\"de\"},{\"@type\":\"ImageObject\",\"@id\":\"https:\/\/xn--shop-fr-vegane-und-vegetarische-kost-j0d.de\/?product=alpro-soya-drink-ungesuesst-ohne-zuckerzusatz-100-pflanzlich-1l-2x#primaryimage\",\"inLanguage\":\"de\",\"url\":\"https:\/\/images-na.ssl-images-amazon.com\/images\/I\/41nclD5pCRL.jpg\",\"width\":500,\"height\":500},{\"@type\":\"WebPage\",\"@id\":\"https:\/\/xn--shop-fr-vegane-und-vegetarische-kost-j0d.de\/?product=alpro-soya-drink-ungesuesst-ohne-zuckerzusatz-100-pflanzlich-1l-2x#webpage\",\"url\":\"https:\/\/xn--shop-fr-vegane-und-vegetarische-kost-j0d.de\/?product=alpro-soya-drink-ungesuesst-ohne-zuckerzusatz-100-pflanzlich-1l-2x\",\"name\":\"Alpro Soya Drink unges\\u00fc\\u00dft, ohne Zuckerzusatz, 100 % pflanzlich - 1L - 2x - Vegan oder Vegetarisch\",\"isPartOf\":{\"@id\":\"https:\/\/xn--shop-fr-vegane-und-vegetarische-kost-j0d.de\/#website\"},\"primaryImageOfPage\":{\"@id\":\"https:\/\/xn--shop-fr-vegane-und-vegetarische-kost-j0d.de\/?product=alpro-soya-drink-ungesuesst-ohne-zuckerzusatz-100-pflanzlich-1l-2x#primaryimage\"},\"datePublished\":\"2020-12-30T23:39:09+00:00\",\"dateModified\":\"2023-04-07T16:52:53+00:00\",\"inLanguage\":\"de\",\"potentialAction\":[{\"@type\":\"ReadAction\",\"target\":[\"https:\/\/xn--shop-fr-vegane-und-vegetarische-kost-j0d.de\/?product=alpro-soya-drink-ungesuesst-ohne-zuckerzusatz-100-pflanzlich-1l-2x\"]}]}]}<\/script>\n<!-- \/ Yoast SEO Premium plugin. -->","_links":{"self":[{"href":"https:\/\/xn--shop-fr-vegane-und-vegetarische-kost-j0d.de\/index.php?rest_route=\/wp\/v2\/product\/11069"}],"collection":[{"href":"https:\/\/xn--shop-fr-vegane-und-vegetarische-kost-j0d.de\/index.php?rest_route=\/wp\/v2\/product"}],"about":[{"href":"https:\/\/xn--shop-fr-vegane-und-vegetarische-kost-j0d.de\/index.php?rest_route=\/wp\/v2\/types\/product"}],"replies":[{"embeddable":true,"href":"https:\/\/xn--shop-fr-vegane-und-vegetarische-kost-j0d.de\/index.php?rest_route=%2Fwp%2Fv2%2Fcomments&post=11069"}],"wp:featuredmedia":[{"embeddable":true,"href":"https:\/\/xn--shop-fr-vegane-und-vegetarische-kost-j0d.de\/index.php?rest_route=\/wp\/v2\/media\/11070"}],"wp:attachment":[{"href":"https:\/\/xn--shop-fr-vegane-und-vegetarische-kost-j0d.de\/index.php?rest_route=%2Fwp%2Fv2%2Fmedia&parent=11069"}],"wp:term":[{"taxonomy":"product_cat","embeddable":true,"href":"https:\/\/xn--shop-fr-vegane-und-vegetarische-kost-j0d.de\/index.php?rest_route=%2Fwp%2Fv2%2Fproduct_cat&post=11069"},{"taxonomy":"product_tag","embeddable":true,"href":"https:\/\/xn--shop-fr-vegane-und-vegetarische-kost-j0d.de\/index.php?rest_route=%2Fwp%2Fv2%2Fproduct_tag&post=11069"}],"curies":[{"name":"wp","href":"https:\/\/api.w.org\/{rel}","templated":true}]}}