{"id":11027,"date":"2020-12-30T23:33:36","date_gmt":"2020-12-30T23:33:36","guid":{"rendered":"https:\/\/xn--shop-fr-vegane-und-vegetarische-kost-j0d.de\/?product=alberts-lupine-lupinen-filet-vegan-200-g"},"modified":"2023-04-07T18:52:53","modified_gmt":"2023-04-07T16:52:53","slug":"alberts-lupine-lupinen-filet-vegan-200-g","status":"publish","type":"product","link":"https:\/\/xn--shop-fr-vegane-und-vegetarische-kost-j0d.de\/?product=alberts-lupine-lupinen-filet-vegan-200-g","title":{"rendered":"Alberts Lupine Lupinen Filet vegan, 200 g"},"content":{"rendered":"<p><!-- show up to 2 reviews by default --> <\/p>\n<h3>Produktbeschreibungen<\/h3>\n<p>Alberts Lupinen Filet, wird aus dem Samen biologisch angebauter S\u00fc\u00dflupinen hergestellt. Nur mild gew\u00fcrzt bietet es leckere Varianten f\u00fcr verschiedene Gerichte.Info: Die Lupine ist eine H\u00fclsenfrucht, wie Erbsen, Sojabohnen und alle \u00fcbrigen Bohnensorten. Sie wird seit mehr als 4000 Jahren kultiviert und ist aufgrund ihres hohen Proteingehaltes fester Nahrungsbestandteil vieler Kulturen.Alberts Lupinenprodukte werden mit Sorgfalt und nach eigener Rezeptur hergestellt. Lupinen sind seit Jahrhunderten als wertvolles Lebensmittel bekannte Pflanzen, die mit unseren Bohnen verwandt sind. Heute werden sie auch in der Region von \u00f6kologisch wirtschaftenden Landwirten angebaut und ohne gro\u00dfe Transportwege verarbeitet. Zur Herstellung von Alberts Lupinenprodukten wird das volle Samenkorn verwendet &#8211; mit allen darin enthaltenen Ballaststoffen und wertvollen Inhalten. Alberts Lupinenprodukte sind ideal f\u00fcr eine cholesterinfreie Ern\u00e4hrung. Zutaten: S\u00fc\u00dflupinensamen* (40%), Wasser, Weizeneiwei\u00df*, Sonnenblumen\u00f6l*, Lupinenw\u00fcrze*, (Wasser, S\u00fc\u00dflupinensamen*, Meersalz), Gem\u00fcse* (Zwiebel*, Sellerie*, Karotten*, Lauch*, Tomaten*, Pastinaken*), Weizenst\u00e4rke*, Gew\u00fcrze* (Basilikum*, Majoran*, Thymian*, Knoblauch*, Oregano*, Pfeffer*, Koriander*, Ingwer*, Macis*, Kardamom*, Liebst\u00f6ckel*, Rosmarin*), Meersalz, Glucosesirup* (* = aus kontrolliert biologischem Anbau)N\u00e4hrwerte pro 100g: Energie 1062kJ\/254kcal, Kohlenhydrate 9,1 g, Eiwei\u00df 25,4g, Fett 12,8g <\/p>\n<h3>Inhaltsstoffe \/ Zutaten<\/h3>\n<p>S\u00dc\u00dfLUPINENSAMEN gekocht 40%, Wasser, WEIZENEIWEI\u00df, Sonnenblumen\u00f6l, Lupinenw\u00fcrze (Wasser, S\u00dc\u00dfLUPINENSAMEN, Meersalz), Gem\u00fcse (Zwiebeln, Pastinaken, Karotten, Knoblauch), Meersalz, Kartoffelst\u00e4rke, Gew\u00fcrze, Steinpilzpulver, Kr\u00e4uter <\/p>\n<div data-a-expander-name=\"toggle_description\" class=\"a-row a-expander-container a-expander-extend-container\">\n<div class=\"a-expander-content a-expander-extend-content\">\n<h3>Anschrift Hersteller\/Importeur<\/h3>\n<p>purvegan GmbH, Bahnhofstra\u00dfe 29, 67305 Ramsen <\/p>\n<\/p><\/div>\n<p> <a href=\"void(0)\" data-action=\"a-expander-toggle\" class=\"a-expander-header a-declarative a-expander-extend-header\" data-a-expander-toggle=\"{\"><i class=\"a-icon a-icon-extender-expand\"><\/i><span class=\"a-expander-prompt\">Mehr<\/span><\/a> <\/div>\n<p>Leckeres Filet aus S\u00fc\u00dflupinen<br \/>\n<div class=\"main-cross-sell\" data-asin=\"B004QS2EOC\">\n\n\t<div class=\"WooZone-cross-sell-loader\">\n\t\t<div>\n\t\t\t<div id=\"floatingBarsG\">\n\t\t\t\t<div class=\"blockG\" id=\"rotateG_01\"><\/div>\n\t\t\t\t<div class=\"blockG\" id=\"rotateG_02\"><\/div>\n\t\t\t\t<div class=\"blockG\" id=\"rotateG_03\"><\/div>\n\t\t\t\t<div class=\"blockG\" id=\"rotateG_04\"><\/div>\n\t\t\t\t<div class=\"blockG\" id=\"rotateG_05\"><\/div>\n\t\t\t\t<div class=\"blockG\" id=\"rotateG_06\"><\/div>\n\t\t\t\t<div class=\"blockG\" id=\"rotateG_07\"><\/div>\n\t\t\t\t<div class=\"blockG\" id=\"rotateG_08\"><\/div>\n\t\t\t<\/div>\n\t\t\t<div class=\"WooZone-cross-sell-loader-text\"><\/div>\n\t\t<\/div>\n\t<\/div>\n\n\t\t\n<\/div>\n<div style=\"clear:both;\"><\/div>\n","protected":false},"excerpt":{"rendered":"<p>Leckeres Filet aus S\u00fc\u00dflupinen<\/p>\n","protected":false},"featured_media":11028,"comment_status":"open","ping_status":"closed","template":"","meta":[],"product_cat":[4146,132],"product_tag":[],"yoast_head":"<!-- This site is optimized with the Yoast SEO Premium plugin v15.4 - https:\/\/yoast.com\/wordpress\/plugins\/seo\/ -->\n<title>Alberts Lupine Lupinen Filet vegan, 200 g - Vegan oder Vegetarisch<\/title>\n<meta name=\"robots\" content=\"index, follow, max-snippet:-1, max-image-preview:large, max-video-preview:-1\" \/>\n<link rel=\"canonical\" href=\"https:\/\/xn--shop-fr-vegane-und-vegetarische-kost-j0d.de\/?product=alberts-lupine-lupinen-filet-vegan-200-g\" \/>\n<meta property=\"og:locale\" content=\"de_DE\" \/>\n<meta property=\"og:type\" content=\"article\" \/>\n<meta property=\"og:title\" content=\"Alberts Lupine Lupinen Filet vegan, 200 g - Vegan oder Vegetarisch\" \/>\n<meta property=\"og:description\" content=\"Leckeres Filet aus S\u00fc\u00dflupinen\" \/>\n<meta property=\"og:url\" content=\"https:\/\/xn--shop-fr-vegane-und-vegetarische-kost-j0d.de\/?product=alberts-lupine-lupinen-filet-vegan-200-g\" \/>\n<meta property=\"og:site_name\" content=\"Vegan oder Vegetarisch\" \/>\n<meta property=\"article:modified_time\" content=\"2023-04-07T16:52:53+00:00\" \/>\n<meta property=\"og:image\" content=\"https:\/\/images-na.ssl-images-amazon.com\/images\/I\/41v5QLpO%2B9L.jpg\" \/>\n\t<meta property=\"og:image:width\" content=\"500\" \/>\n\t<meta property=\"og:image:height\" content=\"500\" \/>\n<meta name=\"twitter:card\" content=\"summary_large_image\" \/>\n<meta name=\"twitter:label1\" content=\"Verfasst von\">\n\t<meta name=\"twitter:data1\" content=\"Swen-Olaf Bender\">\n\t<meta name=\"twitter:label2\" content=\"Gesch\u00e4tzte Lesezeit\">\n\t<meta name=\"twitter:data2\" content=\"1\u00a0Minute\">\n<script type=\"application\/ld+json\" class=\"yoast-schema-graph\">{\"@context\":\"https:\/\/schema.org\",\"@graph\":[{\"@type\":\"WebSite\",\"@id\":\"https:\/\/xn--shop-fr-vegane-und-vegetarische-kost-j0d.de\/#website\",\"url\":\"https:\/\/xn--shop-fr-vegane-und-vegetarische-kost-j0d.de\/\",\"name\":\"Vegan oder Vegetarisch\",\"description\":\"Gesund leben, Gesund essen\",\"potentialAction\":[{\"@type\":\"SearchAction\",\"target\":\"https:\/\/xn--shop-fr-vegane-und-vegetarische-kost-j0d.de\/?s={search_term_string}\",\"query-input\":\"required name=search_term_string\"}],\"inLanguage\":\"de\"},{\"@type\":\"ImageObject\",\"@id\":\"https:\/\/xn--shop-fr-vegane-und-vegetarische-kost-j0d.de\/?product=alberts-lupine-lupinen-filet-vegan-200-g#primaryimage\",\"inLanguage\":\"de\",\"url\":\"https:\/\/images-na.ssl-images-amazon.com\/images\/I\/41v5QLpO%2B9L.jpg\",\"width\":500,\"height\":500},{\"@type\":\"WebPage\",\"@id\":\"https:\/\/xn--shop-fr-vegane-und-vegetarische-kost-j0d.de\/?product=alberts-lupine-lupinen-filet-vegan-200-g#webpage\",\"url\":\"https:\/\/xn--shop-fr-vegane-und-vegetarische-kost-j0d.de\/?product=alberts-lupine-lupinen-filet-vegan-200-g\",\"name\":\"Alberts Lupine Lupinen Filet vegan, 200 g - Vegan oder Vegetarisch\",\"isPartOf\":{\"@id\":\"https:\/\/xn--shop-fr-vegane-und-vegetarische-kost-j0d.de\/#website\"},\"primaryImageOfPage\":{\"@id\":\"https:\/\/xn--shop-fr-vegane-und-vegetarische-kost-j0d.de\/?product=alberts-lupine-lupinen-filet-vegan-200-g#primaryimage\"},\"datePublished\":\"2020-12-30T23:33:36+00:00\",\"dateModified\":\"2023-04-07T16:52:53+00:00\",\"inLanguage\":\"de\",\"potentialAction\":[{\"@type\":\"ReadAction\",\"target\":[\"https:\/\/xn--shop-fr-vegane-und-vegetarische-kost-j0d.de\/?product=alberts-lupine-lupinen-filet-vegan-200-g\"]}]}]}<\/script>\n<!-- \/ Yoast SEO Premium plugin. -->","_links":{"self":[{"href":"https:\/\/xn--shop-fr-vegane-und-vegetarische-kost-j0d.de\/index.php?rest_route=\/wp\/v2\/product\/11027"}],"collection":[{"href":"https:\/\/xn--shop-fr-vegane-und-vegetarische-kost-j0d.de\/index.php?rest_route=\/wp\/v2\/product"}],"about":[{"href":"https:\/\/xn--shop-fr-vegane-und-vegetarische-kost-j0d.de\/index.php?rest_route=\/wp\/v2\/types\/product"}],"replies":[{"embeddable":true,"href":"https:\/\/xn--shop-fr-vegane-und-vegetarische-kost-j0d.de\/index.php?rest_route=%2Fwp%2Fv2%2Fcomments&post=11027"}],"wp:featuredmedia":[{"embeddable":true,"href":"https:\/\/xn--shop-fr-vegane-und-vegetarische-kost-j0d.de\/index.php?rest_route=\/wp\/v2\/media\/11028"}],"wp:attachment":[{"href":"https:\/\/xn--shop-fr-vegane-und-vegetarische-kost-j0d.de\/index.php?rest_route=%2Fwp%2Fv2%2Fmedia&parent=11027"}],"wp:term":[{"taxonomy":"product_cat","embeddable":true,"href":"https:\/\/xn--shop-fr-vegane-und-vegetarische-kost-j0d.de\/index.php?rest_route=%2Fwp%2Fv2%2Fproduct_cat&post=11027"},{"taxonomy":"product_tag","embeddable":true,"href":"https:\/\/xn--shop-fr-vegane-und-vegetarische-kost-j0d.de\/index.php?rest_route=%2Fwp%2Fv2%2Fproduct_tag&post=11027"}],"curies":[{"name":"wp","href":"https:\/\/api.w.org\/{rel}","templated":true}]}}