{"id":11025,"date":"2020-12-30T23:33:32","date_gmt":"2020-12-30T23:33:32","guid":{"rendered":"https:\/\/xn--shop-fr-vegane-und-vegetarische-kost-j0d.de\/?product=lupinen-altramuces-tremocos-4-x-870-gr"},"modified":"2023-04-07T18:52:53","modified_gmt":"2023-04-07T16:52:53","slug":"lupinen-altramuces-tremocos-4-x-870-gr","status":"publish","type":"product","link":"https:\/\/xn--shop-fr-vegane-und-vegetarische-kost-j0d.de\/?product=lupinen-altramuces-tremocos-4-x-870-gr","title":{"rendered":"Lupinen\/ Altramuces\/Tremo\u00e7os &#8211; 4 x 870 gr"},"content":{"rendered":"<p><!-- show up to 2 reviews by default --> <\/p>\n<h3>Produktbeschreibungen<\/h3>\n<p>Beschreibung: Lupinenkerne Zutaten: Lupinenkerne, Wasser, Salz, S\u00e4ureregulator: Zitronens\u00e4ure Hersteller: Macarico, S.A., Apartado 1, 3071-908 Praia de Mira, Portugal Nettogewicht: 4 x 0,870 Kg N\u00e4hrwertinformation pro 100gr Brennwert (Kcal\/Kj): 124\/518 Fett: 5,3g davon gesattigte Fetts\u00e4uren: 0,8g Kohlenhydrate: 0,2g davon Zucker: 0,2g Ballaststoffe: 7,8g Eiwei\u00df: 15,1g Salz: 5g <\/p>\n<h3>Inhaltsstoffe \/ Zutaten<\/h3>\n<p>Lupinenkerne, Wasser, Salz, S\u00e4ureregulator: Zitronens\u00e4ure <\/p>\n<div data-a-expander-name=\"toggle_description\" class=\"a-row a-expander-container a-expander-extend-container\">\n<div class=\"a-expander-content a-expander-extend-content\">\n<h3>Gebrauchsanweisung<\/h3>\n<p>Produkt kann Spuren von Gluten enthalten <\/p>\n<h3>Warnhinweise<\/h3>\n<p>Hergestellt in einem Betrieb, in dem Sellerie, Milcherzeugnisse, Sojabohnen, Schalenfr\u00fcchte, Fische und Weichtiere verarbeitet werden! <\/p>\n<h3>Anschrift Hersteller\/Importeur<\/h3>\n<p>Ma\u00e7arico, S.A. Av. Manuel Milheir\u00e3o, n.\u00ba 17 3070-767 Praia de Mira Portugal <\/p>\n<\/p><\/div>\n<p> <a href=\"void(0)\" data-action=\"a-expander-toggle\" class=\"a-expander-header a-declarative a-expander-extend-header\" data-a-expander-toggle=\"{\"><i class=\"a-icon a-icon-extender-expand\"><\/i><span class=\"a-expander-prompt\">Mehr<\/span><\/a> <\/div>\n<div class=\"main-cross-sell\" data-asin=\"B07HJ4GJC7\">\n\n\t<div class=\"WooZone-cross-sell-loader\">\n\t\t<div>\n\t\t\t<div id=\"floatingBarsG\">\n\t\t\t\t<div class=\"blockG\" id=\"rotateG_01\"><\/div>\n\t\t\t\t<div class=\"blockG\" id=\"rotateG_02\"><\/div>\n\t\t\t\t<div class=\"blockG\" id=\"rotateG_03\"><\/div>\n\t\t\t\t<div class=\"blockG\" id=\"rotateG_04\"><\/div>\n\t\t\t\t<div class=\"blockG\" id=\"rotateG_05\"><\/div>\n\t\t\t\t<div class=\"blockG\" id=\"rotateG_06\"><\/div>\n\t\t\t\t<div class=\"blockG\" id=\"rotateG_07\"><\/div>\n\t\t\t\t<div class=\"blockG\" id=\"rotateG_08\"><\/div>\n\t\t\t<\/div>\n\t\t\t<div class=\"WooZone-cross-sell-loader-text\"><\/div>\n\t\t<\/div>\n\t<\/div>\n\n\t\t\n<\/div>\n<div style=\"clear:both;\"><\/div>\n","protected":false},"excerpt":{"rendered":"<p>Produktbeschreibungen Beschreibung: Lupinenkerne Zutaten: Lupinenkerne, Wasser, Salz, S\u00e4ureregulator: Zitronens\u00e4ure Hersteller: Macarico, S.A., Apartado 1, 3071-908 Praia de Mira, Portugal Nettogewicht: 4 x 0,870 Kg N\u00e4hrwertinformation pro 100gr Brennwert (Kcal\/Kj): 124\/518 Fett: 5,3g davon gesattigte Fetts\u00e4uren: 0,8g Kohlenhydrate: 0,2g davon Zucker: 0,2g Ballaststoffe: 7,8g Eiwei\u00df: 15,1g Salz: 5g Inhaltsstoffe \/ Zutaten Lupinenkerne, Wasser, Salz, S\u00e4ureregulator: Zitronens\u00e4ure [&hellip;]<\/p>\n","protected":false},"featured_media":11026,"comment_status":"open","ping_status":"closed","template":"","meta":[],"product_cat":[4146,132],"product_tag":[],"yoast_head":"<!-- This site is optimized with the Yoast SEO Premium plugin v15.4 - https:\/\/yoast.com\/wordpress\/plugins\/seo\/ -->\n<title>Lupinen\/ Altramuces\/Tremo\u00e7os - 4 x 870 gr - Vegan oder Vegetarisch<\/title>\n<meta name=\"robots\" content=\"index, follow, max-snippet:-1, max-image-preview:large, max-video-preview:-1\" \/>\n<link rel=\"canonical\" href=\"https:\/\/xn--shop-fr-vegane-und-vegetarische-kost-j0d.de\/?product=lupinen-altramuces-tremocos-4-x-870-gr\" \/>\n<meta property=\"og:locale\" content=\"de_DE\" \/>\n<meta property=\"og:type\" content=\"article\" \/>\n<meta property=\"og:title\" content=\"Lupinen\/ Altramuces\/Tremo\u00e7os - 4 x 870 gr - Vegan oder Vegetarisch\" \/>\n<meta property=\"og:description\" content=\"Produktbeschreibungen Beschreibung: Lupinenkerne Zutaten: Lupinenkerne, Wasser, Salz, S\u00e4ureregulator: Zitronens\u00e4ure Hersteller: Macarico, S.A., Apartado 1, 3071-908 Praia de Mira, Portugal Nettogewicht: 4 x 0,870 Kg N\u00e4hrwertinformation pro 100gr Brennwert (Kcal\/Kj): 124\/518 Fett: 5,3g davon gesattigte Fetts\u00e4uren: 0,8g Kohlenhydrate: 0,2g davon Zucker: 0,2g Ballaststoffe: 7,8g Eiwei\u00df: 15,1g Salz: 5g Inhaltsstoffe \/ Zutaten Lupinenkerne, Wasser, Salz, S\u00e4ureregulator: Zitronens\u00e4ure [&hellip;]\" \/>\n<meta property=\"og:url\" content=\"https:\/\/xn--shop-fr-vegane-und-vegetarische-kost-j0d.de\/?product=lupinen-altramuces-tremocos-4-x-870-gr\" \/>\n<meta property=\"og:site_name\" content=\"Vegan oder Vegetarisch\" \/>\n<meta property=\"article:modified_time\" content=\"2023-04-07T16:52:53+00:00\" \/>\n<meta property=\"og:image\" content=\"https:\/\/images-na.ssl-images-amazon.com\/images\/I\/51pOBllbjcL.jpg\" \/>\n\t<meta property=\"og:image:width\" content=\"500\" \/>\n\t<meta property=\"og:image:height\" content=\"500\" \/>\n<meta name=\"twitter:card\" content=\"summary_large_image\" \/>\n<meta name=\"twitter:label1\" content=\"Verfasst von\">\n\t<meta name=\"twitter:data1\" content=\"Swen-Olaf Bender\">\n\t<meta name=\"twitter:label2\" content=\"Gesch\u00e4tzte Lesezeit\">\n\t<meta name=\"twitter:data2\" content=\"0\u00a0Minuten\">\n<script type=\"application\/ld+json\" class=\"yoast-schema-graph\">{\"@context\":\"https:\/\/schema.org\",\"@graph\":[{\"@type\":\"WebSite\",\"@id\":\"https:\/\/xn--shop-fr-vegane-und-vegetarische-kost-j0d.de\/#website\",\"url\":\"https:\/\/xn--shop-fr-vegane-und-vegetarische-kost-j0d.de\/\",\"name\":\"Vegan oder Vegetarisch\",\"description\":\"Gesund leben, Gesund essen\",\"potentialAction\":[{\"@type\":\"SearchAction\",\"target\":\"https:\/\/xn--shop-fr-vegane-und-vegetarische-kost-j0d.de\/?s={search_term_string}\",\"query-input\":\"required name=search_term_string\"}],\"inLanguage\":\"de\"},{\"@type\":\"ImageObject\",\"@id\":\"https:\/\/xn--shop-fr-vegane-und-vegetarische-kost-j0d.de\/?product=lupinen-altramuces-tremocos-4-x-870-gr#primaryimage\",\"inLanguage\":\"de\",\"url\":\"https:\/\/images-na.ssl-images-amazon.com\/images\/I\/51pOBllbjcL.jpg\",\"width\":500,\"height\":500},{\"@type\":\"WebPage\",\"@id\":\"https:\/\/xn--shop-fr-vegane-und-vegetarische-kost-j0d.de\/?product=lupinen-altramuces-tremocos-4-x-870-gr#webpage\",\"url\":\"https:\/\/xn--shop-fr-vegane-und-vegetarische-kost-j0d.de\/?product=lupinen-altramuces-tremocos-4-x-870-gr\",\"name\":\"Lupinen\/ Altramuces\/Tremo\\u00e7os - 4 x 870 gr - Vegan oder Vegetarisch\",\"isPartOf\":{\"@id\":\"https:\/\/xn--shop-fr-vegane-und-vegetarische-kost-j0d.de\/#website\"},\"primaryImageOfPage\":{\"@id\":\"https:\/\/xn--shop-fr-vegane-und-vegetarische-kost-j0d.de\/?product=lupinen-altramuces-tremocos-4-x-870-gr#primaryimage\"},\"datePublished\":\"2020-12-30T23:33:32+00:00\",\"dateModified\":\"2023-04-07T16:52:53+00:00\",\"inLanguage\":\"de\",\"potentialAction\":[{\"@type\":\"ReadAction\",\"target\":[\"https:\/\/xn--shop-fr-vegane-und-vegetarische-kost-j0d.de\/?product=lupinen-altramuces-tremocos-4-x-870-gr\"]}]}]}<\/script>\n<!-- \/ Yoast SEO Premium plugin. -->","_links":{"self":[{"href":"https:\/\/xn--shop-fr-vegane-und-vegetarische-kost-j0d.de\/index.php?rest_route=\/wp\/v2\/product\/11025"}],"collection":[{"href":"https:\/\/xn--shop-fr-vegane-und-vegetarische-kost-j0d.de\/index.php?rest_route=\/wp\/v2\/product"}],"about":[{"href":"https:\/\/xn--shop-fr-vegane-und-vegetarische-kost-j0d.de\/index.php?rest_route=\/wp\/v2\/types\/product"}],"replies":[{"embeddable":true,"href":"https:\/\/xn--shop-fr-vegane-und-vegetarische-kost-j0d.de\/index.php?rest_route=%2Fwp%2Fv2%2Fcomments&post=11025"}],"wp:featuredmedia":[{"embeddable":true,"href":"https:\/\/xn--shop-fr-vegane-und-vegetarische-kost-j0d.de\/index.php?rest_route=\/wp\/v2\/media\/11026"}],"wp:attachment":[{"href":"https:\/\/xn--shop-fr-vegane-und-vegetarische-kost-j0d.de\/index.php?rest_route=%2Fwp%2Fv2%2Fmedia&parent=11025"}],"wp:term":[{"taxonomy":"product_cat","embeddable":true,"href":"https:\/\/xn--shop-fr-vegane-und-vegetarische-kost-j0d.de\/index.php?rest_route=%2Fwp%2Fv2%2Fproduct_cat&post=11025"},{"taxonomy":"product_tag","embeddable":true,"href":"https:\/\/xn--shop-fr-vegane-und-vegetarische-kost-j0d.de\/index.php?rest_route=%2Fwp%2Fv2%2Fproduct_tag&post=11025"}],"curies":[{"name":"wp","href":"https:\/\/api.w.org\/{rel}","templated":true}]}}