{"id":11021,"date":"2020-12-30T23:33:29","date_gmt":"2020-12-30T23:33:29","guid":{"rendered":"https:\/\/xn--shop-fr-vegane-und-vegetarische-kost-j0d.de\/?product=alberts-bio-lupinen-schnitzel-200g"},"modified":"2023-04-07T18:52:53","modified_gmt":"2023-04-07T16:52:53","slug":"alberts-bio-lupinen-schnitzel-200g","status":"publish","type":"product","link":"https:\/\/xn--shop-fr-vegane-und-vegetarische-kost-j0d.de\/?product=alberts-bio-lupinen-schnitzel-200g","title":{"rendered":"Alberts Bio Lupinen Schnitzel &#8211; 200g"},"content":{"rendered":"<p><!-- show up to 2 reviews by default --> <\/p>\n<p>Fertig paniert, in wenigen Minuten serviert, bieten die Lupinen Schnitzel leckere, mild gew\u00fcrzte Varianten f\u00fcr verschiedene Gerichte. Absolut innovativ und besonders lecker! Info: Die Lupine ist eine H\u00fclsenfrucht, wie Erbsen, Sojabohnen und alle \u00fcbrigen Bohnensorten. Sie wird seit mehr als 4000 Jahren kultiviert und ist aufgrund ihres hohen Proteingehaltes fester Nahrungsbestandteil vieler Kulturen.Alberts Lupinenprodukte werden mit Sorgfalt und nach eigener Rezeptur hergestellt. Lupinen sind seit Jahrhunderten als wertvolles Lebensmittel bekannte Pflanzen, die mit unseren Bohnen verwandt sind. Heute werden sie auch in der Region von \u00f6kologisch wirtschaftenden Landwirten angebaut und ohne gro\u00dfe Transportwege verarbeitet. Zur Herstellung von Alberts Lupinenprodukten wird das volle Samenkorn verwendet &#8211; mit allen darin enthaltenen Ballaststoffen und wertvollen Inhalten. Alberts Lupinenprodukte sind ideal f\u00fcr eine cholesterinfreie Ern\u00e4hrung. Zutaten: S\u00fc\u00dflupinensamen* (40%), Wasser, Weizeneiwei\u00df*, Sonnenblumen\u00f6l*, Panade*, (Weizenmehl*, Salz, Paprika*, Hefe), Lupinenw\u00fcrze* (Wasser, S\u00fc\u00dflupinensamen*, Meersalz), Gem\u00fcse* (Zwiebel*, Sellerie*, Karotten*, Lauch*, Tomaten*, Pastinaken*), Gew\u00fcrze* (Pfeffer*, Koriander*, Ingwer*, Macis*, Kardamom*, Liebst\u00f6ckel*, Rosmarin*), Glucosesirup* (* = aus kontrolliert biologischem Anbau)N\u00e4hrwerte pro 100g: Energie 1378kJ\/331kcal, Kohlenhydrate 11,0g, Eiwei\u00df 22,0g, Fett 22,1g <\/p>\n<p>Vegan, Glutenfrei<br \/>\n<div class=\"main-cross-sell\" data-asin=\"B00I9ZCRIQ\">\n\n\t<div class=\"WooZone-cross-sell-loader\">\n\t\t<div>\n\t\t\t<div id=\"floatingBarsG\">\n\t\t\t\t<div class=\"blockG\" id=\"rotateG_01\"><\/div>\n\t\t\t\t<div class=\"blockG\" id=\"rotateG_02\"><\/div>\n\t\t\t\t<div class=\"blockG\" id=\"rotateG_03\"><\/div>\n\t\t\t\t<div class=\"blockG\" id=\"rotateG_04\"><\/div>\n\t\t\t\t<div class=\"blockG\" id=\"rotateG_05\"><\/div>\n\t\t\t\t<div class=\"blockG\" id=\"rotateG_06\"><\/div>\n\t\t\t\t<div class=\"blockG\" id=\"rotateG_07\"><\/div>\n\t\t\t\t<div class=\"blockG\" id=\"rotateG_08\"><\/div>\n\t\t\t<\/div>\n\t\t\t<div class=\"WooZone-cross-sell-loader-text\"><\/div>\n\t\t<\/div>\n\t<\/div>\n\n\t\t\n<\/div>\n<div style=\"clear:both;\"><\/div>\n","protected":false},"excerpt":{"rendered":"<p>Vegan, Glutenfrei<\/p>\n","protected":false},"featured_media":11022,"comment_status":"open","ping_status":"closed","template":"","meta":[],"product_cat":[4146,132],"product_tag":[],"yoast_head":"<!-- This site is optimized with the Yoast SEO Premium plugin v15.4 - https:\/\/yoast.com\/wordpress\/plugins\/seo\/ -->\n<title>Alberts Bio Lupinen Schnitzel - 200g - Vegan oder Vegetarisch<\/title>\n<meta name=\"robots\" content=\"index, follow, max-snippet:-1, max-image-preview:large, max-video-preview:-1\" \/>\n<link rel=\"canonical\" href=\"https:\/\/xn--shop-fr-vegane-und-vegetarische-kost-j0d.de\/?product=alberts-bio-lupinen-schnitzel-200g\" \/>\n<meta property=\"og:locale\" content=\"de_DE\" \/>\n<meta property=\"og:type\" content=\"article\" \/>\n<meta property=\"og:title\" content=\"Alberts Bio Lupinen Schnitzel - 200g - Vegan oder Vegetarisch\" \/>\n<meta property=\"og:description\" content=\"Vegan, Glutenfrei\" \/>\n<meta property=\"og:url\" content=\"https:\/\/xn--shop-fr-vegane-und-vegetarische-kost-j0d.de\/?product=alberts-bio-lupinen-schnitzel-200g\" \/>\n<meta property=\"og:site_name\" content=\"Vegan oder Vegetarisch\" \/>\n<meta property=\"article:modified_time\" content=\"2023-04-07T16:52:53+00:00\" \/>\n<meta property=\"og:image\" content=\"https:\/\/images-na.ssl-images-amazon.com\/images\/I\/51kmg95YTwL.jpg\" \/>\n\t<meta property=\"og:image:width\" content=\"500\" \/>\n\t<meta property=\"og:image:height\" content=\"500\" \/>\n<meta name=\"twitter:card\" content=\"summary_large_image\" \/>\n<meta name=\"twitter:label1\" content=\"Verfasst von\">\n\t<meta name=\"twitter:data1\" content=\"Swen-Olaf Bender\">\n\t<meta name=\"twitter:label2\" content=\"Gesch\u00e4tzte Lesezeit\">\n\t<meta name=\"twitter:data2\" content=\"1\u00a0Minute\">\n<script type=\"application\/ld+json\" class=\"yoast-schema-graph\">{\"@context\":\"https:\/\/schema.org\",\"@graph\":[{\"@type\":\"WebSite\",\"@id\":\"https:\/\/xn--shop-fr-vegane-und-vegetarische-kost-j0d.de\/#website\",\"url\":\"https:\/\/xn--shop-fr-vegane-und-vegetarische-kost-j0d.de\/\",\"name\":\"Vegan oder Vegetarisch\",\"description\":\"Gesund leben, Gesund essen\",\"potentialAction\":[{\"@type\":\"SearchAction\",\"target\":\"https:\/\/xn--shop-fr-vegane-und-vegetarische-kost-j0d.de\/?s={search_term_string}\",\"query-input\":\"required name=search_term_string\"}],\"inLanguage\":\"de\"},{\"@type\":\"ImageObject\",\"@id\":\"https:\/\/xn--shop-fr-vegane-und-vegetarische-kost-j0d.de\/?product=alberts-bio-lupinen-schnitzel-200g#primaryimage\",\"inLanguage\":\"de\",\"url\":\"https:\/\/images-na.ssl-images-amazon.com\/images\/I\/51kmg95YTwL.jpg\",\"width\":500,\"height\":500},{\"@type\":\"WebPage\",\"@id\":\"https:\/\/xn--shop-fr-vegane-und-vegetarische-kost-j0d.de\/?product=alberts-bio-lupinen-schnitzel-200g#webpage\",\"url\":\"https:\/\/xn--shop-fr-vegane-und-vegetarische-kost-j0d.de\/?product=alberts-bio-lupinen-schnitzel-200g\",\"name\":\"Alberts Bio Lupinen Schnitzel - 200g - Vegan oder Vegetarisch\",\"isPartOf\":{\"@id\":\"https:\/\/xn--shop-fr-vegane-und-vegetarische-kost-j0d.de\/#website\"},\"primaryImageOfPage\":{\"@id\":\"https:\/\/xn--shop-fr-vegane-und-vegetarische-kost-j0d.de\/?product=alberts-bio-lupinen-schnitzel-200g#primaryimage\"},\"datePublished\":\"2020-12-30T23:33:29+00:00\",\"dateModified\":\"2023-04-07T16:52:53+00:00\",\"inLanguage\":\"de\",\"potentialAction\":[{\"@type\":\"ReadAction\",\"target\":[\"https:\/\/xn--shop-fr-vegane-und-vegetarische-kost-j0d.de\/?product=alberts-bio-lupinen-schnitzel-200g\"]}]}]}<\/script>\n<!-- \/ Yoast SEO Premium plugin. -->","_links":{"self":[{"href":"https:\/\/xn--shop-fr-vegane-und-vegetarische-kost-j0d.de\/index.php?rest_route=\/wp\/v2\/product\/11021"}],"collection":[{"href":"https:\/\/xn--shop-fr-vegane-und-vegetarische-kost-j0d.de\/index.php?rest_route=\/wp\/v2\/product"}],"about":[{"href":"https:\/\/xn--shop-fr-vegane-und-vegetarische-kost-j0d.de\/index.php?rest_route=\/wp\/v2\/types\/product"}],"replies":[{"embeddable":true,"href":"https:\/\/xn--shop-fr-vegane-und-vegetarische-kost-j0d.de\/index.php?rest_route=%2Fwp%2Fv2%2Fcomments&post=11021"}],"wp:featuredmedia":[{"embeddable":true,"href":"https:\/\/xn--shop-fr-vegane-und-vegetarische-kost-j0d.de\/index.php?rest_route=\/wp\/v2\/media\/11022"}],"wp:attachment":[{"href":"https:\/\/xn--shop-fr-vegane-und-vegetarische-kost-j0d.de\/index.php?rest_route=%2Fwp%2Fv2%2Fmedia&parent=11021"}],"wp:term":[{"taxonomy":"product_cat","embeddable":true,"href":"https:\/\/xn--shop-fr-vegane-und-vegetarische-kost-j0d.de\/index.php?rest_route=%2Fwp%2Fv2%2Fproduct_cat&post=11021"},{"taxonomy":"product_tag","embeddable":true,"href":"https:\/\/xn--shop-fr-vegane-und-vegetarische-kost-j0d.de\/index.php?rest_route=%2Fwp%2Fv2%2Fproduct_tag&post=11021"}],"curies":[{"name":"wp","href":"https:\/\/api.w.org\/{rel}","templated":true}]}}