{"id":10980,"date":"2020-12-30T23:32:55","date_gmt":"2020-12-30T23:32:55","guid":{"rendered":"https:\/\/xn--shop-fr-vegane-und-vegetarische-kost-j0d.de\/?product=gesund-leben-lupinen-weiss-350g-bio-roh-vegan-suesslupinen-saat"},"modified":"2023-04-09T19:00:57","modified_gmt":"2023-04-09T17:00:57","slug":"gesund-leben-lupinen-weiss-350g-bio-roh-vegan-suesslupinen-saat","status":"publish","type":"product","link":"https:\/\/xn--shop-fr-vegane-und-vegetarische-kost-j0d.de\/?product=gesund-leben-lupinen-weiss-350g-bio-roh-vegan-suesslupinen-saat","title":{"rendered":"Gesund &amp; Leben Lupinen, weiss 350g (bio, roh, vegan) S\u00fcsslupinen-Saat"},"content":{"rendered":"<p><!-- show up to 2 reviews by default --> <\/p>\n<h3>Produktbeschreibungen<\/h3>\n<\/p>\n<ul>\n<li>Zum Backen, Selbstmahlen, als Speisenbeilage oder zum Einpflanzen. <\/li>\n<li>Lupinen kennen wir meist als Gartenblume. <\/li>\n<li>Was wir meist nicht wissen ist die Tatsache, dass Lupinensamen bereits bei den alten \u00c4gyptern und Griechen, aber auch bei den Indios in S\u00fcdamerika als hochwertiges eiwei\u00dfreiches Grundnahrungsmittel galten. <\/li>\n<li>Die aus dem Mittelmeergebiet stammende, heute in ganz Europa angebaute Pflanze, z\u00e4hlt zu den Leguminosen, ist also eine H\u00fclsenfrucht. <\/li>\n<li>Neu gez\u00fcchtete Sorten sind mittlerweile praktisch alkaloidfrei. <\/li>\n<\/ul>\n<h3>Inhaltsstoffe \/ Zutaten<\/h3>\n<p>Zutaten; LUPINEN*<br \/>* = Zutaten aus \u00f6kol. Landbau <\/p>\n<div data-a-expander-name=\"toggle_description\" class=\"a-row a-expander-container a-expander-extend-container\">\n<div class=\"a-expander-content a-expander-extend-content\">\n<h3>Anschrift Hersteller\/Importeur<\/h3>\n<p>Gesund &amp; Leben, Alemannenstrasse 4, D-78333 Stockach <\/p>\n<\/p><\/div>\n<p> <a href=\"void(0)\" data-action=\"a-expander-toggle\" class=\"a-expander-header a-declarative a-expander-extend-header\" data-a-expander-toggle=\"{\"><i class=\"a-icon a-icon-extender-expand\"><\/i><span class=\"a-expander-prompt\">Mehr<\/span><\/a> <\/div>\n<p>Zum Backen, Selbstmahlen, als Speisenbeilage oder zum Einpflanzen.<br \/>\nLupinen kennen wir meist als Gartenblume.<br \/>\nWas wir meist nicht wissen ist die Tatsache, dass Lupinensamen bereits bei den alten \u00c4gyptern und Griechen, aber auch bei den Indios in S\u00fcdamerika als hochwertiges eiwei\u00dfreiches Grundnahrungsmittel galten.<br \/>\nDie aus dem Mittelmeergebiet stammende, heute in ganz Europa angebaute Pflanze, z\u00e4hlt zu den Leguminosen, ist also eine H\u00fclsenfrucht.<br \/>\nNeu gez\u00fcchtete Sorten sind mittlerweile praktisch alkaloidfrei.<br \/>\n<div class=\"main-cross-sell\" data-asin=\"B015HMWUUS\">\n\n\t<div class=\"WooZone-cross-sell-loader\">\n\t\t<div>\n\t\t\t<div id=\"floatingBarsG\">\n\t\t\t\t<div class=\"blockG\" id=\"rotateG_01\"><\/div>\n\t\t\t\t<div class=\"blockG\" id=\"rotateG_02\"><\/div>\n\t\t\t\t<div class=\"blockG\" id=\"rotateG_03\"><\/div>\n\t\t\t\t<div class=\"blockG\" id=\"rotateG_04\"><\/div>\n\t\t\t\t<div class=\"blockG\" id=\"rotateG_05\"><\/div>\n\t\t\t\t<div class=\"blockG\" id=\"rotateG_06\"><\/div>\n\t\t\t\t<div class=\"blockG\" id=\"rotateG_07\"><\/div>\n\t\t\t\t<div class=\"blockG\" id=\"rotateG_08\"><\/div>\n\t\t\t<\/div>\n\t\t\t<div class=\"WooZone-cross-sell-loader-text\"><\/div>\n\t\t<\/div>\n\t<\/div>\n\n\t\t\n<\/div>\n<div style=\"clear:both;\"><\/div>\n","protected":false},"excerpt":{"rendered":"<p>Zum Backen, Selbstmahlen, als Speisenbeilage oder zum Einpflanzen.<br \/>\nLupinen kennen wir meist als Gartenblume.<br \/>\nWas wir meist nicht wissen ist die Tatsache, dass Lupinensamen bereits bei den alten \u00c4gyptern und Griechen, aber auch bei den Indios in S\u00fcdamerika als hochwertiges eiwei\u00dfreiches Grundnahrungsmittel galten.<\/p>\n","protected":false},"featured_media":10981,"comment_status":"open","ping_status":"closed","template":"","meta":[],"product_cat":[4146,132],"product_tag":[],"yoast_head":"<!-- This site is optimized with the Yoast SEO Premium plugin v15.4 - https:\/\/yoast.com\/wordpress\/plugins\/seo\/ -->\n<title>Gesund &amp; Leben Lupinen, weiss 350g (bio, roh, vegan) S\u00fcsslupinen-Saat - Vegan oder Vegetarisch<\/title>\n<meta name=\"robots\" content=\"index, follow, max-snippet:-1, max-image-preview:large, max-video-preview:-1\" \/>\n<link rel=\"canonical\" href=\"https:\/\/xn--shop-fr-vegane-und-vegetarische-kost-j0d.de\/?product=gesund-leben-lupinen-weiss-350g-bio-roh-vegan-suesslupinen-saat\" \/>\n<meta property=\"og:locale\" content=\"de_DE\" \/>\n<meta property=\"og:type\" content=\"article\" \/>\n<meta property=\"og:title\" content=\"Gesund &amp; Leben Lupinen, weiss 350g (bio, roh, vegan) S\u00fcsslupinen-Saat - Vegan oder Vegetarisch\" \/>\n<meta property=\"og:description\" content=\"Zum Backen, Selbstmahlen, als Speisenbeilage oder zum Einpflanzen. Lupinen kennen wir meist als Gartenblume. Was wir meist nicht wissen ist die Tatsache, dass Lupinensamen bereits bei den alten \u00c4gyptern und Griechen, aber auch bei den Indios in S\u00fcdamerika als hochwertiges eiwei\u00dfreiches Grundnahrungsmittel galten.\" \/>\n<meta property=\"og:url\" content=\"https:\/\/xn--shop-fr-vegane-und-vegetarische-kost-j0d.de\/?product=gesund-leben-lupinen-weiss-350g-bio-roh-vegan-suesslupinen-saat\" \/>\n<meta property=\"og:site_name\" content=\"Vegan oder Vegetarisch\" \/>\n<meta property=\"article:modified_time\" content=\"2023-04-09T17:00:57+00:00\" \/>\n<meta property=\"og:image\" content=\"https:\/\/images-na.ssl-images-amazon.com\/images\/I\/41PstaCrinL.jpg\" \/>\n\t<meta property=\"og:image:width\" content=\"500\" \/>\n\t<meta property=\"og:image:height\" content=\"500\" \/>\n<meta name=\"twitter:card\" content=\"summary_large_image\" \/>\n<meta name=\"twitter:label1\" content=\"Verfasst von\">\n\t<meta name=\"twitter:data1\" content=\"Swen-Olaf Bender\">\n\t<meta name=\"twitter:label2\" content=\"Gesch\u00e4tzte Lesezeit\">\n\t<meta name=\"twitter:data2\" content=\"1\u00a0Minute\">\n<script type=\"application\/ld+json\" class=\"yoast-schema-graph\">{\"@context\":\"https:\/\/schema.org\",\"@graph\":[{\"@type\":\"WebSite\",\"@id\":\"https:\/\/xn--shop-fr-vegane-und-vegetarische-kost-j0d.de\/#website\",\"url\":\"https:\/\/xn--shop-fr-vegane-und-vegetarische-kost-j0d.de\/\",\"name\":\"Vegan oder Vegetarisch\",\"description\":\"Gesund leben, Gesund essen\",\"potentialAction\":[{\"@type\":\"SearchAction\",\"target\":\"https:\/\/xn--shop-fr-vegane-und-vegetarische-kost-j0d.de\/?s={search_term_string}\",\"query-input\":\"required name=search_term_string\"}],\"inLanguage\":\"de\"},{\"@type\":\"ImageObject\",\"@id\":\"https:\/\/xn--shop-fr-vegane-und-vegetarische-kost-j0d.de\/?product=gesund-leben-lupinen-weiss-350g-bio-roh-vegan-suesslupinen-saat#primaryimage\",\"inLanguage\":\"de\",\"url\":\"https:\/\/images-na.ssl-images-amazon.com\/images\/I\/41PstaCrinL.jpg\",\"width\":500,\"height\":500},{\"@type\":\"WebPage\",\"@id\":\"https:\/\/xn--shop-fr-vegane-und-vegetarische-kost-j0d.de\/?product=gesund-leben-lupinen-weiss-350g-bio-roh-vegan-suesslupinen-saat#webpage\",\"url\":\"https:\/\/xn--shop-fr-vegane-und-vegetarische-kost-j0d.de\/?product=gesund-leben-lupinen-weiss-350g-bio-roh-vegan-suesslupinen-saat\",\"name\":\"Gesund &amp; Leben Lupinen, weiss 350g (bio, roh, vegan) S\\u00fcsslupinen-Saat - Vegan oder Vegetarisch\",\"isPartOf\":{\"@id\":\"https:\/\/xn--shop-fr-vegane-und-vegetarische-kost-j0d.de\/#website\"},\"primaryImageOfPage\":{\"@id\":\"https:\/\/xn--shop-fr-vegane-und-vegetarische-kost-j0d.de\/?product=gesund-leben-lupinen-weiss-350g-bio-roh-vegan-suesslupinen-saat#primaryimage\"},\"datePublished\":\"2020-12-30T23:32:55+00:00\",\"dateModified\":\"2023-04-09T17:00:57+00:00\",\"inLanguage\":\"de\",\"potentialAction\":[{\"@type\":\"ReadAction\",\"target\":[\"https:\/\/xn--shop-fr-vegane-und-vegetarische-kost-j0d.de\/?product=gesund-leben-lupinen-weiss-350g-bio-roh-vegan-suesslupinen-saat\"]}]}]}<\/script>\n<!-- \/ Yoast SEO Premium plugin. -->","_links":{"self":[{"href":"https:\/\/xn--shop-fr-vegane-und-vegetarische-kost-j0d.de\/index.php?rest_route=\/wp\/v2\/product\/10980"}],"collection":[{"href":"https:\/\/xn--shop-fr-vegane-und-vegetarische-kost-j0d.de\/index.php?rest_route=\/wp\/v2\/product"}],"about":[{"href":"https:\/\/xn--shop-fr-vegane-und-vegetarische-kost-j0d.de\/index.php?rest_route=\/wp\/v2\/types\/product"}],"replies":[{"embeddable":true,"href":"https:\/\/xn--shop-fr-vegane-und-vegetarische-kost-j0d.de\/index.php?rest_route=%2Fwp%2Fv2%2Fcomments&post=10980"}],"wp:featuredmedia":[{"embeddable":true,"href":"https:\/\/xn--shop-fr-vegane-und-vegetarische-kost-j0d.de\/index.php?rest_route=\/wp\/v2\/media\/10981"}],"wp:attachment":[{"href":"https:\/\/xn--shop-fr-vegane-und-vegetarische-kost-j0d.de\/index.php?rest_route=%2Fwp%2Fv2%2Fmedia&parent=10980"}],"wp:term":[{"taxonomy":"product_cat","embeddable":true,"href":"https:\/\/xn--shop-fr-vegane-und-vegetarische-kost-j0d.de\/index.php?rest_route=%2Fwp%2Fv2%2Fproduct_cat&post=10980"},{"taxonomy":"product_tag","embeddable":true,"href":"https:\/\/xn--shop-fr-vegane-und-vegetarische-kost-j0d.de\/index.php?rest_route=%2Fwp%2Fv2%2Fproduct_tag&post=10980"}],"curies":[{"name":"wp","href":"https:\/\/api.w.org\/{rel}","templated":true}]}}