{"id":10956,"date":"2020-12-30T23:32:36","date_gmt":"2020-12-30T23:32:36","guid":{"rendered":"https:\/\/xn--shop-fr-vegane-und-vegetarische-kost-j0d.de\/?product=allos-streichcreme-aufs-brot-mit-erbse-masala-140-g-bio"},"modified":"2023-04-09T19:00:56","modified_gmt":"2023-04-09T17:00:56","slug":"allos-streichcreme-aufs-brot-mit-erbse-masala-140-g-bio","status":"publish","type":"product","link":"https:\/\/xn--shop-fr-vegane-und-vegetarische-kost-j0d.de\/?product=allos-streichcreme-aufs-brot-mit-erbse-masala-140-g-bio","title":{"rendered":"Allos Streichcreme &#8222;aufs Brot&#8220; mit Erbse &amp; Masala (140 g) &#8211; Bio"},"content":{"rendered":"<div class=\"disclaim\"> Gr\u00f6\u00dfe:<strong>1 x 140 gr<\/strong> <\/div>\n<p> <!-- show up to 2 reviews by default --> <\/p>\n<h3>Produktbeschreibungen<\/h3>\n<p>Extra cremig ger\u00fchrt, streichzart und unwiderstehlich gem\u00fcsig: Das verspricht unsere Bio-Streichcreme &#8222;aufs Brot&#8220; von Allos und garantiert damit einen herzhaften, unvergleichlichen Brotgenuss. Leckere Erbsen, feiner Spinat und eine exotische Garam-Masala-Gew\u00fcrzmischung machen diesen Aufstrich zu einer kleinen Kostbarkeit. <\/p>\n<h3>Inhaltsstoffe \/ Zutaten<\/h3>\n<p>Sonnenblumen\u00f6l*, Erbsen* (20%), Wasser, Zitronensaftkonzentrat*, Sonnenblumenkerne*, Agavendicksaft*, Paprika* gr\u00fcn, Zwiebeln*, Meersalz, Tapiokast\u00e4rke*, Spinatpulver*, Sonnenblumenkern-Eiwei\u00dfpulver*, Garam Masala* (0,2%) (Koriander*, Cumin*, PFEFFER*, Muskatnuss*, Zimt*, Cassia, Kardamom*, Nelken*), PFEFFER*, Meerrettich*<br \/><i>* = Zutaten aus biologischem Anbau<\/i> <\/p>\n<div data-a-expander-name=\"toggle_description\" class=\"a-row a-expander-container a-expander-extend-container\">\n<div class=\"a-expander-content a-expander-extend-content\">\n<h3>Warnhinweise<\/h3>\n<p>DE-\u00d6KO-003<br \/>enth\u00e4lt: Pfeffer, Jod <\/p>\n<h3>Anschrift Hersteller\/Importeur<\/h3>\n<p>Allos, Domshof 18-20, D-28195 Bremen <\/p>\n<\/p><\/div>\n<p> <a href=\"void(0)\" data-action=\"a-expander-toggle\" class=\"a-expander-header a-declarative a-expander-extend-header\" data-a-expander-toggle=\"{\"><i class=\"a-icon a-icon-extender-expand\"><\/i><span class=\"a-expander-prompt\">Mehr<\/span><\/a> <\/div>\n<p>Verpackungsmenge: (1 x 140 gr)<br \/>\nBio-Zertifizierung: EG-Bio<br \/>\n<div class=\"main-cross-sell\" data-asin=\"B06Y3KZN23\">\n\n\t<div class=\"WooZone-cross-sell-loader\">\n\t\t<div>\n\t\t\t<div id=\"floatingBarsG\">\n\t\t\t\t<div class=\"blockG\" id=\"rotateG_01\"><\/div>\n\t\t\t\t<div class=\"blockG\" id=\"rotateG_02\"><\/div>\n\t\t\t\t<div class=\"blockG\" id=\"rotateG_03\"><\/div>\n\t\t\t\t<div class=\"blockG\" id=\"rotateG_04\"><\/div>\n\t\t\t\t<div class=\"blockG\" id=\"rotateG_05\"><\/div>\n\t\t\t\t<div class=\"blockG\" id=\"rotateG_06\"><\/div>\n\t\t\t\t<div class=\"blockG\" id=\"rotateG_07\"><\/div>\n\t\t\t\t<div class=\"blockG\" id=\"rotateG_08\"><\/div>\n\t\t\t<\/div>\n\t\t\t<div class=\"WooZone-cross-sell-loader-text\"><\/div>\n\t\t<\/div>\n\t<\/div>\n\n\t\t\n<\/div>\n<div style=\"clear:both;\"><\/div>\n","protected":false},"excerpt":{"rendered":"<p>Verpackungsmenge: (1 x 140 gr)<br \/>\nBio-Zertifizierung: EG-Bio<\/p>\n","protected":false},"featured_media":10957,"comment_status":"open","ping_status":"closed","template":"","meta":[],"product_cat":[4146,132],"product_tag":[],"yoast_head":"<!-- This site is optimized with the Yoast SEO Premium plugin v15.4 - https:\/\/yoast.com\/wordpress\/plugins\/seo\/ -->\n<title>Allos Streichcreme &quot;aufs Brot&quot; mit Erbse &amp; Masala (140 g) - Bio - Vegan oder Vegetarisch<\/title>\n<meta name=\"robots\" content=\"index, follow, max-snippet:-1, max-image-preview:large, max-video-preview:-1\" \/>\n<link rel=\"canonical\" href=\"https:\/\/xn--shop-fr-vegane-und-vegetarische-kost-j0d.de\/?product=allos-streichcreme-aufs-brot-mit-erbse-masala-140-g-bio\" \/>\n<meta property=\"og:locale\" content=\"de_DE\" \/>\n<meta property=\"og:type\" content=\"article\" \/>\n<meta property=\"og:title\" content=\"Allos Streichcreme &quot;aufs Brot&quot; mit Erbse &amp; Masala (140 g) - Bio - Vegan oder Vegetarisch\" \/>\n<meta property=\"og:description\" content=\"Verpackungsmenge: (1 x 140 gr) Bio-Zertifizierung: EG-Bio\" \/>\n<meta property=\"og:url\" content=\"https:\/\/xn--shop-fr-vegane-und-vegetarische-kost-j0d.de\/?product=allos-streichcreme-aufs-brot-mit-erbse-masala-140-g-bio\" \/>\n<meta property=\"og:site_name\" content=\"Vegan oder Vegetarisch\" \/>\n<meta property=\"article:modified_time\" content=\"2023-04-09T17:00:56+00:00\" \/>\n<meta property=\"og:image\" content=\"https:\/\/images-na.ssl-images-amazon.com\/images\/I\/51lgFQH72NL.jpg\" \/>\n\t<meta property=\"og:image:width\" content=\"500\" \/>\n\t<meta property=\"og:image:height\" content=\"500\" \/>\n<meta name=\"twitter:card\" content=\"summary_large_image\" \/>\n<meta name=\"twitter:label1\" content=\"Verfasst von\">\n\t<meta name=\"twitter:data1\" content=\"Swen-Olaf Bender\">\n\t<meta name=\"twitter:label2\" content=\"Gesch\u00e4tzte Lesezeit\">\n\t<meta name=\"twitter:data2\" content=\"0\u00a0Minuten\">\n<script type=\"application\/ld+json\" class=\"yoast-schema-graph\">{\"@context\":\"https:\/\/schema.org\",\"@graph\":[{\"@type\":\"WebSite\",\"@id\":\"https:\/\/xn--shop-fr-vegane-und-vegetarische-kost-j0d.de\/#website\",\"url\":\"https:\/\/xn--shop-fr-vegane-und-vegetarische-kost-j0d.de\/\",\"name\":\"Vegan oder Vegetarisch\",\"description\":\"Gesund leben, Gesund essen\",\"potentialAction\":[{\"@type\":\"SearchAction\",\"target\":\"https:\/\/xn--shop-fr-vegane-und-vegetarische-kost-j0d.de\/?s={search_term_string}\",\"query-input\":\"required name=search_term_string\"}],\"inLanguage\":\"de\"},{\"@type\":\"ImageObject\",\"@id\":\"https:\/\/xn--shop-fr-vegane-und-vegetarische-kost-j0d.de\/?product=allos-streichcreme-aufs-brot-mit-erbse-masala-140-g-bio#primaryimage\",\"inLanguage\":\"de\",\"url\":\"https:\/\/images-na.ssl-images-amazon.com\/images\/I\/51lgFQH72NL.jpg\",\"width\":500,\"height\":500},{\"@type\":\"WebPage\",\"@id\":\"https:\/\/xn--shop-fr-vegane-und-vegetarische-kost-j0d.de\/?product=allos-streichcreme-aufs-brot-mit-erbse-masala-140-g-bio#webpage\",\"url\":\"https:\/\/xn--shop-fr-vegane-und-vegetarische-kost-j0d.de\/?product=allos-streichcreme-aufs-brot-mit-erbse-masala-140-g-bio\",\"name\":\"Allos Streichcreme \\\"aufs Brot\\\" mit Erbse &amp; Masala (140 g) - Bio - Vegan oder Vegetarisch\",\"isPartOf\":{\"@id\":\"https:\/\/xn--shop-fr-vegane-und-vegetarische-kost-j0d.de\/#website\"},\"primaryImageOfPage\":{\"@id\":\"https:\/\/xn--shop-fr-vegane-und-vegetarische-kost-j0d.de\/?product=allos-streichcreme-aufs-brot-mit-erbse-masala-140-g-bio#primaryimage\"},\"datePublished\":\"2020-12-30T23:32:36+00:00\",\"dateModified\":\"2023-04-09T17:00:56+00:00\",\"inLanguage\":\"de\",\"potentialAction\":[{\"@type\":\"ReadAction\",\"target\":[\"https:\/\/xn--shop-fr-vegane-und-vegetarische-kost-j0d.de\/?product=allos-streichcreme-aufs-brot-mit-erbse-masala-140-g-bio\"]}]}]}<\/script>\n<!-- \/ Yoast SEO Premium plugin. -->","_links":{"self":[{"href":"https:\/\/xn--shop-fr-vegane-und-vegetarische-kost-j0d.de\/index.php?rest_route=\/wp\/v2\/product\/10956"}],"collection":[{"href":"https:\/\/xn--shop-fr-vegane-und-vegetarische-kost-j0d.de\/index.php?rest_route=\/wp\/v2\/product"}],"about":[{"href":"https:\/\/xn--shop-fr-vegane-und-vegetarische-kost-j0d.de\/index.php?rest_route=\/wp\/v2\/types\/product"}],"replies":[{"embeddable":true,"href":"https:\/\/xn--shop-fr-vegane-und-vegetarische-kost-j0d.de\/index.php?rest_route=%2Fwp%2Fv2%2Fcomments&post=10956"}],"wp:featuredmedia":[{"embeddable":true,"href":"https:\/\/xn--shop-fr-vegane-und-vegetarische-kost-j0d.de\/index.php?rest_route=\/wp\/v2\/media\/10957"}],"wp:attachment":[{"href":"https:\/\/xn--shop-fr-vegane-und-vegetarische-kost-j0d.de\/index.php?rest_route=%2Fwp%2Fv2%2Fmedia&parent=10956"}],"wp:term":[{"taxonomy":"product_cat","embeddable":true,"href":"https:\/\/xn--shop-fr-vegane-und-vegetarische-kost-j0d.de\/index.php?rest_route=%2Fwp%2Fv2%2Fproduct_cat&post=10956"},{"taxonomy":"product_tag","embeddable":true,"href":"https:\/\/xn--shop-fr-vegane-und-vegetarische-kost-j0d.de\/index.php?rest_route=%2Fwp%2Fv2%2Fproduct_tag&post=10956"}],"curies":[{"name":"wp","href":"https:\/\/api.w.org\/{rel}","templated":true}]}}