{"id":10948,"date":"2020-12-30T23:32:27","date_gmt":"2020-12-30T23:32:27","guid":{"rendered":"https:\/\/xn--shop-fr-vegane-und-vegetarische-kost-j0d.de\/?product=allos-bio-hildegards-dinkel-muesli-6-x-500-gr"},"modified":"2023-04-09T19:00:56","modified_gmt":"2023-04-09T17:00:56","slug":"allos-bio-hildegards-dinkel-muesli-6-x-500-gr","status":"publish","type":"product","link":"https:\/\/xn--shop-fr-vegane-und-vegetarische-kost-j0d.de\/?product=allos-bio-hildegards-dinkel-muesli-6-x-500-gr","title":{"rendered":"Allos Bio Hildegards Dinkel-M\u00fcsli (6 x 500 gr)"},"content":{"rendered":"<div class=\"disclaim\"> Gr\u00f6\u00dfe:<strong>6 x 500 gr<\/strong> <\/div>\n<p> <!-- show up to 2 reviews by default --> <\/p>\n<h3>Produktbeschreibungen<\/h3>\n<p>Verarbeitung: Seit mehr als 40 Jahren sorgen wir mit einer geh\u00f6rigen Portion Pionier-Geist f\u00fcr ausgewogenen Fr\u00fchst\u00fccksgenuss. Dass es da Klassiker gibt, die sich seit vielen Jahren gro\u00dfer Beliebtheit erfreuen und auch heute noch ganz unver\u00e4ndert auf dem Allos Hof hergestellt werden, ist doch klar. Hier sind unsere bew\u00e4hrten Klassiker zum pur genie\u00dfen: Eine leckere Auswahl an puren, unges\u00fc\u00dften M\u00fcslis mit vollwertigem oder durch ihre W\u00fcrzung ganz eigenem Charakter. Mit Getreidevollkornflocken, Saaten, N\u00fcssen, wertvollem Amaranth oder anderen sorgf\u00e4ltig ausgew\u00e4hlten Rohstoffen in bester Bio-Qualit\u00e4t. Lasst es Euch schmecken. Zertifizierung\/enV-Label veganEU Bio-Siegel <\/p>\n<h3>Inhaltsstoffe \/ Zutaten<\/h3>\n<p>DINKELVOLLKORNFLOCKEN eine Weizenart 68%, Weinbeeren getrocknet 13%, Amaranth gepoppt und gemahlen 12%, Birnen getrocknet, Sauerkirschen getrocknet 1,5%, MANDELN gehobelt 1%, Flohsamen, Zimt, Galgant, Bertram, Sonnenblumen\u00f6l.<br \/>enth\u00e4lt folgende allergene Zutaten: Gluten, Schalenfr\u00fcchte <\/p>\n<div data-a-expander-name=\"toggle_description\" class=\"a-row a-expander-container a-expander-extend-container\">\n<div class=\"a-expander-content a-expander-extend-content\">\n<h3>Anschrift Hersteller\/Importeur<\/h3>\n<p>Natudis B.V.; Postbus; NL-3840 AJ Harderwijk <\/p>\n<\/p><\/div>\n<p> <a href=\"void(0)\" data-action=\"a-expander-toggle\" class=\"a-expander-header a-declarative a-expander-extend-header\" data-a-expander-toggle=\"{\"><i class=\"a-icon a-icon-extender-expand\"><\/i><span class=\"a-expander-prompt\">Mehr<\/span><\/a> <\/div>\n<p>Verpackungsmenge: (6 x 500 gr)<br \/>\nBio-Zertifizierung: EG-Bio<br \/>\n<div class=\"main-cross-sell\" data-asin=\"B07R4GTP2L\">\n\n\t<div class=\"WooZone-cross-sell-loader\">\n\t\t<div>\n\t\t\t<div id=\"floatingBarsG\">\n\t\t\t\t<div class=\"blockG\" id=\"rotateG_01\"><\/div>\n\t\t\t\t<div class=\"blockG\" id=\"rotateG_02\"><\/div>\n\t\t\t\t<div class=\"blockG\" id=\"rotateG_03\"><\/div>\n\t\t\t\t<div class=\"blockG\" id=\"rotateG_04\"><\/div>\n\t\t\t\t<div class=\"blockG\" id=\"rotateG_05\"><\/div>\n\t\t\t\t<div class=\"blockG\" id=\"rotateG_06\"><\/div>\n\t\t\t\t<div class=\"blockG\" id=\"rotateG_07\"><\/div>\n\t\t\t\t<div class=\"blockG\" id=\"rotateG_08\"><\/div>\n\t\t\t<\/div>\n\t\t\t<div class=\"WooZone-cross-sell-loader-text\"><\/div>\n\t\t<\/div>\n\t<\/div>\n\n\t\t\n<\/div>\n<div style=\"clear:both;\"><\/div>\n","protected":false},"excerpt":{"rendered":"<p>Verpackungsmenge: (6 x 500 gr)<br \/>\nBio-Zertifizierung: EG-Bio<\/p>\n","protected":false},"featured_media":10949,"comment_status":"open","ping_status":"closed","template":"","meta":[],"product_cat":[4146,132],"product_tag":[],"yoast_head":"<!-- This site is optimized with the Yoast SEO Premium plugin v15.4 - https:\/\/yoast.com\/wordpress\/plugins\/seo\/ -->\n<title>Allos Bio Hildegards Dinkel-M\u00fcsli (6 x 500 gr) - Vegan oder Vegetarisch<\/title>\n<meta name=\"robots\" content=\"index, follow, max-snippet:-1, max-image-preview:large, max-video-preview:-1\" \/>\n<link rel=\"canonical\" href=\"https:\/\/xn--shop-fr-vegane-und-vegetarische-kost-j0d.de\/?product=allos-bio-hildegards-dinkel-muesli-6-x-500-gr\" \/>\n<meta property=\"og:locale\" content=\"de_DE\" \/>\n<meta property=\"og:type\" content=\"article\" \/>\n<meta property=\"og:title\" content=\"Allos Bio Hildegards Dinkel-M\u00fcsli (6 x 500 gr) - Vegan oder Vegetarisch\" \/>\n<meta property=\"og:description\" content=\"Verpackungsmenge: (6 x 500 gr) Bio-Zertifizierung: EG-Bio\" \/>\n<meta property=\"og:url\" content=\"https:\/\/xn--shop-fr-vegane-und-vegetarische-kost-j0d.de\/?product=allos-bio-hildegards-dinkel-muesli-6-x-500-gr\" \/>\n<meta property=\"og:site_name\" content=\"Vegan oder Vegetarisch\" \/>\n<meta property=\"article:modified_time\" content=\"2023-04-09T17:00:56+00:00\" \/>\n<meta property=\"og:image\" content=\"https:\/\/images-na.ssl-images-amazon.com\/images\/I\/519hv-K0ErL.jpg\" \/>\n\t<meta property=\"og:image:width\" content=\"500\" \/>\n\t<meta property=\"og:image:height\" content=\"500\" \/>\n<meta name=\"twitter:card\" content=\"summary_large_image\" \/>\n<meta name=\"twitter:label1\" content=\"Verfasst von\">\n\t<meta name=\"twitter:data1\" content=\"Swen-Olaf Bender\">\n\t<meta name=\"twitter:label2\" content=\"Gesch\u00e4tzte Lesezeit\">\n\t<meta name=\"twitter:data2\" content=\"1\u00a0Minute\">\n<script type=\"application\/ld+json\" class=\"yoast-schema-graph\">{\"@context\":\"https:\/\/schema.org\",\"@graph\":[{\"@type\":\"WebSite\",\"@id\":\"https:\/\/xn--shop-fr-vegane-und-vegetarische-kost-j0d.de\/#website\",\"url\":\"https:\/\/xn--shop-fr-vegane-und-vegetarische-kost-j0d.de\/\",\"name\":\"Vegan oder Vegetarisch\",\"description\":\"Gesund leben, Gesund essen\",\"potentialAction\":[{\"@type\":\"SearchAction\",\"target\":\"https:\/\/xn--shop-fr-vegane-und-vegetarische-kost-j0d.de\/?s={search_term_string}\",\"query-input\":\"required name=search_term_string\"}],\"inLanguage\":\"de\"},{\"@type\":\"ImageObject\",\"@id\":\"https:\/\/xn--shop-fr-vegane-und-vegetarische-kost-j0d.de\/?product=allos-bio-hildegards-dinkel-muesli-6-x-500-gr#primaryimage\",\"inLanguage\":\"de\",\"url\":\"https:\/\/images-na.ssl-images-amazon.com\/images\/I\/519hv-K0ErL.jpg\",\"width\":500,\"height\":500},{\"@type\":\"WebPage\",\"@id\":\"https:\/\/xn--shop-fr-vegane-und-vegetarische-kost-j0d.de\/?product=allos-bio-hildegards-dinkel-muesli-6-x-500-gr#webpage\",\"url\":\"https:\/\/xn--shop-fr-vegane-und-vegetarische-kost-j0d.de\/?product=allos-bio-hildegards-dinkel-muesli-6-x-500-gr\",\"name\":\"Allos Bio Hildegards Dinkel-M\\u00fcsli (6 x 500 gr) - Vegan oder Vegetarisch\",\"isPartOf\":{\"@id\":\"https:\/\/xn--shop-fr-vegane-und-vegetarische-kost-j0d.de\/#website\"},\"primaryImageOfPage\":{\"@id\":\"https:\/\/xn--shop-fr-vegane-und-vegetarische-kost-j0d.de\/?product=allos-bio-hildegards-dinkel-muesli-6-x-500-gr#primaryimage\"},\"datePublished\":\"2020-12-30T23:32:27+00:00\",\"dateModified\":\"2023-04-09T17:00:56+00:00\",\"inLanguage\":\"de\",\"potentialAction\":[{\"@type\":\"ReadAction\",\"target\":[\"https:\/\/xn--shop-fr-vegane-und-vegetarische-kost-j0d.de\/?product=allos-bio-hildegards-dinkel-muesli-6-x-500-gr\"]}]}]}<\/script>\n<!-- \/ Yoast SEO Premium plugin. -->","_links":{"self":[{"href":"https:\/\/xn--shop-fr-vegane-und-vegetarische-kost-j0d.de\/index.php?rest_route=\/wp\/v2\/product\/10948"}],"collection":[{"href":"https:\/\/xn--shop-fr-vegane-und-vegetarische-kost-j0d.de\/index.php?rest_route=\/wp\/v2\/product"}],"about":[{"href":"https:\/\/xn--shop-fr-vegane-und-vegetarische-kost-j0d.de\/index.php?rest_route=\/wp\/v2\/types\/product"}],"replies":[{"embeddable":true,"href":"https:\/\/xn--shop-fr-vegane-und-vegetarische-kost-j0d.de\/index.php?rest_route=%2Fwp%2Fv2%2Fcomments&post=10948"}],"wp:featuredmedia":[{"embeddable":true,"href":"https:\/\/xn--shop-fr-vegane-und-vegetarische-kost-j0d.de\/index.php?rest_route=\/wp\/v2\/media\/10949"}],"wp:attachment":[{"href":"https:\/\/xn--shop-fr-vegane-und-vegetarische-kost-j0d.de\/index.php?rest_route=%2Fwp%2Fv2%2Fmedia&parent=10948"}],"wp:term":[{"taxonomy":"product_cat","embeddable":true,"href":"https:\/\/xn--shop-fr-vegane-und-vegetarische-kost-j0d.de\/index.php?rest_route=%2Fwp%2Fv2%2Fproduct_cat&post=10948"},{"taxonomy":"product_tag","embeddable":true,"href":"https:\/\/xn--shop-fr-vegane-und-vegetarische-kost-j0d.de\/index.php?rest_route=%2Fwp%2Fv2%2Fproduct_tag&post=10948"}],"curies":[{"name":"wp","href":"https:\/\/api.w.org\/{rel}","templated":true}]}}