{"id":10902,"date":"2020-12-30T23:31:40","date_gmt":"2020-12-30T23:31:40","guid":{"rendered":"https:\/\/xn--shop-fr-vegane-und-vegetarische-kost-j0d.de\/?product=allos-amaranth-crunchy-beerenfrucht-3er-pack-3-x-400-g"},"modified":"2023-04-09T19:00:55","modified_gmt":"2023-04-09T17:00:55","slug":"allos-amaranth-crunchy-beerenfrucht-3er-pack-3-x-400-g","status":"publish","type":"product","link":"https:\/\/xn--shop-fr-vegane-und-vegetarische-kost-j0d.de\/?product=allos-amaranth-crunchy-beerenfrucht-3er-pack-3-x-400-g","title":{"rendered":"Allos Amaranth Crunchy Beerenfrucht, 3er Pack (3 x 400 g)"},"content":{"rendered":"<div class=\"disclaim\"> Anzahl:<strong>3<\/strong> <\/div>\n<p> <!-- show up to 2 reviews by default --> <\/p>\n<h3>Inhaltsstoffe \/ Zutaten<\/h3>\n<p>Hafervollkornflocken, Amaranthcornflakes 10% (Mais gemahlen, Amaranthvollkorn gemahlen 29%, Bienenhonig 5%, Maissirup, Meersalz), Bienenhonig 8%, Agavendicksaft 8%, Reiscrispies (Reis, gemahlen), Amaranthvollkorn gemahlen und gepoppt 5%, Kartoffelmehl, ungeh\u00e4rtetes Palm\u00f6l, Beerenmix gefriergetrocknet 3% (in ver\u00e4nderlichen Gewichtsanteilen: Erdbeeren, Brombeeren), Sesam, Dinkelvollkornmehl*, Leinsaat, Kokosraspel, Meersalz, Bourbon &#8211; Vanille, Zimt, Sesam, Gluten, Dinkel, Fructose, Gem\u00fcse \/ H\u00fclsenfr\u00fcchte, Hafer, Mais, Zimt <\/p>\n<h3>Gebrauchsanweisung<\/h3>\n<p>Sch\u00fctten Sie das Amaranth &#8211; M\u00fcsli in eine Sch\u00fcssel und gie\u00dfen Sie Milch oder Saft dar\u00fcber. Sie k\u00f6nnen es auch in Joghurt oder Desserts genie\u00dfen. <\/p>\n<div data-a-expander-name=\"toggle_description\" class=\"a-row a-expander-container a-expander-extend-container\">\n<div class=\"a-expander-content a-expander-extend-content\">\n<h3>Warnhinweise<\/h3>\n<p>Kann Spuren von Milch, Schalenfr\u00fcchte, Soja, Cashewnuss, Gerste, Haselnuss, Kakao, Kuhmilcheiwei\u00df, Macadamianuss, Mandeln, Milcheiwei\u00df, Paranuss, Pecanuss, Pistazie, Queenslandnuss, Roggen, Walnuss, Weizen, Lactose enthalten. <\/p>\n<h3>Anschrift Hersteller\/Importeur<\/h3>\n<p>Allos Hof-Manufaktur GmbH, Domshof 18-20, 28195 Bremen <\/p>\n<\/p><\/div>\n<p> <a href=\"void(0)\" data-action=\"a-expander-toggle\" class=\"a-expander-header a-declarative a-expander-extend-header\" data-a-expander-toggle=\"{\"><i class=\"a-icon a-icon-extender-expand\"><\/i><span class=\"a-expander-prompt\">Mehr<\/span><\/a> <\/div>\n<p>Allos, Amaranth Crunchy Beerenfrucht<br \/>\nAllos Bio-Originale. Naturkosthandel mit Tradition. Unverf\u00e4lschte und nat\u00fcrliche Lebensmittel, ganz nach dem Motto: Achtsam mit Familie und Natur!<br \/>\n<div class=\"main-cross-sell\" data-asin=\"B00LBVIHAC\">\n\n\t<div class=\"WooZone-cross-sell-loader\">\n\t\t<div>\n\t\t\t<div id=\"floatingBarsG\">\n\t\t\t\t<div class=\"blockG\" id=\"rotateG_01\"><\/div>\n\t\t\t\t<div class=\"blockG\" id=\"rotateG_02\"><\/div>\n\t\t\t\t<div class=\"blockG\" id=\"rotateG_03\"><\/div>\n\t\t\t\t<div class=\"blockG\" id=\"rotateG_04\"><\/div>\n\t\t\t\t<div class=\"blockG\" id=\"rotateG_05\"><\/div>\n\t\t\t\t<div class=\"blockG\" id=\"rotateG_06\"><\/div>\n\t\t\t\t<div class=\"blockG\" id=\"rotateG_07\"><\/div>\n\t\t\t\t<div class=\"blockG\" id=\"rotateG_08\"><\/div>\n\t\t\t<\/div>\n\t\t\t<div class=\"WooZone-cross-sell-loader-text\"><\/div>\n\t\t<\/div>\n\t<\/div>\n\n\t\t\n<\/div>\n<div style=\"clear:both;\"><\/div>\n","protected":false},"excerpt":{"rendered":"<p>Allos, Amaranth Crunchy Beerenfrucht<br \/>\nAllos Bio-Originale. Naturkosthandel mit Tradition. Unverf\u00e4lschte und nat\u00fcrliche Lebensmittel, ganz nach dem Motto: Achtsam mit Familie und Natur!<\/p>\n","protected":false},"featured_media":10903,"comment_status":"open","ping_status":"closed","template":"","meta":[],"product_cat":[4146,132],"product_tag":[],"yoast_head":"<!-- This site is optimized with the Yoast SEO Premium plugin v15.4 - https:\/\/yoast.com\/wordpress\/plugins\/seo\/ -->\n<title>Allos Amaranth Crunchy Beerenfrucht, 3er Pack (3 x 400 g) - Vegan oder Vegetarisch<\/title>\n<meta name=\"robots\" content=\"index, follow, max-snippet:-1, max-image-preview:large, max-video-preview:-1\" \/>\n<link rel=\"canonical\" href=\"https:\/\/xn--shop-fr-vegane-und-vegetarische-kost-j0d.de\/?product=allos-amaranth-crunchy-beerenfrucht-3er-pack-3-x-400-g\" \/>\n<meta property=\"og:locale\" content=\"de_DE\" \/>\n<meta property=\"og:type\" content=\"article\" \/>\n<meta property=\"og:title\" content=\"Allos Amaranth Crunchy Beerenfrucht, 3er Pack (3 x 400 g) - Vegan oder Vegetarisch\" \/>\n<meta property=\"og:description\" content=\"Allos, Amaranth Crunchy Beerenfrucht Allos Bio-Originale. Naturkosthandel mit Tradition. Unverf\u00e4lschte und nat\u00fcrliche Lebensmittel, ganz nach dem Motto: Achtsam mit Familie und Natur!\" \/>\n<meta property=\"og:url\" content=\"https:\/\/xn--shop-fr-vegane-und-vegetarische-kost-j0d.de\/?product=allos-amaranth-crunchy-beerenfrucht-3er-pack-3-x-400-g\" \/>\n<meta property=\"og:site_name\" content=\"Vegan oder Vegetarisch\" \/>\n<meta property=\"article:modified_time\" content=\"2023-04-09T17:00:55+00:00\" \/>\n<meta property=\"og:image\" content=\"https:\/\/images-na.ssl-images-amazon.com\/images\/I\/51249CH6ldL.jpg\" \/>\n\t<meta property=\"og:image:width\" content=\"500\" \/>\n\t<meta property=\"og:image:height\" content=\"500\" \/>\n<meta name=\"twitter:card\" content=\"summary_large_image\" \/>\n<meta name=\"twitter:label1\" content=\"Verfasst von\">\n\t<meta name=\"twitter:data1\" content=\"Swen-Olaf Bender\">\n\t<meta name=\"twitter:label2\" content=\"Gesch\u00e4tzte Lesezeit\">\n\t<meta name=\"twitter:data2\" content=\"1\u00a0Minute\">\n<script type=\"application\/ld+json\" class=\"yoast-schema-graph\">{\"@context\":\"https:\/\/schema.org\",\"@graph\":[{\"@type\":\"WebSite\",\"@id\":\"https:\/\/xn--shop-fr-vegane-und-vegetarische-kost-j0d.de\/#website\",\"url\":\"https:\/\/xn--shop-fr-vegane-und-vegetarische-kost-j0d.de\/\",\"name\":\"Vegan oder Vegetarisch\",\"description\":\"Gesund leben, Gesund essen\",\"potentialAction\":[{\"@type\":\"SearchAction\",\"target\":\"https:\/\/xn--shop-fr-vegane-und-vegetarische-kost-j0d.de\/?s={search_term_string}\",\"query-input\":\"required name=search_term_string\"}],\"inLanguage\":\"de\"},{\"@type\":\"ImageObject\",\"@id\":\"https:\/\/xn--shop-fr-vegane-und-vegetarische-kost-j0d.de\/?product=allos-amaranth-crunchy-beerenfrucht-3er-pack-3-x-400-g#primaryimage\",\"inLanguage\":\"de\",\"url\":\"https:\/\/images-na.ssl-images-amazon.com\/images\/I\/51249CH6ldL.jpg\",\"width\":500,\"height\":500},{\"@type\":\"WebPage\",\"@id\":\"https:\/\/xn--shop-fr-vegane-und-vegetarische-kost-j0d.de\/?product=allos-amaranth-crunchy-beerenfrucht-3er-pack-3-x-400-g#webpage\",\"url\":\"https:\/\/xn--shop-fr-vegane-und-vegetarische-kost-j0d.de\/?product=allos-amaranth-crunchy-beerenfrucht-3er-pack-3-x-400-g\",\"name\":\"Allos Amaranth Crunchy Beerenfrucht, 3er Pack (3 x 400 g) - Vegan oder Vegetarisch\",\"isPartOf\":{\"@id\":\"https:\/\/xn--shop-fr-vegane-und-vegetarische-kost-j0d.de\/#website\"},\"primaryImageOfPage\":{\"@id\":\"https:\/\/xn--shop-fr-vegane-und-vegetarische-kost-j0d.de\/?product=allos-amaranth-crunchy-beerenfrucht-3er-pack-3-x-400-g#primaryimage\"},\"datePublished\":\"2020-12-30T23:31:40+00:00\",\"dateModified\":\"2023-04-09T17:00:55+00:00\",\"inLanguage\":\"de\",\"potentialAction\":[{\"@type\":\"ReadAction\",\"target\":[\"https:\/\/xn--shop-fr-vegane-und-vegetarische-kost-j0d.de\/?product=allos-amaranth-crunchy-beerenfrucht-3er-pack-3-x-400-g\"]}]}]}<\/script>\n<!-- \/ Yoast SEO Premium plugin. -->","_links":{"self":[{"href":"https:\/\/xn--shop-fr-vegane-und-vegetarische-kost-j0d.de\/index.php?rest_route=\/wp\/v2\/product\/10902"}],"collection":[{"href":"https:\/\/xn--shop-fr-vegane-und-vegetarische-kost-j0d.de\/index.php?rest_route=\/wp\/v2\/product"}],"about":[{"href":"https:\/\/xn--shop-fr-vegane-und-vegetarische-kost-j0d.de\/index.php?rest_route=\/wp\/v2\/types\/product"}],"replies":[{"embeddable":true,"href":"https:\/\/xn--shop-fr-vegane-und-vegetarische-kost-j0d.de\/index.php?rest_route=%2Fwp%2Fv2%2Fcomments&post=10902"}],"wp:featuredmedia":[{"embeddable":true,"href":"https:\/\/xn--shop-fr-vegane-und-vegetarische-kost-j0d.de\/index.php?rest_route=\/wp\/v2\/media\/10903"}],"wp:attachment":[{"href":"https:\/\/xn--shop-fr-vegane-und-vegetarische-kost-j0d.de\/index.php?rest_route=%2Fwp%2Fv2%2Fmedia&parent=10902"}],"wp:term":[{"taxonomy":"product_cat","embeddable":true,"href":"https:\/\/xn--shop-fr-vegane-und-vegetarische-kost-j0d.de\/index.php?rest_route=%2Fwp%2Fv2%2Fproduct_cat&post=10902"},{"taxonomy":"product_tag","embeddable":true,"href":"https:\/\/xn--shop-fr-vegane-und-vegetarische-kost-j0d.de\/index.php?rest_route=%2Fwp%2Fv2%2Fproduct_tag&post=10902"}],"curies":[{"name":"wp","href":"https:\/\/api.w.org\/{rel}","templated":true}]}}