{"id":10900,"date":"2020-12-30T23:27:38","date_gmt":"2020-12-30T23:27:38","guid":{"rendered":"https:\/\/xn--shop-fr-vegane-und-vegetarische-kost-j0d.de\/?product=vantastic-foods-soja-medaillonsvegan800-gr"},"modified":"2023-04-09T19:00:55","modified_gmt":"2023-04-09T17:00:55","slug":"vantastic-foods-soja-medaillonsvegan800-gr","status":"publish","type":"product","link":"https:\/\/xn--shop-fr-vegane-und-vegetarische-kost-j0d.de\/?product=vantastic-foods-soja-medaillonsvegan800-gr","title":{"rendered":"Vantastic Foods Soja Medaillons,Vegan,800 gr"},"content":{"rendered":"<p><!-- show up to 2 reviews by default --> <\/p>\n<h3>Produktbeschreibungen<\/h3>\n<p>Soja Medaillons eignen sich hervorragend f\u00fcr vegetarische Steaks, Schnitzel, Nuggets, Schaschlik und vieles mehr. Der ideale Fleischersatz! Wie werden Soja Medaillons zubereitet? Die Medaillons werden nur 5 &#8211; 10 Minuten in heisser Gem\u00fcsebr\u00fche eingeweicht. Dann kann man die Medaillons anbraten und beliebig weiterverarbeiten. Vantastic Foods ist es ein besonderes Anliegen, ausschlie\u00dflich Produkte anzubieten, die keine gentechnisch ver\u00e4nderten Organismen enthalten. Wir bieten Ihnen somit h\u00f6chste Qualit\u00e4t ohne Gentechnik und verzichten zudem auf k\u00fcnstliche Farb- und Konservierungsstoffe. Des Weiteren enthalten unsere Produkte keinerlei k\u00fcnstliche Geschmacksverst\u00e4rker. Zutaten: Texturiertes Sojaerzeugnis. Zutaten: SOJAMEHL entfettet, Wasser. Zubereitung: Soja Medaillons mit kochendem Wasser (Br\u00fche) \u00fcbergie\u00dfen und 10 Minuten ziehen lassen*. Danach leicht ausr\u00fccken und weiterverarbeiten zu Schnitzel, Filets, Grillsteaks, Schaschlik, Nuggets, Spie\u00dfe&#8230; *ergibt die 2-3 fache Menge k\u00fcchenfertiges Sojafleisch. Trocken lagern. Eigenschaften: Vegan. N\u00e4hrwerte je 100g \/ 100ml: Brennwert: 263kcal \/ 1102kJ, Fett: 1.2g, davon ges\u00e4ttigte Fetts\u00e4uren: 0.3g, Kohlenhydrate: 9.4g, davon Zucker: 7g, Eiweiss: 46.1g, Salz: 0g <\/p>\n<h3>Inhaltsstoffe \/ Zutaten<\/h3>\n<p>Zutaten: SOJAMEHL entfettet <\/p>\n<div data-a-expander-name=\"toggle_description\" class=\"a-row a-expander-container a-expander-extend-container\">\n<div class=\"a-expander-content a-expander-extend-content\">\n<h3>Gebrauchsanweisung<\/h3>\n<p>Enth\u00e4lt: Sojabohnen. <\/p>\n<h3>Anschrift Hersteller\/Importeur<\/h3>\n<p>AVE &#8211; Absolute Vegan Empire GmbH &amp; Co. KG, Siemenstra\u00dfe 5, D-92507 Nabburg <\/p>\n<\/p><\/div>\n<p> <a href=\"void(0)\" data-action=\"a-expander-toggle\" class=\"a-expander-header a-declarative a-expander-extend-header\" data-a-expander-toggle=\"{\"><i class=\"a-icon a-icon-extender-expand\"><\/i><span class=\"a-expander-prompt\">Mehr<\/span><\/a> <\/div>\n<p>Soja Medaillons sind ein texturiertes Sojaerzeugnis.<br \/>\nZubereitung: ca. 5-10 Minuten in hei\u00dfer Gem\u00fcsebr\u00fche einweichen bis die gew\u00fcnschte Konsistenz erreicht ist, mit den H\u00e4nden ausdr\u00fccken und danach wie Fleisch weiterverarbeiten.<br \/>\nNach dem Kochen ergibt das Produkt die 2-3 fache Menge des Grundgewichts.<br \/>\nVor W\u00e4rme gesch\u00fctzt und trocken lagern.<br \/>\nVegan.<br \/>\n<div class=\"main-cross-sell\" data-asin=\"B00P6G2K60\">\n\n\t<div class=\"WooZone-cross-sell-loader\">\n\t\t<div>\n\t\t\t<div id=\"floatingBarsG\">\n\t\t\t\t<div class=\"blockG\" id=\"rotateG_01\"><\/div>\n\t\t\t\t<div class=\"blockG\" id=\"rotateG_02\"><\/div>\n\t\t\t\t<div class=\"blockG\" id=\"rotateG_03\"><\/div>\n\t\t\t\t<div class=\"blockG\" id=\"rotateG_04\"><\/div>\n\t\t\t\t<div class=\"blockG\" id=\"rotateG_05\"><\/div>\n\t\t\t\t<div class=\"blockG\" id=\"rotateG_06\"><\/div>\n\t\t\t\t<div class=\"blockG\" id=\"rotateG_07\"><\/div>\n\t\t\t\t<div class=\"blockG\" id=\"rotateG_08\"><\/div>\n\t\t\t<\/div>\n\t\t\t<div class=\"WooZone-cross-sell-loader-text\"><\/div>\n\t\t<\/div>\n\t<\/div>\n\n\t\t\n<\/div>\n<div style=\"clear:both;\"><\/div>\n","protected":false},"excerpt":{"rendered":"<p>Soja Medaillons sind ein texturiertes Sojaerzeugnis.<br \/>\nZubereitung: ca. 5-10 Minuten in hei\u00dfer Gem\u00fcsebr\u00fche einweichen bis die gew\u00fcnschte Konsistenz erreicht ist, mit den H\u00e4nden ausdr\u00fccken und danach wie Fleisch weiterverarbeiten.<br \/>\nNach dem Kochen ergibt das Produkt die 2-3 fache Menge des Grundgewichts.<\/p>\n","protected":false},"featured_media":10901,"comment_status":"open","ping_status":"closed","template":"","meta":[],"product_cat":[4146,132],"product_tag":[],"yoast_head":"<!-- This site is optimized with the Yoast SEO Premium plugin v15.4 - https:\/\/yoast.com\/wordpress\/plugins\/seo\/ -->\n<title>Vantastic Foods Soja Medaillons,Vegan,800 gr - Vegan oder Vegetarisch<\/title>\n<meta name=\"robots\" content=\"index, follow, max-snippet:-1, max-image-preview:large, max-video-preview:-1\" \/>\n<link rel=\"canonical\" href=\"https:\/\/xn--shop-fr-vegane-und-vegetarische-kost-j0d.de\/?product=vantastic-foods-soja-medaillonsvegan800-gr\" \/>\n<meta property=\"og:locale\" content=\"de_DE\" \/>\n<meta property=\"og:type\" content=\"article\" \/>\n<meta property=\"og:title\" content=\"Vantastic Foods Soja Medaillons,Vegan,800 gr - Vegan oder Vegetarisch\" \/>\n<meta property=\"og:description\" content=\"Soja Medaillons sind ein texturiertes Sojaerzeugnis. Zubereitung: ca. 5-10 Minuten in hei\u00dfer Gem\u00fcsebr\u00fche einweichen bis die gew\u00fcnschte Konsistenz erreicht ist, mit den H\u00e4nden ausdr\u00fccken und danach wie Fleisch weiterverarbeiten. Nach dem Kochen ergibt das Produkt die 2-3 fache Menge des Grundgewichts.\" \/>\n<meta property=\"og:url\" content=\"https:\/\/xn--shop-fr-vegane-und-vegetarische-kost-j0d.de\/?product=vantastic-foods-soja-medaillonsvegan800-gr\" \/>\n<meta property=\"og:site_name\" content=\"Vegan oder Vegetarisch\" \/>\n<meta property=\"article:modified_time\" content=\"2023-04-09T17:00:55+00:00\" \/>\n<meta property=\"og:image\" content=\"https:\/\/images-na.ssl-images-amazon.com\/images\/I\/51jefjCVqnL.jpg\" \/>\n\t<meta property=\"og:image:width\" content=\"500\" \/>\n\t<meta property=\"og:image:height\" content=\"500\" \/>\n<meta name=\"twitter:card\" content=\"summary_large_image\" \/>\n<meta name=\"twitter:label1\" content=\"Verfasst von\">\n\t<meta name=\"twitter:data1\" content=\"Swen-Olaf Bender\">\n\t<meta name=\"twitter:label2\" content=\"Gesch\u00e4tzte Lesezeit\">\n\t<meta name=\"twitter:data2\" content=\"1\u00a0Minute\">\n<script type=\"application\/ld+json\" class=\"yoast-schema-graph\">{\"@context\":\"https:\/\/schema.org\",\"@graph\":[{\"@type\":\"WebSite\",\"@id\":\"https:\/\/xn--shop-fr-vegane-und-vegetarische-kost-j0d.de\/#website\",\"url\":\"https:\/\/xn--shop-fr-vegane-und-vegetarische-kost-j0d.de\/\",\"name\":\"Vegan oder Vegetarisch\",\"description\":\"Gesund leben, Gesund essen\",\"potentialAction\":[{\"@type\":\"SearchAction\",\"target\":\"https:\/\/xn--shop-fr-vegane-und-vegetarische-kost-j0d.de\/?s={search_term_string}\",\"query-input\":\"required name=search_term_string\"}],\"inLanguage\":\"de\"},{\"@type\":\"ImageObject\",\"@id\":\"https:\/\/xn--shop-fr-vegane-und-vegetarische-kost-j0d.de\/?product=vantastic-foods-soja-medaillonsvegan800-gr#primaryimage\",\"inLanguage\":\"de\",\"url\":\"https:\/\/images-na.ssl-images-amazon.com\/images\/I\/51jefjCVqnL.jpg\",\"width\":500,\"height\":500},{\"@type\":\"WebPage\",\"@id\":\"https:\/\/xn--shop-fr-vegane-und-vegetarische-kost-j0d.de\/?product=vantastic-foods-soja-medaillonsvegan800-gr#webpage\",\"url\":\"https:\/\/xn--shop-fr-vegane-und-vegetarische-kost-j0d.de\/?product=vantastic-foods-soja-medaillonsvegan800-gr\",\"name\":\"Vantastic Foods Soja Medaillons,Vegan,800 gr - Vegan oder Vegetarisch\",\"isPartOf\":{\"@id\":\"https:\/\/xn--shop-fr-vegane-und-vegetarische-kost-j0d.de\/#website\"},\"primaryImageOfPage\":{\"@id\":\"https:\/\/xn--shop-fr-vegane-und-vegetarische-kost-j0d.de\/?product=vantastic-foods-soja-medaillonsvegan800-gr#primaryimage\"},\"datePublished\":\"2020-12-30T23:27:38+00:00\",\"dateModified\":\"2023-04-09T17:00:55+00:00\",\"inLanguage\":\"de\",\"potentialAction\":[{\"@type\":\"ReadAction\",\"target\":[\"https:\/\/xn--shop-fr-vegane-und-vegetarische-kost-j0d.de\/?product=vantastic-foods-soja-medaillonsvegan800-gr\"]}]}]}<\/script>\n<!-- \/ Yoast SEO Premium plugin. -->","_links":{"self":[{"href":"https:\/\/xn--shop-fr-vegane-und-vegetarische-kost-j0d.de\/index.php?rest_route=\/wp\/v2\/product\/10900"}],"collection":[{"href":"https:\/\/xn--shop-fr-vegane-und-vegetarische-kost-j0d.de\/index.php?rest_route=\/wp\/v2\/product"}],"about":[{"href":"https:\/\/xn--shop-fr-vegane-und-vegetarische-kost-j0d.de\/index.php?rest_route=\/wp\/v2\/types\/product"}],"replies":[{"embeddable":true,"href":"https:\/\/xn--shop-fr-vegane-und-vegetarische-kost-j0d.de\/index.php?rest_route=%2Fwp%2Fv2%2Fcomments&post=10900"}],"wp:featuredmedia":[{"embeddable":true,"href":"https:\/\/xn--shop-fr-vegane-und-vegetarische-kost-j0d.de\/index.php?rest_route=\/wp\/v2\/media\/10901"}],"wp:attachment":[{"href":"https:\/\/xn--shop-fr-vegane-und-vegetarische-kost-j0d.de\/index.php?rest_route=%2Fwp%2Fv2%2Fmedia&parent=10900"}],"wp:term":[{"taxonomy":"product_cat","embeddable":true,"href":"https:\/\/xn--shop-fr-vegane-und-vegetarische-kost-j0d.de\/index.php?rest_route=%2Fwp%2Fv2%2Fproduct_cat&post=10900"},{"taxonomy":"product_tag","embeddable":true,"href":"https:\/\/xn--shop-fr-vegane-und-vegetarische-kost-j0d.de\/index.php?rest_route=%2Fwp%2Fv2%2Fproduct_tag&post=10900"}],"curies":[{"name":"wp","href":"https:\/\/api.w.org\/{rel}","templated":true}]}}