{"id":10874,"date":"2020-12-30T23:27:25","date_gmt":"2020-12-30T23:27:25","guid":{"rendered":"https:\/\/xn--shop-fr-vegane-und-vegetarische-kost-j0d.de\/?product=vantastic-foods-soja-granulat-vegan-15-kg"},"modified":"2023-04-09T19:00:55","modified_gmt":"2023-04-09T17:00:55","slug":"vantastic-foods-soja-granulat-vegan-15-kg","status":"publish","type":"product","link":"https:\/\/xn--shop-fr-vegane-und-vegetarische-kost-j0d.de\/?product=vantastic-foods-soja-granulat-vegan-15-kg","title":{"rendered":"Vantastic Foods Soja Granulat, vegan, 1,5 kg"},"content":{"rendered":"<p><!-- show up to 2 reviews by default --> <\/p>\n<h3>Produktbeschreibungen<\/h3>\n<p>Soja Granulat ist ein extrudiertes Soja-Produkt, auch Soja-Fleisch genannt. Diese Variante eignet sich hervorragend f\u00fcr vegetarische Burger, Hacksteaks, Sauce Bolognese, Chili non Carne, Gem\u00fcsef\u00fcllungen und vieles mehr. Wie wird Soja Granulat zubereitet? Das Granulat wird nur 5 &#8211; 10 Minuten in heisser Gem\u00fcsebr\u00fche eingeweicht. Dann kann man das Granulat nach Geschmack w\u00fcrzen, anbraten und beliebig weiterverarbeiten zu Sauce Bolognese, Hacksteaks, Suppeneinlagen, f\u00fcr Eint\u00f6pfe, Aufl\u00e4ufe und vieles mehr. Vantastic Foods ist es ein besonderes Anliegen, ausschlie\u00dflich Produkte anzubieten, die keine gentechnisch ver\u00e4nderten Organismen enthalten. Wir bieten Ihnen somit h\u00f6chste Qualit\u00e4t ohne Gentechnik und verzichten zudem auf k\u00fcnstliche Farb- und Konservierungsstoffe. Des Weiteren enthalten unsere Produkte keinerlei k\u00fcnstliche Geschmacksverst\u00e4rker. Zutaten: Texturiertes Sojaerzeugnis. Zutaten: SOJAMEHL entfettet, Wasser. Zubereitung: Soja Granulat mit kochendem Wasser (Br\u00fche) \u00fcbergie\u00dfen* und 5 Minuten ziehen lassen. Danach leicht ausdr\u00fccken und weiterverarbeiten zu Bolognese, Chili, Hackbraten, Frikadellen, Burger, F\u00fcllungen&#8230;. * ergibt die 2-3 fache Menge k\u00fcchenfertiges Sojafleich. K\u00fchl und trocken lagern. Eigenschaften: Vegan. N\u00e4hrwerte je 100g \/ 100ml: Brennwert: 266kcal \/ 1116kJ, Fett: 1.1g, davon ges\u00e4ttigte Fetts\u00e4uren: 0.3g, Kohlenhydrate: 10g, davon Zucker: 7.2g, Eiweiss: 46.6g, Salz: 0g <\/p>\n<h3>Inhaltsstoffe \/ Zutaten<\/h3>\n<p>Zutaten: SOJAMEHL* entfettet.<br \/>ALLERGIEHINWEIS: Kann Spuren von Gluten, Erdn\u00fcssen, Schalenfr\u00fcchten und Milch enthalten.<br \/>Hinweis! ?Feinanteil max. 12% <\/p>\n<div data-a-expander-name=\"toggle_description\" class=\"a-row a-expander-container a-expander-extend-container\">\n<div class=\"a-expander-content a-expander-extend-content\">\n<h3>Gebrauchsanweisung<\/h3>\n<p>Enth\u00e4lt: Sojabohnen. <\/p>\n<h3>Anschrift Hersteller\/Importeur<\/h3>\n<p>AVE &#8211; Absolute Vegan Empire GmbH &amp; Co. KG, Siemenstra\u00dfe 5, D-92507 Nabburg <\/p>\n<\/p><\/div>\n<p> <a href=\"void(0)\" data-action=\"a-expander-toggle\" class=\"a-expander-header a-declarative a-expander-extend-header\" data-a-expander-toggle=\"{\"><i class=\"a-icon a-icon-extender-expand\"><\/i><span class=\"a-expander-prompt\">Mehr<\/span><\/a> <\/div>\n<p>Das Soja Granulat ist ein extrudiertes Soja-Produkt und wird auch Soja-Fleisch genannt.<br \/>\nDiese Variante eignet sich hervorragend f\u00fcr vegetarische Gerichte wie zum Beispiel Burger, Hacksteaks, Sauce Bolognese, sowie Chili non Carne, Gem\u00fcsef\u00fcllungen und vieles mehr.<br \/>\nSeid ruhig kreativ bei der Auswahl des Gerichts!<br \/>\nDie Menge von 1,5 kg kann super f\u00fcr famili\u00e4re, sowie andere Feiern verwendet werden.<br \/>\nAuf einer Party sollte der leckere Fleischersatz jedenfalls nicht fehlen.<br \/>\n<div class=\"main-cross-sell\" data-asin=\"B007XRA9EK\">\n\n\t<div class=\"WooZone-cross-sell-loader\">\n\t\t<div>\n\t\t\t<div id=\"floatingBarsG\">\n\t\t\t\t<div class=\"blockG\" id=\"rotateG_01\"><\/div>\n\t\t\t\t<div class=\"blockG\" id=\"rotateG_02\"><\/div>\n\t\t\t\t<div class=\"blockG\" id=\"rotateG_03\"><\/div>\n\t\t\t\t<div class=\"blockG\" id=\"rotateG_04\"><\/div>\n\t\t\t\t<div class=\"blockG\" id=\"rotateG_05\"><\/div>\n\t\t\t\t<div class=\"blockG\" id=\"rotateG_06\"><\/div>\n\t\t\t\t<div class=\"blockG\" id=\"rotateG_07\"><\/div>\n\t\t\t\t<div class=\"blockG\" id=\"rotateG_08\"><\/div>\n\t\t\t<\/div>\n\t\t\t<div class=\"WooZone-cross-sell-loader-text\"><\/div>\n\t\t<\/div>\n\t<\/div>\n\n\t\t\n<\/div>\n<div style=\"clear:both;\"><\/div>\n","protected":false},"excerpt":{"rendered":"<p>Das Soja Granulat ist ein extrudiertes Soja-Produkt und wird auch Soja-Fleisch genannt.<br \/>\nDiese Variante eignet sich hervorragend f\u00fcr vegetarische Gerichte wie zum Beispiel Burger, Hacksteaks, Sauce Bolognese, sowie Chili non Carne, Gem\u00fcsef\u00fcllungen und vieles mehr.<br \/>\nSeid ruhig kreativ bei der Auswahl des Gerichts!<\/p>\n","protected":false},"featured_media":10875,"comment_status":"open","ping_status":"closed","template":"","meta":[],"product_cat":[4146,132],"product_tag":[],"yoast_head":"<!-- This site is optimized with the Yoast SEO Premium plugin v15.4 - https:\/\/yoast.com\/wordpress\/plugins\/seo\/ -->\n<title>Vantastic Foods Soja Granulat, vegan, 1,5 kg - Vegan oder Vegetarisch<\/title>\n<meta name=\"robots\" content=\"index, follow, max-snippet:-1, max-image-preview:large, max-video-preview:-1\" \/>\n<link rel=\"canonical\" href=\"https:\/\/xn--shop-fr-vegane-und-vegetarische-kost-j0d.de\/?product=vantastic-foods-soja-granulat-vegan-15-kg\" \/>\n<meta property=\"og:locale\" content=\"de_DE\" \/>\n<meta property=\"og:type\" content=\"article\" \/>\n<meta property=\"og:title\" content=\"Vantastic Foods Soja Granulat, vegan, 1,5 kg - Vegan oder Vegetarisch\" \/>\n<meta property=\"og:description\" content=\"Das Soja Granulat ist ein extrudiertes Soja-Produkt und wird auch Soja-Fleisch genannt. Diese Variante eignet sich hervorragend f\u00fcr vegetarische Gerichte wie zum Beispiel Burger, Hacksteaks, Sauce Bolognese, sowie Chili non Carne, Gem\u00fcsef\u00fcllungen und vieles mehr. Seid ruhig kreativ bei der Auswahl des Gerichts!\" \/>\n<meta property=\"og:url\" content=\"https:\/\/xn--shop-fr-vegane-und-vegetarische-kost-j0d.de\/?product=vantastic-foods-soja-granulat-vegan-15-kg\" \/>\n<meta property=\"og:site_name\" content=\"Vegan oder Vegetarisch\" \/>\n<meta property=\"article:modified_time\" content=\"2023-04-09T17:00:55+00:00\" \/>\n<meta property=\"og:image\" content=\"https:\/\/images-na.ssl-images-amazon.com\/images\/I\/410dJG9-KiL.jpg\" \/>\n\t<meta property=\"og:image:width\" content=\"500\" \/>\n\t<meta property=\"og:image:height\" content=\"500\" \/>\n<meta name=\"twitter:card\" content=\"summary_large_image\" \/>\n<meta name=\"twitter:label1\" content=\"Verfasst von\">\n\t<meta name=\"twitter:data1\" content=\"Swen-Olaf Bender\">\n\t<meta name=\"twitter:label2\" content=\"Gesch\u00e4tzte Lesezeit\">\n\t<meta name=\"twitter:data2\" content=\"1\u00a0Minute\">\n<script type=\"application\/ld+json\" class=\"yoast-schema-graph\">{\"@context\":\"https:\/\/schema.org\",\"@graph\":[{\"@type\":\"WebSite\",\"@id\":\"https:\/\/xn--shop-fr-vegane-und-vegetarische-kost-j0d.de\/#website\",\"url\":\"https:\/\/xn--shop-fr-vegane-und-vegetarische-kost-j0d.de\/\",\"name\":\"Vegan oder Vegetarisch\",\"description\":\"Gesund leben, Gesund essen\",\"potentialAction\":[{\"@type\":\"SearchAction\",\"target\":\"https:\/\/xn--shop-fr-vegane-und-vegetarische-kost-j0d.de\/?s={search_term_string}\",\"query-input\":\"required name=search_term_string\"}],\"inLanguage\":\"de\"},{\"@type\":\"ImageObject\",\"@id\":\"https:\/\/xn--shop-fr-vegane-und-vegetarische-kost-j0d.de\/?product=vantastic-foods-soja-granulat-vegan-15-kg#primaryimage\",\"inLanguage\":\"de\",\"url\":\"https:\/\/images-na.ssl-images-amazon.com\/images\/I\/410dJG9-KiL.jpg\",\"width\":500,\"height\":500},{\"@type\":\"WebPage\",\"@id\":\"https:\/\/xn--shop-fr-vegane-und-vegetarische-kost-j0d.de\/?product=vantastic-foods-soja-granulat-vegan-15-kg#webpage\",\"url\":\"https:\/\/xn--shop-fr-vegane-und-vegetarische-kost-j0d.de\/?product=vantastic-foods-soja-granulat-vegan-15-kg\",\"name\":\"Vantastic Foods Soja Granulat, vegan, 1,5 kg - Vegan oder Vegetarisch\",\"isPartOf\":{\"@id\":\"https:\/\/xn--shop-fr-vegane-und-vegetarische-kost-j0d.de\/#website\"},\"primaryImageOfPage\":{\"@id\":\"https:\/\/xn--shop-fr-vegane-und-vegetarische-kost-j0d.de\/?product=vantastic-foods-soja-granulat-vegan-15-kg#primaryimage\"},\"datePublished\":\"2020-12-30T23:27:25+00:00\",\"dateModified\":\"2023-04-09T17:00:55+00:00\",\"inLanguage\":\"de\",\"potentialAction\":[{\"@type\":\"ReadAction\",\"target\":[\"https:\/\/xn--shop-fr-vegane-und-vegetarische-kost-j0d.de\/?product=vantastic-foods-soja-granulat-vegan-15-kg\"]}]}]}<\/script>\n<!-- \/ Yoast SEO Premium plugin. -->","_links":{"self":[{"href":"https:\/\/xn--shop-fr-vegane-und-vegetarische-kost-j0d.de\/index.php?rest_route=\/wp\/v2\/product\/10874"}],"collection":[{"href":"https:\/\/xn--shop-fr-vegane-und-vegetarische-kost-j0d.de\/index.php?rest_route=\/wp\/v2\/product"}],"about":[{"href":"https:\/\/xn--shop-fr-vegane-und-vegetarische-kost-j0d.de\/index.php?rest_route=\/wp\/v2\/types\/product"}],"replies":[{"embeddable":true,"href":"https:\/\/xn--shop-fr-vegane-und-vegetarische-kost-j0d.de\/index.php?rest_route=%2Fwp%2Fv2%2Fcomments&post=10874"}],"wp:featuredmedia":[{"embeddable":true,"href":"https:\/\/xn--shop-fr-vegane-und-vegetarische-kost-j0d.de\/index.php?rest_route=\/wp\/v2\/media\/10875"}],"wp:attachment":[{"href":"https:\/\/xn--shop-fr-vegane-und-vegetarische-kost-j0d.de\/index.php?rest_route=%2Fwp%2Fv2%2Fmedia&parent=10874"}],"wp:term":[{"taxonomy":"product_cat","embeddable":true,"href":"https:\/\/xn--shop-fr-vegane-und-vegetarische-kost-j0d.de\/index.php?rest_route=%2Fwp%2Fv2%2Fproduct_cat&post=10874"},{"taxonomy":"product_tag","embeddable":true,"href":"https:\/\/xn--shop-fr-vegane-und-vegetarische-kost-j0d.de\/index.php?rest_route=%2Fwp%2Fv2%2Fproduct_tag&post=10874"}],"curies":[{"name":"wp","href":"https:\/\/api.w.org\/{rel}","templated":true}]}}