{"id":10868,"date":"2020-12-30T23:27:21","date_gmt":"2020-12-30T23:27:21","guid":{"rendered":"https:\/\/xn--shop-fr-vegane-und-vegetarische-kost-j0d.de\/?product=soja-granulat-bio"},"modified":"2023-04-09T19:00:55","modified_gmt":"2023-04-09T17:00:55","slug":"soja-granulat-bio","status":"publish","type":"product","link":"https:\/\/xn--shop-fr-vegane-und-vegetarische-kost-j0d.de\/?product=soja-granulat-bio","title":{"rendered":"biozentrale it\u00b4s veggie! Soja Granulat | 6x 250 g proteinreiche Fleischalternative aus 100% texturiertem Bio-Sojamehl\u2026"},"content":{"rendered":"<p><!-- show up to 2 reviews by default --> <\/p>\n<h3>Produktbeschreibung<\/h3>\n<p>Unser biozentrale Soja Granulat ist viel mehr als eine vegane Hackfleischalternative. Es ist reich an Proteinen vielseitig verwendbar. Ob als Zutat f\u00fcr Chili sin Carne, Basis f\u00fcr vegane Frikadellen oder eine k\u00f6stliche vegane Bolognese Sauce unser Soja Granulat ist ein echter Allrounder in der vegetarischen und veganen K\u00fcche. Probiere auch unser Soja Geschnetzeltes. <\/p>\n<h3>Inhaltsstoffe \/ Zutaten<\/h3>\n<p>Zutaten: SOJAmehl*, texturiert. *aus kontrolliert \u00f6kologischer Landwirtschaft <\/p>\n<div data-a-expander-name=\"toggle_description\" class=\"a-row a-expander-container a-expander-extend-container\">\n<div class=\"a-expander-content a-expander-extend-content\">\n<h3>Gebrauchsanweisung<\/h3>\n<p>Zubereitung: Das Soja Granulat in hei\u00dfem Wasser oder Br\u00fche (pro Tasse Soja Granulat 3 Tassen Fl\u00fcssigkeit) ca. 10 Minuten quellen lassen und danach wie Hackfleisch zubereiten. <\/p>\n<h3>Anschrift Hersteller\/Importeur<\/h3>\n<p>D &#8211; 84384 Ulbering <\/p>\n<\/p><\/div>\n<p> <a href=\"void(0)\" data-action=\"a-expander-toggle\" class=\"a-expander-header a-declarative a-expander-extend-header\" data-a-expander-toggle=\"{\"><i class=\"a-icon a-icon-extender-expand\"><\/i><span class=\"a-expander-prompt\">Mehr<\/span><\/a> <\/div>\n<p>BIO SOJA GRANULAT &#8211; Die Zutaten f\u00fcr unser biozentrale Soja Granulat stammen aus kontrolliert-\u00f6kologischer Landwirtschaft<br \/>\nVEGAN &#8211; Unser biozentrale Soja-Granulat ist eine vegane Hackfleischalternative mit hohem Proteingehalt<br \/>\nUNSER TIPP &#8211; Ob als Zutat f\u00fcr Chili sin Carne, Basis f\u00fcr vegane Frikadellen oder eine k\u00f6stliche vegane Bolognese Sauce, unser Soja Granulat ist ein echter Allrounder in der vegetarischen und veganen K\u00fcche.<br \/>\nKRAFT DER NATUR \u2013 Wir glauben an die Kraft der Natur \u2013 an Wind, Sonnenaufgang und Regen. Aus langj\u00e4hriger Erfahrung wissen wir um gute Zutaten und kombinieren sie zu sinnvollen Produkten<br \/>\nUMWELTFREUNDLICHE PRODUKTE \u2013 Wir achten darauf, dass unsere Verpackungen so umweltgerecht wie m\u00f6glich sind. Wir verpacken nur so viel wie n\u00f6tig und so wenig wie m\u00f6glich<br \/>\n<div class=\"main-cross-sell\" data-asin=\"B00LEC4CDY\">\n\n\t<div class=\"WooZone-cross-sell-loader\">\n\t\t<div>\n\t\t\t<div id=\"floatingBarsG\">\n\t\t\t\t<div class=\"blockG\" id=\"rotateG_01\"><\/div>\n\t\t\t\t<div class=\"blockG\" id=\"rotateG_02\"><\/div>\n\t\t\t\t<div class=\"blockG\" id=\"rotateG_03\"><\/div>\n\t\t\t\t<div class=\"blockG\" id=\"rotateG_04\"><\/div>\n\t\t\t\t<div class=\"blockG\" id=\"rotateG_05\"><\/div>\n\t\t\t\t<div class=\"blockG\" id=\"rotateG_06\"><\/div>\n\t\t\t\t<div class=\"blockG\" id=\"rotateG_07\"><\/div>\n\t\t\t\t<div class=\"blockG\" id=\"rotateG_08\"><\/div>\n\t\t\t<\/div>\n\t\t\t<div class=\"WooZone-cross-sell-loader-text\"><\/div>\n\t\t<\/div>\n\t<\/div>\n\n\t\t\n<\/div>\n<div style=\"clear:both;\"><\/div>\n","protected":false},"excerpt":{"rendered":"<p>BIO SOJA GRANULAT &#8211; Die Zutaten f\u00fcr unser biozentrale Soja Granulat stammen aus kontrolliert-\u00f6kologischer Landwirtschaft<br \/>\nVEGAN &#8211; Unser biozentrale Soja-Granulat ist eine vegane Hackfleischalternative mit hohem Proteingehalt<br \/>\nUNSER TIPP &#8211; Ob als Zutat f\u00fcr Chili sin Carne, Basis f\u00fcr vegane Frikadellen oder eine k\u00f6stliche vegane Bolognese Sauce, unser Soja Granulat ist ein echter Allrounder in der vegetarischen und veganen K\u00fcche.<\/p>\n","protected":false},"featured_media":10869,"comment_status":"open","ping_status":"closed","template":"","meta":[],"product_cat":[4146,132],"product_tag":[],"yoast_head":"<!-- This site is optimized with the Yoast SEO Premium plugin v15.4 - https:\/\/yoast.com\/wordpress\/plugins\/seo\/ -->\n<title>biozentrale it\u00b4s veggie! Soja Granulat | 6x 250 g proteinreiche Fleischalternative aus 100% texturiertem Bio-Sojamehl\u2026 - Vegan oder Vegetarisch<\/title>\n<meta name=\"robots\" content=\"index, follow, max-snippet:-1, max-image-preview:large, max-video-preview:-1\" \/>\n<link rel=\"canonical\" href=\"https:\/\/xn--shop-fr-vegane-und-vegetarische-kost-j0d.de\/?product=soja-granulat-bio\" \/>\n<meta property=\"og:locale\" content=\"de_DE\" \/>\n<meta property=\"og:type\" content=\"article\" \/>\n<meta property=\"og:title\" content=\"biozentrale it\u00b4s veggie! Soja Granulat | 6x 250 g proteinreiche Fleischalternative aus 100% texturiertem Bio-Sojamehl\u2026 - Vegan oder Vegetarisch\" \/>\n<meta property=\"og:description\" content=\"BIO SOJA GRANULAT - Die Zutaten f\u00fcr unser biozentrale Soja Granulat stammen aus kontrolliert-\u00f6kologischer Landwirtschaft VEGAN - Unser biozentrale Soja-Granulat ist eine vegane Hackfleischalternative mit hohem Proteingehalt UNSER TIPP - Ob als Zutat f\u00fcr Chili sin Carne, Basis f\u00fcr vegane Frikadellen oder eine k\u00f6stliche vegane Bolognese Sauce, unser Soja Granulat ist ein echter Allrounder in der vegetarischen und veganen K\u00fcche.\" \/>\n<meta property=\"og:url\" content=\"https:\/\/xn--shop-fr-vegane-und-vegetarische-kost-j0d.de\/?product=soja-granulat-bio\" \/>\n<meta property=\"og:site_name\" content=\"Vegan oder Vegetarisch\" \/>\n<meta property=\"article:modified_time\" content=\"2023-04-09T17:00:55+00:00\" \/>\n<meta property=\"og:image\" content=\"https:\/\/images-na.ssl-images-amazon.com\/images\/I\/41DSI7ekAhL.jpg\" \/>\n\t<meta property=\"og:image:width\" content=\"500\" \/>\n\t<meta property=\"og:image:height\" content=\"500\" \/>\n<meta name=\"twitter:card\" content=\"summary_large_image\" \/>\n<meta name=\"twitter:label1\" content=\"Verfasst von\">\n\t<meta name=\"twitter:data1\" content=\"Swen-Olaf Bender\">\n\t<meta name=\"twitter:label2\" content=\"Gesch\u00e4tzte Lesezeit\">\n\t<meta name=\"twitter:data2\" content=\"1\u00a0Minute\">\n<script type=\"application\/ld+json\" class=\"yoast-schema-graph\">{\"@context\":\"https:\/\/schema.org\",\"@graph\":[{\"@type\":\"WebSite\",\"@id\":\"https:\/\/xn--shop-fr-vegane-und-vegetarische-kost-j0d.de\/#website\",\"url\":\"https:\/\/xn--shop-fr-vegane-und-vegetarische-kost-j0d.de\/\",\"name\":\"Vegan oder Vegetarisch\",\"description\":\"Gesund leben, Gesund essen\",\"potentialAction\":[{\"@type\":\"SearchAction\",\"target\":\"https:\/\/xn--shop-fr-vegane-und-vegetarische-kost-j0d.de\/?s={search_term_string}\",\"query-input\":\"required name=search_term_string\"}],\"inLanguage\":\"de\"},{\"@type\":\"ImageObject\",\"@id\":\"https:\/\/xn--shop-fr-vegane-und-vegetarische-kost-j0d.de\/?product=soja-granulat-bio#primaryimage\",\"inLanguage\":\"de\",\"url\":\"https:\/\/images-na.ssl-images-amazon.com\/images\/I\/41DSI7ekAhL.jpg\",\"width\":500,\"height\":500},{\"@type\":\"WebPage\",\"@id\":\"https:\/\/xn--shop-fr-vegane-und-vegetarische-kost-j0d.de\/?product=soja-granulat-bio#webpage\",\"url\":\"https:\/\/xn--shop-fr-vegane-und-vegetarische-kost-j0d.de\/?product=soja-granulat-bio\",\"name\":\"biozentrale it\\u00b4s veggie! Soja Granulat | 6x 250 g proteinreiche Fleischalternative aus 100% texturiertem Bio-Sojamehl\\u2026 - Vegan oder Vegetarisch\",\"isPartOf\":{\"@id\":\"https:\/\/xn--shop-fr-vegane-und-vegetarische-kost-j0d.de\/#website\"},\"primaryImageOfPage\":{\"@id\":\"https:\/\/xn--shop-fr-vegane-und-vegetarische-kost-j0d.de\/?product=soja-granulat-bio#primaryimage\"},\"datePublished\":\"2020-12-30T23:27:21+00:00\",\"dateModified\":\"2023-04-09T17:00:55+00:00\",\"inLanguage\":\"de\",\"potentialAction\":[{\"@type\":\"ReadAction\",\"target\":[\"https:\/\/xn--shop-fr-vegane-und-vegetarische-kost-j0d.de\/?product=soja-granulat-bio\"]}]}]}<\/script>\n<!-- \/ Yoast SEO Premium plugin. -->","_links":{"self":[{"href":"https:\/\/xn--shop-fr-vegane-und-vegetarische-kost-j0d.de\/index.php?rest_route=\/wp\/v2\/product\/10868"}],"collection":[{"href":"https:\/\/xn--shop-fr-vegane-und-vegetarische-kost-j0d.de\/index.php?rest_route=\/wp\/v2\/product"}],"about":[{"href":"https:\/\/xn--shop-fr-vegane-und-vegetarische-kost-j0d.de\/index.php?rest_route=\/wp\/v2\/types\/product"}],"replies":[{"embeddable":true,"href":"https:\/\/xn--shop-fr-vegane-und-vegetarische-kost-j0d.de\/index.php?rest_route=%2Fwp%2Fv2%2Fcomments&post=10868"}],"wp:featuredmedia":[{"embeddable":true,"href":"https:\/\/xn--shop-fr-vegane-und-vegetarische-kost-j0d.de\/index.php?rest_route=\/wp\/v2\/media\/10869"}],"wp:attachment":[{"href":"https:\/\/xn--shop-fr-vegane-und-vegetarische-kost-j0d.de\/index.php?rest_route=%2Fwp%2Fv2%2Fmedia&parent=10868"}],"wp:term":[{"taxonomy":"product_cat","embeddable":true,"href":"https:\/\/xn--shop-fr-vegane-und-vegetarische-kost-j0d.de\/index.php?rest_route=%2Fwp%2Fv2%2Fproduct_cat&post=10868"},{"taxonomy":"product_tag","embeddable":true,"href":"https:\/\/xn--shop-fr-vegane-und-vegetarische-kost-j0d.de\/index.php?rest_route=%2Fwp%2Fv2%2Fproduct_tag&post=10868"}],"curies":[{"name":"wp","href":"https:\/\/api.w.org\/{rel}","templated":true}]}}