{"id":10859,"date":"2020-12-30T23:23:42","date_gmt":"2020-12-30T23:23:42","guid":{"rendered":"https:\/\/xn--shop-fr-vegane-und-vegetarische-kost-j0d.de\/?product=haribo-happy-cherries-dose-150-stueck-1200g"},"modified":"2023-04-09T19:00:55","modified_gmt":"2023-04-09T17:00:55","slug":"haribo-happy-cherries-dose-150-stueck-1200g","status":"publish","type":"product","link":"https:\/\/xn--shop-fr-vegane-und-vegetarische-kost-j0d.de\/?product=haribo-happy-cherries-dose-150-stueck-1200g","title":{"rendered":"Haribo Happy Cherries, Dose, 150 St\u00fcck, 1200g"},"content":{"rendered":"<p><!-- show up to 2 reviews by default --> <\/p>\n<h3>Produktbeschreibungen<\/h3>\n<p>Haribo Happy Cherries &#8211; Kaubonbon &#8211; Packung mit 150 Zutaten: Glukosesirup; Zucker; Gelatine; Dextrose; S\u00e4uerungsmittel: Citronens\u00e4ure; Frucht- und Pflanzenkonzentrate: Saflor, Rettich, S\u00fc\u00dfkartoffel, Spirulina, Karotte, Apfel, Schwarze Johannisbeere, Hibiskus; Aroma; \u00dcberzugsmittel: Bienenwachs wei\u00df und gelb, Carnaubawachs; Invertzuckersirup. N\u00e4hrwerte Fett, davon ges\u00e4ttigte Fetts\u00e4uren: 0,10 Fett: 0,50 Brennwert: 1.459,00 Kilojoule (kJ) Brennwert: 343,00 Kilokalorien (kcal) Salz: 0,07 Eiwei\u00df: 6,90 Kohlenhydrate, davon Zucker: 46,00 Kohlenhydrate: 77,00 Aufbewahrungs- und Verwendungshinweise Vor W\u00e4rme und Feuchtigkeit sch\u00fctzen. Zus\u00e4tzliche Informationen Enth\u00e4lt: S\u00e4uerungsmittel (ACID) Produzent: HARIBO GmbH &amp; Co. KG Hans-Riegel-Stra\u00dfe 1 53129 Bonn (D) <\/p>\n<h3>Inhaltsstoffe \/ Zutaten<\/h3>\n<p>Glukosesirup; Zucker; Gelatine; Dextrose; S\u00e4uerungsmittel: Citronens\u00e4ure; Frucht- und Pflanzenkonzentrate: Saflor, Rettich, S\u00fc\u00dfkartoffel, Spirulina, Karotte, Apfel, Schwarze Johannisbeere, Hibiskus; Aroma; \u00dcberzugsmittel: Bienenwachs wei\u00df und gelb, Carnaubawachs; Invertzuckersirup. <\/p>\n<div data-a-expander-name=\"toggle_description\" class=\"a-row a-expander-container a-expander-extend-container\">\n<div class=\"a-expander-content a-expander-extend-content\">\n<h3>Gebrauchsanweisung<\/h3>\n<p>Vor W\u00e4rme und Feuchtigkeit sch\u00fctzen. <\/p>\n<h3>Warnhinweise<\/h3>\n<p>Allergene: keine <\/p>\n<h3>Anschrift Hersteller\/Importeur<\/h3>\n<p>HARIBO GmbH &amp; Co. KG Hans-Riegel-Stra\u00dfe 1 53129 Bonn (D) <\/p>\n<\/p><\/div>\n<p> <a href=\"void(0)\" data-action=\"a-expander-toggle\" class=\"a-expander-header a-declarative a-expander-extend-header\" data-a-expander-toggle=\"{\"><i class=\"a-icon a-icon-extender-expand\"><\/i><span class=\"a-expander-prompt\">Mehr<\/span><\/a> <\/div>\n<p>Zutaten: Glukosesirup; Zucker; Gelatine; Dextrose; S\u00e4uerungsmittel: Citronens\u00e4ure; Frucht- und Pflanzenkonzentrate: Saflor, Rettich, S\u00fc\u00dfkartoffel, Spirulina, Karotte, Apfel, Schwarze Johannisbeere, Hibiskus; Aroma; \u00dcberzugsmittel: Bienenwachs wei\u00df und gelb, Carnaubawachs; Invertzuckersirup.<br \/>\nAufbewahrungs- und\/oder Verwendungshinweis: Vor W\u00e4rme und Feuchtigkeit sch\u00fctzen.<br \/>\nN\u00e4hrwerte pro 100g: Brennwert 1459kJ\/ 343kcal; Fett<br \/>\nBezeichnung des Lebensmittels: HARIBO Happy Cherries &#8211; Fruchtgummi.<br \/>\n<div class=\"main-cross-sell\" data-asin=\"B002HZLJAG\">\n\n\t<div class=\"WooZone-cross-sell-loader\">\n\t\t<div>\n\t\t\t<div id=\"floatingBarsG\">\n\t\t\t\t<div class=\"blockG\" id=\"rotateG_01\"><\/div>\n\t\t\t\t<div class=\"blockG\" id=\"rotateG_02\"><\/div>\n\t\t\t\t<div class=\"blockG\" id=\"rotateG_03\"><\/div>\n\t\t\t\t<div class=\"blockG\" id=\"rotateG_04\"><\/div>\n\t\t\t\t<div class=\"blockG\" id=\"rotateG_05\"><\/div>\n\t\t\t\t<div class=\"blockG\" id=\"rotateG_06\"><\/div>\n\t\t\t\t<div class=\"blockG\" id=\"rotateG_07\"><\/div>\n\t\t\t\t<div class=\"blockG\" id=\"rotateG_08\"><\/div>\n\t\t\t<\/div>\n\t\t\t<div class=\"WooZone-cross-sell-loader-text\"><\/div>\n\t\t<\/div>\n\t<\/div>\n\n\t\t\n<\/div>\n<div style=\"clear:both;\"><\/div>\n","protected":false},"excerpt":{"rendered":"<p>Zutaten: Glukosesirup; Zucker; Gelatine; Dextrose; S\u00e4uerungsmittel: Citronens\u00e4ure; Frucht- und Pflanzenkonzentrate: Saflor, Rettich, S\u00fc\u00dfkartoffel, Spirulina, Karotte, Apfel, Schwarze Johannisbeere, Hibiskus; Aroma; \u00dcberzugsmittel: Bienenwachs wei\u00df und gelb, Carnaubawachs; Invertzuckersirup.<br \/>\nAufbewahrungs- und\/oder Verwendungshinweis: Vor W\u00e4rme und Feuchtigkeit sch\u00fctzen.<br \/>\nN\u00e4hrwerte pro 100g: Brennwert 1459kJ\/ 343kcal; Fett<\/p>\n","protected":false},"featured_media":10860,"comment_status":"open","ping_status":"closed","template":"","meta":[],"product_cat":[4145,130],"product_tag":[],"yoast_head":"<!-- This site is optimized with the Yoast SEO Premium plugin v15.4 - https:\/\/yoast.com\/wordpress\/plugins\/seo\/ -->\n<title>Haribo Happy Cherries, Dose, 150 St\u00fcck, 1200g - Vegan oder Vegetarisch<\/title>\n<meta name=\"robots\" content=\"index, follow, max-snippet:-1, max-image-preview:large, max-video-preview:-1\" \/>\n<link rel=\"canonical\" href=\"https:\/\/xn--shop-fr-vegane-und-vegetarische-kost-j0d.de\/?product=haribo-happy-cherries-dose-150-stueck-1200g\" \/>\n<meta property=\"og:locale\" content=\"de_DE\" \/>\n<meta property=\"og:type\" content=\"article\" \/>\n<meta property=\"og:title\" content=\"Haribo Happy Cherries, Dose, 150 St\u00fcck, 1200g - Vegan oder Vegetarisch\" \/>\n<meta property=\"og:description\" content=\"Zutaten: Glukosesirup; Zucker; Gelatine; Dextrose; S\u00e4uerungsmittel: Citronens\u00e4ure; Frucht- und Pflanzenkonzentrate: Saflor, Rettich, S\u00fc\u00dfkartoffel, Spirulina, Karotte, Apfel, Schwarze Johannisbeere, Hibiskus; Aroma; \u00dcberzugsmittel: Bienenwachs wei\u00df und gelb, Carnaubawachs; Invertzuckersirup. Aufbewahrungs- und\/oder Verwendungshinweis: Vor W\u00e4rme und Feuchtigkeit sch\u00fctzen. N\u00e4hrwerte pro 100g: Brennwert 1459kJ\/ 343kcal; Fett\" \/>\n<meta property=\"og:url\" content=\"https:\/\/xn--shop-fr-vegane-und-vegetarische-kost-j0d.de\/?product=haribo-happy-cherries-dose-150-stueck-1200g\" \/>\n<meta property=\"og:site_name\" content=\"Vegan oder Vegetarisch\" \/>\n<meta property=\"article:modified_time\" content=\"2023-04-09T17:00:55+00:00\" \/>\n<meta property=\"og:image\" content=\"https:\/\/images-na.ssl-images-amazon.com\/images\/I\/51WBVOMq0LL.jpg\" \/>\n\t<meta property=\"og:image:width\" content=\"500\" \/>\n\t<meta property=\"og:image:height\" content=\"500\" \/>\n<meta name=\"twitter:card\" content=\"summary_large_image\" \/>\n<meta name=\"twitter:label1\" content=\"Verfasst von\">\n\t<meta name=\"twitter:data1\" content=\"Swen-Olaf Bender\">\n\t<meta name=\"twitter:label2\" content=\"Gesch\u00e4tzte Lesezeit\">\n\t<meta name=\"twitter:data2\" content=\"1\u00a0Minute\">\n<script type=\"application\/ld+json\" class=\"yoast-schema-graph\">{\"@context\":\"https:\/\/schema.org\",\"@graph\":[{\"@type\":\"WebSite\",\"@id\":\"https:\/\/xn--shop-fr-vegane-und-vegetarische-kost-j0d.de\/#website\",\"url\":\"https:\/\/xn--shop-fr-vegane-und-vegetarische-kost-j0d.de\/\",\"name\":\"Vegan oder Vegetarisch\",\"description\":\"Gesund leben, Gesund essen\",\"potentialAction\":[{\"@type\":\"SearchAction\",\"target\":\"https:\/\/xn--shop-fr-vegane-und-vegetarische-kost-j0d.de\/?s={search_term_string}\",\"query-input\":\"required name=search_term_string\"}],\"inLanguage\":\"de\"},{\"@type\":\"ImageObject\",\"@id\":\"https:\/\/xn--shop-fr-vegane-und-vegetarische-kost-j0d.de\/?product=haribo-happy-cherries-dose-150-stueck-1200g#primaryimage\",\"inLanguage\":\"de\",\"url\":\"https:\/\/images-na.ssl-images-amazon.com\/images\/I\/51WBVOMq0LL.jpg\",\"width\":500,\"height\":500},{\"@type\":\"WebPage\",\"@id\":\"https:\/\/xn--shop-fr-vegane-und-vegetarische-kost-j0d.de\/?product=haribo-happy-cherries-dose-150-stueck-1200g#webpage\",\"url\":\"https:\/\/xn--shop-fr-vegane-und-vegetarische-kost-j0d.de\/?product=haribo-happy-cherries-dose-150-stueck-1200g\",\"name\":\"Haribo Happy Cherries, Dose, 150 St\\u00fcck, 1200g - Vegan oder Vegetarisch\",\"isPartOf\":{\"@id\":\"https:\/\/xn--shop-fr-vegane-und-vegetarische-kost-j0d.de\/#website\"},\"primaryImageOfPage\":{\"@id\":\"https:\/\/xn--shop-fr-vegane-und-vegetarische-kost-j0d.de\/?product=haribo-happy-cherries-dose-150-stueck-1200g#primaryimage\"},\"datePublished\":\"2020-12-30T23:23:42+00:00\",\"dateModified\":\"2023-04-09T17:00:55+00:00\",\"inLanguage\":\"de\",\"potentialAction\":[{\"@type\":\"ReadAction\",\"target\":[\"https:\/\/xn--shop-fr-vegane-und-vegetarische-kost-j0d.de\/?product=haribo-happy-cherries-dose-150-stueck-1200g\"]}]}]}<\/script>\n<!-- \/ Yoast SEO Premium plugin. -->","_links":{"self":[{"href":"https:\/\/xn--shop-fr-vegane-und-vegetarische-kost-j0d.de\/index.php?rest_route=\/wp\/v2\/product\/10859"}],"collection":[{"href":"https:\/\/xn--shop-fr-vegane-und-vegetarische-kost-j0d.de\/index.php?rest_route=\/wp\/v2\/product"}],"about":[{"href":"https:\/\/xn--shop-fr-vegane-und-vegetarische-kost-j0d.de\/index.php?rest_route=\/wp\/v2\/types\/product"}],"replies":[{"embeddable":true,"href":"https:\/\/xn--shop-fr-vegane-und-vegetarische-kost-j0d.de\/index.php?rest_route=%2Fwp%2Fv2%2Fcomments&post=10859"}],"wp:featuredmedia":[{"embeddable":true,"href":"https:\/\/xn--shop-fr-vegane-und-vegetarische-kost-j0d.de\/index.php?rest_route=\/wp\/v2\/media\/10860"}],"wp:attachment":[{"href":"https:\/\/xn--shop-fr-vegane-und-vegetarische-kost-j0d.de\/index.php?rest_route=%2Fwp%2Fv2%2Fmedia&parent=10859"}],"wp:term":[{"taxonomy":"product_cat","embeddable":true,"href":"https:\/\/xn--shop-fr-vegane-und-vegetarische-kost-j0d.de\/index.php?rest_route=%2Fwp%2Fv2%2Fproduct_cat&post=10859"},{"taxonomy":"product_tag","embeddable":true,"href":"https:\/\/xn--shop-fr-vegane-und-vegetarische-kost-j0d.de\/index.php?rest_route=%2Fwp%2Fv2%2Fproduct_tag&post=10859"}],"curies":[{"name":"wp","href":"https:\/\/api.w.org\/{rel}","templated":true}]}}