{"id":10857,"date":"2020-12-30T23:23:41","date_gmt":"2020-12-30T23:23:41","guid":{"rendered":"https:\/\/xn--shop-fr-vegane-und-vegetarische-kost-j0d.de\/?product=haribo-frucht-schnecken-fruchtgummi-weingummi-box-mit-150-stueck"},"modified":"2023-04-09T19:00:55","modified_gmt":"2023-04-09T17:00:55","slug":"haribo-frucht-schnecken-fruchtgummi-weingummi-box-mit-150-stueck","status":"publish","type":"product","link":"https:\/\/xn--shop-fr-vegane-und-vegetarische-kost-j0d.de\/?product=haribo-frucht-schnecken-fruchtgummi-weingummi-box-mit-150-stueck","title":{"rendered":"HARIBO &#8211; Frucht Schnecken &#8211; Fruchtgummi &#8211; Weingummi &#8211; Box mit 1.35 kilograms, 150 St\u00fcck"},"content":{"rendered":"<p><!-- show up to 2 reviews by default --> <\/p>\n<h3>Produktbeschreibungen<\/h3>\n<p>Diese Haribo Bunte Schnecken \u00fcberzeugen jeden Fruchtgummi-Fan. Mit unterschiedlichen Geschmacksrichtungen in Apfel, Aprikose, Himbeere und Banane werden die Fruchtschnecken Sie mit ihrem Aroma einwickeln. Rollen Sie die gewickelten Schn\u00fcre aus und genie\u00dfen Sie sie St\u00fcck f\u00fcr St\u00fcck oder bei\u00dfen Sie direkt hinein. <\/p>\n<h3>Inhaltsstoffe \/ Zutaten<\/h3>\n<p>Zutaten: Glukosesirup; St\u00e4rke; Zucker; Feuchthaltemittel: Sorbitsirup; S\u00e4uerungsmittel: Citronens\u00e4ure; Emulgator: Mono- und Diglyceride von Speisefetts\u00e4uren; Farbstoffe: Kurkumin, Kupferkomplexe der Chlorophylline; WEIZENMEHL;Aroma; Holunderbeerextrakt; \u00dcberzugsmittel: Bienenwachs wei\u00df und gelb, Carnaubawachs; Frucht- und Pflanzenkonzentrate: Schwarze Johannisbeere, Holunderbeere, Aronia, Traube. Aufbewahrungs- und\/oder Verwendungshinweis: Vor W\u00e4rme und Feuchtigkeit sch\u00fctzen. N\u00e4hrwerte pro 100g: Brennwert 1379kJ\/ 325kcal; Fett 1,6g; davon ges\u00e4ttigte Fetts\u00e4uren 1,6g; Kohlenhydrate 78g; davon Zucker 41g; Eiwei\u00df <\/p>\n<p>Zutaten: Glukosesirup; St\u00e4rke; Zucker; Feuchthaltemittel: Sorbitsirup; S\u00e4uerungsmittel: Citronens\u00e4ure; Emulgator: Mono- und Diglyceride von Speisefetts\u00e4uren; Farbstoffe: Kurkumin, Kupferkomplexe der Chlorophylline; WEIZENMEHL; Aroma; Holunderbeerextrakt; \u00dcberzugsmittel: Bienenwachs wei\u00df und gelb, Carnaubawachs; Frucht- und Pflanzenkonzentrate: Schwarze Johannisbeere, Holunderbeere, Aronia, Traube.<br \/>\n*Kann Spuren von MILCH enthalten.<br \/>\nAufbewahrungs- und\/oder Verwendungshinweis: Vor W\u00e4rme und Feuchtigkeit sch\u00fctzen.<br \/>\nN\u00e4hrwerte pro 100g: Brennwert 1379kJ\/ 325kcal; Fett 1,6g; davon ges\u00e4ttigte Fetts\u00e4uren 1,6g; Kohlenhydrate 78g; davon Zucker 41g; Eiwei\u00df<br \/>\nBezeichnung des Lebensmittels: HARIBO Fruchtschnecken &#8211; Fruchtgummi.<br \/>\n<div class=\"main-cross-sell\" data-asin=\"B003RG6GXE\">\n\n\t<div class=\"WooZone-cross-sell-loader\">\n\t\t<div>\n\t\t\t<div id=\"floatingBarsG\">\n\t\t\t\t<div class=\"blockG\" id=\"rotateG_01\"><\/div>\n\t\t\t\t<div class=\"blockG\" id=\"rotateG_02\"><\/div>\n\t\t\t\t<div class=\"blockG\" id=\"rotateG_03\"><\/div>\n\t\t\t\t<div class=\"blockG\" id=\"rotateG_04\"><\/div>\n\t\t\t\t<div class=\"blockG\" id=\"rotateG_05\"><\/div>\n\t\t\t\t<div class=\"blockG\" id=\"rotateG_06\"><\/div>\n\t\t\t\t<div class=\"blockG\" id=\"rotateG_07\"><\/div>\n\t\t\t\t<div class=\"blockG\" id=\"rotateG_08\"><\/div>\n\t\t\t<\/div>\n\t\t\t<div class=\"WooZone-cross-sell-loader-text\"><\/div>\n\t\t<\/div>\n\t<\/div>\n\n\t\t\n<\/div>\n<div style=\"clear:both;\"><\/div>\n","protected":false},"excerpt":{"rendered":"<p>Zutaten: Glukosesirup; St\u00e4rke; Zucker; Feuchthaltemittel: Sorbitsirup; S\u00e4uerungsmittel: Citronens\u00e4ure; Emulgator: Mono- und Diglyceride von Speisefetts\u00e4uren; Farbstoffe: Kurkumin, Kupferkomplexe der Chlorophylline; WEIZENMEHL; Aroma; Holunderbeerextrakt; \u00dcberzugsmittel: Bienenwachs wei\u00df und gelb, Carnaubawachs; Frucht- und Pflanzenkonzentrate: Schwarze Johannisbeere, Holunderbeere, Aronia, Traube.<br \/>\n*Kann Spuren von MILCH enthalten.<br \/>\nAufbewahrungs- und\/oder Verwendungshinweis: Vor W\u00e4rme und Feuchtigkeit sch\u00fctzen.<\/p>\n","protected":false},"featured_media":10858,"comment_status":"open","ping_status":"closed","template":"","meta":[],"product_cat":[4145,130],"product_tag":[],"yoast_head":"<!-- This site is optimized with the Yoast SEO Premium plugin v15.4 - https:\/\/yoast.com\/wordpress\/plugins\/seo\/ -->\n<title>HARIBO - Frucht Schnecken - Fruchtgummi - Weingummi - Box mit 1.35 kilograms, 150 St\u00fcck - Vegan oder Vegetarisch<\/title>\n<meta name=\"robots\" content=\"index, follow, max-snippet:-1, max-image-preview:large, max-video-preview:-1\" \/>\n<link rel=\"canonical\" href=\"https:\/\/xn--shop-fr-vegane-und-vegetarische-kost-j0d.de\/?product=haribo-frucht-schnecken-fruchtgummi-weingummi-box-mit-150-stueck\" \/>\n<meta property=\"og:locale\" content=\"de_DE\" \/>\n<meta property=\"og:type\" content=\"article\" \/>\n<meta property=\"og:title\" content=\"HARIBO - Frucht Schnecken - Fruchtgummi - Weingummi - Box mit 1.35 kilograms, 150 St\u00fcck - Vegan oder Vegetarisch\" \/>\n<meta property=\"og:description\" content=\"Zutaten: Glukosesirup; St\u00e4rke; Zucker; Feuchthaltemittel: Sorbitsirup; S\u00e4uerungsmittel: Citronens\u00e4ure; Emulgator: Mono- und Diglyceride von Speisefetts\u00e4uren; Farbstoffe: Kurkumin, Kupferkomplexe der Chlorophylline; WEIZENMEHL; Aroma; Holunderbeerextrakt; \u00dcberzugsmittel: Bienenwachs wei\u00df und gelb, Carnaubawachs; Frucht- und Pflanzenkonzentrate: Schwarze Johannisbeere, Holunderbeere, Aronia, Traube. *Kann Spuren von MILCH enthalten. Aufbewahrungs- und\/oder Verwendungshinweis: Vor W\u00e4rme und Feuchtigkeit sch\u00fctzen.\" \/>\n<meta property=\"og:url\" content=\"https:\/\/xn--shop-fr-vegane-und-vegetarische-kost-j0d.de\/?product=haribo-frucht-schnecken-fruchtgummi-weingummi-box-mit-150-stueck\" \/>\n<meta property=\"og:site_name\" content=\"Vegan oder Vegetarisch\" \/>\n<meta property=\"article:modified_time\" content=\"2023-04-09T17:00:55+00:00\" \/>\n<meta property=\"og:image\" content=\"https:\/\/images-na.ssl-images-amazon.com\/images\/I\/518bQyIzF9L.jpg\" \/>\n\t<meta property=\"og:image:width\" content=\"500\" \/>\n\t<meta property=\"og:image:height\" content=\"500\" \/>\n<meta name=\"twitter:card\" content=\"summary_large_image\" \/>\n<meta name=\"twitter:label1\" content=\"Verfasst von\">\n\t<meta name=\"twitter:data1\" content=\"Swen-Olaf Bender\">\n\t<meta name=\"twitter:label2\" content=\"Gesch\u00e4tzte Lesezeit\">\n\t<meta name=\"twitter:data2\" content=\"1\u00a0Minute\">\n<script type=\"application\/ld+json\" class=\"yoast-schema-graph\">{\"@context\":\"https:\/\/schema.org\",\"@graph\":[{\"@type\":\"WebSite\",\"@id\":\"https:\/\/xn--shop-fr-vegane-und-vegetarische-kost-j0d.de\/#website\",\"url\":\"https:\/\/xn--shop-fr-vegane-und-vegetarische-kost-j0d.de\/\",\"name\":\"Vegan oder Vegetarisch\",\"description\":\"Gesund leben, Gesund essen\",\"potentialAction\":[{\"@type\":\"SearchAction\",\"target\":\"https:\/\/xn--shop-fr-vegane-und-vegetarische-kost-j0d.de\/?s={search_term_string}\",\"query-input\":\"required name=search_term_string\"}],\"inLanguage\":\"de\"},{\"@type\":\"ImageObject\",\"@id\":\"https:\/\/xn--shop-fr-vegane-und-vegetarische-kost-j0d.de\/?product=haribo-frucht-schnecken-fruchtgummi-weingummi-box-mit-150-stueck#primaryimage\",\"inLanguage\":\"de\",\"url\":\"https:\/\/images-na.ssl-images-amazon.com\/images\/I\/518bQyIzF9L.jpg\",\"width\":500,\"height\":500},{\"@type\":\"WebPage\",\"@id\":\"https:\/\/xn--shop-fr-vegane-und-vegetarische-kost-j0d.de\/?product=haribo-frucht-schnecken-fruchtgummi-weingummi-box-mit-150-stueck#webpage\",\"url\":\"https:\/\/xn--shop-fr-vegane-und-vegetarische-kost-j0d.de\/?product=haribo-frucht-schnecken-fruchtgummi-weingummi-box-mit-150-stueck\",\"name\":\"HARIBO - Frucht Schnecken - Fruchtgummi - Weingummi - Box mit 1.35 kilograms, 150 St\\u00fcck - Vegan oder Vegetarisch\",\"isPartOf\":{\"@id\":\"https:\/\/xn--shop-fr-vegane-und-vegetarische-kost-j0d.de\/#website\"},\"primaryImageOfPage\":{\"@id\":\"https:\/\/xn--shop-fr-vegane-und-vegetarische-kost-j0d.de\/?product=haribo-frucht-schnecken-fruchtgummi-weingummi-box-mit-150-stueck#primaryimage\"},\"datePublished\":\"2020-12-30T23:23:41+00:00\",\"dateModified\":\"2023-04-09T17:00:55+00:00\",\"inLanguage\":\"de\",\"potentialAction\":[{\"@type\":\"ReadAction\",\"target\":[\"https:\/\/xn--shop-fr-vegane-und-vegetarische-kost-j0d.de\/?product=haribo-frucht-schnecken-fruchtgummi-weingummi-box-mit-150-stueck\"]}]}]}<\/script>\n<!-- \/ Yoast SEO Premium plugin. -->","_links":{"self":[{"href":"https:\/\/xn--shop-fr-vegane-und-vegetarische-kost-j0d.de\/index.php?rest_route=\/wp\/v2\/product\/10857"}],"collection":[{"href":"https:\/\/xn--shop-fr-vegane-und-vegetarische-kost-j0d.de\/index.php?rest_route=\/wp\/v2\/product"}],"about":[{"href":"https:\/\/xn--shop-fr-vegane-und-vegetarische-kost-j0d.de\/index.php?rest_route=\/wp\/v2\/types\/product"}],"replies":[{"embeddable":true,"href":"https:\/\/xn--shop-fr-vegane-und-vegetarische-kost-j0d.de\/index.php?rest_route=%2Fwp%2Fv2%2Fcomments&post=10857"}],"wp:featuredmedia":[{"embeddable":true,"href":"https:\/\/xn--shop-fr-vegane-und-vegetarische-kost-j0d.de\/index.php?rest_route=\/wp\/v2\/media\/10858"}],"wp:attachment":[{"href":"https:\/\/xn--shop-fr-vegane-und-vegetarische-kost-j0d.de\/index.php?rest_route=%2Fwp%2Fv2%2Fmedia&parent=10857"}],"wp:term":[{"taxonomy":"product_cat","embeddable":true,"href":"https:\/\/xn--shop-fr-vegane-und-vegetarische-kost-j0d.de\/index.php?rest_route=%2Fwp%2Fv2%2Fproduct_cat&post=10857"},{"taxonomy":"product_tag","embeddable":true,"href":"https:\/\/xn--shop-fr-vegane-und-vegetarische-kost-j0d.de\/index.php?rest_route=%2Fwp%2Fv2%2Fproduct_tag&post=10857"}],"curies":[{"name":"wp","href":"https:\/\/api.w.org\/{rel}","templated":true}]}}