{"id":10827,"date":"2020-12-30T23:23:27","date_gmt":"2020-12-30T23:23:27","guid":{"rendered":"https:\/\/xn--shop-fr-vegane-und-vegetarische-kost-j0d.de\/?product=powerbeaers-vegan-sugarfree-vegane-gummibaerchen-ohne-zucker-16er-pack-16-x-50g-beutel"},"modified":"2023-04-09T19:00:55","modified_gmt":"2023-04-09T17:00:55","slug":"powerbeaers-vegan-sugarfree-vegane-gummibaerchen-ohne-zucker-16er-pack-16-x-50g-beutel","status":"publish","type":"product","link":"https:\/\/xn--shop-fr-vegane-und-vegetarische-kost-j0d.de\/?product=powerbeaers-vegan-sugarfree-vegane-gummibaerchen-ohne-zucker-16er-pack-16-x-50g-beutel","title":{"rendered":"Powerbe\u00e4rs Vegan &#8211; Vegane Gummib\u00e4rchen ohne Zucker mit Vitamin C- 16x50g kalorienreduzierte Gummib\u00e4ren &#8211; Fruchtgummi\u2026"},"content":{"rendered":"<p>Zuckerfreie Fruchtgummis auf Basis von Pektin mit nat\u00fcrlichen Aromen tropischer Fr\u00fcchte (Ananas, Grapefruit, Mango, Banane)<br \/>\nAls S\u00fc\u00dfungsmittel werden Maltitsirup, Sorbitsirup und Stevia-S\u00fc\u00dfstoffe verwendet<br \/>\nN\u00e4hrwertangaben pro 50g Beutel: Brennwert 435kJ\/ 105kcal; Fett 0,09g; davon ges\u00e4ttigte Fetts\u00e4uren 0g; Kohlenhydrate 42g; davon Zucker 0,2g; Eiwei\u00df 0,05g; Salz 0,14g<br \/>\nOhne Gelatine, Gluten- und Laktosefrei und frei von Konservierungsstoffen. Kann Spuren von Weizenst\u00e4rke enthalten<br \/>\nLieferumfang: 16 x 50g<br \/>\n<div class=\"main-cross-sell\" data-asin=\"B082FH5HKG\">\n\n\t<div class=\"WooZone-cross-sell-loader\">\n\t\t<div>\n\t\t\t<div id=\"floatingBarsG\">\n\t\t\t\t<div class=\"blockG\" id=\"rotateG_01\"><\/div>\n\t\t\t\t<div class=\"blockG\" id=\"rotateG_02\"><\/div>\n\t\t\t\t<div class=\"blockG\" id=\"rotateG_03\"><\/div>\n\t\t\t\t<div class=\"blockG\" id=\"rotateG_04\"><\/div>\n\t\t\t\t<div class=\"blockG\" id=\"rotateG_05\"><\/div>\n\t\t\t\t<div class=\"blockG\" id=\"rotateG_06\"><\/div>\n\t\t\t\t<div class=\"blockG\" id=\"rotateG_07\"><\/div>\n\t\t\t\t<div class=\"blockG\" id=\"rotateG_08\"><\/div>\n\t\t\t<\/div>\n\t\t\t<div class=\"WooZone-cross-sell-loader-text\"><\/div>\n\t\t<\/div>\n\t<\/div>\n\n\t\t\n<\/div>\n<div style=\"clear:both;\"><\/div>\n","protected":false},"excerpt":{"rendered":"<p>Zuckerfreie Fruchtgummis auf Basis von Pektin mit nat\u00fcrlichen Aromen tropischer Fr\u00fcchte (Ananas, Grapefruit, Mango, Banane)<br \/>\nAls S\u00fc\u00dfungsmittel werden Maltitsirup, Sorbitsirup und Stevia-S\u00fc\u00dfstoffe verwendet<br \/>\nN\u00e4hrwertangaben pro 50g Beutel: Brennwert 435kJ\/ 105kcal; Fett 0,09g; davon ges\u00e4ttigte Fetts\u00e4uren 0g; Kohlenhydrate 42g; davon Zucker 0,2g; Eiwei\u00df 0,05g; Salz 0,14g<\/p>\n","protected":false},"featured_media":10828,"comment_status":"open","ping_status":"closed","template":"","meta":[],"product_cat":[4145,130],"product_tag":[],"yoast_head":"<!-- This site is optimized with the Yoast SEO Premium plugin v15.4 - https:\/\/yoast.com\/wordpress\/plugins\/seo\/ -->\n<title>Powerbe\u00e4rs Vegan - Vegane Gummib\u00e4rchen ohne Zucker mit Vitamin C- 16x50g kalorienreduzierte Gummib\u00e4ren - Fruchtgummi\u2026 - Vegan oder Vegetarisch<\/title>\n<meta name=\"robots\" content=\"index, follow, max-snippet:-1, max-image-preview:large, max-video-preview:-1\" \/>\n<link rel=\"canonical\" href=\"https:\/\/xn--shop-fr-vegane-und-vegetarische-kost-j0d.de\/?product=powerbeaers-vegan-sugarfree-vegane-gummibaerchen-ohne-zucker-16er-pack-16-x-50g-beutel\" \/>\n<meta property=\"og:locale\" content=\"de_DE\" \/>\n<meta property=\"og:type\" content=\"article\" \/>\n<meta property=\"og:title\" content=\"Powerbe\u00e4rs Vegan - Vegane Gummib\u00e4rchen ohne Zucker mit Vitamin C- 16x50g kalorienreduzierte Gummib\u00e4ren - Fruchtgummi\u2026 - Vegan oder Vegetarisch\" \/>\n<meta property=\"og:description\" content=\"Zuckerfreie Fruchtgummis auf Basis von Pektin mit nat\u00fcrlichen Aromen tropischer Fr\u00fcchte (Ananas, Grapefruit, Mango, Banane) Als S\u00fc\u00dfungsmittel werden Maltitsirup, Sorbitsirup und Stevia-S\u00fc\u00dfstoffe verwendet N\u00e4hrwertangaben pro 50g Beutel: Brennwert 435kJ\/ 105kcal; Fett 0,09g; davon ges\u00e4ttigte Fetts\u00e4uren 0g; Kohlenhydrate 42g; davon Zucker 0,2g; Eiwei\u00df 0,05g; Salz 0,14g\" \/>\n<meta property=\"og:url\" content=\"https:\/\/xn--shop-fr-vegane-und-vegetarische-kost-j0d.de\/?product=powerbeaers-vegan-sugarfree-vegane-gummibaerchen-ohne-zucker-16er-pack-16-x-50g-beutel\" \/>\n<meta property=\"og:site_name\" content=\"Vegan oder Vegetarisch\" \/>\n<meta property=\"article:modified_time\" content=\"2023-04-09T17:00:55+00:00\" \/>\n<meta property=\"og:image\" content=\"https:\/\/images-na.ssl-images-amazon.com\/images\/I\/41oAMjcn2FL.jpg\" \/>\n\t<meta property=\"og:image:width\" content=\"500\" \/>\n\t<meta property=\"og:image:height\" content=\"500\" \/>\n<meta name=\"twitter:card\" content=\"summary_large_image\" \/>\n<meta name=\"twitter:label1\" content=\"Verfasst von\">\n\t<meta name=\"twitter:data1\" content=\"Swen-Olaf Bender\">\n\t<meta name=\"twitter:label2\" content=\"Gesch\u00e4tzte Lesezeit\">\n\t<meta name=\"twitter:data2\" content=\"0\u00a0Minuten\">\n<script type=\"application\/ld+json\" class=\"yoast-schema-graph\">{\"@context\":\"https:\/\/schema.org\",\"@graph\":[{\"@type\":\"WebSite\",\"@id\":\"https:\/\/xn--shop-fr-vegane-und-vegetarische-kost-j0d.de\/#website\",\"url\":\"https:\/\/xn--shop-fr-vegane-und-vegetarische-kost-j0d.de\/\",\"name\":\"Vegan oder Vegetarisch\",\"description\":\"Gesund leben, Gesund essen\",\"potentialAction\":[{\"@type\":\"SearchAction\",\"target\":\"https:\/\/xn--shop-fr-vegane-und-vegetarische-kost-j0d.de\/?s={search_term_string}\",\"query-input\":\"required name=search_term_string\"}],\"inLanguage\":\"de\"},{\"@type\":\"ImageObject\",\"@id\":\"https:\/\/xn--shop-fr-vegane-und-vegetarische-kost-j0d.de\/?product=powerbeaers-vegan-sugarfree-vegane-gummibaerchen-ohne-zucker-16er-pack-16-x-50g-beutel#primaryimage\",\"inLanguage\":\"de\",\"url\":\"https:\/\/images-na.ssl-images-amazon.com\/images\/I\/41oAMjcn2FL.jpg\",\"width\":500,\"height\":500},{\"@type\":\"WebPage\",\"@id\":\"https:\/\/xn--shop-fr-vegane-und-vegetarische-kost-j0d.de\/?product=powerbeaers-vegan-sugarfree-vegane-gummibaerchen-ohne-zucker-16er-pack-16-x-50g-beutel#webpage\",\"url\":\"https:\/\/xn--shop-fr-vegane-und-vegetarische-kost-j0d.de\/?product=powerbeaers-vegan-sugarfree-vegane-gummibaerchen-ohne-zucker-16er-pack-16-x-50g-beutel\",\"name\":\"Powerbe\\u00e4rs Vegan - Vegane Gummib\\u00e4rchen ohne Zucker mit Vitamin C- 16x50g kalorienreduzierte Gummib\\u00e4ren - Fruchtgummi\\u2026 - Vegan oder Vegetarisch\",\"isPartOf\":{\"@id\":\"https:\/\/xn--shop-fr-vegane-und-vegetarische-kost-j0d.de\/#website\"},\"primaryImageOfPage\":{\"@id\":\"https:\/\/xn--shop-fr-vegane-und-vegetarische-kost-j0d.de\/?product=powerbeaers-vegan-sugarfree-vegane-gummibaerchen-ohne-zucker-16er-pack-16-x-50g-beutel#primaryimage\"},\"datePublished\":\"2020-12-30T23:23:27+00:00\",\"dateModified\":\"2023-04-09T17:00:55+00:00\",\"inLanguage\":\"de\",\"potentialAction\":[{\"@type\":\"ReadAction\",\"target\":[\"https:\/\/xn--shop-fr-vegane-und-vegetarische-kost-j0d.de\/?product=powerbeaers-vegan-sugarfree-vegane-gummibaerchen-ohne-zucker-16er-pack-16-x-50g-beutel\"]}]}]}<\/script>\n<!-- \/ Yoast SEO Premium plugin. -->","_links":{"self":[{"href":"https:\/\/xn--shop-fr-vegane-und-vegetarische-kost-j0d.de\/index.php?rest_route=\/wp\/v2\/product\/10827"}],"collection":[{"href":"https:\/\/xn--shop-fr-vegane-und-vegetarische-kost-j0d.de\/index.php?rest_route=\/wp\/v2\/product"}],"about":[{"href":"https:\/\/xn--shop-fr-vegane-und-vegetarische-kost-j0d.de\/index.php?rest_route=\/wp\/v2\/types\/product"}],"replies":[{"embeddable":true,"href":"https:\/\/xn--shop-fr-vegane-und-vegetarische-kost-j0d.de\/index.php?rest_route=%2Fwp%2Fv2%2Fcomments&post=10827"}],"wp:featuredmedia":[{"embeddable":true,"href":"https:\/\/xn--shop-fr-vegane-und-vegetarische-kost-j0d.de\/index.php?rest_route=\/wp\/v2\/media\/10828"}],"wp:attachment":[{"href":"https:\/\/xn--shop-fr-vegane-und-vegetarische-kost-j0d.de\/index.php?rest_route=%2Fwp%2Fv2%2Fmedia&parent=10827"}],"wp:term":[{"taxonomy":"product_cat","embeddable":true,"href":"https:\/\/xn--shop-fr-vegane-und-vegetarische-kost-j0d.de\/index.php?rest_route=%2Fwp%2Fv2%2Fproduct_cat&post=10827"},{"taxonomy":"product_tag","embeddable":true,"href":"https:\/\/xn--shop-fr-vegane-und-vegetarische-kost-j0d.de\/index.php?rest_route=%2Fwp%2Fv2%2Fproduct_tag&post=10827"}],"curies":[{"name":"wp","href":"https:\/\/api.w.org\/{rel}","templated":true}]}}