{"id":10797,"date":"2020-12-30T23:23:15","date_gmt":"2020-12-30T23:23:15","guid":{"rendered":"https:\/\/xn--shop-fr-vegane-und-vegetarische-kost-j0d.de\/?product=erythrit-1kg-zuckerersatz-ohne-kalorien-vegan-glutenfrei-mit-70-der-suesskraft-von-zucker"},"modified":"2023-04-09T19:00:54","modified_gmt":"2023-04-09T17:00:54","slug":"erythrit-1kg-zuckerersatz-ohne-kalorien-vegan-glutenfrei-mit-70-der-suesskraft-von-zucker","status":"publish","type":"product","link":"https:\/\/xn--shop-fr-vegane-und-vegetarische-kost-j0d.de\/?product=erythrit-1kg-zuckerersatz-ohne-kalorien-vegan-glutenfrei-mit-70-der-suesskraft-von-zucker","title":{"rendered":"Erythrit 900g Zuckerersatz ohne Kalorien vegan &amp; glutenfrei mit 70% der S\u00fc\u00dfkraft von Zucker"},"content":{"rendered":"<div class=\"disclaim\"> Gr\u00f6\u00dfe:<strong>1 kg (1er Pack)<\/strong> <\/div>\n<p> <!-- show up to 2 reviews by default --> <\/p>\n<h3>Inhaltsstoffe \/ Zutaten<\/h3>\n<p>100% Erithrit <\/p>\n<p>Nat\u00fcrlicher Zuckerersatz 1kg ohne bitteren Nachgeschmack, vegan, glutenfrei &amp; frei von Gentechnik. Erythritol mit einer Reinheit von 99,9%.<br \/>\nErythrit ist ein kalorienfreier, nat\u00fcrlicher und zahnfreundlicher Zuckerersatz. Das ideale S\u00fc\u00dfungsmittel f\u00fcr eine kalorienbewussten Ern\u00e4hrung.<br \/>\nGeeignet f\u00fcr zuckerreduzierte Ern\u00e4hrung und eine alternative zu wei\u00dfen Zucker. Zum Backen, oder als S\u00fc\u00dfungsmittel in Kaffee oder Tee.<br \/>\nWir empfehlen, sich langsam ran zu tasten, wenn man einen empfindlicheren Magen hat. Zum Start nicht mehr als 0,5g pro K\u00f6rpergewicht.<br \/>\nErythrit ist leicht l\u00f6slich und von allen Zucker Alternativen am besten vertr\u00e4glich, da es fast vollst\u00e4ndig unver\u00e4ndert ausgeschieden wird.<br \/>\n<div class=\"main-cross-sell\" data-asin=\"B07W4JZ4BW\">\n\n\t<div class=\"WooZone-cross-sell-loader\">\n\t\t<div>\n\t\t\t<div id=\"floatingBarsG\">\n\t\t\t\t<div class=\"blockG\" id=\"rotateG_01\"><\/div>\n\t\t\t\t<div class=\"blockG\" id=\"rotateG_02\"><\/div>\n\t\t\t\t<div class=\"blockG\" id=\"rotateG_03\"><\/div>\n\t\t\t\t<div class=\"blockG\" id=\"rotateG_04\"><\/div>\n\t\t\t\t<div class=\"blockG\" id=\"rotateG_05\"><\/div>\n\t\t\t\t<div class=\"blockG\" id=\"rotateG_06\"><\/div>\n\t\t\t\t<div class=\"blockG\" id=\"rotateG_07\"><\/div>\n\t\t\t\t<div class=\"blockG\" id=\"rotateG_08\"><\/div>\n\t\t\t<\/div>\n\t\t\t<div class=\"WooZone-cross-sell-loader-text\"><\/div>\n\t\t<\/div>\n\t<\/div>\n\n\t\t\n<\/div>\n<div style=\"clear:both;\"><\/div>\n","protected":false},"excerpt":{"rendered":"<p>Nat\u00fcrlicher Zuckerersatz 1kg ohne bitteren Nachgeschmack, vegan, glutenfrei &amp; frei von Gentechnik. Erythritol mit einer Reinheit von 99,9%.<br \/>\nErythrit ist ein kalorienfreier, nat\u00fcrlicher und zahnfreundlicher Zuckerersatz. Das ideale S\u00fc\u00dfungsmittel f\u00fcr eine kalorienbewussten Ern\u00e4hrung.<br \/>\nGeeignet f\u00fcr zuckerreduzierte Ern\u00e4hrung und eine alternative zu wei\u00dfen Zucker. Zum Backen, oder als S\u00fc\u00dfungsmittel in Kaffee oder Tee.<\/p>\n","protected":false},"featured_media":10798,"comment_status":"open","ping_status":"closed","template":"","meta":[],"product_cat":[4145,130],"product_tag":[],"yoast_head":"<!-- This site is optimized with the Yoast SEO Premium plugin v15.4 - https:\/\/yoast.com\/wordpress\/plugins\/seo\/ -->\n<title>Erythrit 900g Zuckerersatz ohne Kalorien vegan &amp; glutenfrei mit 70% der S\u00fc\u00dfkraft von Zucker - Vegan oder Vegetarisch<\/title>\n<meta name=\"robots\" content=\"index, follow, max-snippet:-1, max-image-preview:large, max-video-preview:-1\" \/>\n<link rel=\"canonical\" href=\"https:\/\/xn--shop-fr-vegane-und-vegetarische-kost-j0d.de\/?product=erythrit-1kg-zuckerersatz-ohne-kalorien-vegan-glutenfrei-mit-70-der-suesskraft-von-zucker\" \/>\n<meta property=\"og:locale\" content=\"de_DE\" \/>\n<meta property=\"og:type\" content=\"article\" \/>\n<meta property=\"og:title\" content=\"Erythrit 900g Zuckerersatz ohne Kalorien vegan &amp; glutenfrei mit 70% der S\u00fc\u00dfkraft von Zucker - Vegan oder Vegetarisch\" \/>\n<meta property=\"og:description\" content=\"Nat\u00fcrlicher Zuckerersatz 1kg ohne bitteren Nachgeschmack, vegan, glutenfrei &amp; frei von Gentechnik. Erythritol mit einer Reinheit von 99,9%. Erythrit ist ein kalorienfreier, nat\u00fcrlicher und zahnfreundlicher Zuckerersatz. Das ideale S\u00fc\u00dfungsmittel f\u00fcr eine kalorienbewussten Ern\u00e4hrung. Geeignet f\u00fcr zuckerreduzierte Ern\u00e4hrung und eine alternative zu wei\u00dfen Zucker. Zum Backen, oder als S\u00fc\u00dfungsmittel in Kaffee oder Tee.\" \/>\n<meta property=\"og:url\" content=\"https:\/\/xn--shop-fr-vegane-und-vegetarische-kost-j0d.de\/?product=erythrit-1kg-zuckerersatz-ohne-kalorien-vegan-glutenfrei-mit-70-der-suesskraft-von-zucker\" \/>\n<meta property=\"og:site_name\" content=\"Vegan oder Vegetarisch\" \/>\n<meta property=\"article:modified_time\" content=\"2023-04-09T17:00:54+00:00\" \/>\n<meta property=\"og:image\" content=\"https:\/\/images-na.ssl-images-amazon.com\/images\/I\/511bpXrUwxL.jpg\" \/>\n\t<meta property=\"og:image:width\" content=\"500\" \/>\n\t<meta property=\"og:image:height\" content=\"500\" \/>\n<meta name=\"twitter:card\" content=\"summary_large_image\" \/>\n<meta name=\"twitter:label1\" content=\"Verfasst von\">\n\t<meta name=\"twitter:data1\" content=\"Swen-Olaf Bender\">\n\t<meta name=\"twitter:label2\" content=\"Gesch\u00e4tzte Lesezeit\">\n\t<meta name=\"twitter:data2\" content=\"0\u00a0Minuten\">\n<script type=\"application\/ld+json\" class=\"yoast-schema-graph\">{\"@context\":\"https:\/\/schema.org\",\"@graph\":[{\"@type\":\"WebSite\",\"@id\":\"https:\/\/xn--shop-fr-vegane-und-vegetarische-kost-j0d.de\/#website\",\"url\":\"https:\/\/xn--shop-fr-vegane-und-vegetarische-kost-j0d.de\/\",\"name\":\"Vegan oder Vegetarisch\",\"description\":\"Gesund leben, Gesund essen\",\"potentialAction\":[{\"@type\":\"SearchAction\",\"target\":\"https:\/\/xn--shop-fr-vegane-und-vegetarische-kost-j0d.de\/?s={search_term_string}\",\"query-input\":\"required name=search_term_string\"}],\"inLanguage\":\"de\"},{\"@type\":\"ImageObject\",\"@id\":\"https:\/\/xn--shop-fr-vegane-und-vegetarische-kost-j0d.de\/?product=erythrit-1kg-zuckerersatz-ohne-kalorien-vegan-glutenfrei-mit-70-der-suesskraft-von-zucker#primaryimage\",\"inLanguage\":\"de\",\"url\":\"https:\/\/images-na.ssl-images-amazon.com\/images\/I\/511bpXrUwxL.jpg\",\"width\":500,\"height\":500},{\"@type\":\"WebPage\",\"@id\":\"https:\/\/xn--shop-fr-vegane-und-vegetarische-kost-j0d.de\/?product=erythrit-1kg-zuckerersatz-ohne-kalorien-vegan-glutenfrei-mit-70-der-suesskraft-von-zucker#webpage\",\"url\":\"https:\/\/xn--shop-fr-vegane-und-vegetarische-kost-j0d.de\/?product=erythrit-1kg-zuckerersatz-ohne-kalorien-vegan-glutenfrei-mit-70-der-suesskraft-von-zucker\",\"name\":\"Erythrit 900g Zuckerersatz ohne Kalorien vegan &amp; glutenfrei mit 70% der S\\u00fc\\u00dfkraft von Zucker - Vegan oder Vegetarisch\",\"isPartOf\":{\"@id\":\"https:\/\/xn--shop-fr-vegane-und-vegetarische-kost-j0d.de\/#website\"},\"primaryImageOfPage\":{\"@id\":\"https:\/\/xn--shop-fr-vegane-und-vegetarische-kost-j0d.de\/?product=erythrit-1kg-zuckerersatz-ohne-kalorien-vegan-glutenfrei-mit-70-der-suesskraft-von-zucker#primaryimage\"},\"datePublished\":\"2020-12-30T23:23:15+00:00\",\"dateModified\":\"2023-04-09T17:00:54+00:00\",\"inLanguage\":\"de\",\"potentialAction\":[{\"@type\":\"ReadAction\",\"target\":[\"https:\/\/xn--shop-fr-vegane-und-vegetarische-kost-j0d.de\/?product=erythrit-1kg-zuckerersatz-ohne-kalorien-vegan-glutenfrei-mit-70-der-suesskraft-von-zucker\"]}]}]}<\/script>\n<!-- \/ Yoast SEO Premium plugin. -->","_links":{"self":[{"href":"https:\/\/xn--shop-fr-vegane-und-vegetarische-kost-j0d.de\/index.php?rest_route=\/wp\/v2\/product\/10797"}],"collection":[{"href":"https:\/\/xn--shop-fr-vegane-und-vegetarische-kost-j0d.de\/index.php?rest_route=\/wp\/v2\/product"}],"about":[{"href":"https:\/\/xn--shop-fr-vegane-und-vegetarische-kost-j0d.de\/index.php?rest_route=\/wp\/v2\/types\/product"}],"replies":[{"embeddable":true,"href":"https:\/\/xn--shop-fr-vegane-und-vegetarische-kost-j0d.de\/index.php?rest_route=%2Fwp%2Fv2%2Fcomments&post=10797"}],"wp:featuredmedia":[{"embeddable":true,"href":"https:\/\/xn--shop-fr-vegane-und-vegetarische-kost-j0d.de\/index.php?rest_route=\/wp\/v2\/media\/10798"}],"wp:attachment":[{"href":"https:\/\/xn--shop-fr-vegane-und-vegetarische-kost-j0d.de\/index.php?rest_route=%2Fwp%2Fv2%2Fmedia&parent=10797"}],"wp:term":[{"taxonomy":"product_cat","embeddable":true,"href":"https:\/\/xn--shop-fr-vegane-und-vegetarische-kost-j0d.de\/index.php?rest_route=%2Fwp%2Fv2%2Fproduct_cat&post=10797"},{"taxonomy":"product_tag","embeddable":true,"href":"https:\/\/xn--shop-fr-vegane-und-vegetarische-kost-j0d.de\/index.php?rest_route=%2Fwp%2Fv2%2Fproduct_tag&post=10797"}],"curies":[{"name":"wp","href":"https:\/\/api.w.org\/{rel}","templated":true}]}}