{"id":10785,"date":"2020-12-30T23:23:10","date_gmt":"2020-12-30T23:23:10","guid":{"rendered":"https:\/\/xn--shop-fr-vegane-und-vegetarische-kost-j0d.de\/?product=lindt-lindor-mischung-mit-lindor-matcha-und-10-weiteren-zartschmelzenden-sorten-1-371-kg"},"modified":"2023-04-09T19:00:54","modified_gmt":"2023-04-09T17:00:54","slug":"lindt-lindor-mischung-mit-lindor-matcha-und-10-weiteren-zartschmelzenden-sorten-1-371-kg","status":"publish","type":"product","link":"https:\/\/xn--shop-fr-vegane-und-vegetarische-kost-j0d.de\/?product=lindt-lindor-mischung-mit-lindor-matcha-und-10-weiteren-zartschmelzenden-sorten-1-371-kg","title":{"rendered":"Lindt Schokolade LINDOR Mischung | 1371 g | Ca. 109 LINDOR Kugeln: Milch, 70 %, Milk&amp;White, Stracciatella, Wei\u00df, Nuss\u2026"},"content":{"rendered":"<p><!-- show up to 2 reviews by default --> <\/p>\n<h3>Produktbeschreibung<\/h3>\n<p>Lindor Mischung mit der Neuheit Lindor Matcha Kugel und den Klassikern wie Milch, Dark, wei\u00df, Milk &amp; white, Stracciatella, Haselnuss, Karamell, feinherb, Mandel und Pistazie <\/p>\n<h3>Gebrauchsanweisung<\/h3>\n<p>Nach Anbruch k\u00fchl und trocken lagern <\/p>\n<div data-a-expander-name=\"toggle_description\" class=\"a-row a-expander-container a-expander-extend-container\">\n<div class=\"a-expander-content a-expander-extend-content\">\n<h3>Warnhinweise<\/h3>\n<p>Nicht dem direkten Sonnenlicht aussetzen <\/p>\n<\/p><\/div>\n<p> <a href=\"void(0)\" data-action=\"a-expander-toggle\" class=\"a-expander-header a-declarative a-expander-extend-header\" data-a-expander-toggle=\"{\"><i class=\"a-icon a-icon-extender-expand\"><\/i><span class=\"a-expander-prompt\">Mehr<\/span><\/a> <\/div>\n<p>LINDOR Kugel Mischung mit LINDOR Matcha und den LINDOR Klassikern: Vollmilch, Dark, Wei\u00df, Haselnuss, Stracciatella, Karamell, Feinherb, Milk &amp; White, Mandel und Pistazie, 1.371 kg<br \/>\nSchmelzen Sie dahin vor Gl\u00fcck &#8211; mit unseren legend\u00e4ren LINDOR Kugeln &#8211; 10 Kugeln pro Sorte<br \/>\nAus feinsten Zutaten, darunter Kakaobohnen aus nachhaltigem Anbau<br \/>\nSeit 1845 verw\u00f6hnt Lindt seine Kunden mit Qualit\u00e4tsprodukten<br \/>\nDank jahrzehntelanger Erfahrung kreieren die Ma\u00eetres Chocolatiers Schweizer Schokolade in Perfektion<br \/>\nDie Schokoladenkugeln im gro\u00dfen Beutel eignen sich f\u00fcr jeden Anlass als ideales Schokoladen Geschenk. Sie k\u00f6nnen wunderbar mit den Liebsten geteilt oder zum Bef\u00fcllen von Adventskalendern genutzt werden. Auch zum Dekorieren sehr gut geeignet<br \/>\nDas ideale Geschenk zu Weihnachten, Nikolaus, zum Geburtstag, Muttertag, oder Vatertag. Es ist Ihr Moment. Mit LINDOR<br \/>\n<div class=\"main-cross-sell\" data-asin=\"B08GB718Q4\">\n\n\t<div class=\"WooZone-cross-sell-loader\">\n\t\t<div>\n\t\t\t<div id=\"floatingBarsG\">\n\t\t\t\t<div class=\"blockG\" id=\"rotateG_01\"><\/div>\n\t\t\t\t<div class=\"blockG\" id=\"rotateG_02\"><\/div>\n\t\t\t\t<div class=\"blockG\" id=\"rotateG_03\"><\/div>\n\t\t\t\t<div class=\"blockG\" id=\"rotateG_04\"><\/div>\n\t\t\t\t<div class=\"blockG\" id=\"rotateG_05\"><\/div>\n\t\t\t\t<div class=\"blockG\" id=\"rotateG_06\"><\/div>\n\t\t\t\t<div class=\"blockG\" id=\"rotateG_07\"><\/div>\n\t\t\t\t<div class=\"blockG\" id=\"rotateG_08\"><\/div>\n\t\t\t<\/div>\n\t\t\t<div class=\"WooZone-cross-sell-loader-text\"><\/div>\n\t\t<\/div>\n\t<\/div>\n\n\t\t\n<\/div>\n<div style=\"clear:both;\"><\/div>\n","protected":false},"excerpt":{"rendered":"<p>LINDOR Kugel Mischung mit LINDOR Matcha und den LINDOR Klassikern: Vollmilch, Dark, Wei\u00df, Haselnuss, Stracciatella, Karamell, Feinherb, Milk &amp; White, Mandel und Pistazie, 1.371 kg<br \/>\nSchmelzen Sie dahin vor Gl\u00fcck &#8211; mit unseren legend\u00e4ren LINDOR Kugeln &#8211; 10 Kugeln pro Sorte<br \/>\nAus feinsten Zutaten, darunter Kakaobohnen aus nachhaltigem Anbau<\/p>\n","protected":false},"featured_media":10786,"comment_status":"open","ping_status":"closed","template":"","meta":[],"product_cat":[4145,130],"product_tag":[],"yoast_head":"<!-- This site is optimized with the Yoast SEO Premium plugin v15.4 - https:\/\/yoast.com\/wordpress\/plugins\/seo\/ -->\n<title>Lindt Schokolade LINDOR Mischung | 1371 g | Ca. 109 LINDOR Kugeln: Milch, 70 %, Milk&amp;White, Stracciatella, Wei\u00df, Nuss\u2026 - Vegan oder Vegetarisch<\/title>\n<meta name=\"robots\" content=\"index, follow, max-snippet:-1, max-image-preview:large, max-video-preview:-1\" \/>\n<link rel=\"canonical\" href=\"https:\/\/xn--shop-fr-vegane-und-vegetarische-kost-j0d.de\/?product=lindt-lindor-mischung-mit-lindor-matcha-und-10-weiteren-zartschmelzenden-sorten-1-371-kg\" \/>\n<meta property=\"og:locale\" content=\"de_DE\" \/>\n<meta property=\"og:type\" content=\"article\" \/>\n<meta property=\"og:title\" content=\"Lindt Schokolade LINDOR Mischung | 1371 g | Ca. 109 LINDOR Kugeln: Milch, 70 %, Milk&amp;White, Stracciatella, Wei\u00df, Nuss\u2026 - Vegan oder Vegetarisch\" \/>\n<meta property=\"og:description\" content=\"LINDOR Kugel Mischung mit LINDOR Matcha und den LINDOR Klassikern: Vollmilch, Dark, Wei\u00df, Haselnuss, Stracciatella, Karamell, Feinherb, Milk &amp; White, Mandel und Pistazie, 1.371 kg Schmelzen Sie dahin vor Gl\u00fcck - mit unseren legend\u00e4ren LINDOR Kugeln - 10 Kugeln pro Sorte Aus feinsten Zutaten, darunter Kakaobohnen aus nachhaltigem Anbau\" \/>\n<meta property=\"og:url\" content=\"https:\/\/xn--shop-fr-vegane-und-vegetarische-kost-j0d.de\/?product=lindt-lindor-mischung-mit-lindor-matcha-und-10-weiteren-zartschmelzenden-sorten-1-371-kg\" \/>\n<meta property=\"og:site_name\" content=\"Vegan oder Vegetarisch\" \/>\n<meta property=\"article:modified_time\" content=\"2023-04-09T17:00:54+00:00\" \/>\n<meta property=\"og:image\" content=\"https:\/\/images-na.ssl-images-amazon.com\/images\/I\/5162WFRAdkL.jpg\" \/>\n\t<meta property=\"og:image:width\" content=\"500\" \/>\n\t<meta property=\"og:image:height\" content=\"500\" \/>\n<meta name=\"twitter:card\" content=\"summary_large_image\" \/>\n<meta name=\"twitter:label1\" content=\"Verfasst von\">\n\t<meta name=\"twitter:data1\" content=\"Swen-Olaf Bender\">\n\t<meta name=\"twitter:label2\" content=\"Gesch\u00e4tzte Lesezeit\">\n\t<meta name=\"twitter:data2\" content=\"1\u00a0Minute\">\n<script type=\"application\/ld+json\" class=\"yoast-schema-graph\">{\"@context\":\"https:\/\/schema.org\",\"@graph\":[{\"@type\":\"WebSite\",\"@id\":\"https:\/\/xn--shop-fr-vegane-und-vegetarische-kost-j0d.de\/#website\",\"url\":\"https:\/\/xn--shop-fr-vegane-und-vegetarische-kost-j0d.de\/\",\"name\":\"Vegan oder Vegetarisch\",\"description\":\"Gesund leben, Gesund essen\",\"potentialAction\":[{\"@type\":\"SearchAction\",\"target\":\"https:\/\/xn--shop-fr-vegane-und-vegetarische-kost-j0d.de\/?s={search_term_string}\",\"query-input\":\"required name=search_term_string\"}],\"inLanguage\":\"de\"},{\"@type\":\"ImageObject\",\"@id\":\"https:\/\/xn--shop-fr-vegane-und-vegetarische-kost-j0d.de\/?product=lindt-lindor-mischung-mit-lindor-matcha-und-10-weiteren-zartschmelzenden-sorten-1-371-kg#primaryimage\",\"inLanguage\":\"de\",\"url\":\"https:\/\/images-na.ssl-images-amazon.com\/images\/I\/5162WFRAdkL.jpg\",\"width\":500,\"height\":500},{\"@type\":\"WebPage\",\"@id\":\"https:\/\/xn--shop-fr-vegane-und-vegetarische-kost-j0d.de\/?product=lindt-lindor-mischung-mit-lindor-matcha-und-10-weiteren-zartschmelzenden-sorten-1-371-kg#webpage\",\"url\":\"https:\/\/xn--shop-fr-vegane-und-vegetarische-kost-j0d.de\/?product=lindt-lindor-mischung-mit-lindor-matcha-und-10-weiteren-zartschmelzenden-sorten-1-371-kg\",\"name\":\"Lindt Schokolade LINDOR Mischung | 1371 g | Ca. 109 LINDOR Kugeln: Milch, 70 %, Milk&amp;White, Stracciatella, Wei\\u00df, Nuss\\u2026 - Vegan oder Vegetarisch\",\"isPartOf\":{\"@id\":\"https:\/\/xn--shop-fr-vegane-und-vegetarische-kost-j0d.de\/#website\"},\"primaryImageOfPage\":{\"@id\":\"https:\/\/xn--shop-fr-vegane-und-vegetarische-kost-j0d.de\/?product=lindt-lindor-mischung-mit-lindor-matcha-und-10-weiteren-zartschmelzenden-sorten-1-371-kg#primaryimage\"},\"datePublished\":\"2020-12-30T23:23:10+00:00\",\"dateModified\":\"2023-04-09T17:00:54+00:00\",\"inLanguage\":\"de\",\"potentialAction\":[{\"@type\":\"ReadAction\",\"target\":[\"https:\/\/xn--shop-fr-vegane-und-vegetarische-kost-j0d.de\/?product=lindt-lindor-mischung-mit-lindor-matcha-und-10-weiteren-zartschmelzenden-sorten-1-371-kg\"]}]}]}<\/script>\n<!-- \/ Yoast SEO Premium plugin. -->","_links":{"self":[{"href":"https:\/\/xn--shop-fr-vegane-und-vegetarische-kost-j0d.de\/index.php?rest_route=\/wp\/v2\/product\/10785"}],"collection":[{"href":"https:\/\/xn--shop-fr-vegane-und-vegetarische-kost-j0d.de\/index.php?rest_route=\/wp\/v2\/product"}],"about":[{"href":"https:\/\/xn--shop-fr-vegane-und-vegetarische-kost-j0d.de\/index.php?rest_route=\/wp\/v2\/types\/product"}],"replies":[{"embeddable":true,"href":"https:\/\/xn--shop-fr-vegane-und-vegetarische-kost-j0d.de\/index.php?rest_route=%2Fwp%2Fv2%2Fcomments&post=10785"}],"wp:featuredmedia":[{"embeddable":true,"href":"https:\/\/xn--shop-fr-vegane-und-vegetarische-kost-j0d.de\/index.php?rest_route=\/wp\/v2\/media\/10786"}],"wp:attachment":[{"href":"https:\/\/xn--shop-fr-vegane-und-vegetarische-kost-j0d.de\/index.php?rest_route=%2Fwp%2Fv2%2Fmedia&parent=10785"}],"wp:term":[{"taxonomy":"product_cat","embeddable":true,"href":"https:\/\/xn--shop-fr-vegane-und-vegetarische-kost-j0d.de\/index.php?rest_route=%2Fwp%2Fv2%2Fproduct_cat&post=10785"},{"taxonomy":"product_tag","embeddable":true,"href":"https:\/\/xn--shop-fr-vegane-und-vegetarische-kost-j0d.de\/index.php?rest_route=%2Fwp%2Fv2%2Fproduct_tag&post=10785"}],"curies":[{"name":"wp","href":"https:\/\/api.w.org\/{rel}","templated":true}]}}