{"id":10747,"date":"2020-12-30T23:16:58","date_gmt":"2020-12-30T23:16:58","guid":{"rendered":"https:\/\/xn--shop-fr-vegane-und-vegetarische-kost-j0d.de\/?product=oryza-spitzenlangkorn-reis-1-x-1-kg"},"modified":"2023-04-09T19:00:54","modified_gmt":"2023-04-09T17:00:54","slug":"oryza-spitzenlangkorn-reis-1-x-1-kg","status":"publish","type":"product","link":"https:\/\/xn--shop-fr-vegane-und-vegetarische-kost-j0d.de\/?product=oryza-spitzenlangkorn-reis-1-x-1-kg","title":{"rendered":"Oryza Spitzenlangkorn Reis (1 x 1 kg)"},"content":{"rendered":"<div class=\"disclaim\"> Anzahl:<strong>1<\/strong> <\/div>\n<p> <!-- show up to 2 reviews by default --> <\/p>\n<h3>Produktbeschreibung<\/h3>\n<p>ORYZA Spitzen-Langkorn-Reis, 1.000g. Der Klassiker f\u00fcr die moderne, kreative K\u00fcche. Fein in der Textur und angenehm neutral im Geschmack l\u00e4sst sich der ORYZA SPITZEN-LANGKORNREIS zu allen g\u00e4ngigen Reisgerichten verwenden. Er passt zu Fleisch-, Fisch- und Gefl\u00fcgelgerichten ebenso gut wie zu asiatischen Street-Food-Spezialit\u00e4ten. <\/p>\n<h3>Inhaltsstoffe \/ Zutaten<\/h3>\n<p>Zutaten: Spitzen Langkorn Wei\u00dfreis <\/p>\n<div data-a-expander-name=\"toggle_description\" class=\"a-row a-expander-container a-expander-extend-container\">\n<div class=\"a-expander-content a-expander-extend-content\">\n<h3>Gebrauchsanweisung<\/h3>\n<p>F\u00fcr 4 Portionen: Bringen Sie in einem Topf 500ml Wasser mit knapp einem halben Teel\u00f6ffel Salz zum kochen. Geben Sie 250gr. ORYZA Spitzen Langkorn Reis dazu und r\u00fchren Sie einmal um. Lassen Sie den Reis im geschlossenen Topf bei kleinster Hitze 14-16 Minuten sanft kochen. Der Reis hat nun das Wasser komplett aufgenommen. Lockern Sie den Reis im Topf auf und lassen Sie ihn nochmals kurz ausdampfen. <\/p>\n<h3>Warnhinweise<\/h3>\n<p>Nein <\/p>\n<\/p><\/div>\n<p> <a href=\"void(0)\" data-action=\"a-expander-toggle\" class=\"a-expander-header a-declarative a-expander-extend-header\" data-a-expander-toggle=\"{\"><i class=\"a-icon a-icon-extender-expand\"><\/i><span class=\"a-expander-prompt\">Mehr<\/span><\/a> <\/div>\n<p>Spitzen-Langkorn-Reis, sorgf\u00e4ltig geschliffen und poliert<br \/>\nORYZA-Produkte stammen immer aus den weltweit besten Provenienzen und sind von h\u00f6chster Qualit\u00e4t<br \/>\nDer Klassiker f\u00fcr die moderne, kreative K\u00fcche<br \/>\nNimmt Saucen besonders gut auf<br \/>\nKochzeit: 14-16 Minuten<br \/>\n<div class=\"main-cross-sell\" data-asin=\"B082VNV1CW\">\n\n\t<div class=\"WooZone-cross-sell-loader\">\n\t\t<div>\n\t\t\t<div id=\"floatingBarsG\">\n\t\t\t\t<div class=\"blockG\" id=\"rotateG_01\"><\/div>\n\t\t\t\t<div class=\"blockG\" id=\"rotateG_02\"><\/div>\n\t\t\t\t<div class=\"blockG\" id=\"rotateG_03\"><\/div>\n\t\t\t\t<div class=\"blockG\" id=\"rotateG_04\"><\/div>\n\t\t\t\t<div class=\"blockG\" id=\"rotateG_05\"><\/div>\n\t\t\t\t<div class=\"blockG\" id=\"rotateG_06\"><\/div>\n\t\t\t\t<div class=\"blockG\" id=\"rotateG_07\"><\/div>\n\t\t\t\t<div class=\"blockG\" id=\"rotateG_08\"><\/div>\n\t\t\t<\/div>\n\t\t\t<div class=\"WooZone-cross-sell-loader-text\"><\/div>\n\t\t<\/div>\n\t<\/div>\n\n\t\t\n<\/div>\n<div style=\"clear:both;\"><\/div>\n","protected":false},"excerpt":{"rendered":"<p>Spitzen-Langkorn-Reis, sorgf\u00e4ltig geschliffen und poliert<br \/>\nORYZA-Produkte stammen immer aus den weltweit besten Provenienzen und sind von h\u00f6chster Qualit\u00e4t<br \/>\nDer Klassiker f\u00fcr die moderne, kreative K\u00fcche<\/p>\n","protected":false},"featured_media":10748,"comment_status":"open","ping_status":"closed","template":"","meta":[],"product_cat":[4145,58],"product_tag":[],"yoast_head":"<!-- This site is optimized with the Yoast SEO Premium plugin v15.4 - https:\/\/yoast.com\/wordpress\/plugins\/seo\/ -->\n<title>Oryza Spitzenlangkorn Reis (1 x 1 kg) - Vegan oder Vegetarisch<\/title>\n<meta name=\"robots\" content=\"index, follow, max-snippet:-1, max-image-preview:large, max-video-preview:-1\" \/>\n<link rel=\"canonical\" href=\"https:\/\/xn--shop-fr-vegane-und-vegetarische-kost-j0d.de\/?product=oryza-spitzenlangkorn-reis-1-x-1-kg\" \/>\n<meta property=\"og:locale\" content=\"de_DE\" \/>\n<meta property=\"og:type\" content=\"article\" \/>\n<meta property=\"og:title\" content=\"Oryza Spitzenlangkorn Reis (1 x 1 kg) - Vegan oder Vegetarisch\" \/>\n<meta property=\"og:description\" content=\"Spitzen-Langkorn-Reis, sorgf\u00e4ltig geschliffen und poliert ORYZA-Produkte stammen immer aus den weltweit besten Provenienzen und sind von h\u00f6chster Qualit\u00e4t Der Klassiker f\u00fcr die moderne, kreative K\u00fcche\" \/>\n<meta property=\"og:url\" content=\"https:\/\/xn--shop-fr-vegane-und-vegetarische-kost-j0d.de\/?product=oryza-spitzenlangkorn-reis-1-x-1-kg\" \/>\n<meta property=\"og:site_name\" content=\"Vegan oder Vegetarisch\" \/>\n<meta property=\"article:modified_time\" content=\"2023-04-09T17:00:54+00:00\" \/>\n<meta property=\"og:image\" content=\"https:\/\/images-na.ssl-images-amazon.com\/images\/I\/41IHj8xGvdL.jpg\" \/>\n\t<meta property=\"og:image:width\" content=\"500\" \/>\n\t<meta property=\"og:image:height\" content=\"500\" \/>\n<meta name=\"twitter:card\" content=\"summary_large_image\" \/>\n<meta name=\"twitter:label1\" content=\"Verfasst von\">\n\t<meta name=\"twitter:data1\" content=\"Swen-Olaf Bender\">\n\t<meta name=\"twitter:label2\" content=\"Gesch\u00e4tzte Lesezeit\">\n\t<meta name=\"twitter:data2\" content=\"1\u00a0Minute\">\n<script type=\"application\/ld+json\" class=\"yoast-schema-graph\">{\"@context\":\"https:\/\/schema.org\",\"@graph\":[{\"@type\":\"WebSite\",\"@id\":\"https:\/\/xn--shop-fr-vegane-und-vegetarische-kost-j0d.de\/#website\",\"url\":\"https:\/\/xn--shop-fr-vegane-und-vegetarische-kost-j0d.de\/\",\"name\":\"Vegan oder Vegetarisch\",\"description\":\"Gesund leben, Gesund essen\",\"potentialAction\":[{\"@type\":\"SearchAction\",\"target\":\"https:\/\/xn--shop-fr-vegane-und-vegetarische-kost-j0d.de\/?s={search_term_string}\",\"query-input\":\"required name=search_term_string\"}],\"inLanguage\":\"de\"},{\"@type\":\"ImageObject\",\"@id\":\"https:\/\/xn--shop-fr-vegane-und-vegetarische-kost-j0d.de\/?product=oryza-spitzenlangkorn-reis-1-x-1-kg#primaryimage\",\"inLanguage\":\"de\",\"url\":\"https:\/\/images-na.ssl-images-amazon.com\/images\/I\/41IHj8xGvdL.jpg\",\"width\":500,\"height\":500},{\"@type\":\"WebPage\",\"@id\":\"https:\/\/xn--shop-fr-vegane-und-vegetarische-kost-j0d.de\/?product=oryza-spitzenlangkorn-reis-1-x-1-kg#webpage\",\"url\":\"https:\/\/xn--shop-fr-vegane-und-vegetarische-kost-j0d.de\/?product=oryza-spitzenlangkorn-reis-1-x-1-kg\",\"name\":\"Oryza Spitzenlangkorn Reis (1 x 1 kg) - Vegan oder Vegetarisch\",\"isPartOf\":{\"@id\":\"https:\/\/xn--shop-fr-vegane-und-vegetarische-kost-j0d.de\/#website\"},\"primaryImageOfPage\":{\"@id\":\"https:\/\/xn--shop-fr-vegane-und-vegetarische-kost-j0d.de\/?product=oryza-spitzenlangkorn-reis-1-x-1-kg#primaryimage\"},\"datePublished\":\"2020-12-30T23:16:58+00:00\",\"dateModified\":\"2023-04-09T17:00:54+00:00\",\"inLanguage\":\"de\",\"potentialAction\":[{\"@type\":\"ReadAction\",\"target\":[\"https:\/\/xn--shop-fr-vegane-und-vegetarische-kost-j0d.de\/?product=oryza-spitzenlangkorn-reis-1-x-1-kg\"]}]}]}<\/script>\n<!-- \/ Yoast SEO Premium plugin. -->","_links":{"self":[{"href":"https:\/\/xn--shop-fr-vegane-und-vegetarische-kost-j0d.de\/index.php?rest_route=\/wp\/v2\/product\/10747"}],"collection":[{"href":"https:\/\/xn--shop-fr-vegane-und-vegetarische-kost-j0d.de\/index.php?rest_route=\/wp\/v2\/product"}],"about":[{"href":"https:\/\/xn--shop-fr-vegane-und-vegetarische-kost-j0d.de\/index.php?rest_route=\/wp\/v2\/types\/product"}],"replies":[{"embeddable":true,"href":"https:\/\/xn--shop-fr-vegane-und-vegetarische-kost-j0d.de\/index.php?rest_route=%2Fwp%2Fv2%2Fcomments&post=10747"}],"wp:featuredmedia":[{"embeddable":true,"href":"https:\/\/xn--shop-fr-vegane-und-vegetarische-kost-j0d.de\/index.php?rest_route=\/wp\/v2\/media\/10748"}],"wp:attachment":[{"href":"https:\/\/xn--shop-fr-vegane-und-vegetarische-kost-j0d.de\/index.php?rest_route=%2Fwp%2Fv2%2Fmedia&parent=10747"}],"wp:term":[{"taxonomy":"product_cat","embeddable":true,"href":"https:\/\/xn--shop-fr-vegane-und-vegetarische-kost-j0d.de\/index.php?rest_route=%2Fwp%2Fv2%2Fproduct_cat&post=10747"},{"taxonomy":"product_tag","embeddable":true,"href":"https:\/\/xn--shop-fr-vegane-und-vegetarische-kost-j0d.de\/index.php?rest_route=%2Fwp%2Fv2%2Fproduct_tag&post=10747"}],"curies":[{"name":"wp","href":"https:\/\/api.w.org\/{rel}","templated":true}]}}